{"id":498,"date":"2025-05-14T09:35:56","date_gmt":"2025-05-14T09:35:56","guid":{"rendered":"https:\/\/www.lechaocandy.com\/?post_type=product&#038;p=498"},"modified":"2025-05-14T09:45:28","modified_gmt":"2025-05-14T09:45:28","slug":"bulk-sour-gummy-candy","status":"publish","type":"product","link":"https:\/\/www.lechaocandy.com\/de\/produkt\/bulk-sour-gummy-candy\/","title":{"rendered":"Fisch Bulk saure Gummibonbons, Gummibonbons Hai Gro\u00dfhandel"},"content":{"rendered":"<div class=\"wp-block-columns is-layout-flex wp-container-core-columns-is-layout-9d6595d7 wp-block-columns-is-layout-flex\"><div class=\"wp-block-column is-layout-flow wp-block-column-is-layout-flow\"><h2 class=\"wp-block-heading\">Produkt-Highlights von Fish Bulk Sour Gummy Candy<\/h2>\n\n<ul class=\"wp-block-list\"><li><strong>Interessante Fischform, sehr auffallend: <\/strong>Dieses gro\u00dfe saure Gummibonbon hat die Form eines Hais, mit lebendiger und interessanter Form, satten Farben und gro\u00dfem visuellen Reiz.<\/li>\n\n<li><strong>S\u00fc\u00df und sauer, reichhaltige Schichten: <\/strong>Unser saures Hai-Gummibonbon im Gro\u00dfhandel schmeckt zun\u00e4chst erfrischend sauer, wird dann s\u00fc\u00df und fruchtig und bietet ein einzigartiges Geschmackserlebnis, das keine Grenzen kennt.<\/li>\n\n<li><strong>Weich und kaubar, gutes Kaugef\u00fchl: <\/strong>F\u00fcr unsere gro\u00dfen sauren Gummibonbons werden hochwertige Rezepturen und Gel-Rohstoffe verwendet, der Zuckerk\u00f6rper ist flexibel und elastisch, der Geschmack ist kaubar, geeignet f\u00fcr langes Kauen und erh\u00f6ht den Spa\u00df am Essen.<\/li>\n\n<li><strong>Geeignet f\u00fcr den Verkauf und die Ausstellung in mehreren Szenen: <\/strong>Diese sauren Hai-Gummibonbons k\u00f6nnen in gro\u00dfen Mengen, in unabh\u00e4ngigen kleinen Paketen, in Geschenkpaketen und anderen Formen verwendet werden und sind in Superm\u00e4rkten, S\u00fc\u00dfwarengesch\u00e4ften, E-Commerce-Plattformen und anderen Vertriebskan\u00e4len weit verbreitet.<\/li>\n\n<li><strong>Unterst\u00fctzung markenexklusiver Anpassungsdienste: <\/strong>Unsere gro\u00dfen sauren Gummibonbons k\u00f6nnen je nach Bedarf angepasst werden. Geschmack, Farbe, Form Details und Verpackungsl\u00f6sungen, um die pers\u00f6nlichen Bed\u00fcrfnisse der Kunden f\u00fcr die Entwicklung von Markenprodukten zu erf\u00fcllen.<\/li><\/ul><\/div>\n\n<div class=\"wp-block-column is-layout-flow wp-block-column-is-layout-flow\"><figure class=\"wp-block-image size-full\"><img decoding=\"async\" width=\"800\" height=\"800\" src=\"https:\/\/www.lechaocandy.com\/wp-content\/uploads\/2025\/05\/Fish-Bulk-Sour-Gummy-Candy-Gummy-Shark-Candy-Wholesale-1.webp\" alt=\"Fisch Bulk saure Gummibonbons, Gummibonbons Hai Gro\u00dfhandel-1\" class=\"wp-image-499\" srcset=\"https:\/\/www.lechaocandy.com\/wp-content\/uploads\/2025\/05\/Fish-Bulk-Sour-Gummy-Candy-Gummy-Shark-Candy-Wholesale-1.webp 800w, https:\/\/www.lechaocandy.com\/wp-content\/uploads\/2025\/05\/Fish-Bulk-Sour-Gummy-Candy-Gummy-Shark-Candy-Wholesale-1-300x300.webp 300w, https:\/\/www.lechaocandy.com\/wp-content\/uploads\/2025\/05\/Fish-Bulk-Sour-Gummy-Candy-Gummy-Shark-Candy-Wholesale-1-150x150.webp 150w, https:\/\/www.lechaocandy.com\/wp-content\/uploads\/2025\/05\/Fish-Bulk-Sour-Gummy-Candy-Gummy-Shark-Candy-Wholesale-1-768x768.webp 768w, https:\/\/www.lechaocandy.com\/wp-content\/uploads\/2025\/05\/Fish-Bulk-Sour-Gummy-Candy-Gummy-Shark-Candy-Wholesale-1-600x600.webp 600w, https:\/\/www.lechaocandy.com\/wp-content\/uploads\/2025\/05\/Fish-Bulk-Sour-Gummy-Candy-Gummy-Shark-Candy-Wholesale-1-100x100.webp 100w\" sizes=\"(max-width: 800px) 100vw, 800px\" \/><\/figure><\/div><\/div>","protected":false},"excerpt":{"rendered":"<p>Willkommen zu kaufen bulk sauer Gummibonbons. Unsere saure Gummibonbons Hai Gro\u00dfhandel hat interessante Ozean Formen mit s\u00fc\u00dfen und sauren Geschmack, helle Farben, und ist sowohl dekorativ und lecker. Wir unterst\u00fctzen Gro\u00dfeink\u00e4ufe und Markenanpassung.<\/p>\n<table style=\"border-collapse: collapse; width: 314.02pt;\" border=\"0\" width=\"314\" cellspacing=\"0\" cellpadding=\"0\">\n<tbody>\n<tr style=\"height: 17.60pt;\">\n<td class=\"et2\" style=\"height: 17.60pt; width: 110.80pt;\" width=\"110\" height=\"17\">Hersteller<\/td>\n<td class=\"et2\" style=\"width: 204.10pt;\" width=\"204\">LeChao Bonbons<\/td>\n<\/tr>\n<tr style=\"height: 18.00pt;\">\n<td class=\"et2\" style=\"height: 18.00pt;\" height=\"18\">Produkttyp<\/td>\n<td class=\"et3\" style=\"width: 204.10pt;\" width=\"204\">Hai-Sauer-Gummibonbon<\/td>\n<\/tr>\n<tr style=\"height: 18.00pt;\">\n<td class=\"et2\" style=\"height: 18.00pt;\" height=\"18\">Geschmack<\/td>\n<td class=\"et3\" style=\"width: 204.10pt;\" width=\"204\">Sauer<\/td>\n<\/tr>\n<tr style=\"height: 17.60pt;\">\n<td class=\"et2\" style=\"height: 17.60pt;\" height=\"17\">Spezifikation<\/td>\n<td class=\"et2\">118gx48Taschen<\/td>\n<\/tr>\n<tr style=\"height: 17.60pt;\">\n<td class=\"et2\" style=\"height: 17.60pt;\" height=\"17\">Gr\u00f6\u00dfe des Kartons<\/td>\n<td class=\"et2\">39*26*24cm<\/td>\n<\/tr>\n<tr style=\"height: 17.60pt;\">\n<td class=\"et2\" style=\"height: 17.60pt;\" height=\"17\">N.W.\/Karton<\/td>\n<td class=\"et2\">7,5 kg<\/td>\n<\/tr>\n<tr style=\"height: 17.60pt;\">\n<td class=\"et2\" style=\"height: 17.60pt;\" height=\"17\">Preis<\/td>\n<td class=\"et2\">24USD<\/td>\n<\/tr>\n<tr style=\"height: 17.60pt;\">\n<td class=\"et2\" style=\"height: 17.60pt;\" height=\"17\">MOQ<\/td>\n<td class=\"et2\">500 Kartons<\/td>\n<\/tr>\n<tr style=\"height: 17.60pt;\">\n<td class=\"et2\" style=\"height: 17.60pt;\" height=\"17\">Muster<\/td>\n<td class=\"et2\">Verf\u00fcgbar<\/td>\n<\/tr>\n<\/tbody>\n<\/table>","protected":false},"featured_media":500,"comment_status":"open","ping_status":"closed","template":"","meta":{"_acf_changed":false},"product_brand":[],"product_cat":[19,28],"product_tag":[],"class_list":{"0":"post-498","1":"product","2":"type-product","3":"status-publish","4":"has-post-thumbnail","6":"product_cat-wholesale-gummy-manufacturer","7":"product_cat-bulk-sour-gummies","9":"first","10":"instock","11":"shipping-taxable","12":"product-type-simple"},"acf":[],"_links":{"self":[{"href":"https:\/\/www.lechaocandy.com\/de\/wp-json\/wp\/v2\/product\/498","targetHints":{"allow":["GET"]}}],"collection":[{"href":"https:\/\/www.lechaocandy.com\/de\/wp-json\/wp\/v2\/product"}],"about":[{"href":"https:\/\/www.lechaocandy.com\/de\/wp-json\/wp\/v2\/types\/product"}],"replies":[{"embeddable":true,"href":"https:\/\/www.lechaocandy.com\/de\/wp-json\/wp\/v2\/comments?post=498"}],"wp:featuredmedia":[{"embeddable":true,"href":"https:\/\/www.lechaocandy.com\/de\/wp-json\/wp\/v2\/media\/500"}],"wp:attachment":[{"href":"https:\/\/www.lechaocandy.com\/de\/wp-json\/wp\/v2\/media?parent=498"}],"wp:term":[{"taxonomy":"product_brand","embeddable":true,"href":"https:\/\/www.lechaocandy.com\/de\/wp-json\/wp\/v2\/product_brand?post=498"},{"taxonomy":"product_cat","embeddable":true,"href":"https:\/\/www.lechaocandy.com\/de\/wp-json\/wp\/v2\/product_cat?post=498"},{"taxonomy":"product_tag","embeddable":true,"href":"https:\/\/www.lechaocandy.com\/de\/wp-json\/wp\/v2\/product_tag?post=498"}],"curies":[{"name":"wp","href":"https:\/\/api.w.org\/{rel}","templated":true}]}}