{"id":504,"date":"2025-05-14T09:51:15","date_gmt":"2025-05-14T09:51:15","guid":{"rendered":"https:\/\/www.lechaocandy.com\/?post_type=product&#038;p=504"},"modified":"2025-05-14T09:59:03","modified_gmt":"2025-05-14T09:59:03","slug":"fruit-gummy-candy-bulk","status":"publish","type":"product","link":"https:\/\/www.lechaocandy.com\/de\/produkt\/fruit-gummy-candy-bulk\/","title":{"rendered":"Fruchtgummi-Bonbons Bulk, Gro\u00dfhandel sch\u00e4lbare Mango-Bonbons"},"content":{"rendered":"<div class=\"wp-block-columns is-layout-flex wp-container-core-columns-is-layout-9d6595d7 wp-block-columns-is-layout-flex\"><div class=\"wp-block-column is-layout-flow wp-block-column-is-layout-flow\"><h2 class=\"wp-block-heading\">Produkt-Highlights von Fruit Gummy Candy Bulk<\/h2>\n\n<ul class=\"wp-block-list\"><li><strong>Innovatives Design zum Abziehen, voller Spa\u00df: <\/strong>Dieses Fruchtgummi hat die Form einer simulierten Mango, die wie eine Frucht \"gesch\u00e4lt\" werden kann, was das interaktive und interessante Esserlebnis erh\u00f6ht und bei Kindern und jungen Verbrauchern sehr beliebt ist.<\/li>\n\n<li><strong>Echtes Fruchtaroma, reicher Mangogeschmack: <\/strong>Der innere Kern unseres sch\u00e4lbaren Mango-Gummibonbons pr\u00e4sentiert ein nat\u00fcrliches Mango-Aroma, s\u00fc\u00df und sauer, schmilzt im Mund und bringt ein Geschmackserlebnis wie bei einer frischen Mango.<\/li>\n\n<li><strong>Weich und kaubar, reichhaltige Schichten: <\/strong>Dieses Fruchtgummibonbon hat eine weiche Zuckerh\u00fclle, einen vollen Geschmack beim Kauen, ist s\u00fc\u00df, aber nicht fettig und erf\u00fcllt die Anforderungen an einen hochwertigen Geschmack.<\/li>\n\n<li><strong>Geeignet f\u00fcr den Verkauf und die Ausstellung in mehreren Szenen: <\/strong>Diese sch\u00e4lbaren Mango-Gummibonbons haben ein einzigartiges Aussehen und leuchtende Farben und eignen sich f\u00fcr Snackshops, Schokoriegel, Supermarkt-Gro\u00dfpackungen, Weihnachtsgeschenkboxen und andere Verkaufs- und Verpackungsformen.<\/li>\n\n<li><strong>Unterst\u00fctzung kundenspezifischer Dienstleistungen zur Schaffung exklusiver Produkte:<\/strong> Unsere Fruchtgummi-Bonbons k\u00f6nnen in Form, Gr\u00f6\u00dfe, Geschmackskonzentration, Verpackungsform und Markenlogo den Kundenw\u00fcnschen angepasst werden.<\/li><\/ul><\/div>\n\n<div class=\"wp-block-column is-layout-flow wp-block-column-is-layout-flow\"><figure class=\"wp-block-image size-full\"><img decoding=\"async\" width=\"800\" height=\"800\" src=\"https:\/\/www.lechaocandy.com\/wp-content\/uploads\/2025\/05\/Fruit-Gummy-Candy-Bulk-Wholesale-Peelable-Mango-Candy-1.webp\" alt=\"Fruchtgummi Candy Bulk, Gro\u00dfhandel sch\u00e4lbare Mango Candy-1\" class=\"wp-image-505\" srcset=\"https:\/\/www.lechaocandy.com\/wp-content\/uploads\/2025\/05\/Fruit-Gummy-Candy-Bulk-Wholesale-Peelable-Mango-Candy-1.webp 800w, https:\/\/www.lechaocandy.com\/wp-content\/uploads\/2025\/05\/Fruit-Gummy-Candy-Bulk-Wholesale-Peelable-Mango-Candy-1-300x300.webp 300w, https:\/\/www.lechaocandy.com\/wp-content\/uploads\/2025\/05\/Fruit-Gummy-Candy-Bulk-Wholesale-Peelable-Mango-Candy-1-150x150.webp 150w, https:\/\/www.lechaocandy.com\/wp-content\/uploads\/2025\/05\/Fruit-Gummy-Candy-Bulk-Wholesale-Peelable-Mango-Candy-1-768x768.webp 768w, https:\/\/www.lechaocandy.com\/wp-content\/uploads\/2025\/05\/Fruit-Gummy-Candy-Bulk-Wholesale-Peelable-Mango-Candy-1-600x600.webp 600w, https:\/\/www.lechaocandy.com\/wp-content\/uploads\/2025\/05\/Fruit-Gummy-Candy-Bulk-Wholesale-Peelable-Mango-Candy-1-100x100.webp 100w\" sizes=\"(max-width: 800px) 100vw, 800px\" \/><\/figure><\/div><\/div>","protected":false},"excerpt":{"rendered":"<p>Willkommen in der Fruchtgummi-Bonbons bulk kaufen. Diese Gro\u00dfhandel abziehbare Mango Gummibonbons ist sowohl Spa\u00df und lecker. Der abziehbare Zucker\u00fcberzug und der weiche Kern mit Mangogeschmack bieten ein einzigartiges Esserlebnis. Gro\u00dfeinkauf und Markenanpassung werden unterst\u00fctzt.<\/p>\n<table style=\"border-collapse: collapse; width: 329.02pt;\" border=\"0\" width=\"329\" cellspacing=\"0\" cellpadding=\"0\">\n<tbody>\n<tr style=\"height: 17.60pt;\">\n<td class=\"et2\" style=\"height: 17.60pt; width: 110.80pt;\" width=\"110\" height=\"17\">Hersteller<\/td>\n<td class=\"et2\" style=\"width: 219.15pt;\" width=\"219\">LeChao Bonbons<\/td>\n<\/tr>\n<tr style=\"height: 18.00pt;\">\n<td class=\"et2\" style=\"height: 18.00pt;\" height=\"18\">Produkttyp<\/td>\n<td class=\"et3\" style=\"width: 219.15pt;\" width=\"219\">Gr\u00fcne Mango gesch\u00e4ltes Gummibonbon<\/td>\n<\/tr>\n<tr style=\"height: 18.00pt;\">\n<td class=\"et2\" style=\"height: 18.00pt;\" height=\"18\">Geschmack<\/td>\n<td class=\"et3\" style=\"width: 219.15pt;\" width=\"219\">Peeling, saftig<\/td>\n<\/tr>\n<tr style=\"height: 17.60pt;\">\n<td class=\"et2\" style=\"height: 17.60pt;\" height=\"17\">Spezifikation<\/td>\n<td class=\"et2\">80g*10Beutel*6Kartons<\/td>\n<\/tr>\n<tr style=\"height: 17.60pt;\">\n<td class=\"et2\" style=\"height: 17.60pt;\" height=\"17\">Gr\u00f6\u00dfe des Kartons<\/td>\n<td class=\"et2\">38*19*35cm<\/td>\n<\/tr>\n<tr style=\"height: 17.60pt;\">\n<td class=\"et2\" style=\"height: 17.60pt;\" height=\"17\">N.W.\/Karton<\/td>\n<td class=\"et2\">7.0kg<\/td>\n<\/tr>\n<tr style=\"height: 17.60pt;\">\n<td class=\"et2\" style=\"height: 17.60pt;\" height=\"17\">Preis<\/td>\n<td class=\"et2\">22.8USD<\/td>\n<\/tr>\n<tr style=\"height: 17.60pt;\">\n<td class=\"et2\" style=\"height: 17.60pt;\" height=\"17\">MOQ<\/td>\n<td class=\"et2\">500 Kartons<\/td>\n<\/tr>\n<tr style=\"height: 17.60pt;\">\n<td class=\"et2\" style=\"height: 17.60pt;\" height=\"17\">Muster<\/td>\n<td class=\"et2\">Verf\u00fcgbar<\/td>\n<\/tr>\n<\/tbody>\n<\/table>","protected":false},"featured_media":507,"comment_status":"open","ping_status":"closed","template":"","meta":{"_acf_changed":false},"product_brand":[],"product_cat":[19,29],"product_tag":[],"class_list":{"0":"post-504","1":"product","2":"type-product","3":"status-publish","4":"has-post-thumbnail","6":"product_cat-wholesale-gummy-manufacturer","7":"product_cat-peelable-gummy-candy-supplier","9":"first","10":"instock","11":"shipping-taxable","12":"product-type-simple"},"acf":[],"_links":{"self":[{"href":"https:\/\/www.lechaocandy.com\/de\/wp-json\/wp\/v2\/product\/504","targetHints":{"allow":["GET"]}}],"collection":[{"href":"https:\/\/www.lechaocandy.com\/de\/wp-json\/wp\/v2\/product"}],"about":[{"href":"https:\/\/www.lechaocandy.com\/de\/wp-json\/wp\/v2\/types\/product"}],"replies":[{"embeddable":true,"href":"https:\/\/www.lechaocandy.com\/de\/wp-json\/wp\/v2\/comments?post=504"}],"wp:featuredmedia":[{"embeddable":true,"href":"https:\/\/www.lechaocandy.com\/de\/wp-json\/wp\/v2\/media\/507"}],"wp:attachment":[{"href":"https:\/\/www.lechaocandy.com\/de\/wp-json\/wp\/v2\/media?parent=504"}],"wp:term":[{"taxonomy":"product_brand","embeddable":true,"href":"https:\/\/www.lechaocandy.com\/de\/wp-json\/wp\/v2\/product_brand?post=504"},{"taxonomy":"product_cat","embeddable":true,"href":"https:\/\/www.lechaocandy.com\/de\/wp-json\/wp\/v2\/product_cat?post=504"},{"taxonomy":"product_tag","embeddable":true,"href":"https:\/\/www.lechaocandy.com\/de\/wp-json\/wp\/v2\/product_tag?post=504"}],"curies":[{"name":"wp","href":"https:\/\/api.w.org\/{rel}","templated":true}]}}