{"id":510,"date":"2025-05-14T10:00:02","date_gmt":"2025-05-14T10:00:02","guid":{"rendered":"https:\/\/www.lechaocandy.com\/?post_type=product&#038;p=510"},"modified":"2025-05-14T10:08:29","modified_gmt":"2025-05-14T10:08:29","slug":"gummies-bulk","status":"publish","type":"product","link":"https:\/\/www.lechaocandy.com\/de\/produkt\/gummies-bulk\/","title":{"rendered":"Peelable Banana Gummies Bulk, Gro\u00dfhandel Fruchtige Gummibonbons"},"content":{"rendered":"<div class=\"wp-block-columns is-layout-flex wp-container-core-columns-is-layout-9d6595d7 wp-block-columns-is-layout-flex\"><div class=\"wp-block-column is-layout-flow wp-block-column-is-layout-flow\"><h2 class=\"wp-block-heading\">Produkt-Highlights von Peelable Banana Gummies Bulk<\/h2>\n\n<ul class=\"wp-block-list\"><li><strong>Lustiges, abziehbares Design, verbessert das interaktive Erlebnis: <\/strong>Der \u00e4u\u00dfere Zuckermantel unserer sch\u00e4lbaren Bananengummis l\u00e4sst sich wie eine Banane \"sch\u00e4len\", was den Spa\u00df am Essen erh\u00f6ht und bei Kindern und jungen Verbrauchern beliebt ist.<\/li>\n\n<li><strong>Echter Bananengeschmack, s\u00fc\u00df und reichhaltig: <\/strong>Der innere Kern dieser Gro\u00dfhandels-Fruchtgummibonbons ist reich an Bananenaroma, s\u00fc\u00df, aber nicht fettig, und bringt einen nat\u00fcrlichen und weichen Fruchtgeschmack mit sich, genau wie der Geschmack echter Bananen.<\/li>\n\n<li><strong>Weich und kaubar, ein doppeltes Geschmackserlebnis: <\/strong>Die \u00e4u\u00dfere Schicht unserer sch\u00e4lbaren Bananengummis ist weich und sch\u00e4lbar, w\u00e4hrend der innere Kern z\u00e4h ist. Die ausgepr\u00e4gte Struktur macht jeden Bissen mehrschichtig und befriedigend.<\/li>\n\n<li><strong>Starke visuelle Anziehungskraft, verst\u00e4rkter Display-Effekt: <\/strong>Die leuchtend gelbe Bananenform dieser Fruchtgummibonbons f\u00fcr den Gro\u00dfhandel hat einen hohen Wiedererkennungswert, was die Aufmerksamkeit in den Einzelhandelsregalen sehr leicht auf sich zieht und die Gesamtverkaufsleistung verbessert.<\/li>\n\n<li><strong>Unterst\u00fctzung mehrerer Anpassungsoptionen: <\/strong>Unsere sch\u00e4lbaren Bananengummis in loser Sch\u00fcttung k\u00f6nnen je nach Kundenwunsch mit Verpackungen und Markenlogos versehen werden, um exklusive Verkaufsschlager zu schaffen.<\/li><\/ul><\/div>\n\n<div class=\"wp-block-column is-layout-flow wp-block-column-is-layout-flow\"><figure class=\"wp-block-image size-full\"><img decoding=\"async\" width=\"800\" height=\"800\" src=\"https:\/\/www.lechaocandy.com\/wp-content\/uploads\/2025\/05\/Peelable-Banana-Gummies-Bulk-Wholesale-Fruity-Gummy-Candy-1.webp\" alt=\"Peelable Banana Gummies Bulk, Gro\u00dfhandel Fruity Gummy Candy-1\" class=\"wp-image-511\" srcset=\"https:\/\/www.lechaocandy.com\/wp-content\/uploads\/2025\/05\/Peelable-Banana-Gummies-Bulk-Wholesale-Fruity-Gummy-Candy-1.webp 800w, https:\/\/www.lechaocandy.com\/wp-content\/uploads\/2025\/05\/Peelable-Banana-Gummies-Bulk-Wholesale-Fruity-Gummy-Candy-1-300x300.webp 300w, https:\/\/www.lechaocandy.com\/wp-content\/uploads\/2025\/05\/Peelable-Banana-Gummies-Bulk-Wholesale-Fruity-Gummy-Candy-1-150x150.webp 150w, https:\/\/www.lechaocandy.com\/wp-content\/uploads\/2025\/05\/Peelable-Banana-Gummies-Bulk-Wholesale-Fruity-Gummy-Candy-1-768x768.webp 768w, https:\/\/www.lechaocandy.com\/wp-content\/uploads\/2025\/05\/Peelable-Banana-Gummies-Bulk-Wholesale-Fruity-Gummy-Candy-1-600x600.webp 600w, https:\/\/www.lechaocandy.com\/wp-content\/uploads\/2025\/05\/Peelable-Banana-Gummies-Bulk-Wholesale-Fruity-Gummy-Candy-1-100x100.webp 100w\" sizes=\"(max-width: 800px) 100vw, 800px\" \/><\/figure><\/div><\/div>","protected":false},"excerpt":{"rendered":"<p>Willkommen im Gro\u00dfhandel fruchtige Gummibonbons zu kaufen. Unsere abziehbaren Bananengummis haben eine simulierte Bananenform und ein abziehbares Design, mit einem s\u00fc\u00dfen und reichhaltigen Geschmack, der sowohl visuell interessant als auch angenehm ist. Geeignet f\u00fcr alle Arten von Vertriebskan\u00e4len, unterst\u00fctzt Gro\u00dfeink\u00e4ufe und OEM-Anpassung Dienstleistungen.<\/p>\n<table style=\"border-collapse: collapse; width: 329.02pt;\" border=\"0\" width=\"329\" cellspacing=\"0\" cellpadding=\"0\">\n<tbody>\n<tr style=\"height: 17.60pt;\">\n<td class=\"et2\" style=\"height: 17.60pt; width: 110.80pt;\" width=\"110\" height=\"17\">Hersteller<\/td>\n<td class=\"et2\" style=\"width: 219.15pt;\" width=\"219\">LeChao Bonbons<\/td>\n<\/tr>\n<tr style=\"height: 18.00pt;\">\n<td class=\"et2\" style=\"height: 18.00pt;\" height=\"18\">Produkttyp<\/td>\n<td class=\"et3\" style=\"width: 219.15pt;\" width=\"219\">Sch\u00e4lbare Bananen-Gummibonbons<\/td>\n<\/tr>\n<tr style=\"height: 18.00pt;\">\n<td class=\"et2\" style=\"height: 18.00pt;\" height=\"18\">Geschmack<\/td>\n<td class=\"et3\" style=\"width: 219.15pt;\" width=\"219\">Peeling, saftig<\/td>\n<\/tr>\n<tr style=\"height: 17.60pt;\">\n<td class=\"et2\" style=\"height: 17.60pt;\" height=\"17\">Spezifikation<\/td>\n<td class=\"et2\">80g*10Beutel*6Kartons<\/td>\n<\/tr>\n<tr style=\"height: 17.60pt;\">\n<td class=\"et2\" style=\"height: 17.60pt;\" height=\"17\">Gr\u00f6\u00dfe des Kartons<\/td>\n<td class=\"et2\">38*19*35cm<\/td>\n<\/tr>\n<tr style=\"height: 17.60pt;\">\n<td class=\"et2\" style=\"height: 17.60pt;\" height=\"17\">N.W.\/Karton<\/td>\n<td class=\"et2\">7.0kg<\/td>\n<\/tr>\n<tr style=\"height: 17.60pt;\">\n<td class=\"et2\" style=\"height: 17.60pt;\" height=\"17\">Preis<\/td>\n<td class=\"et2\">22.8USD<\/td>\n<\/tr>\n<tr style=\"height: 17.60pt;\">\n<td class=\"et2\" style=\"height: 17.60pt;\" height=\"17\">MOQ<\/td>\n<td class=\"et2\">500 Kartons<\/td>\n<\/tr>\n<tr style=\"height: 17.60pt;\">\n<td class=\"et2\" style=\"height: 17.60pt;\" height=\"17\">Muster<\/td>\n<td class=\"et2\">Verf\u00fcgbar<\/td>\n<\/tr>\n<\/tbody>\n<\/table>\n<p>&nbsp;<\/p>","protected":false},"featured_media":512,"comment_status":"open","ping_status":"closed","template":"","meta":{"_acf_changed":false},"product_brand":[],"product_cat":[19,29],"product_tag":[],"class_list":{"0":"post-510","1":"product","2":"type-product","3":"status-publish","4":"has-post-thumbnail","6":"product_cat-wholesale-gummy-manufacturer","7":"product_cat-peelable-gummy-candy-supplier","9":"first","10":"instock","11":"shipping-taxable","12":"product-type-simple"},"acf":[],"_links":{"self":[{"href":"https:\/\/www.lechaocandy.com\/de\/wp-json\/wp\/v2\/product\/510","targetHints":{"allow":["GET"]}}],"collection":[{"href":"https:\/\/www.lechaocandy.com\/de\/wp-json\/wp\/v2\/product"}],"about":[{"href":"https:\/\/www.lechaocandy.com\/de\/wp-json\/wp\/v2\/types\/product"}],"replies":[{"embeddable":true,"href":"https:\/\/www.lechaocandy.com\/de\/wp-json\/wp\/v2\/comments?post=510"}],"wp:featuredmedia":[{"embeddable":true,"href":"https:\/\/www.lechaocandy.com\/de\/wp-json\/wp\/v2\/media\/512"}],"wp:attachment":[{"href":"https:\/\/www.lechaocandy.com\/de\/wp-json\/wp\/v2\/media?parent=510"}],"wp:term":[{"taxonomy":"product_brand","embeddable":true,"href":"https:\/\/www.lechaocandy.com\/de\/wp-json\/wp\/v2\/product_brand?post=510"},{"taxonomy":"product_cat","embeddable":true,"href":"https:\/\/www.lechaocandy.com\/de\/wp-json\/wp\/v2\/product_cat?post=510"},{"taxonomy":"product_tag","embeddable":true,"href":"https:\/\/www.lechaocandy.com\/de\/wp-json\/wp\/v2\/product_tag?post=510"}],"curies":[{"name":"wp","href":"https:\/\/api.w.org\/{rel}","templated":true}]}}