{"id":591,"date":"2025-05-15T01:03:26","date_gmt":"2025-05-15T01:03:26","guid":{"rendered":"https:\/\/www.lechaocandy.com\/?post_type=product&#038;p=591"},"modified":"2026-03-30T09:00:35","modified_gmt":"2026-03-30T09:00:35","slug":"marshmallow-wholesale","status":"publish","type":"product","link":"https:\/\/www.lechaocandy.com\/de\/produkt\/marshmallow-wholesale\/","title":{"rendered":"LeChao Flower Shaped Marshmallow Gro\u00dfhandel &amp; Gro\u00dfbestellungen"},"content":{"rendered":"<div class=\"wp-block-columns is-layout-flex wp-container-core-columns-is-layout-9d6595d7 wp-block-columns-is-layout-flex\"><div class=\"wp-block-column is-layout-flow wp-block-column-is-layout-flow\"><h2 class=\"wp-block-heading\">Produkt-Highlights der Blume geformt Marshmallow Gro\u00dfhandel<\/h2>\n\n<ul class=\"wp-block-list\"><li><strong>Bl\u00fctenform, optisch ansprechend:<\/strong> LeChao's Marshmallow Gro\u00dfhandel nimmt exquisite Blume Form Design, weiche Farben, niedliche Form, sehr visuell attraktiv, geeignet f\u00fcr Urlaub Dekoration, S\u00fc\u00dfigkeiten Tisch und Geschenk-Box Verpackung.<\/li>\n\n<li><strong>Weich und leicht, zergeht auf der Zunge: <\/strong>Unser Marshmallow in loser Sch\u00fcttung w\u00e4hlt hochwertige Zutaten aus, hat einen weichen und flauschigen Geschmack, schmilzt im Mund, bringt einen sanften und s\u00fc\u00dfen Geschmacksgenuss und ist bei Kindern und Familien sehr beliebt.<\/li>\n\n<li><strong>Eine Vielzahl von Farben passen, um die Sch\u00f6nheit der Anzeige zu verbessern: <\/strong>Unsere Blume Marshmallow Gro\u00dfhandel hat reiche Farbabstimmung, die mehr geschichtet und sch\u00f6n in der Anzeige oder Verwendung ist, und verbessert die allgemeine Verpackung Grad.<\/li>\n\n<li><strong>Geeignet f\u00fcr eine Vielzahl von Szenarien und Anwendungen: <\/strong>Unsere Marshmallows in loser Sch\u00fcttung eignen sich f\u00fcr Weihnachtsfeiern, Hochzeiten, Geburtstagsfeiern, DIY-Dessertdekorationen, Kaffee-Desserts und andere Verbraucherszenarien.<\/li>\n\n<li><strong>Unterst\u00fctzen Sie ma\u00dfgeschneiderte Dienstleistungen, um die pers\u00f6nlichen Bed\u00fcrfnisse der Marke zu erf\u00fcllen: <\/strong>Unser Gro\u00dfhandel mit Blumen-Marshmallows kann Verpackungsspezifikationen und Markenlogos nach Kundenwunsch anpassen, um eine differenzierte Produktlinie zu schaffen.<\/li><\/ul><\/div>\n\n<div class=\"wp-block-column is-layout-flow wp-block-column-is-layout-flow\"><figure class=\"wp-block-image size-full\"><img decoding=\"async\" width=\"640\" height=\"616\" src=\"https:\/\/www.lechaocandy.com\/wp-content\/uploads\/2025\/05\/LeChao-Flower-Shaped-Marshmallow-Wholesale-Bulk-Orders-5.webp\" alt=\"LeChao Blume geformt Marshmallow Gro\u00dfhandel &amp; Bulk Orders-5\" class=\"wp-image-596\" srcset=\"https:\/\/www.lechaocandy.com\/wp-content\/uploads\/2025\/05\/LeChao-Flower-Shaped-Marshmallow-Wholesale-Bulk-Orders-5.webp 640w, https:\/\/www.lechaocandy.com\/wp-content\/uploads\/2025\/05\/LeChao-Flower-Shaped-Marshmallow-Wholesale-Bulk-Orders-5-300x289.webp 300w, https:\/\/www.lechaocandy.com\/wp-content\/uploads\/2025\/05\/LeChao-Flower-Shaped-Marshmallow-Wholesale-Bulk-Orders-5-600x578.webp 600w\" sizes=\"(max-width: 640px) 100vw, 640px\" \/><\/figure><\/div><\/div><figure class=\"wp-block-embed is-type-video is-provider-youtube wp-block-embed-youtube wp-embed-aspect-16-9 wp-has-aspect-ratio\"><div class=\"wp-block-embed__wrapper\">\n<iframe title=\"Soft Flower Marshmallow, Lechao Candy Factory\" width=\"500\" height=\"281\" src=\"https:\/\/www.youtube.com\/embed\/4FbirTuALRU?feature=oembed\" frameborder=\"0\" allow=\"accelerometer; autoplay; clipboard-write; encrypted-media; gyroscope; picture-in-picture; web-share\" referrerpolicy=\"strict-origin-when-cross-origin\" allowfullscreen><\/iframe>\n<\/div><\/figure>","protected":false},"excerpt":{"rendered":"<p>Willkommen zu kaufen Marshmallow in loser Sch\u00fcttung. LeChao's Blumen Marshmallow Gro\u00dfhandel hat sch\u00f6nes Aussehen und weichen Geschmack, die f\u00fcr die meisten S\u00fc\u00dfigkeiten Aktivit\u00e4ten wie Festival, Party, Hochzeit, etc. geeignet ist. Das Produkt unterst\u00fctzt Gro\u00dfeinkauf und Anpassungsservice, und es ist eine gute Wahl f\u00fcr S\u00fc\u00dfigkeiten Marken, Einzelh\u00e4ndler und Superm\u00e4rkte.<\/p>\n<table style=\"border-collapse: collapse; width: 329.02pt;\" border=\"0\" width=\"329\" cellspacing=\"0\" cellpadding=\"0\">\n<tbody>\n<tr style=\"height: 17.60pt;\">\n<td class=\"et2\" style=\"height: 17.60pt; width: 110.80pt;\" width=\"110\" height=\"17\">Hersteller<\/td>\n<td class=\"et2\" style=\"width: 219.15pt;\" width=\"219\">LeChao Bonbons<\/td>\n<\/tr>\n<tr style=\"height: 18.00pt;\">\n<td class=\"et2\" style=\"height: 18.00pt;\" height=\"18\">Produkttyp<\/td>\n<td class=\"et3\" style=\"width: 219.15pt;\" width=\"219\">Blume Marshmallow<\/td>\n<\/tr>\n<tr style=\"height: 18.00pt;\">\n<td class=\"et2\" style=\"height: 18.00pt;\" height=\"18\">Geschmack<\/td>\n<td class=\"et3\" style=\"width: 219.15pt;\" width=\"219\">Flauschig &amp; s\u00fc\u00df<\/td>\n<\/tr>\n<tr style=\"height: 17.60pt;\">\n<td class=\"et2\" style=\"height: 17.60pt;\" height=\"17\">Spezifikation<\/td>\n<td class=\"et2\">80gX24Beutel<\/td>\n<\/tr>\n<tr style=\"height: 17.60pt;\">\n<td class=\"et2\" style=\"height: 17.60pt;\" height=\"17\">Gr\u00f6\u00dfe des Kartons<\/td>\n<td class=\"et2\">38X30X21cm<\/td>\n<\/tr>\n<tr style=\"height: 17.60pt;\">\n<td class=\"et2\" style=\"height: 17.60pt;\" height=\"17\">N.W.\/Karton<\/td>\n<td class=\"et2\">3,5 kg<\/td>\n<\/tr>\n<tr style=\"height: 17.60pt;\">\n<td class=\"et2\" style=\"height: 17.60pt;\" height=\"17\">Preis<\/td>\n<td class=\"et2\">8.2-9.5USD<\/td>\n<\/tr>\n<tr style=\"height: 17.60pt;\">\n<td class=\"et2\" style=\"height: 17.60pt;\" height=\"17\">MOQ<\/td>\n<td class=\"et2\">800 Kartons<\/td>\n<\/tr>\n<tr style=\"height: 17.60pt;\">\n<td class=\"et2\" style=\"height: 17.60pt;\" height=\"17\">Muster<\/td>\n<td class=\"et2\">Verf\u00fcgbar<\/td>\n<\/tr>\n<\/tbody>\n<\/table>","protected":false},"featured_media":593,"comment_status":"open","ping_status":"closed","template":"","meta":{"_acf_changed":false},"product_brand":[],"product_cat":[22],"product_tag":[],"class_list":{"0":"post-591","1":"product","2":"type-product","3":"status-publish","4":"has-post-thumbnail","6":"product_cat-wholesale-marshmallows","8":"first","9":"instock","10":"shipping-taxable","11":"product-type-simple"},"acf":[],"_links":{"self":[{"href":"https:\/\/www.lechaocandy.com\/de\/wp-json\/wp\/v2\/product\/591","targetHints":{"allow":["GET"]}}],"collection":[{"href":"https:\/\/www.lechaocandy.com\/de\/wp-json\/wp\/v2\/product"}],"about":[{"href":"https:\/\/www.lechaocandy.com\/de\/wp-json\/wp\/v2\/types\/product"}],"replies":[{"embeddable":true,"href":"https:\/\/www.lechaocandy.com\/de\/wp-json\/wp\/v2\/comments?post=591"}],"wp:featuredmedia":[{"embeddable":true,"href":"https:\/\/www.lechaocandy.com\/de\/wp-json\/wp\/v2\/media\/593"}],"wp:attachment":[{"href":"https:\/\/www.lechaocandy.com\/de\/wp-json\/wp\/v2\/media?parent=591"}],"wp:term":[{"taxonomy":"product_brand","embeddable":true,"href":"https:\/\/www.lechaocandy.com\/de\/wp-json\/wp\/v2\/product_brand?post=591"},{"taxonomy":"product_cat","embeddable":true,"href":"https:\/\/www.lechaocandy.com\/de\/wp-json\/wp\/v2\/product_cat?post=591"},{"taxonomy":"product_tag","embeddable":true,"href":"https:\/\/www.lechaocandy.com\/de\/wp-json\/wp\/v2\/product_tag?post=591"}],"curies":[{"name":"wp","href":"https:\/\/api.w.org\/{rel}","templated":true}]}}