{"id":597,"date":"2025-05-15T01:21:14","date_gmt":"2025-05-15T01:21:14","guid":{"rendered":"https:\/\/www.lechaocandy.com\/?post_type=product&#038;p=597"},"modified":"2025-05-15T02:02:48","modified_gmt":"2025-05-15T02:02:48","slug":"marshmallows-bulk","status":"publish","type":"product","link":"https:\/\/www.lechaocandy.com\/de\/produkt\/marshmallows-bulk\/","title":{"rendered":"LeChao Multicolor Marshmallows Bulk, Unterst\u00fctzung benutzerdefinierte Paket"},"content":{"rendered":"<div class=\"wp-block-columns is-layout-flex wp-container-core-columns-is-layout-9d6595d7 wp-block-columns-is-layout-flex\"><div class=\"wp-block-column is-layout-flow wp-block-column-is-layout-flow\"><h2 class=\"wp-block-heading\">Produkt-Highlights von Multicolor Marshmallows Bulk<\/h2>\n\n<ul class=\"wp-block-list\"><li><strong>Buntes Erscheinungsbild, visuell attraktiv: <\/strong>Unsere farbenfrohen Marshmallows in loser Sch\u00fcttung sind in Rosa, Gelb, Blau und Gr\u00fcn erh\u00e4ltlich, was die Attraktivit\u00e4t der Produktpr\u00e4sentation erh\u00f6ht und sich f\u00fcr Feste, Partys und den t\u00e4glichen Einzelhandel eignet.<\/li>\n\n<li><strong>Weich und flauschig, s\u00fc\u00df, aber nicht fettig:<\/strong> Diese Marshmallows mit Gro\u00dfhandelsgeschmack sind leicht und dicht, m\u00e4\u00dfig s\u00fc\u00df, schmelzen auf der Zunge und werden von Kindern und Erwachsenen geliebt und sind f\u00fcr alle Arten von Verbrauchern geeignet.<\/li>\n\n<li><strong>Vielseitiger Einsatz, breite Palette von Szenarien: <\/strong>Unsere farbenfrohen Marshmallows sind nicht nur f\u00fcr den direkten Verzehr geeignet, sondern k\u00f6nnen auch f\u00fcr hei\u00dfen Kakao, Backdekoration, DIY-Desserts und Festival-Layout verwendet werden, was praktisch ist.<\/li>\n\n<li><strong>Gro\u00dfes Angebot, stabile Qualit\u00e4t: <\/strong>Unsere aromatisierten Marshmallows f\u00fcr den Gro\u00dfhandel werden direkt von der Fabrik geliefert, und die standardisierte Produktion stellt sicher, dass die Qualit\u00e4t jeder Charge von Produkten konsistent ist, um den Anforderungen der verschiedenen Kan\u00e4le gerecht zu werden.<\/li>\n\n<li><strong>Unterst\u00fctzung bei der Anpassung der Verpackung an die Bed\u00fcrfnisse der Marke: <\/strong>Unsere fruchtigen Marshmallows in loser Sch\u00fcttung k\u00f6nnen die Gr\u00f6\u00dfe der Verpackung, das Muster, die Sprache und das Markenlogo an die Bed\u00fcrfnisse des Kunden anpassen, um differenzierte Produkte zu schaffen.<\/li><\/ul><\/div>\n\n<div class=\"wp-block-column is-layout-flow wp-block-column-is-layout-flow\"><figure class=\"wp-block-image size-full\"><img decoding=\"async\" width=\"750\" height=\"800\" src=\"https:\/\/www.lechaocandy.com\/wp-content\/uploads\/2025\/05\/LeChao-Multicolor-Marshmallows-Bulk-Support-Custom-Package-4-1.webp\" alt=\"LeChao Multicolor Marshmallows Bulk, Unterst\u00fctzung benutzerdefinierte Paket-4\" class=\"wp-image-607\" srcset=\"https:\/\/www.lechaocandy.com\/wp-content\/uploads\/2025\/05\/LeChao-Multicolor-Marshmallows-Bulk-Support-Custom-Package-4-1.webp 750w, https:\/\/www.lechaocandy.com\/wp-content\/uploads\/2025\/05\/LeChao-Multicolor-Marshmallows-Bulk-Support-Custom-Package-4-1-281x300.webp 281w, https:\/\/www.lechaocandy.com\/wp-content\/uploads\/2025\/05\/LeChao-Multicolor-Marshmallows-Bulk-Support-Custom-Package-4-1-600x640.webp 600w\" sizes=\"(max-width: 750px) 100vw, 750px\" \/><\/figure><\/div><\/div>","protected":false},"excerpt":{"rendered":"<p>Willkommen im Gro\u00dfhandel aromatisierte Marshmallows zu kaufen. LeChao multicolor fruchtige Marshmallows Bulk hat eine weiche Textur und unterst\u00fctzt Gro\u00dfeinkauf und personalisierte Verpackung Anpassung. Es ist geeignet f\u00fcr eine Vielzahl von Nutzungsszenarien, wie Einzelhandel, Backen und Festival Dekoration.<\/p>\n<table style=\"border-collapse: collapse; width: 329.02pt;\" border=\"0\" width=\"329\" cellspacing=\"0\" cellpadding=\"0\">\n<tbody>\n<tr style=\"height: 17.60pt;\">\n<td class=\"et2\" style=\"height: 17.60pt; width: 110.80pt;\" width=\"110\" height=\"17\">Hersteller<\/td>\n<td class=\"et2\" style=\"width: 219.15pt;\" width=\"219\">LeChao Bonbons<\/td>\n<\/tr>\n<tr style=\"height: 18.00pt;\">\n<td class=\"et2\" style=\"height: 18.00pt;\" height=\"18\">Produkttyp<\/td>\n<td class=\"et3\" style=\"width: 219.15pt;\" width=\"219\">Farbring Marshmallow<\/td>\n<\/tr>\n<tr style=\"height: 18.00pt;\">\n<td class=\"et2\" style=\"height: 18.00pt;\" height=\"18\">Geschmack<\/td>\n<td class=\"et3\" style=\"width: 219.15pt;\" width=\"219\">Flauschig &amp; s\u00fc\u00df<\/td>\n<\/tr>\n<tr style=\"height: 17.60pt;\">\n<td class=\"et2\" style=\"height: 17.60pt;\" height=\"17\">Spezifikation<\/td>\n<td class=\"et2\">100gX24Beutel<\/td>\n<\/tr>\n<tr style=\"height: 17.60pt;\">\n<td class=\"et2\" style=\"height: 17.60pt;\" height=\"17\">Gr\u00f6\u00dfe des Kartons<\/td>\n<td class=\"et2\">43X26X24cm<\/td>\n<\/tr>\n<tr style=\"height: 17.60pt;\">\n<td class=\"et2\" style=\"height: 17.60pt;\" height=\"17\">N.W.\/Karton<\/td>\n<td class=\"et2\">3,5 kg<\/td>\n<\/tr>\n<tr style=\"height: 17.60pt;\">\n<td class=\"et2\" style=\"height: 17.60pt;\" height=\"17\">Preis<\/td>\n<td class=\"et2\">9,2-10 USD<\/td>\n<\/tr>\n<tr style=\"height: 17.60pt;\">\n<td class=\"et2\" style=\"height: 17.60pt;\" height=\"17\">MOQ<\/td>\n<td class=\"et2\">800 Kartons<\/td>\n<\/tr>\n<tr style=\"height: 17.60pt;\">\n<td class=\"et2\" style=\"height: 17.60pt;\" height=\"17\">Muster<\/td>\n<td class=\"et2\">Verf\u00fcgbar<\/td>\n<\/tr>\n<\/tbody>\n<\/table>","protected":false},"featured_media":604,"comment_status":"open","ping_status":"closed","template":"","meta":{"_acf_changed":false},"product_brand":[],"product_cat":[22],"product_tag":[],"class_list":{"0":"post-597","1":"product","2":"type-product","3":"status-publish","4":"has-post-thumbnail","6":"product_cat-wholesale-marshmallows","8":"first","9":"instock","10":"shipping-taxable","11":"product-type-simple"},"acf":[],"_links":{"self":[{"href":"https:\/\/www.lechaocandy.com\/de\/wp-json\/wp\/v2\/product\/597","targetHints":{"allow":["GET"]}}],"collection":[{"href":"https:\/\/www.lechaocandy.com\/de\/wp-json\/wp\/v2\/product"}],"about":[{"href":"https:\/\/www.lechaocandy.com\/de\/wp-json\/wp\/v2\/types\/product"}],"replies":[{"embeddable":true,"href":"https:\/\/www.lechaocandy.com\/de\/wp-json\/wp\/v2\/comments?post=597"}],"wp:featuredmedia":[{"embeddable":true,"href":"https:\/\/www.lechaocandy.com\/de\/wp-json\/wp\/v2\/media\/604"}],"wp:attachment":[{"href":"https:\/\/www.lechaocandy.com\/de\/wp-json\/wp\/v2\/media?parent=597"}],"wp:term":[{"taxonomy":"product_brand","embeddable":true,"href":"https:\/\/www.lechaocandy.com\/de\/wp-json\/wp\/v2\/product_brand?post=597"},{"taxonomy":"product_cat","embeddable":true,"href":"https:\/\/www.lechaocandy.com\/de\/wp-json\/wp\/v2\/product_cat?post=597"},{"taxonomy":"product_tag","embeddable":true,"href":"https:\/\/www.lechaocandy.com\/de\/wp-json\/wp\/v2\/product_tag?post=597"}],"curies":[{"name":"wp","href":"https:\/\/api.w.org\/{rel}","templated":true}]}}