{"id":655,"date":"2025-05-15T06:10:33","date_gmt":"2025-05-15T06:10:33","guid":{"rendered":"https:\/\/www.lechaocandy.com\/?post_type=product&#038;p=655"},"modified":"2025-05-15T06:23:57","modified_gmt":"2025-05-15T06:23:57","slug":"jelly-beans-bulk","status":"publish","type":"product","link":"https:\/\/www.lechaocandy.com\/de\/produkt\/jelly-beans-bulk\/","title":{"rendered":"LeChao Jelly Beans Bulk, Fruchtige Gelee gef\u00fcllte S\u00fc\u00dfigkeiten Gro\u00dfhandel"},"content":{"rendered":"<div class=\"wp-block-columns is-layout-flex wp-container-core-columns-is-layout-9d6595d7 wp-block-columns-is-layout-flex\"><div class=\"wp-block-column is-layout-flow wp-block-column-is-layout-flow\"><h2 class=\"wp-block-heading\">Produkt-Highlights von Jelly Beans Bulk<\/h2>\n\n<ul class=\"wp-block-list\"><li><strong>Saftige F\u00fcllung, praller Geschmack: <\/strong>Diese Geleebohnen enthalten reichhaltige fruchtige F\u00fcllungen, und der Saft l\u00e4uft beim Abbei\u00dfen \u00fcber, mit einem s\u00fc\u00df-sauren Ausbruch, der voller \u00dcberraschungen ist.<\/li>\n\n<li><strong>Vier Farben und nat\u00fcrliche Fruchtgeschmacksrichtungen: <\/strong>Unsere gef\u00fcllten Geleebonbons f\u00fcr den Gro\u00dfhandel werden aus vier beliebten Fruchtgeschmacksrichtungen ausgew\u00e4hlt, darunter Apfel, Orange, Blaubeere und Erdbeere, mit Schichten von fruchtigem Aroma und frischem Geschmack.<\/li>\n\n<li><strong>Helle Farben und auff\u00e4lliges Aussehen: <\/strong>Unsere losen Geleebohnen sind mit satten und leuchtenden Farben der Zuckerglasur versehen und eignen sich sowohl optisch als auch geschmacklich f\u00fcr Partydekorationen und festliche Auslagen.<\/li>\n\n<li><strong>Geeignet f\u00fcr eine Vielzahl von Einzelhandels- und Veranstaltungsszenarien: <\/strong>Unsere gef\u00fcllten Geleebonbons f\u00fcr den Gro\u00dfhandel eignen sich f\u00fcr Schokoriegel, Urlaubspartys, Hochzeitsbonbons, Snackt\u00fcten und andere Verwendungszwecke.<\/li>\n\n<li><strong>Unterst\u00fctzung bei der Beschaffung von Massenware und ma\u00dfgeschneiderten Dienstleistungen: <\/strong>Unsere Geleebohnen sind in loser oder verpackter Form erh\u00e4ltlich und lassen sich in Bezug auf Farbe, Geschmack und Verpackung individuell anpassen, um unterschiedliche Bed\u00fcrfnisse zu erf\u00fcllen.<\/li><\/ul><\/div>\n\n<div class=\"wp-block-column is-layout-flow wp-block-column-is-layout-flow\"><figure class=\"wp-block-image size-full\"><img decoding=\"async\" width=\"800\" height=\"800\" src=\"https:\/\/www.lechaocandy.com\/wp-content\/uploads\/2025\/05\/LeChao-Jelly-Beans-Bulk-Fruity-Jelly-Filled-Candy-Wholesale-3.webp\" alt=\"LeChao Jelly Beans Bulk, Fruchtige Gelee gef\u00fcllt S\u00fc\u00dfigkeiten Gro\u00dfhandel-3\" class=\"wp-image-658\" srcset=\"https:\/\/www.lechaocandy.com\/wp-content\/uploads\/2025\/05\/LeChao-Jelly-Beans-Bulk-Fruity-Jelly-Filled-Candy-Wholesale-3.webp 800w, https:\/\/www.lechaocandy.com\/wp-content\/uploads\/2025\/05\/LeChao-Jelly-Beans-Bulk-Fruity-Jelly-Filled-Candy-Wholesale-3-300x300.webp 300w, https:\/\/www.lechaocandy.com\/wp-content\/uploads\/2025\/05\/LeChao-Jelly-Beans-Bulk-Fruity-Jelly-Filled-Candy-Wholesale-3-150x150.webp 150w, https:\/\/www.lechaocandy.com\/wp-content\/uploads\/2025\/05\/LeChao-Jelly-Beans-Bulk-Fruity-Jelly-Filled-Candy-Wholesale-3-768x768.webp 768w, https:\/\/www.lechaocandy.com\/wp-content\/uploads\/2025\/05\/LeChao-Jelly-Beans-Bulk-Fruity-Jelly-Filled-Candy-Wholesale-3-600x600.webp 600w, https:\/\/www.lechaocandy.com\/wp-content\/uploads\/2025\/05\/LeChao-Jelly-Beans-Bulk-Fruity-Jelly-Filled-Candy-Wholesale-3-100x100.webp 100w\" sizes=\"(max-width: 800px) 100vw, 800px\" \/><\/figure><\/div><\/div>","protected":false},"excerpt":{"rendered":"<p>Willkommen im Gro\u00dfhandel gef\u00fcllt Gelee S\u00fc\u00dfigkeiten zu kaufen. LeChao Geleebohnen Masse hat vier Geschmacksrichtungen: Apfel, Orange, Heidelbeere und Erdbeere. Sie sind bunt und reich an Geschmack. Geeignet f\u00fcr Bulk-Gro\u00dfhandel und Anpassung, sind sie ideal f\u00fcr Festival S\u00fc\u00dfigkeiten, Kinder S\u00fc\u00dfigkeiten und Markenf\u00f6rderung.<\/p>\n<table style=\"border-collapse: collapse; width: 329.02pt;\" border=\"0\" width=\"329\" cellspacing=\"0\" cellpadding=\"0\">\n<tbody>\n<tr style=\"height: 17.60pt;\">\n<td class=\"et2\" style=\"height: 17.60pt; width: 110.80pt;\" width=\"110\" height=\"17\">Hersteller<\/td>\n<td class=\"et2\" style=\"width: 219.15pt;\" width=\"219\">LeChao Bonbons<\/td>\n<\/tr>\n<tr style=\"height: 18.00pt;\">\n<td class=\"et2\" style=\"height: 18.00pt;\" height=\"18\">Produkttyp<\/td>\n<td class=\"et3\" style=\"width: 219.15pt;\" width=\"219\">Gef\u00fcllte Jelly Beans<\/td>\n<\/tr>\n<tr style=\"height: 18.00pt;\">\n<td class=\"et2\" style=\"height: 18.00pt;\" height=\"18\">Geschmack<\/td>\n<td class=\"et3\" style=\"width: 219.15pt;\" width=\"219\">S\u00fc\u00df &amp; sauer &amp; widerstandsf\u00e4hig<\/td>\n<\/tr>\n<tr style=\"height: 17.60pt;\">\n<td class=\"et2\" style=\"height: 17.60pt;\" height=\"17\">Spezifikation<\/td>\n<td class=\"et2\">22gX12TaschenX20K\u00e4sten<\/td>\n<\/tr>\n<tr style=\"height: 17.60pt;\">\n<td class=\"et2\" style=\"height: 17.60pt;\" height=\"17\">Gr\u00f6\u00dfe des Kartons<\/td>\n<td class=\"et2\">52X26X32cm<\/td>\n<\/tr>\n<tr style=\"height: 17.60pt;\">\n<td class=\"et2\" style=\"height: 17.60pt;\" height=\"17\">N.W.\/Karton<\/td>\n<td class=\"et2\">7,2 kg<\/td>\n<\/tr>\n<tr style=\"height: 17.60pt;\">\n<td class=\"et2\" style=\"height: 17.60pt;\" height=\"17\">Muster<\/td>\n<td class=\"et2\">Verf\u00fcgbar<\/td>\n<\/tr>\n<\/tbody>\n<\/table>","protected":false},"featured_media":656,"comment_status":"open","ping_status":"closed","template":"","meta":{"_acf_changed":false},"product_brand":[],"product_cat":[21],"product_tag":[],"class_list":{"0":"post-655","1":"product","2":"type-product","3":"status-publish","4":"has-post-thumbnail","6":"product_cat-jelly-bean-wholesale","8":"first","9":"instock","10":"shipping-taxable","11":"product-type-simple"},"acf":[],"_links":{"self":[{"href":"https:\/\/www.lechaocandy.com\/de\/wp-json\/wp\/v2\/product\/655","targetHints":{"allow":["GET"]}}],"collection":[{"href":"https:\/\/www.lechaocandy.com\/de\/wp-json\/wp\/v2\/product"}],"about":[{"href":"https:\/\/www.lechaocandy.com\/de\/wp-json\/wp\/v2\/types\/product"}],"replies":[{"embeddable":true,"href":"https:\/\/www.lechaocandy.com\/de\/wp-json\/wp\/v2\/comments?post=655"}],"wp:featuredmedia":[{"embeddable":true,"href":"https:\/\/www.lechaocandy.com\/de\/wp-json\/wp\/v2\/media\/656"}],"wp:attachment":[{"href":"https:\/\/www.lechaocandy.com\/de\/wp-json\/wp\/v2\/media?parent=655"}],"wp:term":[{"taxonomy":"product_brand","embeddable":true,"href":"https:\/\/www.lechaocandy.com\/de\/wp-json\/wp\/v2\/product_brand?post=655"},{"taxonomy":"product_cat","embeddable":true,"href":"https:\/\/www.lechaocandy.com\/de\/wp-json\/wp\/v2\/product_cat?post=655"},{"taxonomy":"product_tag","embeddable":true,"href":"https:\/\/www.lechaocandy.com\/de\/wp-json\/wp\/v2\/product_tag?post=655"}],"curies":[{"name":"wp","href":"https:\/\/api.w.org\/{rel}","templated":true}]}}