{"id":662,"date":"2025-05-15T06:28:25","date_gmt":"2025-05-15T06:28:25","guid":{"rendered":"https:\/\/www.lechaocandy.com\/?post_type=product&#038;p=662"},"modified":"2025-05-15T06:39:29","modified_gmt":"2025-05-15T06:39:29","slug":"gummy-candies-in-bulk","status":"publish","type":"product","link":"https:\/\/www.lechaocandy.com\/de\/produkt\/gummy-candies-in-bulk\/","title":{"rendered":"Schokolade \u00fcberzogene Gummibonbons in Bulk, Gro\u00dfhandel Gummis"},"content":{"rendered":"<div class=\"wp-block-columns is-layout-flex wp-container-core-columns-is-layout-9d6595d7 wp-block-columns-is-layout-flex\"><div class=\"wp-block-column is-layout-flow wp-block-column-is-layout-flow\"><h2 class=\"wp-block-heading\">Produkt-Highlights von Schokolade \u00fcberzogene Gummibonbons in Bulk<\/h2>\n\n<ul class=\"wp-block-list\"><li><strong>Die perfekte Mischung aus Schokolade und fruchtigen Gummibonbons: <\/strong>Unsere schokoladen\u00fcberzogenen Gummibonbons in loser Sch\u00fcttung sind mit k\u00f6stlicher Schokolade \u00fcberzogen und haben im Inneren weiche und z\u00e4he Fruchtgummis, die einen doppelten Geschmacksgenuss bieten.<\/li>\n\n<li><strong>Verschiedene Gummigeschmacksrichtungen:<\/strong> Unsere Gro\u00dfhandelsgummis sind in zahlreichen Gummigeschmacksrichtungen wie Erdbeere, Orange, Traube usw. mit leuchtenden Farben und hervorragender optischer Wirkung erh\u00e4ltlich.<\/li>\n\n<li><strong>Geeignet f\u00fcr Geschenkboxen und Einzelhandelsverpackungen: <\/strong>Unsere Gummibonbons in loser Sch\u00fcttung k\u00f6nnen mit verschiedenen Verpackungen versehen werden und eignen sich perfekt f\u00fcr verschiedene Anl\u00e4sse, wie z. B. Weihnachtsgeschenkboxen, Geschenkt\u00fcten und den Verkauf kleiner Pakete.<\/li>\n\n<li><strong>Unterst\u00fctzung von Gro\u00dfhandel und OEM-Anpassung: <\/strong>LeChao's Gro\u00dfhandel f\u00fcr Gummib\u00e4rchen bietet lose oder kundenspezifische Verpackungen an, um den Bedarf von Einzelh\u00e4ndlern, Marken und Distributoren an Gro\u00dfmengen zu decken.<\/li>\n\n<li><strong>Geeignet f\u00fcr Verbraucher aller Altersgruppen: <\/strong>Unsere schokoladen\u00fcberzogenen Gummibonbons in loser Sch\u00fcttung kombinieren die reichhaltige S\u00fc\u00dfe von Schokolade mit dem Kauspa\u00df von Gummibonbons - eine bei Kindern und Erwachsenen beliebte Dessertkombination.<\/li><\/ul><\/div>\n\n<div class=\"wp-block-column is-layout-flow wp-block-column-is-layout-flow\"><figure class=\"wp-block-image size-full\"><img decoding=\"async\" width=\"800\" height=\"800\" src=\"https:\/\/www.lechaocandy.com\/wp-content\/uploads\/2025\/05\/Chocolate-Covered-Gummy-Candies-In-Bulk-Wholesale-Gummies-2.webp\" alt=\"Schokolade \u00fcberzogene Gummibonbons in Bulk, Gro\u00dfhandel Gummies-2\" class=\"wp-image-663\" srcset=\"https:\/\/www.lechaocandy.com\/wp-content\/uploads\/2025\/05\/Chocolate-Covered-Gummy-Candies-In-Bulk-Wholesale-Gummies-2.webp 800w, https:\/\/www.lechaocandy.com\/wp-content\/uploads\/2025\/05\/Chocolate-Covered-Gummy-Candies-In-Bulk-Wholesale-Gummies-2-300x300.webp 300w, https:\/\/www.lechaocandy.com\/wp-content\/uploads\/2025\/05\/Chocolate-Covered-Gummy-Candies-In-Bulk-Wholesale-Gummies-2-150x150.webp 150w, https:\/\/www.lechaocandy.com\/wp-content\/uploads\/2025\/05\/Chocolate-Covered-Gummy-Candies-In-Bulk-Wholesale-Gummies-2-768x768.webp 768w, https:\/\/www.lechaocandy.com\/wp-content\/uploads\/2025\/05\/Chocolate-Covered-Gummy-Candies-In-Bulk-Wholesale-Gummies-2-600x600.webp 600w, https:\/\/www.lechaocandy.com\/wp-content\/uploads\/2025\/05\/Chocolate-Covered-Gummy-Candies-In-Bulk-Wholesale-Gummies-2-100x100.webp 100w\" sizes=\"(max-width: 800px) 100vw, 800px\" \/><\/figure><\/div><\/div>","protected":false},"excerpt":{"rendered":"<p>Willkommen zum Kauf LeChao's Gro\u00dfhandel Gummis. Unsere schokoladen\u00fcberzogenen Gummibonbons in gro\u00dfen Mengen haben einen reichen Geschmack und sind s\u00fc\u00df, aber nicht fettig. Wir unterst\u00fctzen Bulk-Gro\u00dfhandel und Anpassung, und sind einer der meistverkauften Kombination S\u00fc\u00dfigkeiten auf dem Einzelhandelsmarkt.<\/p>\n<table style=\"border-collapse: collapse; width: 329.02pt;\" border=\"0\" width=\"329\" cellspacing=\"0\" cellpadding=\"0\">\n<tbody>\n<tr style=\"height: 17.60pt;\">\n<td class=\"et2\" style=\"height: 17.60pt; width: 110.80pt;\" width=\"110\" height=\"17\">Hersteller<\/td>\n<td class=\"et2\" style=\"width: 219.15pt;\" width=\"219\">LeChao Bonbons<\/td>\n<\/tr>\n<tr style=\"height: 18.00pt;\">\n<td class=\"et2\" style=\"height: 18.00pt;\" height=\"18\">Produkttyp<\/td>\n<td class=\"et3\" style=\"width: 219.15pt;\" width=\"219\">Geleebohnen<\/td>\n<\/tr>\n<tr style=\"height: 18.00pt;\">\n<td class=\"et2\" style=\"height: 18.00pt;\" height=\"18\">Geschmack<\/td>\n<td class=\"et3\" style=\"width: 219.15pt;\" width=\"219\">S\u00fc\u00df &amp; sauer &amp; widerstandsf\u00e4hig<\/td>\n<\/tr>\n<tr style=\"height: 17.60pt;\">\n<td class=\"et2\" style=\"height: 17.60pt;\" height=\"17\">Spezifikation<\/td>\n<td class=\"et2\">10gX50BeutelX12Kartons<\/td>\n<\/tr>\n<tr style=\"height: 17.60pt;\">\n<td class=\"et2\" style=\"height: 17.60pt;\" height=\"17\">Gr\u00f6\u00dfe des Kartons<\/td>\n<td class=\"et2\">40X33X36cm<\/td>\n<\/tr>\n<tr style=\"height: 17.60pt;\">\n<td class=\"et2\" style=\"height: 17.60pt;\" height=\"17\">N.W.\/Karton<\/td>\n<td class=\"et2\">8.0kg<\/td>\n<\/tr>\n<tr style=\"height: 17.60pt;\">\n<td class=\"et2\" style=\"height: 17.60pt;\" height=\"17\">Muster<\/td>\n<td class=\"et2\">Verf\u00fcgbar<\/td>\n<\/tr>\n<\/tbody>\n<\/table>","protected":false},"featured_media":664,"comment_status":"open","ping_status":"closed","template":"","meta":{"_acf_changed":false},"product_brand":[],"product_cat":[23],"product_tag":[],"class_list":{"0":"post-662","1":"product","2":"type-product","3":"status-publish","4":"has-post-thumbnail","6":"product_cat-wholesale-chocolate-candy","8":"first","9":"instock","10":"shipping-taxable","11":"product-type-simple"},"acf":[],"_links":{"self":[{"href":"https:\/\/www.lechaocandy.com\/de\/wp-json\/wp\/v2\/product\/662","targetHints":{"allow":["GET"]}}],"collection":[{"href":"https:\/\/www.lechaocandy.com\/de\/wp-json\/wp\/v2\/product"}],"about":[{"href":"https:\/\/www.lechaocandy.com\/de\/wp-json\/wp\/v2\/types\/product"}],"replies":[{"embeddable":true,"href":"https:\/\/www.lechaocandy.com\/de\/wp-json\/wp\/v2\/comments?post=662"}],"wp:featuredmedia":[{"embeddable":true,"href":"https:\/\/www.lechaocandy.com\/de\/wp-json\/wp\/v2\/media\/664"}],"wp:attachment":[{"href":"https:\/\/www.lechaocandy.com\/de\/wp-json\/wp\/v2\/media?parent=662"}],"wp:term":[{"taxonomy":"product_brand","embeddable":true,"href":"https:\/\/www.lechaocandy.com\/de\/wp-json\/wp\/v2\/product_brand?post=662"},{"taxonomy":"product_cat","embeddable":true,"href":"https:\/\/www.lechaocandy.com\/de\/wp-json\/wp\/v2\/product_cat?post=662"},{"taxonomy":"product_tag","embeddable":true,"href":"https:\/\/www.lechaocandy.com\/de\/wp-json\/wp\/v2\/product_tag?post=662"}],"curies":[{"name":"wp","href":"https:\/\/api.w.org\/{rel}","templated":true}]}}