{"id":668,"date":"2025-05-15T06:43:21","date_gmt":"2025-05-15T06:43:21","guid":{"rendered":"https:\/\/www.lechaocandy.com\/?post_type=product&#038;p=668"},"modified":"2026-03-10T08:43:18","modified_gmt":"2026-03-10T08:43:18","slug":"gummies-in-bulk","status":"publish","type":"product","link":"https:\/\/www.lechaocandy.com\/de\/produkt\/gummies-in-bulk\/","title":{"rendered":"Ananas-Gummis in Bulk, Gelee gef\u00fcllte Bonbons Gro\u00dfhandel"},"content":{"rendered":"<div class=\"wp-block-columns is-layout-flex wp-container-core-columns-is-layout-9d6595d7 wp-block-columns-is-layout-flex\"><div class=\"wp-block-column is-layout-flow wp-block-column-is-layout-flow\"><h2 class=\"wp-block-heading\">Produkt-Highlights von Ananas-Gummis in loser Sch\u00fcttung<\/h2>\n\n<ul class=\"wp-block-list\"><li><strong>Reiches Ananas-Aroma, tropischer Geschmack:<\/strong> Unsere mit Gelee gef\u00fcllten Ananas-Gummis in loser Sch\u00fcttung enthalten nat\u00fcrliches Ananas-Aroma, s\u00fc\u00df und sauer, erfrischend und k\u00f6stlich, und bieten ein sommerliches Geschmackserlebnis.<\/li>\n\n<li><strong>Geleeartige F\u00fcllung, prickelnder Geschmack: <\/strong>Diese Kaubonbons f\u00fcr den Gro\u00dfhandel enthalten weiche Marmeladenf\u00fcllungen, die beim Aufbei\u00dfen platzen und mit Saft \u00fcberlaufen, und haben eine reichhaltige Geschmacksschicht, die endlos nachklingt.<\/li>\n\n<li><strong>Weich und wohlschmeckend: <\/strong>Die \u00e4u\u00dfere Schicht dieser mit Gelee gef\u00fcllten Ananas-Gummis in loser Sch\u00fcttung ist flexibel und z\u00e4h, und die innere Marmelade bildet eine einzigartige doppelte Textur.<\/li>\n\n<li><strong>Geeignet f\u00fcr eine Vielzahl von Verkaufsszenarien: <\/strong>Unsere Kaubonbons f\u00fcr den Gro\u00dfhandel eignen sich f\u00fcr eine Vielzahl von Anwendungsszenarien, wie z. B. Massenverkauf, Geschenkverpackungen, Schokoriegel, Kinderpartys usw.<\/li>\n\n<li><strong>Unterst\u00fctzung von Anpassung und Gro\u00dfhandel: <\/strong>Unsere mit Gelee gef\u00fcllten Ananas-Gummis in loser Sch\u00fcttung bieten eine Vielzahl von Verpackungsformen und unterst\u00fctzen OEM- und Geschmacksanpassungen, um die Bed\u00fcrfnisse von Marken und H\u00e4ndlern zu erf\u00fcllen.<\/li><\/ul><\/div>\n\n<div class=\"wp-block-column is-layout-flow wp-block-column-is-layout-flow\"><figure class=\"wp-block-image size-full\"><img decoding=\"async\" width=\"800\" height=\"800\" src=\"https:\/\/www.lechaocandy.com\/wp-content\/uploads\/2025\/05\/Pineapple-Gummies-In-Bulk-Jelly-Filled-Candies-Wholesale-3.webp\" alt=\"Ananas Gummies in Bulk, Gelee gef\u00fcllte Bonbons Gro\u00dfhandel-3\" class=\"wp-image-671\" srcset=\"https:\/\/www.lechaocandy.com\/wp-content\/uploads\/2025\/05\/Pineapple-Gummies-In-Bulk-Jelly-Filled-Candies-Wholesale-3.webp 800w, https:\/\/www.lechaocandy.com\/wp-content\/uploads\/2025\/05\/Pineapple-Gummies-In-Bulk-Jelly-Filled-Candies-Wholesale-3-300x300.webp 300w, https:\/\/www.lechaocandy.com\/wp-content\/uploads\/2025\/05\/Pineapple-Gummies-In-Bulk-Jelly-Filled-Candies-Wholesale-3-150x150.webp 150w, https:\/\/www.lechaocandy.com\/wp-content\/uploads\/2025\/05\/Pineapple-Gummies-In-Bulk-Jelly-Filled-Candies-Wholesale-3-768x768.webp 768w, https:\/\/www.lechaocandy.com\/wp-content\/uploads\/2025\/05\/Pineapple-Gummies-In-Bulk-Jelly-Filled-Candies-Wholesale-3-600x600.webp 600w, https:\/\/www.lechaocandy.com\/wp-content\/uploads\/2025\/05\/Pineapple-Gummies-In-Bulk-Jelly-Filled-Candies-Wholesale-3-100x100.webp 100w\" sizes=\"(max-width: 800px) 100vw, 800px\" \/><\/figure><\/div><\/div>","protected":false},"excerpt":{"rendered":"<p>Willkommen im Gro\u00dfhandel Kaubonbons zu kaufen. Unsere mit Gelee gef\u00fcllten Ananas-Gummis in gro\u00dfen Mengen haben echtes Ananas-Aroma und Saft Geschmack. Geeignet f\u00fcr Urlaub Einzelhandel, Gro\u00dfeink\u00e4ufe und Markenanpassung, ist es eines der beliebtesten Frucht S\u00fc\u00dfigkeiten Kategorien auf dem Markt.<\/p>\n<table style=\"border-collapse: collapse; width: 329.02pt;\" border=\"0\" width=\"329\" cellspacing=\"0\" cellpadding=\"0\">\n<tbody>\n<tr style=\"height: 17.60pt;\">\n<td class=\"et2\" style=\"height: 17.60pt; width: 110.80pt;\" width=\"110\" height=\"17\">Hersteller<\/td>\n<td class=\"et2\" style=\"width: 219.15pt;\" width=\"219\">LeChao Bonbons<\/td>\n<\/tr>\n<tr style=\"height: 18.00pt;\">\n<td class=\"et2\" style=\"height: 18.00pt;\" height=\"18\">Produkttyp<\/td>\n<td class=\"et3\" style=\"width: 219.15pt;\" width=\"219\">Ananas-Gummis mit Geleef\u00fcllung<\/td>\n<\/tr>\n<tr style=\"height: 18.00pt;\">\n<td class=\"et2\" style=\"height: 18.00pt;\" height=\"18\">Geschmack<\/td>\n<td class=\"et3\" style=\"width: 219.15pt;\" width=\"219\">S\u00fc\u00df &amp; sauer &amp; widerstandsf\u00e4hig<\/td>\n<\/tr>\n<tr style=\"height: 17.60pt;\">\n<td class=\"et2\" style=\"height: 17.60pt;\" height=\"17\">Spezifikation<\/td>\n<td class=\"et2\">72gX10BeutelX6K\u00e4sten<\/td>\n<\/tr>\n<tr style=\"height: 17.60pt;\">\n<td class=\"et2\" style=\"height: 17.60pt;\" height=\"17\">Gr\u00f6\u00dfe des Kartons<\/td>\n<td class=\"et2\">36X22X33cm<\/td>\n<\/tr>\n<tr style=\"height: 17.60pt;\">\n<td class=\"et2\" style=\"height: 17.60pt;\" height=\"17\">N.W.\/Karton<\/td>\n<td class=\"et2\">6,4 kg<\/td>\n<\/tr>\n<tr style=\"height: 17.60pt;\">\n<td class=\"et2\" style=\"height: 17.60pt;\" height=\"17\">Preis<\/td>\n<td class=\"et2\">0,1-0,12USD<\/td>\n<\/tr>\n<tr style=\"height: 17.60pt;\">\n<td class=\"et2\" style=\"height: 17.60pt;\" height=\"17\">MOQ<\/td>\n<td class=\"et2\">500CTNS<\/td>\n<\/tr>\n<tr style=\"height: 17.60pt;\">\n<td class=\"et2\" style=\"height: 17.60pt;\" height=\"17\">Muster<\/td>\n<td class=\"et2\">Verf\u00fcgbar<\/td>\n<\/tr>\n<\/tbody>\n<\/table>","protected":false},"featured_media":675,"comment_status":"open","ping_status":"closed","template":"","meta":{"_acf_changed":false},"product_brand":[],"product_cat":[19,24,27],"product_tag":[],"class_list":{"0":"post-668","1":"product","2":"type-product","3":"status-publish","4":"has-post-thumbnail","6":"product_cat-wholesale-gummy-manufacturer","7":"product_cat-3d-gummy-candy-manufacturer","8":"product_cat-filled-gummy-candies-supplier","10":"first","11":"instock","12":"shipping-taxable","13":"product-type-simple"},"acf":[],"_links":{"self":[{"href":"https:\/\/www.lechaocandy.com\/de\/wp-json\/wp\/v2\/product\/668","targetHints":{"allow":["GET"]}}],"collection":[{"href":"https:\/\/www.lechaocandy.com\/de\/wp-json\/wp\/v2\/product"}],"about":[{"href":"https:\/\/www.lechaocandy.com\/de\/wp-json\/wp\/v2\/types\/product"}],"replies":[{"embeddable":true,"href":"https:\/\/www.lechaocandy.com\/de\/wp-json\/wp\/v2\/comments?post=668"}],"wp:featuredmedia":[{"embeddable":true,"href":"https:\/\/www.lechaocandy.com\/de\/wp-json\/wp\/v2\/media\/675"}],"wp:attachment":[{"href":"https:\/\/www.lechaocandy.com\/de\/wp-json\/wp\/v2\/media?parent=668"}],"wp:term":[{"taxonomy":"product_brand","embeddable":true,"href":"https:\/\/www.lechaocandy.com\/de\/wp-json\/wp\/v2\/product_brand?post=668"},{"taxonomy":"product_cat","embeddable":true,"href":"https:\/\/www.lechaocandy.com\/de\/wp-json\/wp\/v2\/product_cat?post=668"},{"taxonomy":"product_tag","embeddable":true,"href":"https:\/\/www.lechaocandy.com\/de\/wp-json\/wp\/v2\/product_tag?post=668"}],"curies":[{"name":"wp","href":"https:\/\/api.w.org\/{rel}","templated":true}]}}