{"id":676,"date":"2025-05-15T06:54:19","date_gmt":"2025-05-15T06:54:19","guid":{"rendered":"https:\/\/www.lechaocandy.com\/?post_type=product&#038;p=676"},"modified":"2026-03-10T08:43:07","modified_gmt":"2026-03-10T08:43:07","slug":"fruit-gummies-bulk","status":"publish","type":"product","link":"https:\/\/www.lechaocandy.com\/de\/produkt\/fruit-gummies-bulk\/","title":{"rendered":"LeChao Fruit Gummies Bulk, Marmelade gef\u00fcllte Gummierdbeeren"},"content":{"rendered":"<div class=\"wp-block-columns is-layout-flex wp-container-core-columns-is-layout-9d6595d7 wp-block-columns-is-layout-flex\"><div class=\"wp-block-column is-layout-flow wp-block-column-is-layout-flow\"><h2 class=\"wp-block-heading\">Produkt-Highlights von Ananas-Gummis in loser Sch\u00fcttung<\/h2>\n\n<ul class=\"wp-block-list\"><li><strong>Realistische Erdbeerform, starker visueller Reiz: <\/strong>Diese Fruchtgummis sind mit simulierter Erdbeere, hellen Farben, niedlicher Form und \u00e4u\u00dferst attraktiv und interessant auf dem Regal gestaltet.<\/li>\n\n<li><strong>Marmeladenf\u00fcllung, doppelt fruchtiger Geschmack: <\/strong>Unsere Fruchtgummis enthalten eine reichhaltige F\u00fcllung aus Erdbeermarmelade und eine z\u00e4he, weiche Bonbonschicht, die vor S\u00fc\u00dfe nur so strotzt.<\/li>\n\n<li><strong>Mehrstufiges Kauerlebnis:<\/strong> Diese mit Marmelade gef\u00fcllten Erdbeergummis sind eine Kombination aus weichem Zuckermantel und seidiger Marmelade, die einen reichhaltigen Geschmack bietet und f\u00fcr Verbraucher aller Altersgruppen geeignet ist.<\/li>\n\n<li><strong>Geeignet f\u00fcr den Verkauf in mehreren Szenarien: <\/strong>Ob es sich um Snack-T\u00fcten, Geschenkboxen f\u00fcr den Urlaub oder den Verkauf von S\u00fc\u00dfigkeiten in gro\u00dfen Mengen handelt, unsere mit Marmelade gef\u00fcllten Erdbeergummis sind eine ideale Wahl.<\/li>\n\n<li><strong>Gro\u00dfhandel unterst\u00fctzt OEM-Anpassung: <\/strong>Unsere Fruchtgummis in loser Sch\u00fcttung bieten eine Vielzahl von Verpackungs- und Geschmacksspezifikationen und unterst\u00fctzen damit die Bed\u00fcrfnisse von Markenherstellern und Gro\u00dfh\u00e4ndlern.<\/li><\/ul><\/div>\n\n<div class=\"wp-block-column is-layout-flow wp-block-column-is-layout-flow\"><figure class=\"wp-block-image size-full\"><img decoding=\"async\" width=\"800\" height=\"800\" src=\"https:\/\/www.lechaocandy.com\/wp-content\/uploads\/2025\/05\/LeChao-Fruit-Gummies-Bulk-Jam-Filled-Gummy-Strawberries-5.webp\" alt=\"LeChao Fruchtgummis Bulk, Marmelade gef\u00fcllte Gummib\u00e4rchen Erdbeeren-5\" class=\"wp-image-681\" srcset=\"https:\/\/www.lechaocandy.com\/wp-content\/uploads\/2025\/05\/LeChao-Fruit-Gummies-Bulk-Jam-Filled-Gummy-Strawberries-5.webp 800w, https:\/\/www.lechaocandy.com\/wp-content\/uploads\/2025\/05\/LeChao-Fruit-Gummies-Bulk-Jam-Filled-Gummy-Strawberries-5-300x300.webp 300w, https:\/\/www.lechaocandy.com\/wp-content\/uploads\/2025\/05\/LeChao-Fruit-Gummies-Bulk-Jam-Filled-Gummy-Strawberries-5-150x150.webp 150w, https:\/\/www.lechaocandy.com\/wp-content\/uploads\/2025\/05\/LeChao-Fruit-Gummies-Bulk-Jam-Filled-Gummy-Strawberries-5-768x768.webp 768w, https:\/\/www.lechaocandy.com\/wp-content\/uploads\/2025\/05\/LeChao-Fruit-Gummies-Bulk-Jam-Filled-Gummy-Strawberries-5-600x600.webp 600w, https:\/\/www.lechaocandy.com\/wp-content\/uploads\/2025\/05\/LeChao-Fruit-Gummies-Bulk-Jam-Filled-Gummy-Strawberries-5-100x100.webp 100w\" sizes=\"(max-width: 800px) 100vw, 800px\" \/><\/figure><\/div><\/div>","protected":false},"excerpt":{"rendered":"<p>Willkommen zu kaufen Fruchtgummis bulk. LeChao's Gro\u00dfhandel Marmelade gef\u00fcllt gummi Erdbeeren sind reich an fruchtigen Aroma, kauen auf der Au\u00dfenseite und weich auf der Innenseite. Sie eignen sich f\u00fcr verschiedene Verkaufsszenarien wie Feste, Einzelhandel und Mischverpackungen. Sie unterst\u00fctzen Gro\u00dfeink\u00e4ufe und personalisierte Anpassungen.<\/p>\n<table style=\"border-collapse: collapse; width: 329.02pt;\" border=\"0\" width=\"329\" cellspacing=\"0\" cellpadding=\"0\">\n<tbody>\n<tr style=\"height: 17.60pt;\">\n<td class=\"et2\" style=\"height: 17.60pt; width: 110.80pt;\" width=\"110\" height=\"17\">Hersteller<\/td>\n<td class=\"et2\" style=\"width: 219.15pt;\" width=\"219\">LeChao Bonbons<\/td>\n<\/tr>\n<tr style=\"height: 18.00pt;\">\n<td class=\"et2\" style=\"height: 18.00pt;\" height=\"18\">Produkttyp<\/td>\n<td class=\"et3\" style=\"width: 219.15pt;\" width=\"219\">Erdbeer-Gummis mit Geleef\u00fcllung<\/td>\n<\/tr>\n<tr style=\"height: 18.00pt;\">\n<td class=\"et2\" style=\"height: 18.00pt;\" height=\"18\">Geschmack<\/td>\n<td class=\"et3\" style=\"width: 219.15pt;\" width=\"219\">S\u00fc\u00df &amp; sauer &amp; widerstandsf\u00e4hig<\/td>\n<\/tr>\n<tr style=\"height: 17.60pt;\">\n<td class=\"et2\" style=\"height: 17.60pt;\" height=\"17\">Spezifikation<\/td>\n<td class=\"et2\">72gX10BeutelX6K\u00e4sten<\/td>\n<\/tr>\n<tr style=\"height: 17.60pt;\">\n<td class=\"et2\" style=\"height: 17.60pt;\" height=\"17\">Gr\u00f6\u00dfe des Kartons<\/td>\n<td class=\"et2\">36X22X33cm<\/td>\n<\/tr>\n<tr style=\"height: 17.60pt;\">\n<td class=\"et2\" style=\"height: 17.60pt;\" height=\"17\">N.W.\/Karton<\/td>\n<td class=\"et2\">6,4 kg<\/td>\n<\/tr>\n<tr style=\"height: 17.60pt;\">\n<td class=\"et2\" style=\"height: 17.60pt;\" height=\"17\">Preis<\/td>\n<td class=\"et2\">0,1-0,12USD<\/td>\n<\/tr>\n<tr style=\"height: 17.60pt;\">\n<td class=\"et2\" style=\"height: 17.60pt;\" height=\"17\">MOQ<\/td>\n<td class=\"et2\">500CTNS<\/td>\n<\/tr>\n<tr style=\"height: 17.60pt;\">\n<td class=\"et2\" style=\"height: 17.60pt;\" height=\"17\">Muster<\/td>\n<td class=\"et2\">Verf\u00fcgbar<\/td>\n<\/tr>\n<\/tbody>\n<\/table>","protected":false},"featured_media":677,"comment_status":"open","ping_status":"closed","template":"","meta":{"_acf_changed":false},"product_brand":[],"product_cat":[19,24,27],"product_tag":[],"class_list":{"0":"post-676","1":"product","2":"type-product","3":"status-publish","4":"has-post-thumbnail","6":"product_cat-wholesale-gummy-manufacturer","7":"product_cat-3d-gummy-candy-manufacturer","8":"product_cat-filled-gummy-candies-supplier","10":"first","11":"instock","12":"shipping-taxable","13":"product-type-simple"},"acf":[],"_links":{"self":[{"href":"https:\/\/www.lechaocandy.com\/de\/wp-json\/wp\/v2\/product\/676","targetHints":{"allow":["GET"]}}],"collection":[{"href":"https:\/\/www.lechaocandy.com\/de\/wp-json\/wp\/v2\/product"}],"about":[{"href":"https:\/\/www.lechaocandy.com\/de\/wp-json\/wp\/v2\/types\/product"}],"replies":[{"embeddable":true,"href":"https:\/\/www.lechaocandy.com\/de\/wp-json\/wp\/v2\/comments?post=676"}],"wp:featuredmedia":[{"embeddable":true,"href":"https:\/\/www.lechaocandy.com\/de\/wp-json\/wp\/v2\/media\/677"}],"wp:attachment":[{"href":"https:\/\/www.lechaocandy.com\/de\/wp-json\/wp\/v2\/media?parent=676"}],"wp:term":[{"taxonomy":"product_brand","embeddable":true,"href":"https:\/\/www.lechaocandy.com\/de\/wp-json\/wp\/v2\/product_brand?post=676"},{"taxonomy":"product_cat","embeddable":true,"href":"https:\/\/www.lechaocandy.com\/de\/wp-json\/wp\/v2\/product_cat?post=676"},{"taxonomy":"product_tag","embeddable":true,"href":"https:\/\/www.lechaocandy.com\/de\/wp-json\/wp\/v2\/product_tag?post=676"}],"curies":[{"name":"wp","href":"https:\/\/api.w.org\/{rel}","templated":true}]}}