{"id":728,"date":"2025-05-16T03:47:34","date_gmt":"2025-05-16T03:47:34","guid":{"rendered":"https:\/\/www.lechaocandy.com\/?post_type=product&#038;p=728"},"modified":"2025-05-16T03:59:34","modified_gmt":"2025-05-16T03:59:34","slug":"wholesale-marshmallow","status":"publish","type":"product","link":"https:\/\/www.lechaocandy.com\/de\/produkt\/wholesale-marshmallow\/","title":{"rendered":"LeChao Flower Gro\u00dfhandel Marshmallows, flauschige S\u00fc\u00dfigkeiten in Bulk"},"content":{"rendered":"<div class=\"wp-block-columns is-layout-flex wp-container-core-columns-is-layout-9d6595d7 wp-block-columns-is-layout-flex\"><div class=\"wp-block-column is-layout-flow wp-block-column-is-layout-flow\"><h2 class=\"wp-block-heading\">Produkt-Highlights der Blume Gro\u00dfhandel Marshmallow<\/h2>\n\n<ul class=\"wp-block-list\"><li><strong>Exquisite Bl\u00fctenform: <\/strong>Diese Gro\u00dfhandels-Marshmallows haben eine lebendige Blumenform, die optisch sch\u00f6n ist und sich f\u00fcr die Feiertagsdekoration und die Auslage mit Mehrwert eignet.<\/li>\n\n<li><strong>Weich und lecker im Geschmack: <\/strong>Unsere flauschigen Bonbons in loser Sch\u00fcttung sind flauschig und leicht, schmelzen im Mund, sind s\u00fc\u00df, aber nicht fettig und f\u00fcr alle Altersgruppen geeignet.<\/li>\n\n<li><strong>Multiszenen-Anwendung: <\/strong>Unsere Blumengro\u00dfhandels-Marshmallows eignen sich f\u00fcr verschiedene Anl\u00e4sse wie Einzelhandel, Partys, Hochzeiten, Weihnachtsgeschenke usw.<\/li>\n\n<li><strong>Unterst\u00fctzung der Massenanpassung: <\/strong>Unsere flauschigen Bonbons in loser Sch\u00fcttung k\u00f6nnen in einer Vielzahl von Verpackungsspezifikationen und Geschmacksrichtungen angeboten werden, um unterschiedlichen Marktanforderungen gerecht zu werden.<\/li>\n\n<li><strong>Einhaltung der Lebensmittelsicherheitsstandards:<\/strong> Die LeChao S\u00fc\u00dfwarenfabrik hat ISO- und andere Lebensmittelsicherheitszertifikate erhalten, und unsere Gro\u00dfhandels-Marshmallows sind von stabiler und zuverl\u00e4ssiger Qualit\u00e4t und werden in viele L\u00e4nder und Regionen der Welt exportiert.<\/li><\/ul><\/div>\n\n<div class=\"wp-block-column is-layout-flow wp-block-column-is-layout-flow\"><figure class=\"wp-block-image size-full\"><img decoding=\"async\" width=\"800\" height=\"800\" src=\"https:\/\/www.lechaocandy.com\/wp-content\/uploads\/2025\/05\/LeChao-Flower-Wholesale-Marshmallows-Fluffy-Candy-In-Bulk-7.webp\" alt=\"LeChao Blume Gro\u00dfhandel Marshmallows, flauschige S\u00fc\u00dfigkeiten in Bulk-7\" class=\"wp-image-735\" srcset=\"https:\/\/www.lechaocandy.com\/wp-content\/uploads\/2025\/05\/LeChao-Flower-Wholesale-Marshmallows-Fluffy-Candy-In-Bulk-7.webp 800w, https:\/\/www.lechaocandy.com\/wp-content\/uploads\/2025\/05\/LeChao-Flower-Wholesale-Marshmallows-Fluffy-Candy-In-Bulk-7-300x300.webp 300w, https:\/\/www.lechaocandy.com\/wp-content\/uploads\/2025\/05\/LeChao-Flower-Wholesale-Marshmallows-Fluffy-Candy-In-Bulk-7-150x150.webp 150w, https:\/\/www.lechaocandy.com\/wp-content\/uploads\/2025\/05\/LeChao-Flower-Wholesale-Marshmallows-Fluffy-Candy-In-Bulk-7-768x768.webp 768w, https:\/\/www.lechaocandy.com\/wp-content\/uploads\/2025\/05\/LeChao-Flower-Wholesale-Marshmallows-Fluffy-Candy-In-Bulk-7-600x600.webp 600w, https:\/\/www.lechaocandy.com\/wp-content\/uploads\/2025\/05\/LeChao-Flower-Wholesale-Marshmallows-Fluffy-Candy-In-Bulk-7-100x100.webp 100w\" sizes=\"(max-width: 800px) 100vw, 800px\" \/><\/figure><\/div><\/div>","protected":false},"excerpt":{"rendered":"<p>Willkommen zum Kauf von flauschigen S\u00fc\u00dfigkeiten in gro\u00dfen Mengen. LeChao Blume Gro\u00dfhandel Marshmallows integrieren exquisite Blumenformen mit weichen Geschmack, die stark von Kindern und S\u00fc\u00dfigkeitenliebhabern bevorzugt wird, und ist eine gute Option f\u00fcr Gro\u00dfeinkauf.<\/p>\n<table style=\"border-collapse: collapse; width: 329.02pt;\" border=\"0\" width=\"329\" cellspacing=\"0\" cellpadding=\"0\">\n<tbody>\n<tr style=\"height: 17.60pt;\">\n<td class=\"et2\" style=\"height: 17.60pt; width: 110.80pt;\" width=\"110\" height=\"17\">Hersteller<\/td>\n<td class=\"et2\" style=\"width: 219.15pt;\" width=\"219\">LeChao Bonbons<\/td>\n<\/tr>\n<tr style=\"height: 18.00pt;\">\n<td class=\"et2\" style=\"height: 18.00pt;\" height=\"18\">Produkttyp<\/td>\n<td class=\"et3\" style=\"width: 219.15pt;\" width=\"219\">Blumen-Marshmallows<\/td>\n<\/tr>\n<tr style=\"height: 18.00pt;\">\n<td class=\"et2\" style=\"height: 18.00pt;\" height=\"18\">Geschmack<\/td>\n<td class=\"et3\" style=\"width: 219.15pt;\" width=\"219\">Weich und s\u00fc\u00df<\/td>\n<\/tr>\n<tr style=\"height: 17.60pt;\">\n<td class=\"et2\" style=\"height: 17.60pt;\" height=\"17\">Spezifikation<\/td>\n<td class=\"et2\">10gX60St\u00fcckX12Beutel<\/td>\n<\/tr>\n<tr style=\"height: 17.60pt;\">\n<td class=\"et2\" style=\"height: 17.60pt;\" height=\"17\">Gr\u00f6\u00dfe des Kartons<\/td>\n<td class=\"et2\">69X48X292cm<\/td>\n<\/tr>\n<tr style=\"height: 17.60pt;\">\n<td class=\"et2\" style=\"height: 17.60pt;\" height=\"17\">N.W.\/Karton<\/td>\n<td class=\"et2\">10.0kg<\/td>\n<\/tr>\n<tr style=\"height: 17.60pt;\">\n<td class=\"et2\" style=\"height: 17.60pt;\" height=\"17\">Preis<\/td>\n<td class=\"et2\">26.5-28USD<\/td>\n<\/tr>\n<tr style=\"height: 17.60pt;\">\n<td class=\"et2\" style=\"height: 17.60pt;\" height=\"17\">MOQ<\/td>\n<td class=\"et2\">400CTNS<\/td>\n<\/tr>\n<tr style=\"height: 17.60pt;\">\n<td class=\"et2\" style=\"height: 17.60pt;\" height=\"17\">Muster<\/td>\n<td class=\"et2\">Verf\u00fcgbar<\/td>\n<\/tr>\n<\/tbody>\n<\/table>","protected":false},"featured_media":729,"comment_status":"open","ping_status":"closed","template":"","meta":{"_acf_changed":false},"product_brand":[],"product_cat":[22],"product_tag":[],"class_list":{"0":"post-728","1":"product","2":"type-product","3":"status-publish","4":"has-post-thumbnail","6":"product_cat-wholesale-marshmallows","8":"first","9":"instock","10":"shipping-taxable","11":"product-type-simple"},"acf":[],"_links":{"self":[{"href":"https:\/\/www.lechaocandy.com\/de\/wp-json\/wp\/v2\/product\/728","targetHints":{"allow":["GET"]}}],"collection":[{"href":"https:\/\/www.lechaocandy.com\/de\/wp-json\/wp\/v2\/product"}],"about":[{"href":"https:\/\/www.lechaocandy.com\/de\/wp-json\/wp\/v2\/types\/product"}],"replies":[{"embeddable":true,"href":"https:\/\/www.lechaocandy.com\/de\/wp-json\/wp\/v2\/comments?post=728"}],"wp:featuredmedia":[{"embeddable":true,"href":"https:\/\/www.lechaocandy.com\/de\/wp-json\/wp\/v2\/media\/729"}],"wp:attachment":[{"href":"https:\/\/www.lechaocandy.com\/de\/wp-json\/wp\/v2\/media?parent=728"}],"wp:term":[{"taxonomy":"product_brand","embeddable":true,"href":"https:\/\/www.lechaocandy.com\/de\/wp-json\/wp\/v2\/product_brand?post=728"},{"taxonomy":"product_cat","embeddable":true,"href":"https:\/\/www.lechaocandy.com\/de\/wp-json\/wp\/v2\/product_cat?post=728"},{"taxonomy":"product_tag","embeddable":true,"href":"https:\/\/www.lechaocandy.com\/de\/wp-json\/wp\/v2\/product_tag?post=728"}],"curies":[{"name":"wp","href":"https:\/\/api.w.org\/{rel}","templated":true}]}}