{"id":736,"date":"2025-05-16T04:01:34","date_gmt":"2025-05-16T04:01:34","guid":{"rendered":"https:\/\/www.lechaocandy.com\/?post_type=product&#038;p=736"},"modified":"2026-03-30T08:58:20","modified_gmt":"2026-03-30T08:58:20","slug":"marshmallow-in-bulk","status":"publish","type":"product","link":"https:\/\/www.lechaocandy.com\/de\/produkt\/marshmallow-in-bulk\/","title":{"rendered":"Weiches Herz Form Marshmallow in Bulk, flauschige S\u00fc\u00dfigkeiten Gro\u00dfhandel"},"content":{"rendered":"<div class=\"wp-block-columns is-layout-flex wp-container-core-columns-is-layout-9d6595d7 wp-block-columns-is-layout-flex\"><div class=\"wp-block-column is-layout-flow wp-block-column-is-layout-flow\"><h2 class=\"wp-block-heading\">Produkt-Highlights von Heart Marshmallow In Bulk<\/h2>\n\n<ul class=\"wp-block-list\"><li><strong>Niedliche Herzform: <\/strong>Dieser Marshmallow in loser Sch\u00fcttung hat die klassische Herzform und dr\u00fcckt eine zuckers\u00fc\u00dfe Stimmung aus, ideal f\u00fcr gem\u00fctliche Momente wie den Valentinstag und Hochzeiten.<\/li>\n\n<li><strong>Weicher und delikater Geschmack: <\/strong>Unsere Marshmallows f\u00fcr den Gro\u00dfhandel sind flauschig und haben einen weichen und sanften Geschmack, eine sanfte S\u00fc\u00dfe und schwere Schichten.<\/li>\n\n<li><strong>Vielf\u00e4ltige Anwendungsszenarien: <\/strong>Unser Marshmallow in loser Sch\u00fcttung eignet sich f\u00fcr den Snack-Einzelhandel, f\u00fcr Festdekorationen, zum Backen und f\u00fcr DIY-S\u00fc\u00dfigkeiten.<\/li>\n\n<li><strong>Bulk-Paket Gro\u00dfhandel Versorgung: <\/strong>Unsere Marshmallows f\u00fcr den Gro\u00dfhandel k\u00f6nnen in gro\u00dfen Mengen gekauft und individuell verpackt werden, um den Anforderungen von Einzelh\u00e4ndlern, Gro\u00dfh\u00e4ndlern und Markenkunden gerecht zu werden.<\/li>\n\n<li><strong>Zuverl\u00e4ssige Qualit\u00e4ts- und Sicherheitszertifizierung:<\/strong> Die Fabrik von Lechao hat die ISO-Zertifizierung f\u00fcr Qualit\u00e4tsmanagement und Lebensmittelsicherheit erhalten, der Produktionsprozess wird streng kontrolliert, und unsere Marshmallows in loser Sch\u00fcttung entsprechen den internationalen Exportstandards.<\/li><\/ul><\/div>\n\n<div class=\"wp-block-column is-layout-flow wp-block-column-is-layout-flow\"><figure class=\"wp-block-image size-full\"><img decoding=\"async\" width=\"800\" height=\"800\" src=\"https:\/\/www.lechaocandy.com\/wp-content\/uploads\/2025\/05\/Soft-Heart-Shape-Marshmallow-In-Bulk-Fluffy-Candy-Wholesale-1.webp\" alt=\"Weiches Herz Form Marshmallow in Bulk, flauschige S\u00fc\u00dfigkeiten Gro\u00dfhandel-1\" class=\"wp-image-737\" srcset=\"https:\/\/www.lechaocandy.com\/wp-content\/uploads\/2025\/05\/Soft-Heart-Shape-Marshmallow-In-Bulk-Fluffy-Candy-Wholesale-1.webp 800w, https:\/\/www.lechaocandy.com\/wp-content\/uploads\/2025\/05\/Soft-Heart-Shape-Marshmallow-In-Bulk-Fluffy-Candy-Wholesale-1-300x300.webp 300w, https:\/\/www.lechaocandy.com\/wp-content\/uploads\/2025\/05\/Soft-Heart-Shape-Marshmallow-In-Bulk-Fluffy-Candy-Wholesale-1-150x150.webp 150w, https:\/\/www.lechaocandy.com\/wp-content\/uploads\/2025\/05\/Soft-Heart-Shape-Marshmallow-In-Bulk-Fluffy-Candy-Wholesale-1-768x768.webp 768w, https:\/\/www.lechaocandy.com\/wp-content\/uploads\/2025\/05\/Soft-Heart-Shape-Marshmallow-In-Bulk-Fluffy-Candy-Wholesale-1-600x600.webp 600w, https:\/\/www.lechaocandy.com\/wp-content\/uploads\/2025\/05\/Soft-Heart-Shape-Marshmallow-In-Bulk-Fluffy-Candy-Wholesale-1-100x100.webp 100w\" sizes=\"(max-width: 800px) 100vw, 800px\" \/><\/figure><\/div><\/div><figure class=\"wp-block-embed is-type-video is-provider-youtube wp-block-embed-youtube wp-embed-aspect-16-9 wp-has-aspect-ratio\"><div class=\"wp-block-embed__wrapper\">\n<iframe title=\"Soft Heart Shape Marshmallow In Bulk, Fluffy Candy Wholesale Lechao Candy\" width=\"500\" height=\"281\" src=\"https:\/\/www.youtube.com\/embed\/tpSJ4b4Oycw?feature=oembed\" frameborder=\"0\" allow=\"accelerometer; autoplay; clipboard-write; encrypted-media; gyroscope; picture-in-picture; web-share\" referrerpolicy=\"strict-origin-when-cross-origin\" allowfullscreen><\/iframe>\n<\/div><\/figure>","protected":false},"excerpt":{"rendered":"<p>Willkommen zum Kauf Marshmallow in loser Sch\u00fcttung. Unsere herzf\u00f6rmigen Gro\u00dfhandel Marshmallows sind zart, luftig und niedlich, anwendbar auf jede Gelegenheit wie Urlaub Geschenk-Boxen, Hochzeit S\u00fc\u00dfigkeiten, Party S\u00fc\u00dfigkeiten, etc. Es ist ein wunderbares Gro\u00dfhandelsprodukt.<\/p>\n<table style=\"border-collapse: collapse; width: 329.02pt;\" border=\"0\" width=\"329\" cellspacing=\"0\" cellpadding=\"0\">\n<tbody>\n<tr style=\"height: 17.60pt;\">\n<td class=\"et2\" style=\"height: 17.60pt; width: 110.80pt;\" width=\"110\" height=\"17\">Hersteller<\/td>\n<td class=\"et2\" style=\"width: 219.15pt;\" width=\"219\">LeChao Bonbons<\/td>\n<\/tr>\n<tr style=\"height: 18.00pt;\">\n<td class=\"et2\" style=\"height: 18.00pt;\" height=\"18\">Produkttyp<\/td>\n<td class=\"et3\" style=\"width: 219.15pt;\" width=\"219\">Herz Marshmallows<\/td>\n<\/tr>\n<tr style=\"height: 18.00pt;\">\n<td class=\"et2\" style=\"height: 18.00pt;\" height=\"18\">Geschmack<\/td>\n<td class=\"et3\" style=\"width: 219.15pt;\" width=\"219\">Weich und s\u00fc\u00df<\/td>\n<\/tr>\n<tr style=\"height: 17.60pt;\">\n<td class=\"et2\" style=\"height: 17.60pt;\" height=\"17\">Spezifikation<\/td>\n<td class=\"et2\">20gX24St\u00fcckX12Kartons<\/td>\n<\/tr>\n<tr style=\"height: 17.60pt;\">\n<td class=\"et2\" style=\"height: 17.60pt;\" height=\"17\">Gr\u00f6\u00dfe des Kartons<\/td>\n<td class=\"et2\">58,5X29,5X40,5cm<\/td>\n<\/tr>\n<tr style=\"height: 17.60pt;\">\n<td class=\"et2\" style=\"height: 17.60pt;\" height=\"17\">N.W.\/Karton<\/td>\n<td class=\"et2\">8.0kg<\/td>\n<\/tr>\n<tr style=\"height: 17.60pt;\">\n<td class=\"et2\" style=\"height: 17.60pt;\" height=\"17\">Preis<\/td>\n<td class=\"et2\">22-23.5USD<\/td>\n<\/tr>\n<tr style=\"height: 17.60pt;\">\n<td class=\"et2\" style=\"height: 17.60pt;\" height=\"17\">MOQ<\/td>\n<td class=\"et2\">400CTNS<\/td>\n<\/tr>\n<tr style=\"height: 17.60pt;\">\n<td class=\"et2\" style=\"height: 17.60pt;\" height=\"17\">Muster<\/td>\n<td class=\"et2\">Verf\u00fcgbar<\/td>\n<\/tr>\n<\/tbody>\n<\/table>","protected":false},"featured_media":739,"comment_status":"open","ping_status":"closed","template":"","meta":{"_acf_changed":false},"product_brand":[],"product_cat":[22],"product_tag":[],"class_list":{"0":"post-736","1":"product","2":"type-product","3":"status-publish","4":"has-post-thumbnail","6":"product_cat-wholesale-marshmallows","8":"first","9":"instock","10":"shipping-taxable","11":"product-type-simple"},"acf":[],"_links":{"self":[{"href":"https:\/\/www.lechaocandy.com\/de\/wp-json\/wp\/v2\/product\/736","targetHints":{"allow":["GET"]}}],"collection":[{"href":"https:\/\/www.lechaocandy.com\/de\/wp-json\/wp\/v2\/product"}],"about":[{"href":"https:\/\/www.lechaocandy.com\/de\/wp-json\/wp\/v2\/types\/product"}],"replies":[{"embeddable":true,"href":"https:\/\/www.lechaocandy.com\/de\/wp-json\/wp\/v2\/comments?post=736"}],"wp:featuredmedia":[{"embeddable":true,"href":"https:\/\/www.lechaocandy.com\/de\/wp-json\/wp\/v2\/media\/739"}],"wp:attachment":[{"href":"https:\/\/www.lechaocandy.com\/de\/wp-json\/wp\/v2\/media?parent=736"}],"wp:term":[{"taxonomy":"product_brand","embeddable":true,"href":"https:\/\/www.lechaocandy.com\/de\/wp-json\/wp\/v2\/product_brand?post=736"},{"taxonomy":"product_cat","embeddable":true,"href":"https:\/\/www.lechaocandy.com\/de\/wp-json\/wp\/v2\/product_cat?post=736"},{"taxonomy":"product_tag","embeddable":true,"href":"https:\/\/www.lechaocandy.com\/de\/wp-json\/wp\/v2\/product_tag?post=736"}],"curies":[{"name":"wp","href":"https:\/\/api.w.org\/{rel}","templated":true}]}}