{"id":742,"date":"2025-05-16T06:15:47","date_gmt":"2025-05-16T06:15:47","guid":{"rendered":"https:\/\/www.lechaocandy.com\/?post_type=product&#038;p=742"},"modified":"2025-05-16T06:22:47","modified_gmt":"2025-05-16T06:22:47","slug":"marshmallow-twists-bulk","status":"publish","type":"product","link":"https:\/\/www.lechaocandy.com\/de\/produkt\/marshmallow-twists-bulk\/","title":{"rendered":"LeChao Long Marshmallow Twists Bulk, Marshmallows Gro\u00dfhandel"},"content":{"rendered":"<div class=\"wp-block-columns is-layout-flex wp-container-core-columns-is-layout-9d6595d7 wp-block-columns-is-layout-flex\"><div class=\"wp-block-column is-layout-flow wp-block-column-is-layout-flow\"><h2 class=\"wp-block-heading\">Produkt-Highlights von Long Marshmallow Twists Bulk<\/h2>\n\n<ul class=\"wp-block-list\"><li><strong>Bunte Twist-Form:<\/strong> Unsere langen Marshmallow-Twists in loser Sch\u00fcttung haben leuchtende Farben und einzigartige Formen, die sehr attraktiv sind und die Wirkung der Produktpr\u00e4sentation verbessern.<\/li>\n\n<li><strong>Weicher und dichter Geschmack: <\/strong>Das lange Streifendesign dieser Marshmallows im Gro\u00dfhandel sorgt f\u00fcr ein reichhaltigeres Kauerlebnis, sie sind fluffig und weich und schmelzen im Mund.<\/li>\n\n<li><strong>Geeignet f\u00fcr eine Vielzahl von Dessertszenarien: <\/strong>Unsere Marshmallow-Twists in loser Sch\u00fcttung eignen sich f\u00fcr Snacks im Einzelhandel, Geschenkboxen f\u00fcr Feiertage, Desserts f\u00fcr Partys, Backdekorationen und andere vielf\u00e4ltige Bed\u00fcrfnisse.<\/li>\n\n<li><strong>Unterst\u00fctzung mehrerer Spezifikationen im Gro\u00dfhandel: <\/strong>Unsere Marshmallows f\u00fcr den Gro\u00dfhandel k\u00f6nnen in L\u00e4nge, Farbe und Verpackungsart angepasst werden, um unterschiedlichen Marktpositionen und Kundenw\u00fcnschen gerecht zu werden.<\/li>\n\n<li><strong>Qualit\u00e4tssicherung Internationale Zertifizierung:<\/strong> Unsere Marshmallow-Twists in loser Sch\u00fcttung haben ISO- und andere Lebensmittelsicherheits- und Qualit\u00e4tszertifikate erhalten, um sicherzustellen, dass das Produkt stabil, sicher und f\u00fcr den Export auf den Weltmarkt geeignet ist.<\/li><\/ul><\/div>\n\n<div class=\"wp-block-column is-layout-flow wp-block-column-is-layout-flow\"><figure class=\"wp-block-image size-full\"><img decoding=\"async\" width=\"800\" height=\"800\" src=\"https:\/\/www.lechaocandy.com\/wp-content\/uploads\/2025\/05\/LeChao-Long-Marshmallow-Twists-Bulk-Marshmallows-Wholesale-2.webp\" alt=\"LeChao lange Marshmallow Twists Bulk, Marshmallows Gro\u00dfhandel-2\" class=\"wp-image-744\" srcset=\"https:\/\/www.lechaocandy.com\/wp-content\/uploads\/2025\/05\/LeChao-Long-Marshmallow-Twists-Bulk-Marshmallows-Wholesale-2.webp 800w, https:\/\/www.lechaocandy.com\/wp-content\/uploads\/2025\/05\/LeChao-Long-Marshmallow-Twists-Bulk-Marshmallows-Wholesale-2-300x300.webp 300w, https:\/\/www.lechaocandy.com\/wp-content\/uploads\/2025\/05\/LeChao-Long-Marshmallow-Twists-Bulk-Marshmallows-Wholesale-2-150x150.webp 150w, https:\/\/www.lechaocandy.com\/wp-content\/uploads\/2025\/05\/LeChao-Long-Marshmallow-Twists-Bulk-Marshmallows-Wholesale-2-768x768.webp 768w, https:\/\/www.lechaocandy.com\/wp-content\/uploads\/2025\/05\/LeChao-Long-Marshmallow-Twists-Bulk-Marshmallows-Wholesale-2-600x600.webp 600w, https:\/\/www.lechaocandy.com\/wp-content\/uploads\/2025\/05\/LeChao-Long-Marshmallow-Twists-Bulk-Marshmallows-Wholesale-2-100x100.webp 100w\" sizes=\"(max-width: 800px) 100vw, 800px\" \/><\/figure><\/div><\/div>","protected":false},"excerpt":{"rendered":"<p>Willkommen zum Kauf von S\u00fc\u00dfigkeiten Marshmallows Gro\u00dfhandel. Unsere langen Marshmallow-Twists sind weich, flauschig, dicht und visuell ansprechend. Geeignet f\u00fcr den Einzelhandel Verpackung, Party S\u00fc\u00dfigkeiten, Geschenk-Box passend und andere Szenarien, ist es eine ideale Gro\u00dfhandel S\u00fc\u00dfigkeiten Wahl.<\/p>\n<table style=\"border-collapse: collapse; width: 329.02pt;\" border=\"0\" width=\"329\" cellspacing=\"0\" cellpadding=\"0\">\n<tbody>\n<tr style=\"height: 17.60pt;\">\n<td class=\"et2\" style=\"height: 17.60pt; width: 110.80pt;\" width=\"110\" height=\"17\">Hersteller<\/td>\n<td class=\"et2\" style=\"width: 219.15pt;\" width=\"219\">LeChao Bonbons<\/td>\n<\/tr>\n<tr style=\"height: 18.00pt;\">\n<td class=\"et2\" style=\"height: 18.00pt;\" height=\"18\">Produkttyp<\/td>\n<td class=\"et3\" style=\"width: 219.15pt;\" width=\"219\">Lange Marshmallow-Twists<\/td>\n<\/tr>\n<tr style=\"height: 18.00pt;\">\n<td class=\"et2\" style=\"height: 18.00pt;\" height=\"18\">Geschmack<\/td>\n<td class=\"et3\" style=\"width: 219.15pt;\" width=\"219\">Weich und s\u00fc\u00df<\/td>\n<\/tr>\n<tr style=\"height: 17.60pt;\">\n<td class=\"et2\" style=\"height: 17.60pt;\" height=\"17\">Spezifikation<\/td>\n<td class=\"et2\">20gX24St\u00fcckX12Kartons<\/td>\n<\/tr>\n<tr style=\"height: 17.60pt;\">\n<td class=\"et2\" style=\"height: 17.60pt;\" height=\"17\">Gr\u00f6\u00dfe des Kartons<\/td>\n<td class=\"et2\">50X33X25cm<\/td>\n<\/tr>\n<tr style=\"height: 17.60pt;\">\n<td class=\"et2\" style=\"height: 17.60pt;\" height=\"17\">N.W.\/Karton<\/td>\n<td class=\"et2\">8.0kg<\/td>\n<\/tr>\n<tr style=\"height: 17.60pt;\">\n<td class=\"et2\" style=\"height: 17.60pt;\" height=\"17\">Preis<\/td>\n<td class=\"et2\">22.5-24USD<\/td>\n<\/tr>\n<tr style=\"height: 17.60pt;\">\n<td class=\"et2\" style=\"height: 17.60pt;\" height=\"17\">MOQ<\/td>\n<td class=\"et2\">600CTNS<\/td>\n<\/tr>\n<tr style=\"height: 17.60pt;\">\n<td class=\"et2\" style=\"height: 17.60pt;\" height=\"17\">Muster<\/td>\n<td class=\"et2\">Verf\u00fcgbar<\/td>\n<\/tr>\n<\/tbody>\n<\/table>","protected":false},"featured_media":748,"comment_status":"open","ping_status":"closed","template":"","meta":{"_acf_changed":false},"product_brand":[],"product_cat":[22,33],"product_tag":[],"class_list":{"0":"post-742","1":"product","2":"type-product","3":"status-publish","4":"has-post-thumbnail","6":"product_cat-wholesale-marshmallows","7":"product_cat-marshmallow-twists-bulk","9":"first","10":"instock","11":"shipping-taxable","12":"product-type-simple"},"acf":[],"_links":{"self":[{"href":"https:\/\/www.lechaocandy.com\/de\/wp-json\/wp\/v2\/product\/742","targetHints":{"allow":["GET"]}}],"collection":[{"href":"https:\/\/www.lechaocandy.com\/de\/wp-json\/wp\/v2\/product"}],"about":[{"href":"https:\/\/www.lechaocandy.com\/de\/wp-json\/wp\/v2\/types\/product"}],"replies":[{"embeddable":true,"href":"https:\/\/www.lechaocandy.com\/de\/wp-json\/wp\/v2\/comments?post=742"}],"wp:featuredmedia":[{"embeddable":true,"href":"https:\/\/www.lechaocandy.com\/de\/wp-json\/wp\/v2\/media\/748"}],"wp:attachment":[{"href":"https:\/\/www.lechaocandy.com\/de\/wp-json\/wp\/v2\/media?parent=742"}],"wp:term":[{"taxonomy":"product_brand","embeddable":true,"href":"https:\/\/www.lechaocandy.com\/de\/wp-json\/wp\/v2\/product_brand?post=742"},{"taxonomy":"product_cat","embeddable":true,"href":"https:\/\/www.lechaocandy.com\/de\/wp-json\/wp\/v2\/product_cat?post=742"},{"taxonomy":"product_tag","embeddable":true,"href":"https:\/\/www.lechaocandy.com\/de\/wp-json\/wp\/v2\/product_tag?post=742"}],"curies":[{"name":"wp","href":"https:\/\/api.w.org\/{rel}","templated":true}]}}