{"id":755,"date":"2025-05-16T06:41:08","date_gmt":"2025-05-16T06:41:08","guid":{"rendered":"https:\/\/www.lechaocandy.com\/?post_type=product&#038;p=755"},"modified":"2025-05-16T06:49:24","modified_gmt":"2025-05-16T06:49:24","slug":"vegan-marshmallows-wholesale","status":"publish","type":"product","link":"https:\/\/www.lechaocandy.com\/de\/produkt\/vegan-marshmallows-wholesale\/","title":{"rendered":"Wassermelone Form Vegan Marshmallows Gro\u00dfhandel in 10g Pack"},"content":{"rendered":"<div class=\"wp-block-columns is-layout-flex wp-container-core-columns-is-layout-9d6595d7 wp-block-columns-is-layout-flex\"><div class=\"wp-block-column is-layout-flow wp-block-column-is-layout-flow\"><h2 class=\"wp-block-heading\">Produkt-Highlights von Wassermelone Vegan Marshmallows Gro\u00dfhandel<\/h2>\n\n<ul class=\"wp-block-list\"><li><strong>Die pflanzliche Formel ist sicherer: <\/strong>Unsere veganen Marshmallows im Gro\u00dfhandel verwenden 100% vegane Rohstoffe und enthalten keine tierischen Rohstoffe, was f\u00fcr Vegetarier und gesundheitsbewusste Menschen geeignet sein kann.<\/li>\n\n<li><strong>Lustige Wassermelonenform: <\/strong>Diese Marshmallows in loser Sch\u00fcttung verwenden realistische Wassermelonenscheiben in Rot und Gr\u00fcn, sie sind niedlich und auff\u00e4llig, ideal f\u00fcr Partys, Feste und andere Verwendungszwecke.<\/li>\n\n<li><strong>Kleine Einzelverpackungen sind leicht zu verteilen: <\/strong>Diese veganen Marshmallows im Gro\u00dfhandel haben eine Packungsgr\u00f6\u00dfe von 10 g, die sich gut f\u00fcr den Einzelhandel, zum Mitnehmen und als Geschenk eignet und eine praktische Wahl f\u00fcr Aktivit\u00e4ten und Verk\u00e4ufe ist.<\/li>\n\n<li><strong>Weich und s\u00fc\u00df, endloser Nachgeschmack: <\/strong>Unser Marshmallow in loser Sch\u00fcttung hat einen fluffigen Geschmack, mit nat\u00fcrlichem Fruchtaroma, s\u00fc\u00df, aber nicht fettig, und sorgt daf\u00fcr, dass man sich beim ersten Biss in ihn verliebt.<\/li>\n\n<li><strong>Entspricht den Exportstandards und bietet zuverl\u00e4ssige Qualit\u00e4t: <\/strong>Unsere veganen Marshmallows Gro\u00dfhandel hat mehrere Lebensmittelqualit\u00e4t und Sicherheit Zertifizierungen bestanden, geeignet f\u00fcr verschiedene nationale und internationale M\u00e4rkte, und ist eine vertrauensw\u00fcrdige Gro\u00dfhandel Wahl.<\/li><\/ul><\/div>\n\n<div class=\"wp-block-column is-layout-flow wp-block-column-is-layout-flow\"><figure class=\"wp-block-image size-full\"><img decoding=\"async\" width=\"668\" height=\"582\" src=\"https:\/\/www.lechaocandy.com\/wp-content\/uploads\/2025\/05\/Watermelon-Shape-Vegan-Marshmallows-Wholesale-In-10g-Pack-3.webp\" alt=\"Wassermelone Form Vegan Marshmallows Gro\u00dfhandel in 10g Pack-3\" class=\"wp-image-758\" srcset=\"https:\/\/www.lechaocandy.com\/wp-content\/uploads\/2025\/05\/Watermelon-Shape-Vegan-Marshmallows-Wholesale-In-10g-Pack-3.webp 668w, https:\/\/www.lechaocandy.com\/wp-content\/uploads\/2025\/05\/Watermelon-Shape-Vegan-Marshmallows-Wholesale-In-10g-Pack-3-300x261.webp 300w, https:\/\/www.lechaocandy.com\/wp-content\/uploads\/2025\/05\/Watermelon-Shape-Vegan-Marshmallows-Wholesale-In-10g-Pack-3-600x523.webp 600w\" sizes=\"(max-width: 668px) 100vw, 668px\" \/><\/figure><\/div><\/div>","protected":false},"excerpt":{"rendered":"<p>Willkommen zum Kauf von veganen Marshmallows im Gro\u00dfhandel. Unsere 10g Wassermelone-f\u00f6rmigen Marshmallows in loser Sch\u00fcttung verwendet eine vegane Formel, mit hellen Farben, weiches Mundgef\u00fchl, s\u00fc\u00df und nicht fettig, so dass es eine ideale Wahl f\u00fcr die vegane S\u00fc\u00dfigkeiten Markt.<\/p>\n<table style=\"border-collapse: collapse; width: 329.02pt;\" border=\"0\" width=\"329\" cellspacing=\"0\" cellpadding=\"0\">\n<tbody>\n<tr style=\"height: 17.60pt;\">\n<td class=\"et2\" style=\"height: 17.60pt; width: 110.80pt;\" width=\"110\" height=\"17\">Hersteller<\/td>\n<td class=\"et2\" style=\"width: 219.15pt;\" width=\"219\">LeChao Bonbons<\/td>\n<\/tr>\n<tr style=\"height: 18.00pt;\">\n<td class=\"et2\" style=\"height: 18.00pt;\" height=\"18\">Produkttyp<\/td>\n<td class=\"et3\" style=\"width: 219.15pt;\" width=\"219\">Wassermelone Marshmallows<\/td>\n<\/tr>\n<tr style=\"height: 18.00pt;\">\n<td class=\"et2\" style=\"height: 18.00pt;\" height=\"18\">Geschmack<\/td>\n<td class=\"et3\" style=\"width: 219.15pt;\" width=\"219\">Weich und s\u00fc\u00df<\/td>\n<\/tr>\n<tr style=\"height: 17.60pt;\">\n<td class=\"et2\" style=\"height: 17.60pt;\" height=\"17\">Spezifikation<\/td>\n<td class=\"et2\">10gX60St\u00fcckX12Beutel<\/td>\n<\/tr>\n<tr style=\"height: 17.60pt;\">\n<td class=\"et2\" style=\"height: 17.60pt;\" height=\"17\">Gr\u00f6\u00dfe des Kartons<\/td>\n<td class=\"et2\">69X48X292cm<\/td>\n<\/tr>\n<tr style=\"height: 17.60pt;\">\n<td class=\"et2\" style=\"height: 17.60pt;\" height=\"17\">N.W.\/Karton<\/td>\n<td class=\"et2\">10.0kg<\/td>\n<\/tr>\n<tr style=\"height: 17.60pt;\">\n<td class=\"et2\" style=\"height: 17.60pt;\" height=\"17\">Preis<\/td>\n<td class=\"et2\">26.5-28USD<\/td>\n<\/tr>\n<tr style=\"height: 17.60pt;\">\n<td class=\"et2\" style=\"height: 17.60pt;\" height=\"17\">MOQ<\/td>\n<td class=\"et2\">400CTNS<\/td>\n<\/tr>\n<tr style=\"height: 17.60pt;\">\n<td class=\"et2\" style=\"height: 17.60pt;\" height=\"17\">Muster<\/td>\n<td class=\"et2\">Verf\u00fcgbar<\/td>\n<\/tr>\n<\/tbody>\n<\/table>","protected":false},"featured_media":756,"comment_status":"open","ping_status":"closed","template":"","meta":{"_acf_changed":false},"product_brand":[],"product_cat":[22],"product_tag":[],"class_list":{"0":"post-755","1":"product","2":"type-product","3":"status-publish","4":"has-post-thumbnail","6":"product_cat-wholesale-marshmallows","8":"first","9":"instock","10":"shipping-taxable","11":"product-type-simple"},"acf":[],"_links":{"self":[{"href":"https:\/\/www.lechaocandy.com\/de\/wp-json\/wp\/v2\/product\/755","targetHints":{"allow":["GET"]}}],"collection":[{"href":"https:\/\/www.lechaocandy.com\/de\/wp-json\/wp\/v2\/product"}],"about":[{"href":"https:\/\/www.lechaocandy.com\/de\/wp-json\/wp\/v2\/types\/product"}],"replies":[{"embeddable":true,"href":"https:\/\/www.lechaocandy.com\/de\/wp-json\/wp\/v2\/comments?post=755"}],"wp:featuredmedia":[{"embeddable":true,"href":"https:\/\/www.lechaocandy.com\/de\/wp-json\/wp\/v2\/media\/756"}],"wp:attachment":[{"href":"https:\/\/www.lechaocandy.com\/de\/wp-json\/wp\/v2\/media?parent=755"}],"wp:term":[{"taxonomy":"product_brand","embeddable":true,"href":"https:\/\/www.lechaocandy.com\/de\/wp-json\/wp\/v2\/product_brand?post=755"},{"taxonomy":"product_cat","embeddable":true,"href":"https:\/\/www.lechaocandy.com\/de\/wp-json\/wp\/v2\/product_cat?post=755"},{"taxonomy":"product_tag","embeddable":true,"href":"https:\/\/www.lechaocandy.com\/de\/wp-json\/wp\/v2\/product_tag?post=755"}],"curies":[{"name":"wp","href":"https:\/\/api.w.org\/{rel}","templated":true}]}}