{"id":759,"date":"2025-05-16T06:51:50","date_gmt":"2025-05-16T06:51:50","guid":{"rendered":"https:\/\/www.lechaocandy.com\/?post_type=product&#038;p=759"},"modified":"2025-05-16T07:04:03","modified_gmt":"2025-05-16T07:04:03","slug":"custom-marshmallows","status":"publish","type":"product","link":"https:\/\/www.lechaocandy.com\/de\/produkt\/custom-marshmallows\/","title":{"rendered":"Marshmallows in Hamburgerform, Marshmallows in Gro\u00dfpackung kaufen"},"content":{"rendered":"<div class=\"wp-block-columns is-layout-flex wp-container-core-columns-is-layout-9d6595d7 wp-block-columns-is-layout-flex\"><div class=\"wp-block-column is-layout-flow wp-block-column-is-layout-flow\"><h2 class=\"wp-block-heading\">Produkt-Highlights von Hamburger Shape Custom Marshmallows<\/h2>\n\n<ul class=\"wp-block-list\"><li><strong>Kreative Form und voller Spa\u00df: <\/strong>Diese individuell gestalteten Marshmallows haben eine einzigartige Hamburgerform, die die doppelte Anziehungskraft von \"Essen + S\u00fc\u00dfigkeiten\" kombiniert und die Aufmerksamkeit der Verbraucher sofort auf sich zieht.<\/li>\n\n<li><strong>Bunt und eher kindlich: <\/strong>Diese gro\u00dfformatigen Marshmallows haben mehrere Farbschichten, um die Struktur von Hamburgern zu simulieren, mit einem starken Sinn f\u00fcr visuelle Hierarchie, geeignet f\u00fcr die Anzeige und das soziale Teilen.<\/li>\n\n<li><strong>Flauschig und weich, s\u00fc\u00dfer Geschmack: <\/strong>Diese ma\u00dfgeschneiderten Marshmallows setzen den gleichbleibend z\u00e4hen Geschmack der Lechao Marshmallows fort, sind s\u00fc\u00df, aber nicht fettig, schmelzen im Mund und sind f\u00fcr alle Altersgruppen geeignet.<\/li>\n\n<li><strong>Unterst\u00fctzen Sie die individuelle Gestaltung und zeigen Sie Pers\u00f6nlichkeit: <\/strong>Unsere Marshmallows in loser Sch\u00fcttung k\u00f6nnen in Form, Geschmack und Verpackung den Kundenw\u00fcnschen entsprechend angepasst werden, um exklusive IP-Produkte zu schaffen.<\/li>\n\n<li><strong>Geeignet f\u00fcr mehrere Szenarien Gro\u00dfhandel hei\u00dfe Produkte: <\/strong>Willkommen bei individuellen Marshmallows f\u00fcr Weihnachtsfeiern, Geschenkkombinationen, Kinderkan\u00e4le und lustige Themensnacks. Unsere Hamburger-Marshmallows sind bei den Verbrauchern sehr beliebt.<\/li><\/ul><\/div>\n\n<div class=\"wp-block-column is-layout-flow wp-block-column-is-layout-flow\"><figure class=\"wp-block-image size-full\"><img decoding=\"async\" width=\"800\" height=\"800\" src=\"https:\/\/www.lechaocandy.com\/wp-content\/uploads\/2025\/05\/Hamburger-Shape-Custom-Marshmallows-Bulk-Buy-Marshmallows-3.webp\" alt=\"Hamburger Form Custom Marshmallows, Gro\u00dfeinkauf Marshmallows-3\" class=\"wp-image-762\" srcset=\"https:\/\/www.lechaocandy.com\/wp-content\/uploads\/2025\/05\/Hamburger-Shape-Custom-Marshmallows-Bulk-Buy-Marshmallows-3.webp 800w, https:\/\/www.lechaocandy.com\/wp-content\/uploads\/2025\/05\/Hamburger-Shape-Custom-Marshmallows-Bulk-Buy-Marshmallows-3-300x300.webp 300w, https:\/\/www.lechaocandy.com\/wp-content\/uploads\/2025\/05\/Hamburger-Shape-Custom-Marshmallows-Bulk-Buy-Marshmallows-3-150x150.webp 150w, https:\/\/www.lechaocandy.com\/wp-content\/uploads\/2025\/05\/Hamburger-Shape-Custom-Marshmallows-Bulk-Buy-Marshmallows-3-768x768.webp 768w, https:\/\/www.lechaocandy.com\/wp-content\/uploads\/2025\/05\/Hamburger-Shape-Custom-Marshmallows-Bulk-Buy-Marshmallows-3-600x600.webp 600w, https:\/\/www.lechaocandy.com\/wp-content\/uploads\/2025\/05\/Hamburger-Shape-Custom-Marshmallows-Bulk-Buy-Marshmallows-3-100x100.webp 100w\" sizes=\"(max-width: 800px) 100vw, 800px\" \/><\/figure><\/div><\/div>","protected":false},"excerpt":{"rendered":"<p>Willkommen bei Marshmallows in gro\u00dfen Mengen zu kaufen. Diese hamburgerf\u00f6rmigen Marshmallows haben ein unverwechselbares Aussehen und satte Farben. Der weiche und dichte Geschmack wird mit interessanten Formen, voller kindlichem Spa\u00df und Kreativit\u00e4t, kombiniert.<\/p>\n<table style=\"border-collapse: collapse; width: 329.02pt;\" border=\"0\" width=\"329\" cellspacing=\"0\" cellpadding=\"0\">\n<tbody>\n<tr style=\"height: 17.60pt;\">\n<td class=\"et2\" style=\"height: 17.60pt; width: 110.80pt;\" width=\"110\" height=\"17\">Hersteller<\/td>\n<td class=\"et2\" style=\"width: 219.15pt;\" width=\"219\">LeChao Bonbons<\/td>\n<\/tr>\n<tr style=\"height: 18.00pt;\">\n<td class=\"et2\" style=\"height: 18.00pt;\" height=\"18\">Produkttyp<\/td>\n<td class=\"et3\" style=\"width: 219.15pt;\" width=\"219\">Hamburger Marshmallows<\/td>\n<\/tr>\n<tr style=\"height: 18.00pt;\">\n<td class=\"et2\" style=\"height: 18.00pt;\" height=\"18\">Geschmack<\/td>\n<td class=\"et3\" style=\"width: 219.15pt;\" width=\"219\">Weich und s\u00fc\u00df<\/td>\n<\/tr>\n<tr style=\"height: 17.60pt;\">\n<td class=\"et2\" style=\"height: 17.60pt;\" height=\"17\">Spezifikation<\/td>\n<td class=\"et2\">20gX24St\u00fcckX12Kartons<\/td>\n<\/tr>\n<tr style=\"height: 17.60pt;\">\n<td class=\"et2\" style=\"height: 17.60pt;\" height=\"17\">Gr\u00f6\u00dfe des Kartons<\/td>\n<td class=\"et2\">58,5X29,5X40,5cm<\/td>\n<\/tr>\n<tr style=\"height: 17.60pt;\">\n<td class=\"et2\" style=\"height: 17.60pt;\" height=\"17\">N.W.\/Karton<\/td>\n<td class=\"et2\">8.0kg<\/td>\n<\/tr>\n<tr style=\"height: 17.60pt;\">\n<td class=\"et2\" style=\"height: 17.60pt;\" height=\"17\">Preis<\/td>\n<td class=\"et2\">22-23.5USD<\/td>\n<\/tr>\n<tr style=\"height: 17.60pt;\">\n<td class=\"et2\" style=\"height: 17.60pt;\" height=\"17\">MOQ<\/td>\n<td class=\"et2\">400CTNS<\/td>\n<\/tr>\n<tr style=\"height: 17.60pt;\">\n<td class=\"et2\" style=\"height: 17.60pt;\" height=\"17\">Muster<\/td>\n<td class=\"et2\">Verf\u00fcgbar<\/td>\n<\/tr>\n<\/tbody>\n<\/table>","protected":false},"featured_media":763,"comment_status":"open","ping_status":"closed","template":"","meta":{"_acf_changed":false},"product_brand":[],"product_cat":[22],"product_tag":[],"class_list":{"0":"post-759","1":"product","2":"type-product","3":"status-publish","4":"has-post-thumbnail","6":"product_cat-wholesale-marshmallows","8":"first","9":"instock","10":"shipping-taxable","11":"product-type-simple"},"acf":[],"_links":{"self":[{"href":"https:\/\/www.lechaocandy.com\/de\/wp-json\/wp\/v2\/product\/759","targetHints":{"allow":["GET"]}}],"collection":[{"href":"https:\/\/www.lechaocandy.com\/de\/wp-json\/wp\/v2\/product"}],"about":[{"href":"https:\/\/www.lechaocandy.com\/de\/wp-json\/wp\/v2\/types\/product"}],"replies":[{"embeddable":true,"href":"https:\/\/www.lechaocandy.com\/de\/wp-json\/wp\/v2\/comments?post=759"}],"wp:featuredmedia":[{"embeddable":true,"href":"https:\/\/www.lechaocandy.com\/de\/wp-json\/wp\/v2\/media\/763"}],"wp:attachment":[{"href":"https:\/\/www.lechaocandy.com\/de\/wp-json\/wp\/v2\/media?parent=759"}],"wp:term":[{"taxonomy":"product_brand","embeddable":true,"href":"https:\/\/www.lechaocandy.com\/de\/wp-json\/wp\/v2\/product_brand?post=759"},{"taxonomy":"product_cat","embeddable":true,"href":"https:\/\/www.lechaocandy.com\/de\/wp-json\/wp\/v2\/product_cat?post=759"},{"taxonomy":"product_tag","embeddable":true,"href":"https:\/\/www.lechaocandy.com\/de\/wp-json\/wp\/v2\/product_tag?post=759"}],"curies":[{"name":"wp","href":"https:\/\/api.w.org\/{rel}","templated":true}]}}