{"id":798,"date":"2025-05-20T08:59:34","date_gmt":"2025-05-20T08:59:34","guid":{"rendered":"https:\/\/www.lechaocandy.com\/?post_type=product&#038;p=798"},"modified":"2025-05-20T09:18:33","modified_gmt":"2025-05-20T09:18:33","slug":"gummy-bulk-candy","status":"publish","type":"product","link":"https:\/\/www.lechaocandy.com\/de\/produkt\/gummy-bulk-candy\/","title":{"rendered":"Hotdog Gummy Bulk Candy, spielerische Gummibonbons Gro\u00dfhandel"},"content":{"rendered":"<div class=\"wp-block-columns is-layout-flex wp-container-core-columns-is-layout-9d6595d7 wp-block-columns-is-layout-flex\"><div class=\"wp-block-column is-layout-flow wp-block-column-is-layout-flow\"><h2 class=\"wp-block-heading\">Produkt-Highlights von Hotdog Gummy Bulk Candy<\/h2>\n\n<ul class=\"wp-block-list\"><li><strong>Zerlegen und spielerisch gestalten:<\/strong> Dieses Hot-Dog-Gummibonbon besteht aus \"Brot\" und \"Wurst\" und anderen Teilen, die zerlegt und zusammengesetzt werden k\u00f6nnen, um Spa\u00df zu machen, und Kinder k\u00f6nnen beim Essen spielen, was spielerisch ist.<\/li>\n\n<li><strong>Unabh\u00e4ngige Einzelverpackung:<\/strong> Diese Gro\u00dfhandelsgummibonbons haben eine eigenst\u00e4ndige Verpackung, die sicher und sauber ist, leicht zu tragen und zu teilen und ideal f\u00fcr den Verkauf in Superm\u00e4rkten, Verkaufsautomaten und Party-Geschenkt\u00fcten.<\/li>\n\n<li><strong>Realistische Hot-Dog-Form, auffallend und lustig:<\/strong> Diese Gummibonbons haben eine simulierte Hot-Dog-Form, leuchtende Farben, sind elastisch und weich, was nicht nur lecker, sondern auch lustig ist und von Kindern und Jugendlichen sehr geliebt wird.<\/li>\n\n<li><strong>Geeignet f\u00fcr eine Vielzahl von Verkaufsszenarien: <\/strong>Unsere Gro\u00dfhandels-Gummibonbons unterst\u00fctzen den Gro\u00dfhandel mit Gro\u00dfpackungen und eignen sich f\u00fcr eine Vielzahl von Verkaufsszenarien, wie z. B. Snack-Shops, Party-Lieferanten, Festival-Geschenke usw., flexibel und praktisch.<\/li>\n\n<li><strong>Hochwertige Zutaten, sicher und lecker:<\/strong> Unsere Gummibonbons werden aus ausgew\u00e4hlten Zutaten hergestellt, ohne k\u00fcnstliche Konservierungsstoffe, s\u00fc\u00df und lecker, elastisch und weich, ein sicheres und k\u00f6stliches Erlebnis, geeignet f\u00fcr Verbraucher jeden Alters.<\/li><\/ul><\/div>\n\n<div class=\"wp-block-column is-layout-flow wp-block-column-is-layout-flow\"><figure class=\"wp-block-image size-full\"><img decoding=\"async\" width=\"800\" height=\"800\" src=\"https:\/\/www.lechaocandy.com\/wp-content\/uploads\/2025\/05\/Hotdog-Gummy-Bulk-Candy-Playful-Gummy-Candy-Wholesale-5.webp\" alt=\"Hotdog Gummy Bulk Candy, spielerische Gummibonbons Gro\u00dfhandel-5\" class=\"wp-image-803\" srcset=\"https:\/\/www.lechaocandy.com\/wp-content\/uploads\/2025\/05\/Hotdog-Gummy-Bulk-Candy-Playful-Gummy-Candy-Wholesale-5.webp 800w, https:\/\/www.lechaocandy.com\/wp-content\/uploads\/2025\/05\/Hotdog-Gummy-Bulk-Candy-Playful-Gummy-Candy-Wholesale-5-300x300.webp 300w, https:\/\/www.lechaocandy.com\/wp-content\/uploads\/2025\/05\/Hotdog-Gummy-Bulk-Candy-Playful-Gummy-Candy-Wholesale-5-150x150.webp 150w, https:\/\/www.lechaocandy.com\/wp-content\/uploads\/2025\/05\/Hotdog-Gummy-Bulk-Candy-Playful-Gummy-Candy-Wholesale-5-768x768.webp 768w, https:\/\/www.lechaocandy.com\/wp-content\/uploads\/2025\/05\/Hotdog-Gummy-Bulk-Candy-Playful-Gummy-Candy-Wholesale-5-600x600.webp 600w, https:\/\/www.lechaocandy.com\/wp-content\/uploads\/2025\/05\/Hotdog-Gummy-Bulk-Candy-Playful-Gummy-Candy-Wholesale-5-100x100.webp 100w\" sizes=\"(max-width: 800px) 100vw, 800px\" \/><\/figure><\/div><\/div>","protected":false},"excerpt":{"rendered":"<p>Willkommen zum Kauf Gro\u00dfhandel Gummibonbons. Diese Hot Dog f\u00f6rmigen Gummibonbons sind nicht nur realistisch und niedlich, sondern k\u00f6nnen auch zerlegt und zusammengesetzt werden, um Spa\u00df zu machen. Jedes St\u00fcck ist einzeln verpackt, geeignet f\u00fcr Partys, Snack-Shops und Gro\u00dfhandel Verk\u00e4ufe.<\/p>\n<table style=\"border-collapse: collapse; width: 329.02pt;\" border=\"0\" width=\"329\" cellspacing=\"0\" cellpadding=\"0\">\n<tbody>\n<tr style=\"height: 17.60pt;\">\n<td class=\"et2\" style=\"height: 17.60pt; width: 110.80pt;\" width=\"110\" height=\"17\">Hersteller<\/td>\n<td class=\"et2\" style=\"width: 219.15pt;\" width=\"219\">LeChao Bonbons<\/td>\n<\/tr>\n<tr style=\"height: 18.00pt;\">\n<td class=\"et2\" style=\"height: 18.00pt;\" height=\"18\">Produkttyp<\/td>\n<td class=\"et3\" style=\"width: 219.15pt;\" width=\"219\">Hotdog-Gummibonbon<\/td>\n<\/tr>\n<tr style=\"height: 18.00pt;\">\n<td class=\"et2\" style=\"height: 18.00pt;\" height=\"18\">Geschmack<\/td>\n<td class=\"et3\" style=\"width: 219.15pt;\" width=\"219\">S\u00fc\u00df &amp; sauer &amp; widerstandsf\u00e4hig<\/td>\n<\/tr>\n<tr style=\"height: 17.60pt;\">\n<td class=\"et2\" style=\"height: 17.60pt;\" height=\"17\">Spezifikation<\/td>\n<td class=\"et2\">108gx48Taschen<\/td>\n<\/tr>\n<tr style=\"height: 17.60pt;\">\n<td class=\"et2\" style=\"height: 17.60pt;\" height=\"17\">Gr\u00f6\u00dfe des Kartons<\/td>\n<td class=\"et2\">44*30*26cm<\/td>\n<\/tr>\n<tr style=\"height: 17.60pt;\">\n<td class=\"et2\" style=\"height: 17.60pt;\" height=\"17\">N.W.\/Karton<\/td>\n<td class=\"et2\">6,4 kg<\/td>\n<\/tr>\n<tr style=\"height: 17.60pt;\">\n<td class=\"et2\" style=\"height: 17.60pt;\" height=\"17\">Muster<\/td>\n<td class=\"et2\">Verf\u00fcgbar<\/td>\n<\/tr>\n<\/tbody>\n<\/table>","protected":false},"featured_media":804,"comment_status":"open","ping_status":"closed","template":"","meta":{"_acf_changed":false},"product_brand":[],"product_cat":[19],"product_tag":[],"class_list":{"0":"post-798","1":"product","2":"type-product","3":"status-publish","4":"has-post-thumbnail","6":"product_cat-wholesale-gummy-manufacturer","8":"first","9":"instock","10":"shipping-taxable","11":"product-type-simple"},"acf":[],"_links":{"self":[{"href":"https:\/\/www.lechaocandy.com\/de\/wp-json\/wp\/v2\/product\/798","targetHints":{"allow":["GET"]}}],"collection":[{"href":"https:\/\/www.lechaocandy.com\/de\/wp-json\/wp\/v2\/product"}],"about":[{"href":"https:\/\/www.lechaocandy.com\/de\/wp-json\/wp\/v2\/types\/product"}],"replies":[{"embeddable":true,"href":"https:\/\/www.lechaocandy.com\/de\/wp-json\/wp\/v2\/comments?post=798"}],"wp:featuredmedia":[{"embeddable":true,"href":"https:\/\/www.lechaocandy.com\/de\/wp-json\/wp\/v2\/media\/804"}],"wp:attachment":[{"href":"https:\/\/www.lechaocandy.com\/de\/wp-json\/wp\/v2\/media?parent=798"}],"wp:term":[{"taxonomy":"product_brand","embeddable":true,"href":"https:\/\/www.lechaocandy.com\/de\/wp-json\/wp\/v2\/product_brand?post=798"},{"taxonomy":"product_cat","embeddable":true,"href":"https:\/\/www.lechaocandy.com\/de\/wp-json\/wp\/v2\/product_cat?post=798"},{"taxonomy":"product_tag","embeddable":true,"href":"https:\/\/www.lechaocandy.com\/de\/wp-json\/wp\/v2\/product_tag?post=798"}],"curies":[{"name":"wp","href":"https:\/\/api.w.org\/{rel}","templated":true}]}}