{"id":810,"date":"2025-05-20T09:54:50","date_gmt":"2025-05-20T09:54:50","guid":{"rendered":"https:\/\/www.lechaocandy.com\/?post_type=product&#038;p=810"},"modified":"2025-05-20T10:03:35","modified_gmt":"2025-05-20T10:03:35","slug":"bulk-candy-gummy","status":"publish","type":"product","link":"https:\/\/www.lechaocandy.com\/de\/produkt\/bulk-candy-gummy\/","title":{"rendered":"Einzeln verpackte Sandwich-Bulk-Bonbons Gummib\u00e4rchen Gro\u00dfhandel"},"content":{"rendered":"<div class=\"wp-block-columns is-layout-flex wp-container-core-columns-is-layout-9d6595d7 wp-block-columns-is-layout-flex\"><div class=\"wp-block-column is-layout-flow wp-block-column-is-layout-flow\"><h2 class=\"wp-block-heading\">Produkt-Highlights von Sandwich Bulk Candy Gummy<\/h2>\n\n<ul class=\"wp-block-list\"><li><strong>Einzeln verpackt, sauber und tragbar: <\/strong>Dieses lose Gummibonbon ist einzeln in kleinen Verpackungen verpackt, was f\u00fcr den Vertrieb, den Transport und die Lagerung praktisch ist, die Bonbons frisch und hygienisch h\u00e4lt und sich f\u00fcr den Einzelhandel, f\u00fcr Automaten und Kinderpartys eignet.<\/li>\n\n<li><strong>Der ganze Beutel wiegt 108 g, was ausreichend und erschwinglich ist:<\/strong> Die Gesamtmenge dieser Gro\u00dfhandelsgummis betr\u00e4gt 108 Gramm, was sowohl kosteng\u00fcnstig als auch umfangreich ist und sich f\u00fcr Supermarktregale, Weihnachtsgeschenkpakete und Gro\u00dfhandelsverk\u00e4ufe eignet.<\/li>\n\n<li><strong>Kann zerlegt und kombiniert werden, spielen und essen: <\/strong>Die Sandwichform dieses gro\u00dfvolumigen Gummibonbons besteht aus mehreren Schichten \"Brot\", \"Salat\" und \"Schinken\", die auseinandergenommen und wieder zusammengesetzt werden k\u00f6nnen, so dass Kinder die Freude am Essen und Spielen erleben k\u00f6nnen.<\/li>\n\n<li><strong>Realistische Form und attraktive Farben: <\/strong>Diese simulierten Sandwich-Gummis aus dem Gro\u00dfhandel sind farbenfroh, nicht nur auff\u00e4llig und lustig, sondern auch appetitanregend, und sind unter den kreativen S\u00fc\u00dfigkeiten sehr beliebt.<\/li>\n\n<li><strong>Geeignet f\u00fcr Gro\u00dfhandelsverk\u00e4ufe in verschiedenen Szenarien: <\/strong>Unsere gro\u00dfvolumigen Gummibonbons eignen sich f\u00fcr den Gro\u00dfhandel in Gro\u00dfpackungen und f\u00fcr den Verkauf \u00fcber mehrere Kan\u00e4le, wie z. B. Imbissketten, Geschenkel\u00e4den, Online-Shops und E-Commerce-Plattformen, um den Bedarf an Festtagen, Tagesbedarf und Geschenken zu decken.<\/li><\/ul><\/div>\n\n<div class=\"wp-block-column is-layout-flow wp-block-column-is-layout-flow\"><figure class=\"wp-block-image size-full\"><img decoding=\"async\" width=\"800\" height=\"800\" src=\"https:\/\/www.lechaocandy.com\/wp-content\/uploads\/2025\/05\/Individually-Wrapped-Sandwich-Bulk-Candy-Gummy-Wholesale-4.webp\" alt=\"Einzeln verpackt Sandwich Bulk Candy Gummib\u00e4rchen Gro\u00dfhandel-4\" class=\"wp-image-814\" srcset=\"https:\/\/www.lechaocandy.com\/wp-content\/uploads\/2025\/05\/Individually-Wrapped-Sandwich-Bulk-Candy-Gummy-Wholesale-4.webp 800w, https:\/\/www.lechaocandy.com\/wp-content\/uploads\/2025\/05\/Individually-Wrapped-Sandwich-Bulk-Candy-Gummy-Wholesale-4-300x300.webp 300w, https:\/\/www.lechaocandy.com\/wp-content\/uploads\/2025\/05\/Individually-Wrapped-Sandwich-Bulk-Candy-Gummy-Wholesale-4-150x150.webp 150w, https:\/\/www.lechaocandy.com\/wp-content\/uploads\/2025\/05\/Individually-Wrapped-Sandwich-Bulk-Candy-Gummy-Wholesale-4-768x768.webp 768w, https:\/\/www.lechaocandy.com\/wp-content\/uploads\/2025\/05\/Individually-Wrapped-Sandwich-Bulk-Candy-Gummy-Wholesale-4-600x600.webp 600w, https:\/\/www.lechaocandy.com\/wp-content\/uploads\/2025\/05\/Individually-Wrapped-Sandwich-Bulk-Candy-Gummy-Wholesale-4-100x100.webp 100w\" sizes=\"(max-width: 800px) 100vw, 800px\" \/><\/figure><\/div><\/div>","protected":false},"excerpt":{"rendered":"<p>Willkommen zum Kauf Gro\u00dfhandel Gummis. Diese Sandwich-f\u00f6rmige Bulk-Bonbon-Gummi ist mit einer einzigen unabh\u00e4ngigen Verpackung, die leicht zu tragen und zu teilen ist entworfen. Das simulierte Aussehen kann zerlegt und zusammengesetzt werden, was ideal f\u00fcr Kinderpartys und kreative Snack-Verk\u00e4ufe ist.<\/p>\n<table style=\"border-collapse: collapse; width: 329.02pt;\" border=\"0\" width=\"329\" cellspacing=\"0\" cellpadding=\"0\">\n<tbody>\n<tr style=\"height: 17.60pt;\">\n<td class=\"et2\" style=\"height: 17.60pt; width: 110.80pt;\" width=\"110\" height=\"17\">Hersteller<\/td>\n<td class=\"et2\" style=\"width: 219.15pt;\" width=\"219\">LeChao Bonbons<\/td>\n<\/tr>\n<tr style=\"height: 18.00pt;\">\n<td class=\"et2\" style=\"height: 18.00pt;\" height=\"18\">Produkttyp<\/td>\n<td class=\"et3\" style=\"width: 219.15pt;\" width=\"219\">Sandwich-Gummibonbon<\/td>\n<\/tr>\n<tr style=\"height: 18.00pt;\">\n<td class=\"et2\" style=\"height: 18.00pt;\" height=\"18\">Geschmack<\/td>\n<td class=\"et3\" style=\"width: 219.15pt;\" width=\"219\">S\u00fc\u00df &amp; sauer &amp; widerstandsf\u00e4hig<\/td>\n<\/tr>\n<tr style=\"height: 17.60pt;\">\n<td class=\"et2\" style=\"height: 17.60pt;\" height=\"17\">Spezifikation<\/td>\n<td class=\"et2\">108gx48Taschen<\/td>\n<\/tr>\n<tr style=\"height: 17.60pt;\">\n<td class=\"et2\" style=\"height: 17.60pt;\" height=\"17\">Gr\u00f6\u00dfe des Kartons<\/td>\n<td class=\"et2\">44*30*26cm<\/td>\n<\/tr>\n<tr style=\"height: 17.60pt;\">\n<td class=\"et2\" style=\"height: 17.60pt;\" height=\"17\">N.W.\/Karton<\/td>\n<td class=\"et2\">6,4 kg<\/td>\n<\/tr>\n<tr style=\"height: 17.60pt;\">\n<td class=\"et2\" style=\"height: 17.60pt;\" height=\"17\">Muster<\/td>\n<td class=\"et2\">Verf\u00fcgbar<\/td>\n<\/tr>\n<\/tbody>\n<\/table>","protected":false},"featured_media":813,"comment_status":"open","ping_status":"closed","template":"","meta":{"_acf_changed":false},"product_brand":[],"product_cat":[19],"product_tag":[],"class_list":{"0":"post-810","1":"product","2":"type-product","3":"status-publish","4":"has-post-thumbnail","6":"product_cat-wholesale-gummy-manufacturer","8":"first","9":"instock","10":"shipping-taxable","11":"product-type-simple"},"acf":[],"_links":{"self":[{"href":"https:\/\/www.lechaocandy.com\/de\/wp-json\/wp\/v2\/product\/810","targetHints":{"allow":["GET"]}}],"collection":[{"href":"https:\/\/www.lechaocandy.com\/de\/wp-json\/wp\/v2\/product"}],"about":[{"href":"https:\/\/www.lechaocandy.com\/de\/wp-json\/wp\/v2\/types\/product"}],"replies":[{"embeddable":true,"href":"https:\/\/www.lechaocandy.com\/de\/wp-json\/wp\/v2\/comments?post=810"}],"wp:featuredmedia":[{"embeddable":true,"href":"https:\/\/www.lechaocandy.com\/de\/wp-json\/wp\/v2\/media\/813"}],"wp:attachment":[{"href":"https:\/\/www.lechaocandy.com\/de\/wp-json\/wp\/v2\/media?parent=810"}],"wp:term":[{"taxonomy":"product_brand","embeddable":true,"href":"https:\/\/www.lechaocandy.com\/de\/wp-json\/wp\/v2\/product_brand?post=810"},{"taxonomy":"product_cat","embeddable":true,"href":"https:\/\/www.lechaocandy.com\/de\/wp-json\/wp\/v2\/product_cat?post=810"},{"taxonomy":"product_tag","embeddable":true,"href":"https:\/\/www.lechaocandy.com\/de\/wp-json\/wp\/v2\/product_tag?post=810"}],"curies":[{"name":"wp","href":"https:\/\/api.w.org\/{rel}","templated":true}]}}