{"id":816,"date":"2025-05-20T10:03:56","date_gmt":"2025-05-20T10:03:56","guid":{"rendered":"https:\/\/www.lechaocandy.com\/?post_type=product&#038;p=816"},"modified":"2025-05-20T10:11:54","modified_gmt":"2025-05-20T10:11:54","slug":"gummy-candy-bulk","status":"publish","type":"product","link":"https:\/\/www.lechaocandy.com\/de\/produkt\/gummy-candy-bulk\/","title":{"rendered":"Verspielte Hamburger Gummibonbons Bulk Einzeln verpackt Packung"},"content":{"rendered":"<div class=\"wp-block-columns is-layout-flex wp-container-core-columns-is-layout-9d6595d7 wp-block-columns-is-layout-flex\"><div class=\"wp-block-column is-layout-flow wp-block-column-is-layout-flow\"><h2 class=\"wp-block-heading\">Produkt-Highlights von Hamburger Gummibonbons Bulk<\/h2>\n\n<ul class=\"wp-block-list\"><li><strong>Hamburger Form, voller Spa\u00df: <\/strong>Dieses simulierte Hamburger-Gummibonbon hat verschiedene Schichten, darunter \"Brot\", \"Salat\", \"Steak\" und andere Q-elastic-Gummibonbons, die auseinandergenommen und wieder zusammengesetzt werden k\u00f6nnen, um ein fr\u00f6hliches Ess- und Spielerlebnis zu schaffen.<\/li>\n\n<li><strong>Unabh\u00e4ngige Einzelverpackung, praktisch und hygienisch: <\/strong>Diese Gro\u00dfhandelsgummibonbons sind in kleinen, unabh\u00e4ngigen Verpackungen verpackt, die leicht zu transportieren und zu verteilen sind, die Bonbons sauber und hygienisch halten und sich sehr gut f\u00fcr Party-Geschenkt\u00fcten, Verkaufsautomaten und den Einzelhandel eignen.<\/li>\n\n<li><strong>Zerlegen und kombinieren, um die Kreativit\u00e4t zu f\u00f6rdern: <\/strong>Diese Gummibonbons k\u00f6nnen beliebig zerlegt und wieder zusammengesetzt werden, was sowohl unterhaltsam als auch lecker ist. Es ist besonders bei Kindern beliebt. Es handelt sich um eine kreative S\u00fc\u00dfigkeit, die Interaktivit\u00e4t und Spa\u00df miteinander verbindet.<\/li>\n\n<li><strong>Das Gesamtpaket ist erschwinglicher und f\u00fcr den Gro\u00dfhandel geeignet: <\/strong>Unsere Gro\u00dfhandels-Gummibonbons unterst\u00fctzen Gro\u00dfverpackungen und Gro\u00dfhandel, die f\u00fcr Einzelh\u00e4ndler, E-Commerce-Plattformen, Weihnachtsgeschenke und andere Vertriebskan\u00e4le geeignet sind, mit stabilem Bestand und schneller Lieferung.<\/li>\n\n<li><strong>Hochwertige Zutaten, Q-elastisch und s\u00fc\u00dfer Geschmack: <\/strong>F\u00fcr unsere Gummibonbons werden hochwertige Zutaten verwendet, die weich und z\u00e4h, s\u00fc\u00df und nicht fettig sind und ohne k\u00fcnstliche Konservierungsstoffe auskommen, um den doppelten Bedarf an Geschmack und Gesundheit f\u00fcr verschiedene Altersgruppen zu decken.<\/li><\/ul><\/div>\n\n<div class=\"wp-block-column is-layout-flow wp-block-column-is-layout-flow\"><figure class=\"wp-block-image size-full\"><img decoding=\"async\" width=\"800\" height=\"800\" src=\"https:\/\/www.lechaocandy.com\/wp-content\/uploads\/2025\/05\/Playful-Hamburger-Gummy-Candy-Bulk-Individually-Wrapped-Pack-4.webp\" alt=\"Verspielte Hamburger Gummibonbons Bulk Einzeln verpackt Pack-4\" class=\"wp-image-820\" srcset=\"https:\/\/www.lechaocandy.com\/wp-content\/uploads\/2025\/05\/Playful-Hamburger-Gummy-Candy-Bulk-Individually-Wrapped-Pack-4.webp 800w, https:\/\/www.lechaocandy.com\/wp-content\/uploads\/2025\/05\/Playful-Hamburger-Gummy-Candy-Bulk-Individually-Wrapped-Pack-4-300x300.webp 300w, https:\/\/www.lechaocandy.com\/wp-content\/uploads\/2025\/05\/Playful-Hamburger-Gummy-Candy-Bulk-Individually-Wrapped-Pack-4-150x150.webp 150w, https:\/\/www.lechaocandy.com\/wp-content\/uploads\/2025\/05\/Playful-Hamburger-Gummy-Candy-Bulk-Individually-Wrapped-Pack-4-768x768.webp 768w, https:\/\/www.lechaocandy.com\/wp-content\/uploads\/2025\/05\/Playful-Hamburger-Gummy-Candy-Bulk-Individually-Wrapped-Pack-4-600x600.webp 600w, https:\/\/www.lechaocandy.com\/wp-content\/uploads\/2025\/05\/Playful-Hamburger-Gummy-Candy-Bulk-Individually-Wrapped-Pack-4-100x100.webp 100w\" sizes=\"(max-width: 800px) 100vw, 800px\" \/><\/figure><\/div><\/div>","protected":false},"excerpt":{"rendered":"<p>Willkommen bei spielerischen Gro\u00dfhandel Gummibonbons zu kaufen. Dieser Spa\u00df Hamburger Gummibonbons bulk kann zerlegt und gegessen werden, jedes St\u00fcck ist einzeln verpackt, sauber und tragbar. Geeignet f\u00fcr Gro\u00dfhandel Verk\u00e4ufe, ist es die erste Wahl f\u00fcr kreative S\u00fc\u00dfigkeiten in Party-Anl\u00e4sse und Einzelhandelsgesch\u00e4fte.<\/p>\n<table style=\"border-collapse: collapse; width: 329.02pt;\" border=\"0\" width=\"329\" cellspacing=\"0\" cellpadding=\"0\">\n<tbody>\n<tr style=\"height: 17.60pt;\">\n<td class=\"et2\" style=\"height: 17.60pt; width: 110.80pt;\" width=\"110\" height=\"17\">Hersteller<\/td>\n<td class=\"et2\" style=\"width: 219.15pt;\" width=\"219\">LeChao Bonbons<\/td>\n<\/tr>\n<tr style=\"height: 18.00pt;\">\n<td class=\"et2\" style=\"height: 18.00pt;\" height=\"18\">Produkttyp<\/td>\n<td class=\"et3\" style=\"width: 219.15pt;\" width=\"219\">Hamburger Gummibonbon<\/td>\n<\/tr>\n<tr style=\"height: 18.00pt;\">\n<td class=\"et2\" style=\"height: 18.00pt;\" height=\"18\">Geschmack<\/td>\n<td class=\"et3\" style=\"width: 219.15pt;\" width=\"219\">S\u00fc\u00df &amp; sauer &amp; widerstandsf\u00e4hig<\/td>\n<\/tr>\n<tr style=\"height: 17.60pt;\">\n<td class=\"et2\" style=\"height: 17.60pt;\" height=\"17\">Spezifikation<\/td>\n<td class=\"et2\">108gx48Taschen<\/td>\n<\/tr>\n<tr style=\"height: 17.60pt;\">\n<td class=\"et2\" style=\"height: 17.60pt;\" height=\"17\">Gr\u00f6\u00dfe des Kartons<\/td>\n<td class=\"et2\">44*30*26cm<\/td>\n<\/tr>\n<tr style=\"height: 17.60pt;\">\n<td class=\"et2\" style=\"height: 17.60pt;\" height=\"17\">N.W.\/Karton<\/td>\n<td class=\"et2\">6,4 kg<\/td>\n<\/tr>\n<tr style=\"height: 17.60pt;\">\n<td class=\"et2\" style=\"height: 17.60pt;\" height=\"17\">Muster<\/td>\n<td class=\"et2\">Verf\u00fcgbar<\/td>\n<\/tr>\n<\/tbody>\n<\/table>","protected":false},"featured_media":819,"comment_status":"open","ping_status":"closed","template":"","meta":{"_acf_changed":false},"product_brand":[],"product_cat":[19],"product_tag":[],"class_list":{"0":"post-816","1":"product","2":"type-product","3":"status-publish","4":"has-post-thumbnail","6":"product_cat-wholesale-gummy-manufacturer","8":"first","9":"instock","10":"shipping-taxable","11":"product-type-simple"},"acf":[],"_links":{"self":[{"href":"https:\/\/www.lechaocandy.com\/de\/wp-json\/wp\/v2\/product\/816","targetHints":{"allow":["GET"]}}],"collection":[{"href":"https:\/\/www.lechaocandy.com\/de\/wp-json\/wp\/v2\/product"}],"about":[{"href":"https:\/\/www.lechaocandy.com\/de\/wp-json\/wp\/v2\/types\/product"}],"replies":[{"embeddable":true,"href":"https:\/\/www.lechaocandy.com\/de\/wp-json\/wp\/v2\/comments?post=816"}],"wp:featuredmedia":[{"embeddable":true,"href":"https:\/\/www.lechaocandy.com\/de\/wp-json\/wp\/v2\/media\/819"}],"wp:attachment":[{"href":"https:\/\/www.lechaocandy.com\/de\/wp-json\/wp\/v2\/media?parent=816"}],"wp:term":[{"taxonomy":"product_brand","embeddable":true,"href":"https:\/\/www.lechaocandy.com\/de\/wp-json\/wp\/v2\/product_brand?post=816"},{"taxonomy":"product_cat","embeddable":true,"href":"https:\/\/www.lechaocandy.com\/de\/wp-json\/wp\/v2\/product_cat?post=816"},{"taxonomy":"product_tag","embeddable":true,"href":"https:\/\/www.lechaocandy.com\/de\/wp-json\/wp\/v2\/product_tag?post=816"}],"curies":[{"name":"wp","href":"https:\/\/api.w.org\/{rel}","templated":true}]}}