{"id":863,"date":"2025-05-22T08:41:41","date_gmt":"2025-05-22T08:41:41","guid":{"rendered":"https:\/\/www.lechaocandy.com\/?post_type=product&#038;p=863"},"modified":"2025-10-09T06:24:35","modified_gmt":"2025-10-09T06:24:35","slug":"bulk-candy-gummies","status":"publish","type":"product","link":"https:\/\/www.lechaocandy.com\/de\/produkt\/bulk-candy-gummies\/","title":{"rendered":"Minzige Gummibonbons, saure Minz-Gummibonbons mit \u00dcberzug"},"content":{"rendered":"<div class=\"wp-block-columns is-layout-flex wp-container-core-columns-is-layout-9d6595d7 wp-block-columns-is-layout-flex\"><div class=\"wp-block-column is-layout-flow wp-block-column-is-layout-flow\"><h2 class=\"wp-block-heading\">Produkt-Highlights von Minty Bulk Candy Gummies<\/h2>\n\n<ul class=\"wp-block-list\"><li><strong>Doppeltes Geschmackserlebnis:<\/strong> Unsere Minzbonbons haben einen weichen inneren Kern und eine \u00e4u\u00dfere Schicht aus Puderzucker, die k\u00fchl und s\u00fc\u00df ist, mit reichhaltigen Schichten.<\/li>\n\n<li><strong>Nat\u00fcrlicher Minzgeschmack: <\/strong>Diese Gummib\u00e4rchen mit Minzgeschmack im Gro\u00dfhandel verwenden hochwertige Minzextrakte, die f\u00fcr einen lang anhaltenden frischen Atem sorgen.<\/li>\n\n<li><strong>Vielf\u00e4ltige Formen und satte Farben: <\/strong>Diese gro\u00dfvolumigen Gummibonbons haben ein helles Aussehen und erh\u00f6hen den visuellen Reiz, geeignet f\u00fcr Feste und dekorative Zwecke.<\/li>\n\n<li><strong>Unterst\u00fctzung des Massengro\u00dfhandels: <\/strong>Unsere Gummib\u00e4rchen mit Minzgeschmack sind gro\u00df und erschwinglich und eignen sich f\u00fcr Einzelh\u00e4ndler, Verpackungsfabriken und Festivaleink\u00e4ufe.<\/li>\n\n<li><strong>Hochwertiger Produktionsprozess: <\/strong>Diese gro\u00dfvolumigen Gummibonbons haben eine strenge Kontrolle der Lebensmittelsicherheit und eine stabile Qualit\u00e4t, die f\u00fcr in- und ausl\u00e4ndische M\u00e4rkte geeignet ist.<\/li><\/ul><\/div>\n\n<div class=\"wp-block-column is-layout-flow wp-block-column-is-layout-flow\"><figure class=\"wp-block-image size-full\"><img decoding=\"async\" width=\"800\" height=\"800\" src=\"https:\/\/www.lechaocandy.com\/wp-content\/uploads\/2025\/05\/Minty-Bulk-Candy-Gummies-Sugar-Coated-Mint-Gummy-Candy-5.webp\" alt=\"Minzige Bulk-Bonbons, zuckerumh\u00fcllte Minz-Bonbons-5\" class=\"wp-image-868\" srcset=\"https:\/\/www.lechaocandy.com\/wp-content\/uploads\/2025\/05\/Minty-Bulk-Candy-Gummies-Sugar-Coated-Mint-Gummy-Candy-5.webp 800w, https:\/\/www.lechaocandy.com\/wp-content\/uploads\/2025\/05\/Minty-Bulk-Candy-Gummies-Sugar-Coated-Mint-Gummy-Candy-5-300x300.webp 300w, https:\/\/www.lechaocandy.com\/wp-content\/uploads\/2025\/05\/Minty-Bulk-Candy-Gummies-Sugar-Coated-Mint-Gummy-Candy-5-150x150.webp 150w, https:\/\/www.lechaocandy.com\/wp-content\/uploads\/2025\/05\/Minty-Bulk-Candy-Gummies-Sugar-Coated-Mint-Gummy-Candy-5-768x768.webp 768w, https:\/\/www.lechaocandy.com\/wp-content\/uploads\/2025\/05\/Minty-Bulk-Candy-Gummies-Sugar-Coated-Mint-Gummy-Candy-5-600x600.webp 600w, https:\/\/www.lechaocandy.com\/wp-content\/uploads\/2025\/05\/Minty-Bulk-Candy-Gummies-Sugar-Coated-Mint-Gummy-Candy-5-100x100.webp 100w\" sizes=\"(max-width: 800px) 100vw, 800px\" \/><\/figure><\/div><\/div>","protected":false},"excerpt":{"rendered":"<p>Willkommen zu kaufen bulk candy gummies. Unsere Papierr\u00f6hren-Gummis mit Minzgeschmack im Gro\u00dfhandel kombinieren erfrischende Minze und s\u00fc\u00dfe Fruchtaromen und sind mit feinem Puderzucker \u00fcberzogen. Es ist eine perfekte Kombination aus frischem Atem und k\u00f6stlichem Genuss, geeignet f\u00fcr eine Vielzahl von Verkaufsszenarien.<\/p>\n<table style=\"border-collapse: collapse; width: 329.02pt;\" border=\"0\" width=\"329\" cellspacing=\"0\" cellpadding=\"0\">\n<tbody>\n<tr style=\"height: 17.60pt;\">\n<td class=\"et2\" style=\"height: 17.60pt; width: 110.80pt;\" width=\"110\" height=\"17\">Hersteller<\/td>\n<td class=\"et2\" style=\"width: 219.15pt;\" width=\"219\">LeChao Bonbons<\/td>\n<\/tr>\n<tr style=\"height: 18.00pt;\">\n<td class=\"et2\" style=\"height: 18.00pt;\" height=\"18\">Produkttyp<\/td>\n<td class=\"et3\" style=\"width: 219.15pt;\" width=\"219\">Minze Gummibonbon<\/td>\n<\/tr>\n<tr style=\"height: 18.00pt;\">\n<td class=\"et2\" style=\"height: 18.00pt;\" height=\"18\">Geschmack<\/td>\n<td class=\"et3\" style=\"width: 219.15pt;\" width=\"219\">S\u00fc\u00df &amp; sauer &amp; widerstandsf\u00e4hig<\/td>\n<\/tr>\n<tr style=\"height: 17.60pt;\">\n<td class=\"et2\" style=\"height: 17.60pt;\" height=\"17\">Spezifikation<\/td>\n<td class=\"et2\">60g*12Flaschen*6Kartons<\/td>\n<\/tr>\n<tr style=\"height: 17.60pt;\">\n<td class=\"et2\" style=\"height: 17.60pt;\" height=\"17\">Gr\u00f6\u00dfe des Kartons<\/td>\n<td class=\"et2\">44.5*17*25.7cm<\/td>\n<\/tr>\n<tr style=\"height: 17.60pt;\">\n<td class=\"et2\" style=\"height: 17.60pt;\" height=\"17\">N.W.\/Karton<\/td>\n<td class=\"et2\">5,7 kg<\/td>\n<\/tr>\n<tr style=\"height: 17.60pt;\">\n<td class=\"et2\" style=\"height: 17.60pt;\" height=\"17\">Muster<\/td>\n<td class=\"et2\">Verf\u00fcgbar<\/td>\n<\/tr>\n<\/tbody>\n<\/table>","protected":false},"featured_media":865,"comment_status":"open","ping_status":"closed","template":"","meta":{"_acf_changed":false},"product_brand":[],"product_cat":[19,28],"product_tag":[],"class_list":{"0":"post-863","1":"product","2":"type-product","3":"status-publish","4":"has-post-thumbnail","6":"product_cat-wholesale-gummy-manufacturer","7":"product_cat-bulk-sour-gummies","9":"first","10":"instock","11":"shipping-taxable","12":"product-type-simple"},"acf":[],"_links":{"self":[{"href":"https:\/\/www.lechaocandy.com\/de\/wp-json\/wp\/v2\/product\/863","targetHints":{"allow":["GET"]}}],"collection":[{"href":"https:\/\/www.lechaocandy.com\/de\/wp-json\/wp\/v2\/product"}],"about":[{"href":"https:\/\/www.lechaocandy.com\/de\/wp-json\/wp\/v2\/types\/product"}],"replies":[{"embeddable":true,"href":"https:\/\/www.lechaocandy.com\/de\/wp-json\/wp\/v2\/comments?post=863"}],"wp:featuredmedia":[{"embeddable":true,"href":"https:\/\/www.lechaocandy.com\/de\/wp-json\/wp\/v2\/media\/865"}],"wp:attachment":[{"href":"https:\/\/www.lechaocandy.com\/de\/wp-json\/wp\/v2\/media?parent=863"}],"wp:term":[{"taxonomy":"product_brand","embeddable":true,"href":"https:\/\/www.lechaocandy.com\/de\/wp-json\/wp\/v2\/product_brand?post=863"},{"taxonomy":"product_cat","embeddable":true,"href":"https:\/\/www.lechaocandy.com\/de\/wp-json\/wp\/v2\/product_cat?post=863"},{"taxonomy":"product_tag","embeddable":true,"href":"https:\/\/www.lechaocandy.com\/de\/wp-json\/wp\/v2\/product_tag?post=863"}],"curies":[{"name":"wp","href":"https:\/\/api.w.org\/{rel}","templated":true}]}}