{"id":869,"date":"2025-05-22T09:17:24","date_gmt":"2025-05-22T09:17:24","guid":{"rendered":"https:\/\/www.lechaocandy.com\/?post_type=product&#038;p=869"},"modified":"2025-05-22T09:17:25","modified_gmt":"2025-05-22T09:17:25","slug":"jelly-bean-wholesale","status":"publish","type":"product","link":"https:\/\/www.lechaocandy.com\/de\/produkt\/jelly-bean-wholesale\/","title":{"rendered":"LeChao Schokolade \u00fcberzogene Jelly Bean Gro\u00dfhandel in Papier Rohr"},"content":{"rendered":"<div class=\"wp-block-columns is-layout-flex wp-container-core-columns-is-layout-9d6595d7 wp-block-columns-is-layout-flex\"><div class=\"wp-block-column is-layout-flow wp-block-column-is-layout-flow\"><h2 class=\"wp-block-heading\">Produkt-Highlights von Chocolate Covered Jelly Bean Gro\u00dfhandel<\/h2>\n\n<ul class=\"wp-block-list\"><li><strong>Schokoladenh\u00fclle mit versteckten \u00dcberraschungen: <\/strong>Dieser schokoladen\u00fcberzogene Geleebohnen-Gro\u00dfhandel ist mit einem fruchtigen weichen Kern mit reichhaltiger dunkler Schokolade umh\u00fcllt. Wenn Sie es bei\u00dfen, werden Sie durch die Schichten der es erstaunt sein, und der reiche Geschmack wird Sie zu stoppen wollen.<\/li>\n\n<li><strong>Leichte Verpackung aus Papierr\u00f6hren, sch\u00f6n und praktisch zugleich:<\/strong> Die Verpackung dieser Geleebohnen in loser Sch\u00fcttung ist leicht zu tragen und aufzubewahren, was sowohl umweltfreundlich als auch modisch ist. Ob im Snackregal oder in einer Geschenkbox, sie zeigt ein Gef\u00fchl von Qualit\u00e4t.<\/li>\n\n<li><strong>Hochwertiges Display-Tool zur Steigerung der Verkaufskraft:<\/strong> Diese schokoladen\u00fcberzogenen Geleebohnen im Gro\u00dfhandel haben eine einfache und hochwertige Papierr\u00f6hrenverpackung, die sich f\u00fcr Supermarktauslagen, Messedisplays und Snack-Kombinationsverpackungen eignet und zur Steigerung des Endverkaufs beitr\u00e4gt.<\/li>\n\n<li><strong>Ausgew\u00e4hlte Rohstoffe, sicherer im Verzehr:<\/strong> Unsere Geleebohnen in loser Sch\u00fcttung streng w\u00e4hlen hochwertige Schokolade und fruchtigen inneren Kern, ohne Zusatz von k\u00fcnstlichen Aromen, moderate S\u00fc\u00dfe, geeignet f\u00fcr alle Altersgruppen.<\/li>\n\n<li><strong>Gro\u00dfhandelsfreundlich, gro\u00dfe Gewinnspanne: <\/strong>Unsere schokoladen\u00fcberzogenen Geleebohnen im Gro\u00dfhandel sind f\u00fcr Einzelh\u00e4ndler, E-Commerce und OEM-Kunden in gro\u00dfen Verpackungsl\u00f6sungen konzipiert, mit stabiler Lieferung, hoher Kostenleistung und Unterst\u00fctzung bei der Anpassung an Kundenw\u00fcnsche.<\/li><\/ul><\/div>\n\n<div class=\"wp-block-column is-layout-flow wp-block-column-is-layout-flow\"><figure class=\"wp-block-image size-full\"><img decoding=\"async\" width=\"800\" height=\"800\" src=\"https:\/\/www.lechaocandy.com\/wp-content\/uploads\/2025\/05\/LeChao-Chocolate-Covered-Jelly-Bean-Wholesale-In-Paper-Tube-1.webp\" alt=\"LeChao Schokolade bedeckt Jelly Bean Gro\u00dfhandel in Papier Tube-1\" class=\"wp-image-870\" srcset=\"https:\/\/www.lechaocandy.com\/wp-content\/uploads\/2025\/05\/LeChao-Chocolate-Covered-Jelly-Bean-Wholesale-In-Paper-Tube-1.webp 800w, https:\/\/www.lechaocandy.com\/wp-content\/uploads\/2025\/05\/LeChao-Chocolate-Covered-Jelly-Bean-Wholesale-In-Paper-Tube-1-300x300.webp 300w, https:\/\/www.lechaocandy.com\/wp-content\/uploads\/2025\/05\/LeChao-Chocolate-Covered-Jelly-Bean-Wholesale-In-Paper-Tube-1-150x150.webp 150w, https:\/\/www.lechaocandy.com\/wp-content\/uploads\/2025\/05\/LeChao-Chocolate-Covered-Jelly-Bean-Wholesale-In-Paper-Tube-1-768x768.webp 768w, https:\/\/www.lechaocandy.com\/wp-content\/uploads\/2025\/05\/LeChao-Chocolate-Covered-Jelly-Bean-Wholesale-In-Paper-Tube-1-600x600.webp 600w, https:\/\/www.lechaocandy.com\/wp-content\/uploads\/2025\/05\/LeChao-Chocolate-Covered-Jelly-Bean-Wholesale-In-Paper-Tube-1-100x100.webp 100w\" sizes=\"(max-width: 800px) 100vw, 800px\" \/><\/figure><\/div><\/div>","protected":false},"excerpt":{"rendered":"<p>Willkommen zu kaufen Geleebohnen in der Masse. Unsere schokoladen\u00fcberzogenen Geleebohnen im Gro\u00dfhandel sind s\u00fc\u00df, aber nicht fettig, mit unterschiedlichen Geschmacksrichtungen. Die umweltfreundliche Papierr\u00f6hre Verpackungsdesign ist leicht zu tragen und zu zeigen, und unterst\u00fctzt Gro\u00dfhandel Gro\u00dfeink\u00e4ufe.<\/p>\n<table style=\"border-collapse: collapse; width: 329.02pt;\" border=\"0\" width=\"329\" cellspacing=\"0\" cellpadding=\"0\">\n<tbody>\n<tr style=\"height: 17.60pt;\">\n<td class=\"et2\" style=\"height: 17.60pt; width: 110.80pt;\" width=\"110\" height=\"17\">Hersteller<\/td>\n<td class=\"et2\" style=\"width: 219.15pt;\" width=\"219\">LeChao Bonbons<\/td>\n<\/tr>\n<tr style=\"height: 18.00pt;\">\n<td class=\"et2\" style=\"height: 18.00pt;\" height=\"18\">Produkttyp<\/td>\n<td class=\"et3\" style=\"width: 219.15pt;\" width=\"219\">Geleebohnen mit Schokoladen\u00fcberzug<\/td>\n<\/tr>\n<tr style=\"height: 18.00pt;\">\n<td class=\"et2\" style=\"height: 18.00pt;\" height=\"18\">Geschmack<\/td>\n<td class=\"et3\" style=\"width: 219.15pt;\" width=\"219\">Reichhaltig &amp; s\u00fc\u00df &amp; widerstandsf\u00e4hig<\/td>\n<\/tr>\n<tr style=\"height: 17.60pt;\">\n<td class=\"et2\" style=\"height: 17.60pt;\" height=\"17\">Spezifikation<\/td>\n<td class=\"et2\">60g*12Flaschen*6Kartons<\/td>\n<\/tr>\n<tr style=\"height: 17.60pt;\">\n<td class=\"et2\" style=\"height: 17.60pt;\" height=\"17\">Gr\u00f6\u00dfe des Kartons<\/td>\n<td class=\"et2\">44.5*17*25.7cm<\/td>\n<\/tr>\n<tr style=\"height: 17.60pt;\">\n<td class=\"et2\" style=\"height: 17.60pt;\" height=\"17\">N.W.\/Karton<\/td>\n<td class=\"et2\">5,7 kg<\/td>\n<\/tr>\n<tr style=\"height: 17.60pt;\">\n<td class=\"et2\" style=\"height: 17.60pt;\" height=\"17\">Muster<\/td>\n<td class=\"et2\">Verf\u00fcgbar<\/td>\n<\/tr>\n<\/tbody>\n<\/table>","protected":false},"featured_media":873,"comment_status":"open","ping_status":"closed","template":"","meta":{"_acf_changed":false},"product_brand":[],"product_cat":[21,23],"product_tag":[],"class_list":{"0":"post-869","1":"product","2":"type-product","3":"status-publish","4":"has-post-thumbnail","6":"product_cat-jelly-bean-wholesale","7":"product_cat-wholesale-chocolate-candy","9":"first","10":"instock","11":"shipping-taxable","12":"product-type-simple"},"acf":[],"_links":{"self":[{"href":"https:\/\/www.lechaocandy.com\/de\/wp-json\/wp\/v2\/product\/869","targetHints":{"allow":["GET"]}}],"collection":[{"href":"https:\/\/www.lechaocandy.com\/de\/wp-json\/wp\/v2\/product"}],"about":[{"href":"https:\/\/www.lechaocandy.com\/de\/wp-json\/wp\/v2\/types\/product"}],"replies":[{"embeddable":true,"href":"https:\/\/www.lechaocandy.com\/de\/wp-json\/wp\/v2\/comments?post=869"}],"wp:featuredmedia":[{"embeddable":true,"href":"https:\/\/www.lechaocandy.com\/de\/wp-json\/wp\/v2\/media\/873"}],"wp:attachment":[{"href":"https:\/\/www.lechaocandy.com\/de\/wp-json\/wp\/v2\/media?parent=869"}],"wp:term":[{"taxonomy":"product_brand","embeddable":true,"href":"https:\/\/www.lechaocandy.com\/de\/wp-json\/wp\/v2\/product_brand?post=869"},{"taxonomy":"product_cat","embeddable":true,"href":"https:\/\/www.lechaocandy.com\/de\/wp-json\/wp\/v2\/product_cat?post=869"},{"taxonomy":"product_tag","embeddable":true,"href":"https:\/\/www.lechaocandy.com\/de\/wp-json\/wp\/v2\/product_tag?post=869"}],"curies":[{"name":"wp","href":"https:\/\/api.w.org\/{rel}","templated":true}]}}