{"id":875,"date":"2025-05-22T09:38:12","date_gmt":"2025-05-22T09:38:12","guid":{"rendered":"https:\/\/www.lechaocandy.com\/?post_type=product&#038;p=875"},"modified":"2025-10-09T06:23:16","modified_gmt":"2025-10-09T06:23:16","slug":"blue-gummy-candy-bulk","status":"publish","type":"product","link":"https:\/\/www.lechaocandy.com\/de\/produkt\/blue-gummy-candy-bulk\/","title":{"rendered":"Flasche Minzblaue Gummibonbons, sauer \u00fcberzogene Gummis"},"content":{"rendered":"<div class=\"wp-block-columns is-layout-flex wp-container-core-columns-is-layout-9d6595d7 wp-block-columns-is-layout-flex\"><div class=\"wp-block-column is-layout-flow wp-block-column-is-layout-flow\"><h2 class=\"wp-block-heading\">Produkt-Highlights von Mint Blue Gummy Candy Bulk<\/h2>\n\n<ul class=\"wp-block-list\"><li><strong>K\u00fchler und erfrischender Geschmack: <\/strong>Dieses blaue Gummibonbon hat ein anhaltendes und erfrischendes Gef\u00fchl und ist ein unverzichtbarer Snack f\u00fcr den Sommer, um das Fett zu vertreiben.<\/li>\n\n<li><strong>Blaues gummiartiges Aussehen: <\/strong>Dieses Gro\u00dfhandels-Softbonbon ist leuchtend blau und mit Puderzucker \u00fcberzogen. Es ist ein optischer Blickfang und eignet sich f\u00fcr die Gestaltung einer trendigen Bonbon-Produktlinie.<\/li>\n\n<li><strong>Tragbares Flaschendesign: <\/strong>Diese blauen Gummibonbons haben ein feuchtigkeitsdichtes und versiegeltes Flaschendesign, das leicht zu tragen ist und sich f\u00fcr B\u00fcro, Pendler, Reisen und andere Szenarien eignet.<\/li>\n\n<li><strong>Doppelter Geschmack: <\/strong>Diese im Gro\u00dfhandel erh\u00e4ltlichen Weichkaramellen sind au\u00dfen mit einem leicht knusprigen Zuckermantel \u00fcberzogen, w\u00e4hrend der innere Kern weich und z\u00e4h ist, mit einer erfrischenden und s\u00fc\u00dfen Verflechtung, die einen intensiven Nachgeschmack hat.<\/li>\n\n<li><strong>Ausreichende Gewinnspanne: <\/strong>Unsere blauen Gummibonbons in loser Sch\u00fcttung eignen sich f\u00fcr den Einzelhandel, die individuelle Gestaltung von Marken, die Anpassung von Geschenkboxen und andere Szenarien, mit einheitlicher Verpackung und bereit zum Verkauf im Regal.<\/li><\/ul><\/div>\n\n<div class=\"wp-block-column is-layout-flow wp-block-column-is-layout-flow\"><figure class=\"wp-block-image size-full\"><img decoding=\"async\" width=\"800\" height=\"800\" src=\"https:\/\/www.lechaocandy.com\/wp-content\/uploads\/2025\/05\/Bottle-Minty-Blue-Gummy-Candy-Bulk-Cool-Sugar-Coated-Gummy-3.webp\" alt=\"Flasche minzblaue Gummibonbons lose, k\u00fchle zucker\u00fcberzogene Gummibonbons-3\" class=\"wp-image-878\" srcset=\"https:\/\/www.lechaocandy.com\/wp-content\/uploads\/2025\/05\/Bottle-Minty-Blue-Gummy-Candy-Bulk-Cool-Sugar-Coated-Gummy-3.webp 800w, https:\/\/www.lechaocandy.com\/wp-content\/uploads\/2025\/05\/Bottle-Minty-Blue-Gummy-Candy-Bulk-Cool-Sugar-Coated-Gummy-3-300x300.webp 300w, https:\/\/www.lechaocandy.com\/wp-content\/uploads\/2025\/05\/Bottle-Minty-Blue-Gummy-Candy-Bulk-Cool-Sugar-Coated-Gummy-3-150x150.webp 150w, https:\/\/www.lechaocandy.com\/wp-content\/uploads\/2025\/05\/Bottle-Minty-Blue-Gummy-Candy-Bulk-Cool-Sugar-Coated-Gummy-3-768x768.webp 768w, https:\/\/www.lechaocandy.com\/wp-content\/uploads\/2025\/05\/Bottle-Minty-Blue-Gummy-Candy-Bulk-Cool-Sugar-Coated-Gummy-3-600x600.webp 600w, https:\/\/www.lechaocandy.com\/wp-content\/uploads\/2025\/05\/Bottle-Minty-Blue-Gummy-Candy-Bulk-Cool-Sugar-Coated-Gummy-3-100x100.webp 100w\" sizes=\"(max-width: 800px) 100vw, 800px\" \/><\/figure><\/div><\/div>","protected":false},"excerpt":{"rendered":"<p>Willkommen zum Kauf blauen Gummibonbons bulk. Unsere erfrischende Minze aromatisiert Gro\u00dfhandel weiche S\u00fc\u00dfigkeiten ist mit feinen Puderzucker beschichtet, die in den Mund schmilzt und bringt eine k\u00fchle und erfrischende Geschmackserlebnis. Es nimmt eine tragbare Flasche Design und unterst\u00fctzt Gro\u00dfeinkauf und Anpassungsdienste.<\/p>\n<table style=\"border-collapse: collapse; width: 329.02pt;\" border=\"0\" width=\"329\" cellspacing=\"0\" cellpadding=\"0\">\n<tbody>\n<tr style=\"height: 17.60pt;\">\n<td class=\"et2\" style=\"height: 17.60pt; width: 110.80pt;\" width=\"110\" height=\"17\">Hersteller<\/td>\n<td class=\"et2\" style=\"width: 219.15pt;\" width=\"219\">LeChao Bonbons<\/td>\n<\/tr>\n<tr style=\"height: 18.00pt;\">\n<td class=\"et2\" style=\"height: 18.00pt;\" height=\"18\">Produkttyp<\/td>\n<td class=\"et3\" style=\"width: 219.15pt;\" width=\"219\">Geleebohnen mit Schokoladen\u00fcberzug<\/td>\n<\/tr>\n<tr style=\"height: 18.00pt;\">\n<td class=\"et2\" style=\"height: 18.00pt;\" height=\"18\">Geschmack<\/td>\n<td class=\"et3\" style=\"width: 219.15pt;\" width=\"219\">Cool &amp; s\u00fc\u00df &amp; widerstandsf\u00e4hig<\/td>\n<\/tr>\n<tr style=\"height: 17.60pt;\">\n<td class=\"et2\" style=\"height: 17.60pt;\" height=\"17\">Spezifikation<\/td>\n<td class=\"et2\">68gx8Flaschenx10K\u00e4sten<\/td>\n<\/tr>\n<tr style=\"height: 17.60pt;\">\n<td class=\"et2\" style=\"height: 17.60pt;\" height=\"17\">Gr\u00f6\u00dfe des Kartons<\/td>\n<td class=\"et2\">49*19.8*20cm<\/td>\n<\/tr>\n<tr style=\"height: 17.60pt;\">\n<td class=\"et2\" style=\"height: 17.60pt;\" height=\"17\">N.W.\/Karton<\/td>\n<td class=\"et2\">7.0kg<\/td>\n<\/tr>\n<tr style=\"height: 17.60pt;\">\n<td class=\"et2\" style=\"height: 17.60pt;\" height=\"17\">MOQ<\/td>\n<td class=\"et2\">500CTNS<\/td>\n<\/tr>\n<tr style=\"height: 17.60pt;\">\n<td class=\"et2\" style=\"height: 17.60pt;\" height=\"17\">Muster<\/td>\n<td class=\"et2\">Verf\u00fcgbar<\/td>\n<\/tr>\n<\/tbody>\n<\/table>","protected":false},"featured_media":879,"comment_status":"open","ping_status":"closed","template":"","meta":{"_acf_changed":false},"product_brand":[],"product_cat":[19,28],"product_tag":[],"class_list":{"0":"post-875","1":"product","2":"type-product","3":"status-publish","4":"has-post-thumbnail","6":"product_cat-wholesale-gummy-manufacturer","7":"product_cat-bulk-sour-gummies","9":"first","10":"instock","11":"shipping-taxable","12":"product-type-simple"},"acf":[],"_links":{"self":[{"href":"https:\/\/www.lechaocandy.com\/de\/wp-json\/wp\/v2\/product\/875","targetHints":{"allow":["GET"]}}],"collection":[{"href":"https:\/\/www.lechaocandy.com\/de\/wp-json\/wp\/v2\/product"}],"about":[{"href":"https:\/\/www.lechaocandy.com\/de\/wp-json\/wp\/v2\/types\/product"}],"replies":[{"embeddable":true,"href":"https:\/\/www.lechaocandy.com\/de\/wp-json\/wp\/v2\/comments?post=875"}],"wp:featuredmedia":[{"embeddable":true,"href":"https:\/\/www.lechaocandy.com\/de\/wp-json\/wp\/v2\/media\/879"}],"wp:attachment":[{"href":"https:\/\/www.lechaocandy.com\/de\/wp-json\/wp\/v2\/media?parent=875"}],"wp:term":[{"taxonomy":"product_brand","embeddable":true,"href":"https:\/\/www.lechaocandy.com\/de\/wp-json\/wp\/v2\/product_brand?post=875"},{"taxonomy":"product_cat","embeddable":true,"href":"https:\/\/www.lechaocandy.com\/de\/wp-json\/wp\/v2\/product_cat?post=875"},{"taxonomy":"product_tag","embeddable":true,"href":"https:\/\/www.lechaocandy.com\/de\/wp-json\/wp\/v2\/product_tag?post=875"}],"curies":[{"name":"wp","href":"https:\/\/api.w.org\/{rel}","templated":true}]}}