{"id":881,"date":"2025-05-22T09:50:04","date_gmt":"2025-05-22T09:50:04","guid":{"rendered":"https:\/\/www.lechaocandy.com\/?post_type=product&#038;p=881"},"modified":"2025-05-22T09:58:58","modified_gmt":"2025-05-22T09:58:58","slug":"wholesale-gummy-candy","status":"publish","type":"product","link":"https:\/\/www.lechaocandy.com\/de\/produkt\/wholesale-gummy-candy\/","title":{"rendered":"Bone Gro\u00dfhandel Gummibonbons, Lovely Chewy Bonbons in Bulk"},"content":{"rendered":"<div class=\"wp-block-columns is-layout-flex wp-container-core-columns-is-layout-9d6595d7 wp-block-columns-is-layout-flex\"><div class=\"wp-block-column is-layout-flow wp-block-column-is-layout-flow\"><h2 class=\"wp-block-heading\">Produkt-Highlights von Bone Gro\u00dfhandel Gummibonbons<\/h2>\n\n<ul class=\"wp-block-list\"><li><strong>Kreative Knochenform, die viel Spa\u00df macht:<\/strong> Dieses Gro\u00dfhandelsgummibonbon hat ein einzigartiges Knochendesign, das mit der traditionellen Gummiform bricht, und ist bei Kindern und Jugendlichen sehr beliebt.<\/li>\n\n<li><strong>Je mehr man kaut, desto k\u00f6stlicher ist es: <\/strong>Diese Gummibonbons haben eine hochelastische Gummitextur, sind z\u00e4h im Mund und schmecken so gut, dass man nicht mehr aufh\u00f6ren kann.<\/li>\n\n<li><strong>Buntes Farbspiel, starker Blickfang:<\/strong> Dieser Gro\u00dfhandel Gummibonbons hat 3 Farb-Designs, geeignet f\u00fcr festliche Atmosph\u00e4re Layout und Snack gemischt Display, um den Wunsch zu kaufen zu verbessern.<\/li>\n\n<li><strong>Gro\u00dfhandel in gro\u00dfen Mengen, geeignet f\u00fcr eine Vielzahl von Vertriebskan\u00e4len: <\/strong>Unsere Gummibonbons in gro\u00dfen Mengen sind gro\u00df und erschwinglich und eignen sich f\u00fcr Einzelh\u00e4ndler, Weihnachtsgeschenke, Party-Aktivit\u00e4ten und OEM-Unterverpackungen.<\/li>\n\n<li><strong>Sichere Inhaltsstoffe, Qualit\u00e4tssicherung: <\/strong>Unser Gro\u00dfhandel Gummibonbons ist streng in \u00dcbereinstimmung mit Lebensmittel-Grade-Produktionsprozesse hergestellt, im Einklang mit internationalen Standards, gesund und lecker, um Kunden mehr sicher zu machen.<\/li><\/ul><\/div>\n\n<div class=\"wp-block-column is-layout-flow wp-block-column-is-layout-flow\"><figure class=\"wp-block-image size-full\"><img decoding=\"async\" width=\"800\" height=\"800\" src=\"https:\/\/www.lechaocandy.com\/wp-content\/uploads\/2025\/05\/Bone-Wholesale-Gummy-Candy-Lovely-Chewy-Candies-In-Bulk-4.webp\" alt=\"Bone Gro\u00dfhandel Gummibonbons, Lovely Chewy Bonbons in Bulk-4\" class=\"wp-image-885\" srcset=\"https:\/\/www.lechaocandy.com\/wp-content\/uploads\/2025\/05\/Bone-Wholesale-Gummy-Candy-Lovely-Chewy-Candies-In-Bulk-4.webp 800w, https:\/\/www.lechaocandy.com\/wp-content\/uploads\/2025\/05\/Bone-Wholesale-Gummy-Candy-Lovely-Chewy-Candies-In-Bulk-4-300x300.webp 300w, https:\/\/www.lechaocandy.com\/wp-content\/uploads\/2025\/05\/Bone-Wholesale-Gummy-Candy-Lovely-Chewy-Candies-In-Bulk-4-150x150.webp 150w, https:\/\/www.lechaocandy.com\/wp-content\/uploads\/2025\/05\/Bone-Wholesale-Gummy-Candy-Lovely-Chewy-Candies-In-Bulk-4-768x768.webp 768w, https:\/\/www.lechaocandy.com\/wp-content\/uploads\/2025\/05\/Bone-Wholesale-Gummy-Candy-Lovely-Chewy-Candies-In-Bulk-4-600x600.webp 600w, https:\/\/www.lechaocandy.com\/wp-content\/uploads\/2025\/05\/Bone-Wholesale-Gummy-Candy-Lovely-Chewy-Candies-In-Bulk-4-100x100.webp 100w\" sizes=\"(max-width: 800px) 100vw, 800px\" \/><\/figure><\/div><\/div>","protected":false},"excerpt":{"rendered":"<p>Willkommen zum Kauf von Gummibonbons in gro\u00dfen Mengen. Diese knochenf\u00f6rmigen Gro\u00dfhandel Gummibonbons ist einzigartig und niedlich, Blickfang und erkennbar, und ist eine ideale Wahl f\u00fcr Feste, Partys und t\u00e4gliche Snacks. Unterst\u00fctzung Gro\u00dfhandel Beschaffung und kundenspezifische Verpackung.<\/p>\n<table style=\"border-collapse: collapse; width: 329.02pt;\" border=\"0\" width=\"329\" cellspacing=\"0\" cellpadding=\"0\">\n<tbody>\n<tr style=\"height: 17.60pt;\">\n<td class=\"et2\" style=\"height: 17.60pt; width: 110.80pt;\" width=\"110\" height=\"17\">Hersteller<\/td>\n<td class=\"et2\" style=\"width: 219.15pt;\" width=\"219\">LeChao Bonbons<\/td>\n<\/tr>\n<tr style=\"height: 18.00pt;\">\n<td class=\"et2\" style=\"height: 18.00pt;\" height=\"18\">Produkttyp<\/td>\n<td class=\"et3\" style=\"width: 219.15pt;\" width=\"219\">Knochen Gummibonbon<\/td>\n<\/tr>\n<tr style=\"height: 18.00pt;\">\n<td class=\"et2\" style=\"height: 18.00pt;\" height=\"18\">Geschmack<\/td>\n<td class=\"et3\" style=\"width: 219.15pt;\" width=\"219\">S\u00fc\u00df &amp; sauer &amp; widerstandsf\u00e4hig<\/td>\n<\/tr>\n<tr style=\"height: 17.60pt;\">\n<td class=\"et2\" style=\"height: 17.60pt;\" height=\"17\">Spezifikation<\/td>\n<td class=\"et2\">10gx24Taschenx24K\u00e4sten<\/td>\n<\/tr>\n<tr style=\"height: 17.60pt;\">\n<td class=\"et2\" style=\"height: 17.60pt;\" height=\"17\">Gr\u00f6\u00dfe des Kartons<\/td>\n<td class=\"et2\">37x33x29cm<\/td>\n<\/tr>\n<tr style=\"height: 17.60pt;\">\n<td class=\"et2\" style=\"height: 17.60pt;\" height=\"17\">N.W.\/Karton<\/td>\n<td class=\"et2\">7.0kg<\/td>\n<\/tr>\n<tr style=\"height: 17.60pt;\">\n<td class=\"et2\" style=\"height: 17.60pt;\" height=\"17\">Preis<\/td>\n<td class=\"et2\">26.5USD<\/td>\n<\/tr>\n<tr style=\"height: 17.60pt;\">\n<td class=\"et2\" style=\"height: 17.60pt;\" height=\"17\">MOQ<\/td>\n<td class=\"et2\">500CTNS<\/td>\n<\/tr>\n<tr style=\"height: 17.60pt;\">\n<td class=\"et2\" style=\"height: 17.60pt;\" height=\"17\">Muster<\/td>\n<td class=\"et2\">Verf\u00fcgbar<\/td>\n<\/tr>\n<\/tbody>\n<\/table>","protected":false},"featured_media":883,"comment_status":"open","ping_status":"closed","template":"","meta":{"_acf_changed":false},"product_brand":[],"product_cat":[19],"product_tag":[],"class_list":{"0":"post-881","1":"product","2":"type-product","3":"status-publish","4":"has-post-thumbnail","6":"product_cat-wholesale-gummy-manufacturer","8":"first","9":"instock","10":"shipping-taxable","11":"product-type-simple"},"acf":[],"_links":{"self":[{"href":"https:\/\/www.lechaocandy.com\/de\/wp-json\/wp\/v2\/product\/881","targetHints":{"allow":["GET"]}}],"collection":[{"href":"https:\/\/www.lechaocandy.com\/de\/wp-json\/wp\/v2\/product"}],"about":[{"href":"https:\/\/www.lechaocandy.com\/de\/wp-json\/wp\/v2\/types\/product"}],"replies":[{"embeddable":true,"href":"https:\/\/www.lechaocandy.com\/de\/wp-json\/wp\/v2\/comments?post=881"}],"wp:featuredmedia":[{"embeddable":true,"href":"https:\/\/www.lechaocandy.com\/de\/wp-json\/wp\/v2\/media\/883"}],"wp:attachment":[{"href":"https:\/\/www.lechaocandy.com\/de\/wp-json\/wp\/v2\/media?parent=881"}],"wp:term":[{"taxonomy":"product_brand","embeddable":true,"href":"https:\/\/www.lechaocandy.com\/de\/wp-json\/wp\/v2\/product_brand?post=881"},{"taxonomy":"product_cat","embeddable":true,"href":"https:\/\/www.lechaocandy.com\/de\/wp-json\/wp\/v2\/product_cat?post=881"},{"taxonomy":"product_tag","embeddable":true,"href":"https:\/\/www.lechaocandy.com\/de\/wp-json\/wp\/v2\/product_tag?post=881"}],"curies":[{"name":"wp","href":"https:\/\/api.w.org\/{rel}","templated":true}]}}