{"id":887,"date":"2025-05-23T02:59:52","date_gmt":"2025-05-23T02:59:52","guid":{"rendered":"https:\/\/www.lechaocandy.com\/?post_type=product&#038;p=887"},"modified":"2025-10-09T06:20:50","modified_gmt":"2025-10-09T06:20:50","slug":"gummy-bulk","status":"publish","type":"product","link":"https:\/\/www.lechaocandy.com\/de\/produkt\/gummy-bulk\/","title":{"rendered":"Zucker ummantelte Pilz-Gummis, Kaubonbons Gro\u00dfhandel"},"content":{"rendered":"<div class=\"wp-block-columns is-layout-flex wp-container-core-columns-is-layout-9d6595d7 wp-block-columns-is-layout-flex\"><div class=\"wp-block-column is-layout-flow wp-block-column-is-layout-flow\"><h2 class=\"wp-block-heading\">Produkt-Highlights von Sour Mushroom Gummy Bulk<\/h2>\n\n<ul class=\"wp-block-list\"><li><strong>Pilzform, niedlich und auffallend: <\/strong>Diese Gummibonbons haben eine niedliche Pilzform, die realistisch und interessant ist. Es wird von Kindern und jungen Verbrauchern sehr geliebt und hat eine gro\u00dfe Anziehungskraft.<\/li>\n\n<li><strong>Mit Zucker \u00fcberzogener, doppelter Geschmacksgenuss: <\/strong>Dieses gro\u00dfe weiche Bonbon ist au\u00dfen zart mit Zucker \u00fcberzogen, und der innere Kern ist z\u00e4h und kaubar. Es schmeckt erst s\u00fc\u00df und dann z\u00e4h, was ein reichhaltiges Gef\u00fchl der Schichtung vermittelt, und man kann nicht aufh\u00f6ren, es zu essen.<\/li>\n\n<li><strong>Eine Vielfalt von Fruchtaromen, s\u00fc\u00df und sauer: <\/strong>Unser Pilz-Bonbongummi hat mehrere frische Fruchtgeschmacksrichtungen, die ein ausgewogenes Verh\u00e4ltnis von S\u00fc\u00dfe und S\u00e4ure haben und f\u00fcr alle Altersgruppen geeignet sind.<\/li>\n\n<li><strong>Unterst\u00fctzung f\u00fcr den Gro\u00dfhandel und die Anpassung von Marken: <\/strong>Unsere S\u00fc\u00dfwaren in loser Sch\u00fcttung sind f\u00fcr Gro\u00dfh\u00e4ndler und Markenk\u00e4ufer ma\u00dfgeschneidert und k\u00f6nnen als Eigenmarken angepasst werden, um den unterschiedlichen Anforderungen verschiedener Vertriebskan\u00e4le, z. B. Superm\u00e4rkte, Snackshops, Geschenkboxen usw., dynamisch gerecht zu werden.<\/li>\n\n<li><strong>Geeignet f\u00fcr Verk\u00e4ufe mit mehreren Schaupl\u00e4tzen:<\/strong> Ganz gleich, ob es sich um eine Snack-Vitrine, einen Party-S\u00fc\u00dfigkeitenbereich oder eine Weihnachtsgeschenkverpackung handelt, unsere Gummibonbons lassen sich leicht integrieren, um den Produktmehrwert und das Verbrauchererlebnis zu verbessern.<\/li><\/ul><\/div>\n\n<div class=\"wp-block-column is-layout-flow wp-block-column-is-layout-flow\"><figure class=\"wp-block-image size-full\"><img decoding=\"async\" width=\"800\" height=\"800\" src=\"https:\/\/www.lechaocandy.com\/wp-content\/uploads\/2025\/05\/Sugar-Coated-Mushroom-Gummy-Bulk-Chewy-Candy-Wholesale-2.webp\" alt=\"Zucker beschichtet Pilz Gummib\u00e4rchen Bulk, Chewy Candy Gro\u00dfhandel-2\" class=\"wp-image-889\" srcset=\"https:\/\/www.lechaocandy.com\/wp-content\/uploads\/2025\/05\/Sugar-Coated-Mushroom-Gummy-Bulk-Chewy-Candy-Wholesale-2.webp 800w, https:\/\/www.lechaocandy.com\/wp-content\/uploads\/2025\/05\/Sugar-Coated-Mushroom-Gummy-Bulk-Chewy-Candy-Wholesale-2-300x300.webp 300w, https:\/\/www.lechaocandy.com\/wp-content\/uploads\/2025\/05\/Sugar-Coated-Mushroom-Gummy-Bulk-Chewy-Candy-Wholesale-2-150x150.webp 150w, https:\/\/www.lechaocandy.com\/wp-content\/uploads\/2025\/05\/Sugar-Coated-Mushroom-Gummy-Bulk-Chewy-Candy-Wholesale-2-768x768.webp 768w, https:\/\/www.lechaocandy.com\/wp-content\/uploads\/2025\/05\/Sugar-Coated-Mushroom-Gummy-Bulk-Chewy-Candy-Wholesale-2-600x600.webp 600w, https:\/\/www.lechaocandy.com\/wp-content\/uploads\/2025\/05\/Sugar-Coated-Mushroom-Gummy-Bulk-Chewy-Candy-Wholesale-2-100x100.webp 100w\" sizes=\"(max-width: 800px) 100vw, 800px\" \/><\/figure><\/div><\/div>","protected":false},"excerpt":{"rendered":"<p>Willkommen beim Kauf von Weichkaramellen in loser Sch\u00fcttung. Dieses mit Zucker gemischte Pilzgummi hat eine niedliche Pilzform mit einer zucker\u00fcberzogenen Schale und einem fruchtigen, z\u00e4hen inneren Kern. Es hat ein h\u00fcbsches Aussehen und eignet sich f\u00fcr den Gro\u00dfhandel und die Markenanpassung. Es wird h\u00e4ufig im Einzelhandel, als Weihnachtsgeschenk und f\u00fcr Snacks verwendet.<\/p>\n<table style=\"border-collapse: collapse; width: 329.02pt;\" border=\"0\" width=\"329\" cellspacing=\"0\" cellpadding=\"0\">\n<tbody>\n<tr style=\"height: 17.60pt;\">\n<td class=\"et2\" style=\"height: 17.60pt; width: 110.80pt;\" width=\"110\" height=\"17\">Hersteller<\/td>\n<td class=\"et2\" style=\"width: 219.15pt;\" width=\"219\">LeChao Bonbons<\/td>\n<\/tr>\n<tr style=\"height: 18.00pt;\">\n<td class=\"et2\" style=\"height: 18.00pt;\" height=\"18\">Produkttyp<\/td>\n<td class=\"et3\" style=\"width: 219.15pt;\" width=\"219\">Pilz-Gummibonbon<\/td>\n<\/tr>\n<tr style=\"height: 18.00pt;\">\n<td class=\"et2\" style=\"height: 18.00pt;\" height=\"18\">Geschmack<\/td>\n<td class=\"et3\" style=\"width: 219.15pt;\" width=\"219\">S\u00fc\u00df &amp; sauer &amp; widerstandsf\u00e4hig<\/td>\n<\/tr>\n<tr style=\"height: 17.60pt;\">\n<td class=\"et2\" style=\"height: 17.60pt;\" height=\"17\">Spezifikation<\/td>\n<td class=\"et2\">10gx24Taschenx24K\u00e4sten<\/td>\n<\/tr>\n<tr style=\"height: 17.60pt;\">\n<td class=\"et2\" style=\"height: 17.60pt;\" height=\"17\">Gr\u00f6\u00dfe des Kartons<\/td>\n<td class=\"et2\">37x33x29cm<\/td>\n<\/tr>\n<tr style=\"height: 17.60pt;\">\n<td class=\"et2\" style=\"height: 17.60pt;\" height=\"17\">N.W.\/Karton<\/td>\n<td class=\"et2\">7.0kg<\/td>\n<\/tr>\n<tr style=\"height: 17.60pt;\">\n<td class=\"et2\" style=\"height: 17.60pt;\" height=\"17\">Preis<\/td>\n<td class=\"et2\">26.5USD<\/td>\n<\/tr>\n<tr style=\"height: 17.60pt;\">\n<td class=\"et2\" style=\"height: 17.60pt;\" height=\"17\">MOQ<\/td>\n<td class=\"et2\">500CTNS<\/td>\n<\/tr>\n<tr style=\"height: 17.60pt;\">\n<td class=\"et2\" style=\"height: 17.60pt;\" height=\"17\">Muster<\/td>\n<td class=\"et2\">Verf\u00fcgbar<\/td>\n<\/tr>\n<\/tbody>\n<\/table>","protected":false},"featured_media":888,"comment_status":"open","ping_status":"closed","template":"","meta":{"_acf_changed":false},"product_brand":[],"product_cat":[19,28],"product_tag":[],"class_list":{"0":"post-887","1":"product","2":"type-product","3":"status-publish","4":"has-post-thumbnail","6":"product_cat-wholesale-gummy-manufacturer","7":"product_cat-bulk-sour-gummies","9":"first","10":"instock","11":"shipping-taxable","12":"product-type-simple"},"acf":[],"_links":{"self":[{"href":"https:\/\/www.lechaocandy.com\/de\/wp-json\/wp\/v2\/product\/887","targetHints":{"allow":["GET"]}}],"collection":[{"href":"https:\/\/www.lechaocandy.com\/de\/wp-json\/wp\/v2\/product"}],"about":[{"href":"https:\/\/www.lechaocandy.com\/de\/wp-json\/wp\/v2\/types\/product"}],"replies":[{"embeddable":true,"href":"https:\/\/www.lechaocandy.com\/de\/wp-json\/wp\/v2\/comments?post=887"}],"wp:featuredmedia":[{"embeddable":true,"href":"https:\/\/www.lechaocandy.com\/de\/wp-json\/wp\/v2\/media\/888"}],"wp:attachment":[{"href":"https:\/\/www.lechaocandy.com\/de\/wp-json\/wp\/v2\/media?parent=887"}],"wp:term":[{"taxonomy":"product_brand","embeddable":true,"href":"https:\/\/www.lechaocandy.com\/de\/wp-json\/wp\/v2\/product_brand?post=887"},{"taxonomy":"product_cat","embeddable":true,"href":"https:\/\/www.lechaocandy.com\/de\/wp-json\/wp\/v2\/product_cat?post=887"},{"taxonomy":"product_tag","embeddable":true,"href":"https:\/\/www.lechaocandy.com\/de\/wp-json\/wp\/v2\/product_tag?post=887"}],"curies":[{"name":"wp","href":"https:\/\/api.w.org\/{rel}","templated":true}]}}