{"id":892,"date":"2025-05-23T03:16:39","date_gmt":"2025-05-23T03:16:39","guid":{"rendered":"https:\/\/www.lechaocandy.com\/?post_type=product&#038;p=892"},"modified":"2026-04-09T02:20:41","modified_gmt":"2026-04-09T02:20:41","slug":"bulk-chewy-candy","status":"publish","type":"product","link":"https:\/\/www.lechaocandy.com\/de\/produkt\/bulk-chewy-candy\/","title":{"rendered":"Gehirn Form Bulk Chewy Candy, gef\u00fcllte Gummibonbons Gro\u00dfhandel"},"content":{"rendered":"<div class=\"wp-block-columns is-layout-flex wp-container-core-columns-is-layout-9d6595d7 wp-block-columns-is-layout-flex\"><div class=\"wp-block-column is-layout-flow wp-block-column-is-layout-flow\"><h2 class=\"wp-block-heading\">Produkt-Highlights von Brain Shape Bulk Chewy Candy<\/h2>\n\n<ul class=\"wp-block-list\"><li><strong>Gehirnf\u00f6rmiges Design, voller Spa\u00df: <\/strong>Diese einzigartigen gehirnf\u00f6rmigen Kaubonbons sind realistisch, kreativ, interessant, visuell beeindruckend und attraktiv, besonders geeignet f\u00fcr Feste und Partys.<\/li>\n\n<li><strong>Berstende F\u00fcllung, doppelter Geschmack: <\/strong>Diese Gummibonbons im Gro\u00dfhandel enthalten eine Marmeladenf\u00fcllung, der Saft flie\u00dft beim Abbei\u00dfen \u00fcber, die Au\u00dfenseite ist z\u00e4h und das Innere ist weich, mit reichhaltigen Schichten, die ein \u00fcberraschendes, pralles Erlebnis bieten.<\/li>\n\n<li><strong>Drei Farben, bunt und attraktiv: <\/strong>Diese Kaubonbons sind in drei bunten Farben (rot, blau und gr\u00fcn) erh\u00e4ltlich und haben eine starke visuelle Wirkung und ein elegantes Aussehen, was den Genuss von Snacks und die Freude am Teilen f\u00f6rdert.<\/li>\n\n<li><strong>Reichhaltiger fruchtiger Geschmack, s\u00fc\u00df und nicht fettig: <\/strong>Unser Gro\u00dfhandel f\u00fcr mit Marmelade gef\u00fcllte Gummibonbons w\u00e4hlt eine Mischung von Fruchtgeschmacksrichtungen mit angemessener S\u00fc\u00dfe und S\u00e4ure und starkem Aroma aus, um die Gaumenbed\u00fcrfnisse von Kindern und jugendlichen Verbrauchern zu erf\u00fcllen.<\/li>\n\n<li><strong>Unterst\u00fctzung von Gro\u00dfhandel und Markenanpassung: <\/strong>Unsere Kaubonbons in gro\u00dfen Mengen bieten Gro\u00dfhandels- und Eigenmarkenanpassungsdienste, die f\u00fcr Superm\u00e4rkte, S\u00fc\u00dfwarengesch\u00e4fte, Internetverk\u00e4ufer und Einkaufszentren f\u00fcr Weihnachtsgeschenke geeignet sind und die Erstellung einer ma\u00dfgeschneiderten Snack-Produktlinie erm\u00f6glichen.<\/li><\/ul><\/div>\n\n<div class=\"wp-block-column is-layout-flow wp-block-column-is-layout-flow\"><figure class=\"wp-block-image size-full\"><img decoding=\"async\" width=\"750\" height=\"800\" src=\"https:\/\/www.lechaocandy.com\/wp-content\/uploads\/2025\/05\/Brain-Shape-Bulk-Chewy-Candy-Jam-Filled-Gummy-Candy-3.webp\" alt=\"Gehirn Form Bulk Chewy Candy, Marmelade gef\u00fcllte Gummibonbons-3\" class=\"wp-image-895\" srcset=\"https:\/\/www.lechaocandy.com\/wp-content\/uploads\/2025\/05\/Brain-Shape-Bulk-Chewy-Candy-Jam-Filled-Gummy-Candy-3.webp 750w, https:\/\/www.lechaocandy.com\/wp-content\/uploads\/2025\/05\/Brain-Shape-Bulk-Chewy-Candy-Jam-Filled-Gummy-Candy-3-281x300.webp 281w, https:\/\/www.lechaocandy.com\/wp-content\/uploads\/2025\/05\/Brain-Shape-Bulk-Chewy-Candy-Jam-Filled-Gummy-Candy-3-600x640.webp 600w\" sizes=\"(max-width: 750px) 100vw, 750px\" \/><\/figure><\/div><\/div>","protected":false},"excerpt":{"rendered":"<p>Willkommen zu kaufen Bulk Kaubonbons. Diese hirnf\u00f6rmigen, mit Marmelade gef\u00fcllten Gummibonbons im Gro\u00dfhandel kombinieren kreative Formen mit berstender Beerenmarmelade. Die roten, blauen und gr\u00fcnen Farben sind schillernd, s\u00fc\u00df und sauer, und voller Spa\u00df. Es eignet sich f\u00fcr Snackshops, Partyaktivit\u00e4ten und Markenanpassung. Es ist eine auff\u00e4llige und k\u00f6stliche meistverkaufte S\u00fc\u00dfigkeiten Wahl.<\/p>\n<table style=\"border-collapse: collapse; width: 329.02pt;\" border=\"0\" width=\"329\" cellspacing=\"0\" cellpadding=\"0\">\n<tbody>\n<tr style=\"height: 17.60pt;\">\n<td class=\"et2\" style=\"height: 17.60pt; width: 110.80pt;\" width=\"110\" height=\"17\">Hersteller<\/td>\n<td class=\"et2\" style=\"width: 219.15pt;\" width=\"219\">LeChao Bonbons<\/td>\n<\/tr>\n<tr style=\"height: 18.00pt;\">\n<td class=\"et2\" style=\"height: 18.00pt;\" height=\"18\">Produkttyp<\/td>\n<td class=\"et3\" style=\"width: 219.15pt;\" width=\"219\">Gehirn-Gummibonbons mit Marmeladenf\u00fcllung<\/td>\n<\/tr>\n<tr style=\"height: 18.00pt;\">\n<td class=\"et2\" style=\"height: 18.00pt;\" height=\"18\">Geschmack<\/td>\n<td class=\"et3\" style=\"width: 219.15pt;\" width=\"219\">S\u00fc\u00df und widerstandsf\u00e4hig<\/td>\n<\/tr>\n<tr style=\"height: 17.60pt;\">\n<td class=\"et2\" style=\"height: 17.60pt;\" height=\"17\">Spezifikation<\/td>\n<td class=\"et2\">118gx48Taschen<\/td>\n<\/tr>\n<tr style=\"height: 17.60pt;\">\n<td class=\"et2\" style=\"height: 17.60pt;\" height=\"17\">Gr\u00f6\u00dfe des Kartons<\/td>\n<td class=\"et2\">39*26*23cm<\/td>\n<\/tr>\n<tr style=\"height: 17.60pt;\">\n<td class=\"et2\" style=\"height: 17.60pt;\" height=\"17\">N.W.\/Karton<\/td>\n<td class=\"et2\">8.0kg<\/td>\n<\/tr>\n<tr style=\"height: 17.60pt;\">\n<td class=\"et2\" style=\"height: 17.60pt;\" height=\"17\">Preis<\/td>\n<td class=\"et2\">24USD<\/td>\n<\/tr>\n<tr style=\"height: 17.60pt;\">\n<td class=\"et2\" style=\"height: 17.60pt;\" height=\"17\">MOQ<\/td>\n<td class=\"et2\">500CTNS<\/td>\n<\/tr>\n<tr style=\"height: 17.60pt;\">\n<td class=\"et2\" style=\"height: 17.60pt;\" height=\"17\">Muster<\/td>\n<td class=\"et2\">Verf\u00fcgbar<\/td>\n<\/tr>\n<\/tbody>\n<\/table>","protected":false},"featured_media":894,"comment_status":"open","ping_status":"closed","template":"","meta":{"_acf_changed":false},"product_brand":[],"product_cat":[27,19],"product_tag":[41],"class_list":{"0":"post-892","1":"product","2":"type-product","3":"status-publish","4":"has-post-thumbnail","6":"product_cat-filled-gummy-candies-supplier","7":"product_cat-wholesale-gummy-manufacturer","8":"product_tag-wholesale-halloween-gummies","10":"first","11":"instock","12":"shipping-taxable","13":"product-type-simple"},"acf":[],"_links":{"self":[{"href":"https:\/\/www.lechaocandy.com\/de\/wp-json\/wp\/v2\/product\/892","targetHints":{"allow":["GET"]}}],"collection":[{"href":"https:\/\/www.lechaocandy.com\/de\/wp-json\/wp\/v2\/product"}],"about":[{"href":"https:\/\/www.lechaocandy.com\/de\/wp-json\/wp\/v2\/types\/product"}],"replies":[{"embeddable":true,"href":"https:\/\/www.lechaocandy.com\/de\/wp-json\/wp\/v2\/comments?post=892"}],"wp:featuredmedia":[{"embeddable":true,"href":"https:\/\/www.lechaocandy.com\/de\/wp-json\/wp\/v2\/media\/894"}],"wp:attachment":[{"href":"https:\/\/www.lechaocandy.com\/de\/wp-json\/wp\/v2\/media?parent=892"}],"wp:term":[{"taxonomy":"product_brand","embeddable":true,"href":"https:\/\/www.lechaocandy.com\/de\/wp-json\/wp\/v2\/product_brand?post=892"},{"taxonomy":"product_cat","embeddable":true,"href":"https:\/\/www.lechaocandy.com\/de\/wp-json\/wp\/v2\/product_cat?post=892"},{"taxonomy":"product_tag","embeddable":true,"href":"https:\/\/www.lechaocandy.com\/de\/wp-json\/wp\/v2\/product_tag?post=892"}],"curies":[{"name":"wp","href":"https:\/\/api.w.org\/{rel}","templated":true}]}}