{"id":906,"date":"2025-05-23T06:17:26","date_gmt":"2025-05-23T06:17:26","guid":{"rendered":"https:\/\/www.lechaocandy.com\/?post_type=product&#038;p=906"},"modified":"2025-05-23T06:48:03","modified_gmt":"2025-05-23T06:48:03","slug":"bulk-gummy","status":"publish","type":"product","link":"https:\/\/www.lechaocandy.com\/de\/produkt\/bulk-gummy\/","title":{"rendered":"Chewy 3D Bulk Gummy Ducks, weiche Gummibonbons Gro\u00dfhandel"},"content":{"rendered":"<div class=\"wp-block-columns is-layout-flex wp-container-core-columns-is-layout-9d6595d7 wp-block-columns-is-layout-flex\"><div class=\"wp-block-column is-layout-flow wp-block-column-is-layout-flow\"><h2 class=\"wp-block-heading\">Produkt-Highlights von 3D Bulk Gummy Duck<\/h2>\n\n<ul class=\"wp-block-list\"><li><strong>Dreidimensionale Entenform, super niedlich und ein echter Hingucker: <\/strong>Diese exquisiten 3D-Gummienten sind lebendig und niedlich, sehr interessant und wiedererkennbar und sind eine beliebte Wahl f\u00fcr Snack-Displays und Feste.<\/li>\n\n<li><strong>Zweifarbige Anpassung, unterschiedliche Geschmacksrichtungen f\u00fcr Kopf und K\u00f6rper: <\/strong>Die Ente Kopf und K\u00f6rper dieser Gro\u00dfhandel Gummibonbons verwenden verschiedene Farb-und Geschmackskombinationen, ein Bonbon hat zwei Erfahrungen, bringt einen doppelten Genuss von Vision und Geschmack, voller Spa\u00df.<\/li>\n\n<li><strong>Weich und z\u00e4h, reichhaltiger Geschmack: <\/strong>Unsere gro\u00dfen Gummienten verwenden eine spezielle Gummiformel, die m\u00e4\u00dfig kaubar ist, weich im Mund liegt und umso k\u00f6stlicher ist, je mehr man kaut, geeignet f\u00fcr Kinder, Jugendliche und S\u00fc\u00dfigkeitenliebhaber.<\/li>\n\n<li><strong>Eine Vielzahl von fruchtigen Geschmacksrichtungen, s\u00fc\u00df und sauer: <\/strong>Unser Gro\u00dfhandel Gummibonbons geh\u00f6ren Erdbeere, Orange, gr\u00fcner Apfel, Heidelbeere und andere fruchtige Kombinationen, mit reichen fruchtigen Aroma, um verschiedene Geschmacksvorlieben zu erf\u00fcllen, geeignet f\u00fcr alle Altersgruppen.<\/li>\n\n<li><strong>Gro\u00dfe Gro\u00dfhandelsmenge, Unterst\u00fctzung f\u00fcr kundenspezifische Etiketten: <\/strong>Wir bieten Gro\u00dfhandels- und Private-Label-Dienstleistungen f\u00fcr Superm\u00e4rkte, E-Commerce, Geschenkt\u00fcten f\u00fcr Partys, Geschenkboxen f\u00fcr Feiertage und individuelle Markenwerbung an.<\/li><\/ul><\/div>\n\n<div class=\"wp-block-column is-layout-flow wp-block-column-is-layout-flow\"><figure class=\"wp-block-image size-full\"><img decoding=\"async\" width=\"750\" height=\"800\" src=\"https:\/\/www.lechaocandy.com\/wp-content\/uploads\/2025\/05\/Chewy-3D-Bulk-Gummy-Ducks-Soft-Gummy-Candy-Wholesale-1.webp\" alt=\"Chewy 3D Bulk Gummy Ducks, weiche Gummibonbons Gro\u00dfhandel-1\" class=\"wp-image-907\" srcset=\"https:\/\/www.lechaocandy.com\/wp-content\/uploads\/2025\/05\/Chewy-3D-Bulk-Gummy-Ducks-Soft-Gummy-Candy-Wholesale-1.webp 750w, https:\/\/www.lechaocandy.com\/wp-content\/uploads\/2025\/05\/Chewy-3D-Bulk-Gummy-Ducks-Soft-Gummy-Candy-Wholesale-1-281x300.webp 281w, https:\/\/www.lechaocandy.com\/wp-content\/uploads\/2025\/05\/Chewy-3D-Bulk-Gummy-Ducks-Soft-Gummy-Candy-Wholesale-1-600x640.webp 600w\" sizes=\"(max-width: 750px) 100vw, 750px\" \/><\/figure><\/div><\/div>","protected":false},"excerpt":{"rendered":"<p>Willkommen zum Kauf Gro\u00dfhandel Gummibonbons. Unsere 3D-Gummi-Enten-Bonbons sind niedliche dreidimensionale Designs mit zwei Farben und Geschmacksrichtungen. Sie sind bunt und fruchtig, geeignet f\u00fcr Einzel- und Gro\u00dfhandel M\u00e4rkte und sind ideal f\u00fcr die Erstellung von personalisierten S\u00fc\u00dfigkeiten Produktlinien.<\/p>\n<table style=\"border-collapse: collapse; width: 329.02pt;\" border=\"0\" width=\"329\" cellspacing=\"0\" cellpadding=\"0\">\n<tbody>\n<tr style=\"height: 17.60pt;\">\n<td class=\"et2\" style=\"height: 17.60pt; width: 110.80pt;\" width=\"110\" height=\"17\">Hersteller<\/td>\n<td class=\"et2\" style=\"width: 219.15pt;\" width=\"219\">LeChao Bonbons<\/td>\n<\/tr>\n<tr style=\"height: 18.00pt;\">\n<td class=\"et2\" style=\"height: 18.00pt;\" height=\"18\">Produkttyp<\/td>\n<td class=\"et3\" style=\"width: 219.15pt;\" width=\"219\">3D-Gummib\u00e4rchen-Bonbon<\/td>\n<\/tr>\n<tr style=\"height: 18.00pt;\">\n<td class=\"et2\" style=\"height: 18.00pt;\" height=\"18\">Geschmack<\/td>\n<td class=\"et3\" style=\"width: 219.15pt;\" width=\"219\">S\u00fc\u00df &amp; sauer &amp; widerstandsf\u00e4hig<\/td>\n<\/tr>\n<tr style=\"height: 17.60pt;\">\n<td class=\"et2\" style=\"height: 17.60pt;\" height=\"17\">Spezifikation<\/td>\n<td class=\"et2\">118gX48K\u00e4sten<\/td>\n<\/tr>\n<tr style=\"height: 17.60pt;\">\n<td class=\"et2\" style=\"height: 17.60pt;\" height=\"17\">Gr\u00f6\u00dfe des Kartons<\/td>\n<td class=\"et2\">39X26X23cm<\/td>\n<\/tr>\n<tr style=\"height: 17.60pt;\">\n<td class=\"et2\" style=\"height: 17.60pt;\" height=\"17\">N.W.\/Karton<\/td>\n<td class=\"et2\">7,6 kg<\/td>\n<\/tr>\n<tr style=\"height: 17.60pt;\">\n<td class=\"et2\" style=\"height: 17.60pt;\" height=\"17\">Preis<\/td>\n<td class=\"et2\">0.55-0.57USD\/pro Beutel<\/td>\n<\/tr>\n<tr style=\"height: 17.60pt;\">\n<td class=\"et2\" style=\"height: 17.60pt;\" height=\"17\">MOQ<\/td>\n<td class=\"et2\">800CTNS<\/td>\n<\/tr>\n<tr style=\"height: 17.60pt;\">\n<td class=\"et2\" style=\"height: 17.60pt;\" height=\"17\">Muster<\/td>\n<td class=\"et2\">Verf\u00fcgbar<\/td>\n<\/tr>\n<\/tbody>\n<\/table>","protected":false},"featured_media":910,"comment_status":"open","ping_status":"closed","template":"","meta":{"_acf_changed":false},"product_brand":[],"product_cat":[19,24],"product_tag":[],"class_list":{"0":"post-906","1":"product","2":"type-product","3":"status-publish","4":"has-post-thumbnail","6":"product_cat-wholesale-gummy-manufacturer","7":"product_cat-3d-gummy-candy-manufacturer","9":"first","10":"instock","11":"shipping-taxable","12":"product-type-simple"},"acf":[],"_links":{"self":[{"href":"https:\/\/www.lechaocandy.com\/de\/wp-json\/wp\/v2\/product\/906","targetHints":{"allow":["GET"]}}],"collection":[{"href":"https:\/\/www.lechaocandy.com\/de\/wp-json\/wp\/v2\/product"}],"about":[{"href":"https:\/\/www.lechaocandy.com\/de\/wp-json\/wp\/v2\/types\/product"}],"replies":[{"embeddable":true,"href":"https:\/\/www.lechaocandy.com\/de\/wp-json\/wp\/v2\/comments?post=906"}],"wp:featuredmedia":[{"embeddable":true,"href":"https:\/\/www.lechaocandy.com\/de\/wp-json\/wp\/v2\/media\/910"}],"wp:attachment":[{"href":"https:\/\/www.lechaocandy.com\/de\/wp-json\/wp\/v2\/media?parent=906"}],"wp:term":[{"taxonomy":"product_brand","embeddable":true,"href":"https:\/\/www.lechaocandy.com\/de\/wp-json\/wp\/v2\/product_brand?post=906"},{"taxonomy":"product_cat","embeddable":true,"href":"https:\/\/www.lechaocandy.com\/de\/wp-json\/wp\/v2\/product_cat?post=906"},{"taxonomy":"product_tag","embeddable":true,"href":"https:\/\/www.lechaocandy.com\/de\/wp-json\/wp\/v2\/product_tag?post=906"}],"curies":[{"name":"wp","href":"https:\/\/api.w.org\/{rel}","templated":true}]}}