{"id":913,"date":"2025-05-23T06:48:34","date_gmt":"2025-05-23T06:48:34","guid":{"rendered":"https:\/\/www.lechaocandy.com\/?post_type=product&#038;p=913"},"modified":"2025-05-23T07:03:57","modified_gmt":"2025-05-23T07:03:57","slug":"gummy-sweets-bulk","status":"publish","type":"product","link":"https:\/\/www.lechaocandy.com\/de\/produkt\/gummy-sweets-bulk\/","title":{"rendered":"3D Kaninchen Gummibonbons Bulk Supply, Gro\u00dfhandel weiche Bonbons"},"content":{"rendered":"<div class=\"wp-block-columns is-layout-flex wp-container-core-columns-is-layout-9d6595d7 wp-block-columns-is-layout-flex\"><div class=\"wp-block-column is-layout-flow wp-block-column-is-layout-flow\"><h2 class=\"wp-block-heading\">Produkt-Highlights von 3D Rabbit Gummibonbons Bulk<\/h2>\n\n<ul class=\"wp-block-list\"><li><strong>3D dreidimensionale Form, niedlich und lustig: <\/strong>Diese Gummibonbons haben niedliche Hasenformen, dreidimensionale und lebendige Designs, hervorragende visuelle Effekte, starke Anziehungskraft, besonders geeignet f\u00fcr Kindersnacks und Festszenen.<\/li>\n\n<li><strong>Zwei Farben und zwei Geschmacksrichtungen, eine \u00fcberraschende Kombination: <\/strong>Diese einzigartig gestaltete Gro\u00dfhandel weiche Bonbons machen die Hase Kopf und K\u00f6rper pr\u00e4sentieren verschiedene Farben und Fruchtaromen, bringen eine doppelte Geschmackserlebnis, ein Bonbon, zwei Gen\u00fcsse.<\/li>\n\n<li><strong>Weich und z\u00e4h, und je mehr man kaut, desto duftender ist er:<\/strong> Unsere Gummibonbons haben eine m\u00e4\u00dfig flexible Textur, sind bissfest, elastisch und nicht klebrig, so dass sich die Leute sofort in sie verlieben, sobald sie sie essen.<\/li>\n\n<li><strong>Eine Vielzahl von Fruchtgeschmacksrichtungen, bunte Auswahlm\u00f6glichkeiten:<\/strong> Unsere Gro\u00dfhandels-S\u00fc\u00dfwaren kombinieren eine Vielzahl beliebter Fruchtgeschmacksrichtungen mit einem starken Aroma und m\u00e4\u00dfiger S\u00fc\u00dfe, die f\u00fcr Verbraucher aller Altersgruppen geeignet sind.<\/li>\n\n<li><strong>Geeignet f\u00fcr Gro\u00dfhandelsanpassung und breite Anwendung: <\/strong>Wir bieten gro\u00dfvolumige Lieferungen und Marken-OEM-Services f\u00fcr Gummibonbons in gro\u00dfen Mengen an, die sich f\u00fcr Einzelhandels-Terminals, E-Commerce-Plattformen, festliche Geschenkboxen und Marken-Promotion-Aktivit\u00e4ten eignen.<\/li><\/ul><\/div>\n\n<div class=\"wp-block-column is-layout-flow wp-block-column-is-layout-flow\"><figure class=\"wp-block-image size-full\"><img decoding=\"async\" width=\"750\" height=\"800\" src=\"https:\/\/www.lechaocandy.com\/wp-content\/uploads\/2025\/05\/3D-Rabbit-Gummy-Sweets-Bulk-Supply-Wholesale-Soft-Candies-1.webp\" alt=\"3D Kaninchen Gummibonbons Bulk Supply, Gro\u00dfhandel weiche Bonbons-1\" class=\"wp-image-914\" srcset=\"https:\/\/www.lechaocandy.com\/wp-content\/uploads\/2025\/05\/3D-Rabbit-Gummy-Sweets-Bulk-Supply-Wholesale-Soft-Candies-1.webp 750w, https:\/\/www.lechaocandy.com\/wp-content\/uploads\/2025\/05\/3D-Rabbit-Gummy-Sweets-Bulk-Supply-Wholesale-Soft-Candies-1-281x300.webp 281w, https:\/\/www.lechaocandy.com\/wp-content\/uploads\/2025\/05\/3D-Rabbit-Gummy-Sweets-Bulk-Supply-Wholesale-Soft-Candies-1-600x640.webp 600w\" sizes=\"(max-width: 750px) 100vw, 750px\" \/><\/figure><\/div><\/div>","protected":false},"excerpt":{"rendered":"<p>Willkommen im Gro\u00dfhandel weiche Bonbons zu kaufen. Unsere 3D-H\u00e4schen-Gummibonbons sind in exquisiten 3D-Formen, mit verschiedenen Fruchtgeschmacksrichtungen und Farben f\u00fcr den Kopf und K\u00f6rper, und ein lebendiges und interessantes Aussehen pr\u00e4sentiert. Der weiche und z\u00e4he Geschmack, kombiniert mit s\u00fc\u00dfem und saurem Fruchtaroma, ist nicht nur lecker, sondern macht auch Spa\u00df.<\/p>\n<table style=\"border-collapse: collapse; width: 329.02pt;\" border=\"0\" width=\"329\" cellspacing=\"0\" cellpadding=\"0\">\n<tbody>\n<tr style=\"height: 17.60pt;\">\n<td class=\"et2\" style=\"height: 17.60pt; width: 110.80pt;\" width=\"110\" height=\"17\">Hersteller<\/td>\n<td class=\"et2\" style=\"width: 219.15pt;\" width=\"219\">LeChao Bonbons<\/td>\n<\/tr>\n<tr style=\"height: 18.00pt;\">\n<td class=\"et2\" style=\"height: 18.00pt;\" height=\"18\">Produkttyp<\/td>\n<td class=\"et3\" style=\"width: 219.15pt;\" width=\"219\">3D-Kaninchen-Gummibonbon<\/td>\n<\/tr>\n<tr style=\"height: 18.00pt;\">\n<td class=\"et2\" style=\"height: 18.00pt;\" height=\"18\">Geschmack<\/td>\n<td class=\"et3\" style=\"width: 219.15pt;\" width=\"219\">S\u00fc\u00df &amp; sauer &amp; widerstandsf\u00e4hig<\/td>\n<\/tr>\n<tr style=\"height: 17.60pt;\">\n<td class=\"et2\" style=\"height: 17.60pt;\" height=\"17\">Spezifikation<\/td>\n<td class=\"et2\">118gX48K\u00e4sten<\/td>\n<\/tr>\n<tr style=\"height: 17.60pt;\">\n<td class=\"et2\" style=\"height: 17.60pt;\" height=\"17\">Gr\u00f6\u00dfe des Kartons<\/td>\n<td class=\"et2\">39X26X23cm<\/td>\n<\/tr>\n<tr style=\"height: 17.60pt;\">\n<td class=\"et2\" style=\"height: 17.60pt;\" height=\"17\">N.W.\/Karton<\/td>\n<td class=\"et2\">7,6 kg<\/td>\n<\/tr>\n<tr style=\"height: 17.60pt;\">\n<td class=\"et2\" style=\"height: 17.60pt;\" height=\"17\">Preis<\/td>\n<td class=\"et2\">0.55-0.57USD\/pro Beutel<\/td>\n<\/tr>\n<tr style=\"height: 17.60pt;\">\n<td class=\"et2\" style=\"height: 17.60pt;\" height=\"17\">MOQ<\/td>\n<td class=\"et2\">800CTNS<\/td>\n<\/tr>\n<tr style=\"height: 17.60pt;\">\n<td class=\"et2\" style=\"height: 17.60pt;\" height=\"17\">Muster<\/td>\n<td class=\"et2\">Verf\u00fcgbar<\/td>\n<\/tr>\n<\/tbody>\n<\/table>","protected":false},"featured_media":915,"comment_status":"open","ping_status":"closed","template":"","meta":{"_acf_changed":false},"product_brand":[],"product_cat":[19,24],"product_tag":[],"class_list":{"0":"post-913","1":"product","2":"type-product","3":"status-publish","4":"has-post-thumbnail","6":"product_cat-wholesale-gummy-manufacturer","7":"product_cat-3d-gummy-candy-manufacturer","9":"first","10":"instock","11":"shipping-taxable","12":"product-type-simple"},"acf":[],"_links":{"self":[{"href":"https:\/\/www.lechaocandy.com\/de\/wp-json\/wp\/v2\/product\/913","targetHints":{"allow":["GET"]}}],"collection":[{"href":"https:\/\/www.lechaocandy.com\/de\/wp-json\/wp\/v2\/product"}],"about":[{"href":"https:\/\/www.lechaocandy.com\/de\/wp-json\/wp\/v2\/types\/product"}],"replies":[{"embeddable":true,"href":"https:\/\/www.lechaocandy.com\/de\/wp-json\/wp\/v2\/comments?post=913"}],"wp:featuredmedia":[{"embeddable":true,"href":"https:\/\/www.lechaocandy.com\/de\/wp-json\/wp\/v2\/media\/915"}],"wp:attachment":[{"href":"https:\/\/www.lechaocandy.com\/de\/wp-json\/wp\/v2\/media?parent=913"}],"wp:term":[{"taxonomy":"product_brand","embeddable":true,"href":"https:\/\/www.lechaocandy.com\/de\/wp-json\/wp\/v2\/product_brand?post=913"},{"taxonomy":"product_cat","embeddable":true,"href":"https:\/\/www.lechaocandy.com\/de\/wp-json\/wp\/v2\/product_cat?post=913"},{"taxonomy":"product_tag","embeddable":true,"href":"https:\/\/www.lechaocandy.com\/de\/wp-json\/wp\/v2\/product_tag?post=913"}],"curies":[{"name":"wp","href":"https:\/\/api.w.org\/{rel}","templated":true}]}}