{"id":920,"date":"2025-05-23T07:06:00","date_gmt":"2025-05-23T07:06:00","guid":{"rendered":"https:\/\/www.lechaocandy.com\/?post_type=product&#038;p=920"},"modified":"2025-05-23T07:56:58","modified_gmt":"2025-05-23T07:56:58","slug":"dinosaur-gummy-candy-bulk","status":"publish","type":"product","link":"https:\/\/www.lechaocandy.com\/de\/produkt\/dinosaur-gummy-candy-bulk\/","title":{"rendered":"Fun 4D Dinosaurier Gummibonbon Bulk, Gro\u00dfhandel Chewy Candy"},"content":{"rendered":"<div class=\"wp-block-columns is-layout-flex wp-container-core-columns-is-layout-9d6595d7 wp-block-columns-is-layout-flex\"><div class=\"wp-block-column is-layout-flow wp-block-column-is-layout-flow\"><h2 class=\"wp-block-heading\">Produkt-Highlights von 4D Dinosaurier Gummibonbons Bulk<\/h2>\n\n<ul class=\"wp-block-list\"><li><strong>4D-Dinosaurierform, voller Spa\u00df: <\/strong>Unsere Dinosaurier-Gummibonbons werden mit einer fortschrittlichen Formtechnologie hergestellt, haben eine starke visuelle Wirkung, machen Spa\u00df beim Sammeln und Essen und sind bei Kindern und jungen Verbrauchern sehr beliebt.<\/li>\n\n<li><strong>Zweifarbiges Mischen, doppeltes Fruchterlebnis: <\/strong>Diese Dinosaurier-Kaubonbons aus dem Gro\u00dfhandel verwenden verschiedene Farben und fruchtige Geschmacksrichtungen f\u00fcr den Kopf bzw. den K\u00f6rper, und ein Bonbon bringt zwei Geschmacksrichtungen mit sich, was ein Gef\u00fchl von Neuheit und \u00dcberraschung vermittelt.<\/li>\n\n<li><strong>Weich und z\u00e4h, reichhaltiger Geschmack: <\/strong>Diese Dinosaurier-Gummibonbons bestehen aus einer pr\u00e4zisen Formel f\u00fcr weiche Bonbons, die m\u00e4\u00dfig kaubar und nicht klebrig sind und aus verschiedenen Schichten bestehen, so dass jeder Biss Spa\u00df und Zufriedenheit bringt.<\/li>\n\n<li><strong>Reiches fruchtiges Aroma und leuchtende Farben: <\/strong>Unsere Kaubonbons f\u00fcr den Gro\u00dfhandel kombinieren eine Vielzahl beliebter fruchtiger Geschmacksrichtungen, die s\u00fc\u00df, aber nicht fettig sind und sich f\u00fcr alle Gelegenheiten eignen.<\/li>\n\n<li><strong>Flexibler Gro\u00dfhandel, Unterst\u00fctzung der Eigenmarkenanpassung: <\/strong>Unsere Dinosaurier-Gummibonbons in gro\u00dfen Mengen eignen sich f\u00fcr Superm\u00e4rkte, E-Commerce-Plattformen, Weihnachtsaktionen, Party-S\u00fc\u00dfigkeiten und andere kommerzielle Kan\u00e4le.<\/li><\/ul><\/div>\n\n<div class=\"wp-block-column is-layout-flow wp-block-column-is-layout-flow\"><figure class=\"wp-block-image size-full\"><img decoding=\"async\" width=\"750\" height=\"800\" src=\"https:\/\/www.lechaocandy.com\/wp-content\/uploads\/2025\/05\/Fun-4D-Dinosaur-Gummy-Candy-Bulk-Wholesale-Chewy-Candy-1.webp\" alt=\"Spa\u00df 4D Dinosaurier Gummibonbon Bulk, Gro\u00dfhandel Chewy Candy-1\" class=\"wp-image-921\" srcset=\"https:\/\/www.lechaocandy.com\/wp-content\/uploads\/2025\/05\/Fun-4D-Dinosaur-Gummy-Candy-Bulk-Wholesale-Chewy-Candy-1.webp 750w, https:\/\/www.lechaocandy.com\/wp-content\/uploads\/2025\/05\/Fun-4D-Dinosaur-Gummy-Candy-Bulk-Wholesale-Chewy-Candy-1-281x300.webp 281w, https:\/\/www.lechaocandy.com\/wp-content\/uploads\/2025\/05\/Fun-4D-Dinosaur-Gummy-Candy-Bulk-Wholesale-Chewy-Candy-1-600x640.webp 600w\" sizes=\"(max-width: 750px) 100vw, 750px\" \/><\/figure><\/div><\/div>","protected":false},"excerpt":{"rendered":"<p>Willkommen im Gro\u00dfhandel Kaubonbons zu kaufen. Diese 4D Dinosaurier Gummibonbons Masse ist bunt und lebensecht, mit einer kaubaren Textur und mehrere fruchtige Aromen. Es ist eine beliebte weiche S\u00fc\u00dfigkeiten Produkt, das visuelle, Geschmack und Spa\u00df kombiniert.<\/p>\n<table style=\"border-collapse: collapse; width: 329.02pt;\" border=\"0\" width=\"329\" cellspacing=\"0\" cellpadding=\"0\">\n<tbody>\n<tr style=\"height: 17.60pt;\">\n<td class=\"et2\" style=\"height: 17.60pt; width: 110.80pt;\" width=\"110\" height=\"17\">Hersteller<\/td>\n<td class=\"et2\" style=\"width: 219.15pt;\" width=\"219\">LeChao Bonbons<\/td>\n<\/tr>\n<tr style=\"height: 18.00pt;\">\n<td class=\"et2\" style=\"height: 18.00pt;\" height=\"18\">Produkttyp<\/td>\n<td class=\"et3\" style=\"width: 219.15pt;\" width=\"219\">4D Dinosaurier Gummibonbon<\/td>\n<\/tr>\n<tr style=\"height: 18.00pt;\">\n<td class=\"et2\" style=\"height: 18.00pt;\" height=\"18\">Geschmack<\/td>\n<td class=\"et3\" style=\"width: 219.15pt;\" width=\"219\">S\u00fc\u00df &amp; sauer &amp; widerstandsf\u00e4hig<\/td>\n<\/tr>\n<tr style=\"height: 17.60pt;\">\n<td class=\"et2\" style=\"height: 17.60pt;\" height=\"17\">Spezifikation<\/td>\n<td class=\"et2\">118gX48K\u00e4sten<\/td>\n<\/tr>\n<tr style=\"height: 17.60pt;\">\n<td class=\"et2\" style=\"height: 17.60pt;\" height=\"17\">Gr\u00f6\u00dfe des Kartons<\/td>\n<td class=\"et2\">39X26X23cm<\/td>\n<\/tr>\n<tr style=\"height: 17.60pt;\">\n<td class=\"et2\" style=\"height: 17.60pt;\" height=\"17\">N.W.\/Karton<\/td>\n<td class=\"et2\">7,6 kg<\/td>\n<\/tr>\n<tr style=\"height: 17.60pt;\">\n<td class=\"et2\" style=\"height: 17.60pt;\" height=\"17\">Preis<\/td>\n<td class=\"et2\">0.55-0.57USD\/pro Beutel<\/td>\n<\/tr>\n<tr style=\"height: 17.60pt;\">\n<td class=\"et2\" style=\"height: 17.60pt;\" height=\"17\">MOQ<\/td>\n<td class=\"et2\">800CTNS<\/td>\n<\/tr>\n<tr style=\"height: 17.60pt;\">\n<td class=\"et2\" style=\"height: 17.60pt;\" height=\"17\">Muster<\/td>\n<td class=\"et2\">Verf\u00fcgbar<\/td>\n<\/tr>\n<\/tbody>\n<\/table>\n<p>&nbsp;<\/p>","protected":false},"featured_media":923,"comment_status":"open","ping_status":"closed","template":"","meta":{"_acf_changed":false},"product_brand":[],"product_cat":[24,19],"product_tag":[],"class_list":{"0":"post-920","1":"product","2":"type-product","3":"status-publish","4":"has-post-thumbnail","6":"product_cat-3d-gummy-candy-manufacturer","7":"product_cat-wholesale-gummy-manufacturer","9":"first","10":"instock","11":"shipping-taxable","12":"product-type-simple"},"acf":[],"_links":{"self":[{"href":"https:\/\/www.lechaocandy.com\/de\/wp-json\/wp\/v2\/product\/920","targetHints":{"allow":["GET"]}}],"collection":[{"href":"https:\/\/www.lechaocandy.com\/de\/wp-json\/wp\/v2\/product"}],"about":[{"href":"https:\/\/www.lechaocandy.com\/de\/wp-json\/wp\/v2\/types\/product"}],"replies":[{"embeddable":true,"href":"https:\/\/www.lechaocandy.com\/de\/wp-json\/wp\/v2\/comments?post=920"}],"wp:featuredmedia":[{"embeddable":true,"href":"https:\/\/www.lechaocandy.com\/de\/wp-json\/wp\/v2\/media\/923"}],"wp:attachment":[{"href":"https:\/\/www.lechaocandy.com\/de\/wp-json\/wp\/v2\/media?parent=920"}],"wp:term":[{"taxonomy":"product_brand","embeddable":true,"href":"https:\/\/www.lechaocandy.com\/de\/wp-json\/wp\/v2\/product_brand?post=920"},{"taxonomy":"product_cat","embeddable":true,"href":"https:\/\/www.lechaocandy.com\/de\/wp-json\/wp\/v2\/product_cat?post=920"},{"taxonomy":"product_tag","embeddable":true,"href":"https:\/\/www.lechaocandy.com\/de\/wp-json\/wp\/v2\/product_tag?post=920"}],"curies":[{"name":"wp","href":"https:\/\/api.w.org\/{rel}","templated":true}]}}