{"id":927,"date":"2025-05-23T07:59:39","date_gmt":"2025-05-23T07:59:39","guid":{"rendered":"https:\/\/www.lechaocandy.com\/?post_type=product&#038;p=927"},"modified":"2025-05-23T08:21:25","modified_gmt":"2025-05-23T08:21:25","slug":"cactus-gummies-bulk","status":"publish","type":"product","link":"https:\/\/www.lechaocandy.com\/de\/produkt\/cactus-gummies-bulk\/","title":{"rendered":"Neuheit 4D Kaktus Gummies Bulk, Gummibonbons Gro\u00dfhandel"},"content":{"rendered":"<div class=\"wp-block-columns is-layout-flex wp-container-core-columns-is-layout-9d6595d7 wp-block-columns-is-layout-flex\"><div class=\"wp-block-column is-layout-flow wp-block-column-is-layout-flow\"><h2 class=\"wp-block-heading\">Produkt-Highlights von 4D Cactus Gummies Bulk<\/h2>\n\n<ul class=\"wp-block-list\"><li><strong>Kreative Kaktusform, auffallend und interessant:<\/strong> Diese 4D-Kaktus-Gummis haben lebendige Details, kombiniert mit Zeichentrick- und Pflanzenelementen, voller Spa\u00df und mit gro\u00dfem Schauwert.<\/li>\n\n<li><strong>Eine Kombination aus mehreren Farben und Geschmacksrichtungen, ein Bonbon mit mehreren \u00dcberraschungen: <\/strong>Diese Gummibonbons Gro\u00dfhandel verwendet verschiedene Farben und Fruchtaromen, helle Farben, reiche Aromen, und bringt eine geschichtete Geschmackserfahrung.<\/li>\n\n<li><strong>Nicht klebende Z\u00e4hne sind leckerer: <\/strong>Unsere 4D-Kaktus-Gummis haben einen weichen und elastischen Geschmack, sind leicht zu kauen und werden von Kindern und Erwachsenen geliebt. Sie sind nicht fettig oder klebrig.<\/li>\n\n<li><strong>Geeignet f\u00fcr Weihnachtsfeiern und lustige Einzelhandelsszenen: <\/strong>Diese Gummibonbons im Gro\u00dfhandel haben eine einzigartige Form und sind eine ideale Wahl f\u00fcr Festtagss\u00fc\u00dfigkeiten, Themenl\u00e4den und Scherzartikelbuden.<\/li>\n\n<li><strong>Unterst\u00fctzung von Gro\u00dfhandel und Personalisierung, ein Verkaufstool f\u00fcr mehrere Szenarien: <\/strong>Unsere 4D-Kaktus-Gummis k\u00f6nnen in gro\u00dfen Mengen geliefert werden und unterst\u00fctzen die OEM-Kundenanpassung, die f\u00fcr E-Commerce-Plattformen, Offline-Einzelhandel, Supermarktketten und importierte Snack-Spezialkan\u00e4le geeignet ist.<\/li><\/ul><\/div>\n\n<div class=\"wp-block-column is-layout-flow wp-block-column-is-layout-flow\"><figure class=\"wp-block-image size-full\"><img decoding=\"async\" width=\"750\" height=\"800\" src=\"https:\/\/www.lechaocandy.com\/wp-content\/uploads\/2025\/05\/Novelty-4D-Cactus-Gummies-Bulk-Gummy-Candy-Wholesale-3.webp\" alt=\"Neuheit 4D Kaktus Gummies Bulk, Gummibonbons Gro\u00dfhandel-3\" class=\"wp-image-930\" srcset=\"https:\/\/www.lechaocandy.com\/wp-content\/uploads\/2025\/05\/Novelty-4D-Cactus-Gummies-Bulk-Gummy-Candy-Wholesale-3.webp 750w, https:\/\/www.lechaocandy.com\/wp-content\/uploads\/2025\/05\/Novelty-4D-Cactus-Gummies-Bulk-Gummy-Candy-Wholesale-3-281x300.webp 281w, https:\/\/www.lechaocandy.com\/wp-content\/uploads\/2025\/05\/Novelty-4D-Cactus-Gummies-Bulk-Gummy-Candy-Wholesale-3-600x640.webp 600w\" sizes=\"(max-width: 750px) 100vw, 750px\" \/><\/figure><\/div><\/div>","protected":false},"excerpt":{"rendered":"<p>Willkommen zum Kauf Gummibonbons Gro\u00dfhandel. Diese 4D Kaktus Gummis bulk bringt eine doppelte Freude an Vision und Geschmack. Ob es sich um den Snack-Markt, Urlaub Geschenk-Boxen, Party S\u00fc\u00dfigkeiten, oder Spa\u00df neue Produkt zeigt, ist es ein Blickfang und beliebte kreative gummi Wahl.<\/p>\n<table style=\"border-collapse: collapse; width: 329.02pt;\" border=\"0\" width=\"329\" cellspacing=\"0\" cellpadding=\"0\">\n<tbody>\n<tr style=\"height: 17.60pt;\">\n<td class=\"et2\" style=\"height: 17.60pt; width: 110.80pt;\" width=\"110\" height=\"17\">Hersteller<\/td>\n<td class=\"et2\" style=\"width: 219.15pt;\" width=\"219\">LeChao Bonbons<\/td>\n<\/tr>\n<tr style=\"height: 18.00pt;\">\n<td class=\"et2\" style=\"height: 18.00pt;\" height=\"18\">Produkttyp<\/td>\n<td class=\"et3\" style=\"width: 219.15pt;\" width=\"219\">3D Kaktus Gummibonbon<\/td>\n<\/tr>\n<tr style=\"height: 18.00pt;\">\n<td class=\"et2\" style=\"height: 18.00pt;\" height=\"18\">Geschmack<\/td>\n<td class=\"et3\" style=\"width: 219.15pt;\" width=\"219\">S\u00fc\u00df &amp; sauer &amp; widerstandsf\u00e4hig<\/td>\n<\/tr>\n<tr style=\"height: 17.60pt;\">\n<td class=\"et2\" style=\"height: 17.60pt;\" height=\"17\">Spezifikation<\/td>\n<td class=\"et2\">118gX48K\u00e4sten<\/td>\n<\/tr>\n<tr style=\"height: 17.60pt;\">\n<td class=\"et2\" style=\"height: 17.60pt;\" height=\"17\">Gr\u00f6\u00dfe des Kartons<\/td>\n<td class=\"et2\">39X26X23cm<\/td>\n<\/tr>\n<tr style=\"height: 17.60pt;\">\n<td class=\"et2\" style=\"height: 17.60pt;\" height=\"17\">N.W.\/Karton<\/td>\n<td class=\"et2\">7,6 kg<\/td>\n<\/tr>\n<tr style=\"height: 17.60pt;\">\n<td class=\"et2\" style=\"height: 17.60pt;\" height=\"17\">Preis<\/td>\n<td class=\"et2\">0.55-0.57USD\/pro Beutel<\/td>\n<\/tr>\n<tr style=\"height: 17.60pt;\">\n<td class=\"et2\" style=\"height: 17.60pt;\" height=\"17\">MOQ<\/td>\n<td class=\"et2\">800CTNS<\/td>\n<\/tr>\n<tr style=\"height: 17.60pt;\">\n<td class=\"et2\" style=\"height: 17.60pt;\" height=\"17\">Muster<\/td>\n<td class=\"et2\">Verf\u00fcgbar<\/td>\n<\/tr>\n<\/tbody>\n<\/table>","protected":false},"featured_media":929,"comment_status":"open","ping_status":"closed","template":"","meta":{"_acf_changed":false},"product_brand":[],"product_cat":[24,19],"product_tag":[],"class_list":{"0":"post-927","1":"product","2":"type-product","3":"status-publish","4":"has-post-thumbnail","6":"product_cat-3d-gummy-candy-manufacturer","7":"product_cat-wholesale-gummy-manufacturer","9":"first","10":"instock","11":"shipping-taxable","12":"product-type-simple"},"acf":[],"_links":{"self":[{"href":"https:\/\/www.lechaocandy.com\/de\/wp-json\/wp\/v2\/product\/927","targetHints":{"allow":["GET"]}}],"collection":[{"href":"https:\/\/www.lechaocandy.com\/de\/wp-json\/wp\/v2\/product"}],"about":[{"href":"https:\/\/www.lechaocandy.com\/de\/wp-json\/wp\/v2\/types\/product"}],"replies":[{"embeddable":true,"href":"https:\/\/www.lechaocandy.com\/de\/wp-json\/wp\/v2\/comments?post=927"}],"wp:featuredmedia":[{"embeddable":true,"href":"https:\/\/www.lechaocandy.com\/de\/wp-json\/wp\/v2\/media\/929"}],"wp:attachment":[{"href":"https:\/\/www.lechaocandy.com\/de\/wp-json\/wp\/v2\/media?parent=927"}],"wp:term":[{"taxonomy":"product_brand","embeddable":true,"href":"https:\/\/www.lechaocandy.com\/de\/wp-json\/wp\/v2\/product_brand?post=927"},{"taxonomy":"product_cat","embeddable":true,"href":"https:\/\/www.lechaocandy.com\/de\/wp-json\/wp\/v2\/product_cat?post=927"},{"taxonomy":"product_tag","embeddable":true,"href":"https:\/\/www.lechaocandy.com\/de\/wp-json\/wp\/v2\/product_tag?post=927"}],"curies":[{"name":"wp","href":"https:\/\/api.w.org\/{rel}","templated":true}]}}