{"id":1005,"date":"2025-05-27T06:50:25","date_gmt":"2025-05-27T06:50:25","guid":{"rendered":"https:\/\/www.lechaocandy.com\/?post_type=product&#038;p=1005"},"modified":"2025-05-27T07:00:27","modified_gmt":"2025-05-27T07:00:27","slug":"bulk-gummy-candy-mix","status":"publish","type":"product","link":"https:\/\/www.lechaocandy.com\/es\/producto\/bulk-gummy-candy-mix\/","title":{"rendered":"Caramelos de goma pelables a granel, Gominolas de frutas al por mayor"},"content":{"rendered":"<div class=\"wp-block-columns is-layout-flex wp-container-core-columns-is-layout-9d6595d7 wp-block-columns-is-layout-flex\"><div class=\"wp-block-column is-layout-flow wp-block-column-is-layout-flow\"><h2 class=\"wp-block-heading\">Aspectos destacados de la mezcla de caramelos de goma pelables a granel<\/h2>\n\n<ul class=\"wp-block-list\"><li><strong>Dise\u00f1o pelable, novedoso e interesante: <\/strong>Nuestra mezcla de caramelos de goma a granel tiene una piel exterior pelable, que aumenta la diversi\u00f3n de comer caramelos y es muy apreciada por ni\u00f1os y j\u00f3venes consumidores.<\/li>\n\n<li><strong>Potente sabor afrutado, m\u00e1s de una combinaci\u00f3n de sabores: <\/strong>Nuestras gominolas afrutadas al por mayor tienen un rico aroma afrutado y una experiencia de masticaci\u00f3n distinta.<\/li>\n\n<li><strong>Estructura de doble capa, suave y masticable:<\/strong> Esta mezcla de caramelos de goma a granel tiene una capa exterior ligeramente dura y una capa interior blanda y masticable, lo que aporta una experiencia de masticaci\u00f3n diferente.<\/li>\n\n<li><strong>Mezcla al por mayor, ricos colores: <\/strong>Estas gominolas afrutadas al por mayor se mezclan en una variedad de colores y sabores, adecuados para la exposici\u00f3n y la venta al por mayor.<\/li>\n\n<li><strong>Adecuado para m\u00faltiples escenarios: <\/strong>Esta mezcla de caramelos de goma a granel es adecuada para aperitivos infantiles, actividades de fiesta, paquetes de regalo para fiestas y ventas a granel en supermercados.<\/li><\/ul><\/div>\n\n<div class=\"wp-block-column is-layout-flow wp-block-column-is-layout-flow\"><figure class=\"wp-block-image size-full\"><img decoding=\"async\" width=\"800\" height=\"800\" src=\"https:\/\/www.lechaocandy.com\/wp-content\/uploads\/2025\/05\/Peelable-Bulk-Gummy-Candy-Mix-Fruity-Gummies-Wholesale-1.webp\" alt=\"Caramelos de goma pelables a granel, Gominolas de frutas al por mayor-1\" class=\"wp-image-1006\" srcset=\"https:\/\/www.lechaocandy.com\/wp-content\/uploads\/2025\/05\/Peelable-Bulk-Gummy-Candy-Mix-Fruity-Gummies-Wholesale-1.webp 800w, https:\/\/www.lechaocandy.com\/wp-content\/uploads\/2025\/05\/Peelable-Bulk-Gummy-Candy-Mix-Fruity-Gummies-Wholesale-1-300x300.webp 300w, https:\/\/www.lechaocandy.com\/wp-content\/uploads\/2025\/05\/Peelable-Bulk-Gummy-Candy-Mix-Fruity-Gummies-Wholesale-1-150x150.webp 150w, https:\/\/www.lechaocandy.com\/wp-content\/uploads\/2025\/05\/Peelable-Bulk-Gummy-Candy-Mix-Fruity-Gummies-Wholesale-1-768x768.webp 768w, https:\/\/www.lechaocandy.com\/wp-content\/uploads\/2025\/05\/Peelable-Bulk-Gummy-Candy-Mix-Fruity-Gummies-Wholesale-1-600x600.webp 600w, https:\/\/www.lechaocandy.com\/wp-content\/uploads\/2025\/05\/Peelable-Bulk-Gummy-Candy-Mix-Fruity-Gummies-Wholesale-1-100x100.webp 100w\" sizes=\"(max-width: 800px) 100vw, 800px\" \/><\/figure><\/div><\/div>","protected":false},"excerpt":{"rendered":"<p>Bienvenido a comprar gominolas afrutadas al por mayor. La mezcla de caramelos de goma pelables al por mayor de LeChao adopta un dise\u00f1o \u00fanico de estructura de doble capa, con rico aroma afrutado y sabor interesante. Es un caramelo creativo adecuado para la venta al por mayor, adecuado para la venta al por menor, tarros de caramelos y promociones de vacaciones.<\/p>\n<table style=\"border-collapse: collapse; width: 329.02pt;\" border=\"0\" width=\"329\" cellspacing=\"0\" cellpadding=\"0\">\n<tbody>\n<tr style=\"height: 17.60pt;\">\n<td class=\"et2\" style=\"height: 17.60pt; width: 110.80pt;\" width=\"110\" height=\"17\">Fabricante<\/td>\n<td class=\"et2\" style=\"width: 219.15pt;\" width=\"219\">Caramelos LeChao<\/td>\n<\/tr>\n<tr style=\"height: 18.00pt;\">\n<td class=\"et2\" style=\"height: 18.00pt;\" height=\"18\">Tipo de producto<\/td>\n<td class=\"et3\" style=\"width: 219.15pt;\" width=\"219\">Caramelos de goma pelados<\/td>\n<\/tr>\n<tr style=\"height: 18.00pt;\">\n<td class=\"et2\" style=\"height: 18.00pt;\" height=\"18\">Pruebe<\/td>\n<td class=\"et3\" style=\"width: 219.15pt;\" width=\"219\">Pelable, dulce y resistente<\/td>\n<\/tr>\n<tr style=\"height: 17.60pt;\">\n<td class=\"et2\" style=\"height: 17.60pt;\" height=\"17\">Especificaci\u00f3n<\/td>\n<td class=\"et2\">80g*10bolsas*6cajas<\/td>\n<\/tr>\n<tr style=\"height: 17.60pt;\">\n<td class=\"et2\" style=\"height: 17.60pt;\" height=\"17\">Tama\u00f1o de la caja<\/td>\n<td class=\"et2\">38*19*35cm<\/td>\n<\/tr>\n<tr style=\"height: 17.60pt;\">\n<td class=\"et2\" style=\"height: 17.60pt;\" height=\"17\">N.W.\/Cart\u00f3n<\/td>\n<td class=\"et2\">7.0kg<\/td>\n<\/tr>\n<tr style=\"height: 17.60pt;\">\n<td class=\"et2\" style=\"height: 17.60pt;\" height=\"17\">Precio<\/td>\n<td class=\"et2\">22,8USD<\/td>\n<\/tr>\n<tr style=\"height: 17.60pt;\">\n<td class=\"et2\" style=\"height: 17.60pt;\" height=\"17\">MOQ<\/td>\n<td class=\"et2\">500CTNS<\/td>\n<\/tr>\n<tr style=\"height: 17.60pt;\">\n<td class=\"et2\" style=\"height: 17.60pt;\" height=\"17\">Muestra<\/td>\n<td class=\"et2\">Disponible<\/td>\n<\/tr>\n<\/tbody>\n<\/table>","protected":false},"featured_media":1007,"comment_status":"open","ping_status":"closed","template":"","meta":{"_acf_changed":false},"product_brand":[],"product_cat":[19,29],"product_tag":[],"class_list":{"0":"post-1005","1":"product","2":"type-product","3":"status-publish","4":"has-post-thumbnail","6":"product_cat-wholesale-gummy-manufacturer","7":"product_cat-peelable-gummy-candy-supplier","9":"first","10":"instock","11":"shipping-taxable","12":"product-type-simple"},"acf":[],"_links":{"self":[{"href":"https:\/\/www.lechaocandy.com\/es\/wp-json\/wp\/v2\/product\/1005","targetHints":{"allow":["GET"]}}],"collection":[{"href":"https:\/\/www.lechaocandy.com\/es\/wp-json\/wp\/v2\/product"}],"about":[{"href":"https:\/\/www.lechaocandy.com\/es\/wp-json\/wp\/v2\/types\/product"}],"replies":[{"embeddable":true,"href":"https:\/\/www.lechaocandy.com\/es\/wp-json\/wp\/v2\/comments?post=1005"}],"wp:featuredmedia":[{"embeddable":true,"href":"https:\/\/www.lechaocandy.com\/es\/wp-json\/wp\/v2\/media\/1007"}],"wp:attachment":[{"href":"https:\/\/www.lechaocandy.com\/es\/wp-json\/wp\/v2\/media?parent=1005"}],"wp:term":[{"taxonomy":"product_brand","embeddable":true,"href":"https:\/\/www.lechaocandy.com\/es\/wp-json\/wp\/v2\/product_brand?post=1005"},{"taxonomy":"product_cat","embeddable":true,"href":"https:\/\/www.lechaocandy.com\/es\/wp-json\/wp\/v2\/product_cat?post=1005"},{"taxonomy":"product_tag","embeddable":true,"href":"https:\/\/www.lechaocandy.com\/es\/wp-json\/wp\/v2\/product_tag?post=1005"}],"curies":[{"name":"wp","href":"https:\/\/api.w.org\/{rel}","templated":true}]}}