{"id":1009,"date":"2025-05-27T07:00:53","date_gmt":"2025-05-27T07:00:53","guid":{"rendered":"https:\/\/www.lechaocandy.com\/?post_type=product&#038;p=1009"},"modified":"2025-05-27T07:34:04","modified_gmt":"2025-05-27T07:34:04","slug":"peach-gummies-bulk","status":"publish","type":"product","link":"https:\/\/www.lechaocandy.com\/es\/producto\/peach-gummies-bulk\/","title":{"rendered":"LeChao Gominolas de Melocot\u00f3n Pelables a Granel, Caramelos de goma al por mayor"},"content":{"rendered":"<div class=\"wp-block-columns is-layout-flex wp-container-core-columns-is-layout-9d6595d7 wp-block-columns-is-layout-flex\"><div class=\"wp-block-column is-layout-flow wp-block-column-is-layout-flow\"><h2 class=\"wp-block-heading\">Caracter\u00edsticas principales de las gominolas de melocot\u00f3n pelable a granel<\/h2>\n\n<ul class=\"wp-block-list\"><li><strong>Dise\u00f1o pelable \u00fanico: <\/strong>La capa exterior de nuestras gominolas de melocot\u00f3n a granel puede despegarse f\u00e1cilmente, lo que aumenta la diversi\u00f3n de comer y atrae a consumidores j\u00f3venes y ni\u00f1os.<\/li>\n\n<li><strong>Rico sabor a melocot\u00f3n: <\/strong>Estas gominolas pelables al por mayor est\u00e1n restauradas con aut\u00e9ntico sabor a zumo, dulce y natural, se deshacen en la boca y tienen un regusto infinito.<\/li>\n\n<li><strong>Sabor de doble capa, ricas capas:<\/strong> Estas gominolas de melocot\u00f3n a granel tienen una capa exterior ligeramente dura y una capa interior suave y el\u00e1stica, lo que aporta una rica experiencia de masticaci\u00f3n.<\/li>\n\n<li><strong>Atractivo color y bonita forma: <\/strong>Nuestras gominolas pelables al por mayor est\u00e1n combinadas con suaves colores rosados para realzar su atractivo en los estantes.<\/li>\n\n<li><strong>Gran embalaje al por mayor, amplia aplicaci\u00f3n: <\/strong>Nuestras gominolas de melocot\u00f3n a granel tienen envases aptos para el pesaje a granel en supermercados, as\u00ed como exquisitos tarros de caramelos, cajas de regalo para fiestas y personalizaci\u00f3n OEM.<\/li><\/ul><\/div>\n\n<div class=\"wp-block-column is-layout-flow wp-block-column-is-layout-flow\"><figure class=\"wp-block-image size-full\"><img decoding=\"async\" width=\"800\" height=\"800\" src=\"https:\/\/www.lechaocandy.com\/wp-content\/uploads\/2025\/05\/LeChao-Peelable-Peach-Gummies-Bulk-Gummy-Candy-Wholesale-1.webp\" alt=\"LeChao Gominolas de Melocot\u00f3n Pelables a Granel, Caramelos de goma al por mayor-1\" class=\"wp-image-1010\" srcset=\"https:\/\/www.lechaocandy.com\/wp-content\/uploads\/2025\/05\/LeChao-Peelable-Peach-Gummies-Bulk-Gummy-Candy-Wholesale-1.webp 800w, https:\/\/www.lechaocandy.com\/wp-content\/uploads\/2025\/05\/LeChao-Peelable-Peach-Gummies-Bulk-Gummy-Candy-Wholesale-1-300x300.webp 300w, https:\/\/www.lechaocandy.com\/wp-content\/uploads\/2025\/05\/LeChao-Peelable-Peach-Gummies-Bulk-Gummy-Candy-Wholesale-1-150x150.webp 150w, https:\/\/www.lechaocandy.com\/wp-content\/uploads\/2025\/05\/LeChao-Peelable-Peach-Gummies-Bulk-Gummy-Candy-Wholesale-1-768x768.webp 768w, https:\/\/www.lechaocandy.com\/wp-content\/uploads\/2025\/05\/LeChao-Peelable-Peach-Gummies-Bulk-Gummy-Candy-Wholesale-1-600x600.webp 600w, https:\/\/www.lechaocandy.com\/wp-content\/uploads\/2025\/05\/LeChao-Peelable-Peach-Gummies-Bulk-Gummy-Candy-Wholesale-1-100x100.webp 100w\" sizes=\"(max-width: 800px) 100vw, 800px\" \/><\/figure><\/div><\/div>","protected":false},"excerpt":{"rendered":"<p>Bienvenido a comprar gominolas pelables al por mayor. Nuestras gominolas pelables de melocot\u00f3n al por mayor tienen una jugosa capa interior, rico aroma a melocot\u00f3n, sabor novedoso y divertido, y son caramelos creativos afrutados de gran venta en el mercado mayorista.<\/p>\n<table style=\"border-collapse: collapse; width: 329.02pt;\" border=\"0\" width=\"329\" cellspacing=\"0\" cellpadding=\"0\">\n<tbody>\n<tr style=\"height: 17.60pt;\">\n<td class=\"et2\" style=\"height: 17.60pt; width: 110.80pt;\" width=\"110\" height=\"17\">Fabricante<\/td>\n<td class=\"et2\" style=\"width: 219.15pt;\" width=\"219\">Caramelos LeChao<\/td>\n<\/tr>\n<tr style=\"height: 18.00pt;\">\n<td class=\"et2\" style=\"height: 18.00pt;\" height=\"18\">Tipo de producto<\/td>\n<td class=\"et3\" style=\"width: 219.15pt;\" width=\"219\">Caramelos de goma de melocot\u00f3n pelado<\/td>\n<\/tr>\n<tr style=\"height: 18.00pt;\">\n<td class=\"et2\" style=\"height: 18.00pt;\" height=\"18\">Pruebe<\/td>\n<td class=\"et3\" style=\"width: 219.15pt;\" width=\"219\">Pelable, dulce y resistente<\/td>\n<\/tr>\n<tr style=\"height: 17.60pt;\">\n<td class=\"et2\" style=\"height: 17.60pt;\" height=\"17\">Especificaci\u00f3n<\/td>\n<td class=\"et2\">80g*10bolsas*6cajas<\/td>\n<\/tr>\n<tr style=\"height: 17.60pt;\">\n<td class=\"et2\" style=\"height: 17.60pt;\" height=\"17\">Tama\u00f1o de la caja<\/td>\n<td class=\"et2\">38*19*35cm<\/td>\n<\/tr>\n<tr style=\"height: 17.60pt;\">\n<td class=\"et2\" style=\"height: 17.60pt;\" height=\"17\">N.W.\/Cart\u00f3n<\/td>\n<td class=\"et2\">7.0kg<\/td>\n<\/tr>\n<tr style=\"height: 17.60pt;\">\n<td class=\"et2\" style=\"height: 17.60pt;\" height=\"17\">Precio<\/td>\n<td class=\"et2\">22,8USD<\/td>\n<\/tr>\n<tr style=\"height: 17.60pt;\">\n<td class=\"et2\" style=\"height: 17.60pt;\" height=\"17\">MOQ<\/td>\n<td class=\"et2\">500CTNS<\/td>\n<\/tr>\n<tr style=\"height: 17.60pt;\">\n<td class=\"et2\" style=\"height: 17.60pt;\" height=\"17\">Muestra<\/td>\n<td class=\"et2\">Disponible<\/td>\n<\/tr>\n<\/tbody>\n<\/table>","protected":false},"featured_media":1011,"comment_status":"open","ping_status":"closed","template":"","meta":{"_acf_changed":false},"product_brand":[],"product_cat":[19,29],"product_tag":[],"class_list":{"0":"post-1009","1":"product","2":"type-product","3":"status-publish","4":"has-post-thumbnail","6":"product_cat-wholesale-gummy-manufacturer","7":"product_cat-peelable-gummy-candy-supplier","9":"first","10":"instock","11":"shipping-taxable","12":"product-type-simple"},"acf":[],"_links":{"self":[{"href":"https:\/\/www.lechaocandy.com\/es\/wp-json\/wp\/v2\/product\/1009","targetHints":{"allow":["GET"]}}],"collection":[{"href":"https:\/\/www.lechaocandy.com\/es\/wp-json\/wp\/v2\/product"}],"about":[{"href":"https:\/\/www.lechaocandy.com\/es\/wp-json\/wp\/v2\/types\/product"}],"replies":[{"embeddable":true,"href":"https:\/\/www.lechaocandy.com\/es\/wp-json\/wp\/v2\/comments?post=1009"}],"wp:featuredmedia":[{"embeddable":true,"href":"https:\/\/www.lechaocandy.com\/es\/wp-json\/wp\/v2\/media\/1011"}],"wp:attachment":[{"href":"https:\/\/www.lechaocandy.com\/es\/wp-json\/wp\/v2\/media?parent=1009"}],"wp:term":[{"taxonomy":"product_brand","embeddable":true,"href":"https:\/\/www.lechaocandy.com\/es\/wp-json\/wp\/v2\/product_brand?post=1009"},{"taxonomy":"product_cat","embeddable":true,"href":"https:\/\/www.lechaocandy.com\/es\/wp-json\/wp\/v2\/product_cat?post=1009"},{"taxonomy":"product_tag","embeddable":true,"href":"https:\/\/www.lechaocandy.com\/es\/wp-json\/wp\/v2\/product_tag?post=1009"}],"curies":[{"name":"wp","href":"https:\/\/api.w.org\/{rel}","templated":true}]}}