{"id":1012,"date":"2025-05-27T07:40:26","date_gmt":"2025-05-27T07:40:26","guid":{"rendered":"https:\/\/www.lechaocandy.com\/?post_type=product&#038;p=1012"},"modified":"2025-05-27T08:17:36","modified_gmt":"2025-05-27T08:17:36","slug":"jelly-candy-wholesale","status":"publish","type":"product","link":"https:\/\/www.lechaocandy.com\/es\/producto\/jelly-candy-wholesale\/","title":{"rendered":"Caramelos de goma con piel de uva al por mayor, Caramelos de goma blandos a granel"},"content":{"rendered":"<div class=\"wp-block-columns is-layout-flex wp-container-core-columns-is-layout-9d6595d7 wp-block-columns-is-layout-flex\"><div class=\"wp-block-column is-layout-flow wp-block-column-is-layout-flow\"><h2 class=\"wp-block-heading\">Productos destacados de Grape Peeling Jelly Candy al por mayor<\/h2>\n\n<ul class=\"wp-block-list\"><li><strong>Rico sabor a uva Kyoho: <\/strong>Este caramelo de gelatina al por mayor recupera el aut\u00e9ntico aroma y dulzor de la uva Kyoho, con un aroma afrutado pleno y un regusto refrescante.<\/li>\n\n<li><strong>Revestimiento de az\u00facar pelable, lleno de diversi\u00f3n: <\/strong>Nuestras gominolas pelables a granel con sabor a uva tienen un dise\u00f1o de capa exterior de imitaci\u00f3n de piel de fruta, que se puede pelar y comer, lo que aumenta la sensaci\u00f3n de interacci\u00f3n y diversi\u00f3n.<\/li>\n\n<li><strong>Textura de doble capa, suave y masticable: <\/strong>Este caramelo de gelatina al por mayor tiene una piel exterior dura, un n\u00facleo interior suave y jugoso, y una experiencia masticatoria m\u00e1s estratificada.<\/li>\n\n<li><strong>Forma de simulaci\u00f3n, color atractivo: <\/strong>Estas gominolas pelables a granel tienen colores vivos, que realzan el atractivo de la exposici\u00f3n del producto.<\/li>\n\n<li><strong>Paquete grande al por mayor, ampliamente aplicable: <\/strong>Nuestros caramelos de gelatina al por mayor son adecuados para el pesaje a granel en supermercados, enlatado de caramelos, envasado para regalo y pedidos OEM, con un alto rendimiento de costes.<\/li><\/ul><\/div>\n\n<div class=\"wp-block-column is-layout-flow wp-block-column-is-layout-flow\"><figure class=\"wp-block-image size-full\"><img decoding=\"async\" width=\"800\" height=\"800\" src=\"https:\/\/www.lechaocandy.com\/wp-content\/uploads\/2025\/05\/Grape-Peeling-Jelly-Candy-Wholesale-Soft-Gummy-Candies-Bulk-1.webp\" alt=\"Caramelos de goma con piel de uva al por mayor, caramelos de goma blandos a granel-1\" class=\"wp-image-1013\" srcset=\"https:\/\/www.lechaocandy.com\/wp-content\/uploads\/2025\/05\/Grape-Peeling-Jelly-Candy-Wholesale-Soft-Gummy-Candies-Bulk-1.webp 800w, https:\/\/www.lechaocandy.com\/wp-content\/uploads\/2025\/05\/Grape-Peeling-Jelly-Candy-Wholesale-Soft-Gummy-Candies-Bulk-1-300x300.webp 300w, https:\/\/www.lechaocandy.com\/wp-content\/uploads\/2025\/05\/Grape-Peeling-Jelly-Candy-Wholesale-Soft-Gummy-Candies-Bulk-1-150x150.webp 150w, https:\/\/www.lechaocandy.com\/wp-content\/uploads\/2025\/05\/Grape-Peeling-Jelly-Candy-Wholesale-Soft-Gummy-Candies-Bulk-1-768x768.webp 768w, https:\/\/www.lechaocandy.com\/wp-content\/uploads\/2025\/05\/Grape-Peeling-Jelly-Candy-Wholesale-Soft-Gummy-Candies-Bulk-1-600x600.webp 600w, https:\/\/www.lechaocandy.com\/wp-content\/uploads\/2025\/05\/Grape-Peeling-Jelly-Candy-Wholesale-Soft-Gummy-Candies-Bulk-1-100x100.webp 100w\" sizes=\"(max-width: 800px) 100vw, 800px\" \/><\/figure><\/div><\/div>","protected":false},"excerpt":{"rendered":"<p>Bienvenido a comprar gominolas pelables al por mayor. Este caramelo de goma al por mayor con sabor a uva LeChao tiene un dise\u00f1o de c\u00e1scara de fruta simulada. Tiene un rico aroma a uva Kyoho en cuanto entra en la boca. Es dulce y no grasienta, y gusta mucho a los ni\u00f1os y a los amantes de la fruta.<\/p>\n<table style=\"border-collapse: collapse; width: 329.02pt;\" border=\"0\" width=\"329\" cellspacing=\"0\" cellpadding=\"0\">\n<tbody>\n<tr style=\"height: 17.60pt;\">\n<td class=\"et2\" style=\"height: 17.60pt; width: 110.80pt;\" width=\"110\" height=\"17\">Fabricante<\/td>\n<td class=\"et2\" style=\"width: 219.15pt;\" width=\"219\">Caramelos LeChao<\/td>\n<\/tr>\n<tr style=\"height: 18.00pt;\">\n<td class=\"et2\" style=\"height: 18.00pt;\" height=\"18\">Tipo de producto<\/td>\n<td class=\"et3\" style=\"width: 219.15pt;\" width=\"219\">Caramelos de goma de uva pelada<\/td>\n<\/tr>\n<tr style=\"height: 18.00pt;\">\n<td class=\"et2\" style=\"height: 18.00pt;\" height=\"18\">Pruebe<\/td>\n<td class=\"et3\" style=\"width: 219.15pt;\" width=\"219\">Pelable, dulce y resistente<\/td>\n<\/tr>\n<tr style=\"height: 17.60pt;\">\n<td class=\"et2\" style=\"height: 17.60pt;\" height=\"17\">Especificaci\u00f3n<\/td>\n<td class=\"et2\">80g*10bolsas*6cajas<\/td>\n<\/tr>\n<tr style=\"height: 17.60pt;\">\n<td class=\"et2\" style=\"height: 17.60pt;\" height=\"17\">Tama\u00f1o de la caja<\/td>\n<td class=\"et2\">38*19*35cm<\/td>\n<\/tr>\n<tr style=\"height: 17.60pt;\">\n<td class=\"et2\" style=\"height: 17.60pt;\" height=\"17\">N.W.\/Cart\u00f3n<\/td>\n<td class=\"et2\">7.0kg<\/td>\n<\/tr>\n<tr style=\"height: 17.60pt;\">\n<td class=\"et2\" style=\"height: 17.60pt;\" height=\"17\">Precio<\/td>\n<td class=\"et2\">22,8USD<\/td>\n<\/tr>\n<tr style=\"height: 17.60pt;\">\n<td class=\"et2\" style=\"height: 17.60pt;\" height=\"17\">MOQ<\/td>\n<td class=\"et2\">500CTNS<\/td>\n<\/tr>\n<tr style=\"height: 17.60pt;\">\n<td class=\"et2\" style=\"height: 17.60pt;\" height=\"17\">Muestra<\/td>\n<td class=\"et2\">Disponible<\/td>\n<\/tr>\n<\/tbody>\n<\/table>","protected":false},"featured_media":1014,"comment_status":"open","ping_status":"closed","template":"","meta":{"_acf_changed":false},"product_brand":[],"product_cat":[19,29],"product_tag":[],"class_list":{"0":"post-1012","1":"product","2":"type-product","3":"status-publish","4":"has-post-thumbnail","6":"product_cat-wholesale-gummy-manufacturer","7":"product_cat-peelable-gummy-candy-supplier","9":"first","10":"instock","11":"shipping-taxable","12":"product-type-simple"},"acf":[],"_links":{"self":[{"href":"https:\/\/www.lechaocandy.com\/es\/wp-json\/wp\/v2\/product\/1012","targetHints":{"allow":["GET"]}}],"collection":[{"href":"https:\/\/www.lechaocandy.com\/es\/wp-json\/wp\/v2\/product"}],"about":[{"href":"https:\/\/www.lechaocandy.com\/es\/wp-json\/wp\/v2\/types\/product"}],"replies":[{"embeddable":true,"href":"https:\/\/www.lechaocandy.com\/es\/wp-json\/wp\/v2\/comments?post=1012"}],"wp:featuredmedia":[{"embeddable":true,"href":"https:\/\/www.lechaocandy.com\/es\/wp-json\/wp\/v2\/media\/1014"}],"wp:attachment":[{"href":"https:\/\/www.lechaocandy.com\/es\/wp-json\/wp\/v2\/media?parent=1012"}],"wp:term":[{"taxonomy":"product_brand","embeddable":true,"href":"https:\/\/www.lechaocandy.com\/es\/wp-json\/wp\/v2\/product_brand?post=1012"},{"taxonomy":"product_cat","embeddable":true,"href":"https:\/\/www.lechaocandy.com\/es\/wp-json\/wp\/v2\/product_cat?post=1012"},{"taxonomy":"product_tag","embeddable":true,"href":"https:\/\/www.lechaocandy.com\/es\/wp-json\/wp\/v2\/product_tag?post=1012"}],"curies":[{"name":"wp","href":"https:\/\/api.w.org\/{rel}","templated":true}]}}