{"id":1015,"date":"2025-05-27T07:49:15","date_gmt":"2025-05-27T07:49:15","guid":{"rendered":"https:\/\/www.lechaocandy.com\/?post_type=product&#038;p=1015"},"modified":"2025-05-27T08:17:44","modified_gmt":"2025-05-27T08:17:44","slug":"jelly-candy-bulk","status":"publish","type":"product","link":"https:\/\/www.lechaocandy.com\/es\/producto\/jelly-candy-bulk\/","title":{"rendered":"Caramelos de gelatina sabor naranja a granel, caramelos blandos al por mayor"},"content":{"rendered":"<div class=\"wp-block-columns is-layout-flex wp-container-core-columns-is-layout-9d6595d7 wp-block-columns-is-layout-flex\"><div class=\"wp-block-column is-layout-flow wp-block-column-is-layout-flow\"><h2 class=\"wp-block-heading\">Aspectos destacados de los caramelos de gelatina de piel de naranja a granel<\/h2>\n\n<ul class=\"wp-block-list\"><li><strong>Dise\u00f1o pelable, lleno de diversi\u00f3n: <\/strong>La c\u00e1scara de imitaci\u00f3n de este caramelo de gelatina a granel puede despegarse f\u00e1cilmente, lo que aumenta la sensaci\u00f3n de interacci\u00f3n, y es muy apreciada por ni\u00f1os y j\u00f3venes consumidores.<\/li>\n\n<li><strong>Fragancia fresca y natural de naranja: <\/strong>Estos caramelos blandos al por mayor utilizan f\u00f3rmulas de sabor a naranja de primera calidad, con un aroma prominente, dulce pero no aceitoso, que entusiasma a los paladares.<\/li>\n\n<li><strong>Suave y masticable, doble sabor: <\/strong>El exterior de este caramelo de gelatina a granel es pelable, mientras que el interior es suave y masticable con una rica sensaci\u00f3n de masticaci\u00f3n.<\/li>\n\n<li><strong>Apoyo a la personalizaci\u00f3n de envases para satisfacer diversas necesidades de venta: <\/strong>Nuestros caramelos blandos al por mayor pueden personalizarse con envases de marca seg\u00fan las especificaciones del cliente, adecuados para diversos contextos de venta, como supermercados, sitios web de tiendas en l\u00ednea y cajas de regalo festivas.<\/li>\n\n<li><strong>Entrega r\u00e1pida y suministro estable:<\/strong> LeChao cuenta con un sistema de producci\u00f3n y una gesti\u00f3n de inventarios maduros para garantizar el env\u00edo r\u00e1pido de los pedidos a granel de caramelos de gelatina, as\u00ed como una entrega puntual y fiable.<\/li><\/ul><\/div>\n\n<div class=\"wp-block-column is-layout-flow wp-block-column-is-layout-flow\"><figure class=\"wp-block-image size-full\"><img decoding=\"async\" width=\"800\" height=\"800\" src=\"https:\/\/www.lechaocandy.com\/wp-content\/uploads\/2025\/05\/Orange-Flavor-Peeling-Jelly-Candy-Bulk-Soft-Candy-Wholesale-1.webp\" alt=\"Caramelos de Gelatina Sabor Naranja a Granel, Caramelos Blandos al por Mayor-1\" class=\"wp-image-1016\" srcset=\"https:\/\/www.lechaocandy.com\/wp-content\/uploads\/2025\/05\/Orange-Flavor-Peeling-Jelly-Candy-Bulk-Soft-Candy-Wholesale-1.webp 800w, https:\/\/www.lechaocandy.com\/wp-content\/uploads\/2025\/05\/Orange-Flavor-Peeling-Jelly-Candy-Bulk-Soft-Candy-Wholesale-1-300x300.webp 300w, https:\/\/www.lechaocandy.com\/wp-content\/uploads\/2025\/05\/Orange-Flavor-Peeling-Jelly-Candy-Bulk-Soft-Candy-Wholesale-1-150x150.webp 150w, https:\/\/www.lechaocandy.com\/wp-content\/uploads\/2025\/05\/Orange-Flavor-Peeling-Jelly-Candy-Bulk-Soft-Candy-Wholesale-1-768x768.webp 768w, https:\/\/www.lechaocandy.com\/wp-content\/uploads\/2025\/05\/Orange-Flavor-Peeling-Jelly-Candy-Bulk-Soft-Candy-Wholesale-1-600x600.webp 600w, https:\/\/www.lechaocandy.com\/wp-content\/uploads\/2025\/05\/Orange-Flavor-Peeling-Jelly-Candy-Bulk-Soft-Candy-Wholesale-1-100x100.webp 100w\" sizes=\"(max-width: 800px) 100vw, 800px\" \/><\/figure><\/div><\/div>","protected":false},"excerpt":{"rendered":"<p>Bienvenido a comprar caramelos blandos al por mayor. El caramelo de gelatina pelable al por mayor con sabor a naranja LeChao tiene una c\u00e1scara de imitaci\u00f3n que se puede pelar f\u00e1cilmente, haciendo que el proceso de comer sea divertido. Admite envases personalizados y es adecuado para la venta al por menor, a granel y en festivales, por lo que es una opci\u00f3n ideal para la compra al por mayor.<\/p>\n<table style=\"border-collapse: collapse; width: 329.02pt;\" border=\"0\" width=\"329\" cellspacing=\"0\" cellpadding=\"0\">\n<tbody>\n<tr style=\"height: 17.60pt;\">\n<td class=\"et2\" style=\"height: 17.60pt; width: 110.80pt;\" width=\"110\" height=\"17\">Fabricante<\/td>\n<td class=\"et2\" style=\"width: 219.15pt;\" width=\"219\">Caramelos LeChao<\/td>\n<\/tr>\n<tr style=\"height: 18.00pt;\">\n<td class=\"et2\" style=\"height: 18.00pt;\" height=\"18\">Tipo de producto<\/td>\n<td class=\"et3\" style=\"width: 219.15pt;\" width=\"219\">Caramelos de goma de naranja pelada<\/td>\n<\/tr>\n<tr style=\"height: 18.00pt;\">\n<td class=\"et2\" style=\"height: 18.00pt;\" height=\"18\">Pruebe<\/td>\n<td class=\"et3\" style=\"width: 219.15pt;\" width=\"219\">Pelable, dulce y resistente<\/td>\n<\/tr>\n<tr style=\"height: 17.60pt;\">\n<td class=\"et2\" style=\"height: 17.60pt;\" height=\"17\">Especificaci\u00f3n<\/td>\n<td class=\"et2\">80g*10bolsas*6cajas<\/td>\n<\/tr>\n<tr style=\"height: 17.60pt;\">\n<td class=\"et2\" style=\"height: 17.60pt;\" height=\"17\">Tama\u00f1o de la caja<\/td>\n<td class=\"et2\">38*19*35cm<\/td>\n<\/tr>\n<tr style=\"height: 17.60pt;\">\n<td class=\"et2\" style=\"height: 17.60pt;\" height=\"17\">N.W.\/Cart\u00f3n<\/td>\n<td class=\"et2\">7.0kg<\/td>\n<\/tr>\n<tr style=\"height: 17.60pt;\">\n<td class=\"et2\" style=\"height: 17.60pt;\" height=\"17\">Precio<\/td>\n<td class=\"et2\">22,8USD<\/td>\n<\/tr>\n<tr style=\"height: 17.60pt;\">\n<td class=\"et2\" style=\"height: 17.60pt;\" height=\"17\">MOQ<\/td>\n<td class=\"et2\">500CTNS<\/td>\n<\/tr>\n<tr style=\"height: 17.60pt;\">\n<td class=\"et2\" style=\"height: 17.60pt;\" height=\"17\">Muestra<\/td>\n<td class=\"et2\">Disponible<\/td>\n<\/tr>\n<\/tbody>\n<\/table>","protected":false},"featured_media":1017,"comment_status":"open","ping_status":"closed","template":"","meta":{"_acf_changed":false},"product_brand":[],"product_cat":[19,29],"product_tag":[],"class_list":{"0":"post-1015","1":"product","2":"type-product","3":"status-publish","4":"has-post-thumbnail","6":"product_cat-wholesale-gummy-manufacturer","7":"product_cat-peelable-gummy-candy-supplier","9":"first","10":"instock","11":"shipping-taxable","12":"product-type-simple"},"acf":[],"_links":{"self":[{"href":"https:\/\/www.lechaocandy.com\/es\/wp-json\/wp\/v2\/product\/1015","targetHints":{"allow":["GET"]}}],"collection":[{"href":"https:\/\/www.lechaocandy.com\/es\/wp-json\/wp\/v2\/product"}],"about":[{"href":"https:\/\/www.lechaocandy.com\/es\/wp-json\/wp\/v2\/types\/product"}],"replies":[{"embeddable":true,"href":"https:\/\/www.lechaocandy.com\/es\/wp-json\/wp\/v2\/comments?post=1015"}],"wp:featuredmedia":[{"embeddable":true,"href":"https:\/\/www.lechaocandy.com\/es\/wp-json\/wp\/v2\/media\/1017"}],"wp:attachment":[{"href":"https:\/\/www.lechaocandy.com\/es\/wp-json\/wp\/v2\/media?parent=1015"}],"wp:term":[{"taxonomy":"product_brand","embeddable":true,"href":"https:\/\/www.lechaocandy.com\/es\/wp-json\/wp\/v2\/product_brand?post=1015"},{"taxonomy":"product_cat","embeddable":true,"href":"https:\/\/www.lechaocandy.com\/es\/wp-json\/wp\/v2\/product_cat?post=1015"},{"taxonomy":"product_tag","embeddable":true,"href":"https:\/\/www.lechaocandy.com\/es\/wp-json\/wp\/v2\/product_tag?post=1015"}],"curies":[{"name":"wp","href":"https:\/\/api.w.org\/{rel}","templated":true}]}}