{"id":1018,"date":"2025-05-27T08:03:37","date_gmt":"2025-05-27T08:03:37","guid":{"rendered":"https:\/\/www.lechaocandy.com\/?post_type=product&#038;p=1018"},"modified":"2025-05-27T08:16:58","modified_gmt":"2025-05-27T08:16:58","slug":"bulk-soft-candy","status":"publish","type":"product","link":"https:\/\/www.lechaocandy.com\/es\/producto\/bulk-soft-candy\/","title":{"rendered":"Caramelos blandos a granel de uva verde, caramelos de goma pelables al por mayor"},"content":{"rendered":"<div class=\"wp-block-columns is-layout-flex wp-container-core-columns-is-layout-9d6595d7 wp-block-columns-is-layout-flex\"><div class=\"wp-block-column is-layout-flow wp-block-column-is-layout-flow\"><h2 class=\"wp-block-heading\">Caracter\u00edsticas del caramelo blando a granel Green Grape<\/h2>\n\n<ul class=\"wp-block-list\"><li><strong>Sabor a uva verde fresca: <\/strong>Nuestros caramelos blandos a granel de uva verde tienen un aroma afrutado natural y fresco y un dulzor moderado, y son populares entre consumidores de todas las clases sociales.<\/li>\n\n<li><strong>Recubrimiento de az\u00facar pelable, divertido de comer: <\/strong>Nuestros caramelos de goma pelables al por mayor tienen un sabor \u00fanico y delicioso, y el innovador dise\u00f1o de la gominola atrae f\u00e1cilmente la atenci\u00f3n de los consumidores en el estante.<\/li>\n\n<li><strong>Estructura de doble capa, rico sabor: <\/strong>Este caramelo blando a granel de uva verde tiene un sabor fresco y delicioso, y su innovador dise\u00f1o de gominola puede atraer la atenci\u00f3n de los consumidores a primera vista en el estante.<\/li>\n\n<li><strong>Apoye el envasado personalizado para satisfacer las ventas multicanal:<\/strong> Nuestros caramelos de goma pelables al por mayor pueden personalizarse a petici\u00f3n del cliente. El embalaje de la marca es adecuado para supermercados, comercio electr\u00f3nico, cajas de regalo de vacaciones y pedidos OEM.<\/li>\n\n<li><strong>Suministro a granel, entrega r\u00e1pida:<\/strong> LeChao cuenta con un sistema maduro de producci\u00f3n y log\u00edstica, que permite el env\u00edo r\u00e1pido de pedidos de gran volumen y garantiza un suministro estable de nuestros caramelos blandos a granel de uva verde.<\/li><\/ul><\/div>\n\n<div class=\"wp-block-column is-layout-flow wp-block-column-is-layout-flow\"><figure class=\"wp-block-image size-full\"><img decoding=\"async\" width=\"800\" height=\"800\" src=\"https:\/\/www.lechaocandy.com\/wp-content\/uploads\/2025\/05\/Green-Grape-Bulk-Soft-Candy-Peeling-Gummy-Candies-Wholesale-2.webp\" alt=\"Caramelos blandos a granel de uva verde, caramelos de goma pelables al por mayor-2\" class=\"wp-image-1020\" srcset=\"https:\/\/www.lechaocandy.com\/wp-content\/uploads\/2025\/05\/Green-Grape-Bulk-Soft-Candy-Peeling-Gummy-Candies-Wholesale-2.webp 800w, https:\/\/www.lechaocandy.com\/wp-content\/uploads\/2025\/05\/Green-Grape-Bulk-Soft-Candy-Peeling-Gummy-Candies-Wholesale-2-300x300.webp 300w, https:\/\/www.lechaocandy.com\/wp-content\/uploads\/2025\/05\/Green-Grape-Bulk-Soft-Candy-Peeling-Gummy-Candies-Wholesale-2-150x150.webp 150w, https:\/\/www.lechaocandy.com\/wp-content\/uploads\/2025\/05\/Green-Grape-Bulk-Soft-Candy-Peeling-Gummy-Candies-Wholesale-2-768x768.webp 768w, https:\/\/www.lechaocandy.com\/wp-content\/uploads\/2025\/05\/Green-Grape-Bulk-Soft-Candy-Peeling-Gummy-Candies-Wholesale-2-600x600.webp 600w, https:\/\/www.lechaocandy.com\/wp-content\/uploads\/2025\/05\/Green-Grape-Bulk-Soft-Candy-Peeling-Gummy-Candies-Wholesale-2-100x100.webp 100w\" sizes=\"(max-width: 800px) 100vw, 800px\" \/><\/figure><\/div><\/div>","protected":false},"excerpt":{"rendered":"<p>Bienvenido a comprar caramelos de goma pelados al por mayor. Los caramelos blandos a granel de uva verde de LeChao saben a uvas reales, con un fresco aroma afrutado. Color natural, rico sabor, apoyar la personalizaci\u00f3n de envases y entrega r\u00e1pida.<\/p>\n<table style=\"border-collapse: collapse; width: 329.02pt;\" border=\"0\" width=\"329\" cellspacing=\"0\" cellpadding=\"0\">\n<tbody>\n<tr style=\"height: 17.60pt;\">\n<td class=\"et2\" style=\"height: 17.60pt; width: 110.80pt;\" width=\"110\" height=\"17\">Fabricante<\/td>\n<td class=\"et2\" style=\"width: 219.15pt;\" width=\"219\">Caramelos LeChao<\/td>\n<\/tr>\n<tr style=\"height: 18.00pt;\">\n<td class=\"et2\" style=\"height: 18.00pt;\" height=\"18\">Tipo de producto<\/td>\n<td class=\"et3\" style=\"width: 219.15pt;\" width=\"219\">Caramelos de goma de uva verde pelada<\/td>\n<\/tr>\n<tr style=\"height: 18.00pt;\">\n<td class=\"et2\" style=\"height: 18.00pt;\" height=\"18\">Pruebe<\/td>\n<td class=\"et3\" style=\"width: 219.15pt;\" width=\"219\">Pelable, dulce y resistente<\/td>\n<\/tr>\n<tr style=\"height: 17.60pt;\">\n<td class=\"et2\" style=\"height: 17.60pt;\" height=\"17\">Especificaci\u00f3n<\/td>\n<td class=\"et2\">80g*10bolsas*6cajas<\/td>\n<\/tr>\n<tr style=\"height: 17.60pt;\">\n<td class=\"et2\" style=\"height: 17.60pt;\" height=\"17\">Tama\u00f1o de la caja<\/td>\n<td class=\"et2\">38*19*35cm<\/td>\n<\/tr>\n<tr style=\"height: 17.60pt;\">\n<td class=\"et2\" style=\"height: 17.60pt;\" height=\"17\">N.W.\/Cart\u00f3n<\/td>\n<td class=\"et2\">7.0kg<\/td>\n<\/tr>\n<tr style=\"height: 17.60pt;\">\n<td class=\"et2\" style=\"height: 17.60pt;\" height=\"17\">Precio<\/td>\n<td class=\"et2\">22,8USD<\/td>\n<\/tr>\n<tr style=\"height: 17.60pt;\">\n<td class=\"et2\" style=\"height: 17.60pt;\" height=\"17\">MOQ<\/td>\n<td class=\"et2\">500CTNS<\/td>\n<\/tr>\n<tr style=\"height: 17.60pt;\">\n<td class=\"et2\" style=\"height: 17.60pt;\" height=\"17\">Muestra<\/td>\n<td class=\"et2\">Disponible<\/td>\n<\/tr>\n<\/tbody>\n<\/table>","protected":false},"featured_media":1019,"comment_status":"open","ping_status":"closed","template":"","meta":{"_acf_changed":false},"product_brand":[],"product_cat":[19,29],"product_tag":[],"class_list":{"0":"post-1018","1":"product","2":"type-product","3":"status-publish","4":"has-post-thumbnail","6":"product_cat-wholesale-gummy-manufacturer","7":"product_cat-peelable-gummy-candy-supplier","9":"first","10":"instock","11":"shipping-taxable","12":"product-type-simple"},"acf":[],"_links":{"self":[{"href":"https:\/\/www.lechaocandy.com\/es\/wp-json\/wp\/v2\/product\/1018","targetHints":{"allow":["GET"]}}],"collection":[{"href":"https:\/\/www.lechaocandy.com\/es\/wp-json\/wp\/v2\/product"}],"about":[{"href":"https:\/\/www.lechaocandy.com\/es\/wp-json\/wp\/v2\/types\/product"}],"replies":[{"embeddable":true,"href":"https:\/\/www.lechaocandy.com\/es\/wp-json\/wp\/v2\/comments?post=1018"}],"wp:featuredmedia":[{"embeddable":true,"href":"https:\/\/www.lechaocandy.com\/es\/wp-json\/wp\/v2\/media\/1019"}],"wp:attachment":[{"href":"https:\/\/www.lechaocandy.com\/es\/wp-json\/wp\/v2\/media?parent=1018"}],"wp:term":[{"taxonomy":"product_brand","embeddable":true,"href":"https:\/\/www.lechaocandy.com\/es\/wp-json\/wp\/v2\/product_brand?post=1018"},{"taxonomy":"product_cat","embeddable":true,"href":"https:\/\/www.lechaocandy.com\/es\/wp-json\/wp\/v2\/product_cat?post=1018"},{"taxonomy":"product_tag","embeddable":true,"href":"https:\/\/www.lechaocandy.com\/es\/wp-json\/wp\/v2\/product_tag?post=1018"}],"curies":[{"name":"wp","href":"https:\/\/api.w.org\/{rel}","templated":true}]}}