{"id":1034,"date":"2025-05-27T08:57:02","date_gmt":"2025-05-27T08:57:02","guid":{"rendered":"https:\/\/www.lechaocandy.com\/?post_type=product&#038;p=1034"},"modified":"2025-05-27T09:36:48","modified_gmt":"2025-05-27T09:36:48","slug":"wholesale-gummies","status":"publish","type":"product","link":"https:\/\/www.lechaocandy.com\/es\/producto\/wholesale-gummies\/","title":{"rendered":"4D Building Blocks Gominolas, Caramelos de goma al por mayor al por mayor"},"content":{"rendered":"<div class=\"wp-block-columns is-layout-flex wp-container-core-columns-is-layout-9d6595d7 wp-block-columns-is-layout-flex\"><div class=\"wp-block-column is-layout-flow wp-block-column-is-layout-flow\"><h2 class=\"wp-block-heading\">Aspectos destacados de las gominolas Building Blocks al por mayor<\/h2>\n\n<ul class=\"wp-block-list\"><li><strong>Dise\u00f1o apilable, lleno de diversi\u00f3n: <\/strong>Estas gominolas al por mayor tienen una forma \u00fanica de bloque de construcci\u00f3n 4D, y los caramelos pueden apilarse y construirse para estimular la imaginaci\u00f3n de los ni\u00f1os.<\/li>\n\n<li><strong>Una variedad de combinaciones de formas de bloques de construcci\u00f3n: <\/strong>Este caramelo de gelatina de fruta al por mayor incluye una gran variedad de formas y tama\u00f1os, lo que resulta m\u00e1s divertido de montar y mejora el juego interactivo.<\/li>\n\n<li><strong>Suave y masticable, rico en sabor a fruta:<\/strong> Nuestras gominolas al por mayor tienen varias recetas con sabor a fruta, de sabor suave y masticable, dulces y deliciosas.<\/li>\n\n<li><strong>Colorido y atractivo visual: <\/strong>Nuestros caramelos de gelatina de fruta al por mayor son coloridos y de gran atractivo visual, complementan la belleza de la exposici\u00f3n y captan la imaginaci\u00f3n de los ni\u00f1os.<\/li>\n\n<li><strong>Admite embalaje personalizado y entrega r\u00e1pida: <\/strong>Nuestras gominolas al por mayor se pueden personalizar con el envase de la marca y las especificaciones de tama\u00f1o a petici\u00f3n, suministro directo de f\u00e1brica, env\u00edo eficiente, adecuado para la venta al por mayor a granel.<\/li><\/ul><\/div>\n\n<div class=\"wp-block-column is-layout-flow wp-block-column-is-layout-flow\"><figure class=\"wp-block-image size-full\"><img decoding=\"async\" width=\"800\" height=\"800\" src=\"https:\/\/www.lechaocandy.com\/wp-content\/uploads\/2025\/05\/4D-Building-Blocks-Wholesale-Gummies-Jelly-Candies-In-Bulk-5.webp\" alt=\"4D Building Blocks Gominolas, Caramelos de goma al por mayor a granel-5\" class=\"wp-image-1039\" srcset=\"https:\/\/www.lechaocandy.com\/wp-content\/uploads\/2025\/05\/4D-Building-Blocks-Wholesale-Gummies-Jelly-Candies-In-Bulk-5.webp 800w, https:\/\/www.lechaocandy.com\/wp-content\/uploads\/2025\/05\/4D-Building-Blocks-Wholesale-Gummies-Jelly-Candies-In-Bulk-5-300x300.webp 300w, https:\/\/www.lechaocandy.com\/wp-content\/uploads\/2025\/05\/4D-Building-Blocks-Wholesale-Gummies-Jelly-Candies-In-Bulk-5-150x150.webp 150w, https:\/\/www.lechaocandy.com\/wp-content\/uploads\/2025\/05\/4D-Building-Blocks-Wholesale-Gummies-Jelly-Candies-In-Bulk-5-768x768.webp 768w, https:\/\/www.lechaocandy.com\/wp-content\/uploads\/2025\/05\/4D-Building-Blocks-Wholesale-Gummies-Jelly-Candies-In-Bulk-5-600x600.webp 600w, https:\/\/www.lechaocandy.com\/wp-content\/uploads\/2025\/05\/4D-Building-Blocks-Wholesale-Gummies-Jelly-Candies-In-Bulk-5-100x100.webp 100w\" sizes=\"(max-width: 800px) 100vw, 800px\" \/><\/figure><\/div><\/div>","protected":false},"excerpt":{"rendered":"<p>Bienvenido a comprar caramelos de gelatina de fruta al por mayor. Las gominolas LeChao 4D de bloques de construcci\u00f3n al por mayor se pueden apilar y montar libremente, lo que resulta delicioso y divertido. Combina una variedad de sabores de frutas y es colorido, y es amado por los ni\u00f1os.<\/p>\n<table style=\"border-collapse: collapse; width: 329.02pt;\" border=\"0\" width=\"329\" cellspacing=\"0\" cellpadding=\"0\">\n<tbody>\n<tr style=\"height: 17.60pt;\">\n<td class=\"et2\" style=\"height: 17.60pt; width: 110.80pt;\" width=\"110\" height=\"17\">Fabricante<\/td>\n<td class=\"et2\" style=\"width: 219.15pt;\" width=\"219\">Caramelos LeChao<\/td>\n<\/tr>\n<tr style=\"height: 18.00pt;\">\n<td class=\"et2\" style=\"height: 18.00pt;\" height=\"18\">Tipo de producto<\/td>\n<td class=\"et3\" style=\"width: 219.15pt;\" width=\"219\">Caramelos de goma 4D Building Blocks<\/td>\n<\/tr>\n<tr style=\"height: 18.00pt;\">\n<td class=\"et2\" style=\"height: 18.00pt;\" height=\"18\">Pruebe<\/td>\n<td class=\"et3\" style=\"width: 219.15pt;\" width=\"219\">Agridulce y resistente<\/td>\n<\/tr>\n<tr style=\"height: 17.60pt;\">\n<td class=\"et2\" style=\"height: 17.60pt;\" height=\"17\">Especificaci\u00f3n<\/td>\n<td class=\"et2\">80gX10bolsasX6cajas<\/td>\n<\/tr>\n<tr style=\"height: 17.60pt;\">\n<td class=\"et2\" style=\"height: 17.60pt;\" height=\"17\">Tama\u00f1o de la caja<\/td>\n<td class=\"et2\">39X22X34,5cm<\/td>\n<\/tr>\n<tr style=\"height: 17.60pt;\">\n<td class=\"et2\" style=\"height: 17.60pt;\" height=\"17\">N.W.\/Cart\u00f3n<\/td>\n<td class=\"et2\">6,8 kg<\/td>\n<\/tr>\n<tr style=\"height: 17.60pt;\">\n<td class=\"et2\" style=\"height: 17.60pt;\" height=\"17\">Muestra<\/td>\n<td class=\"et2\">Disponible<\/td>\n<\/tr>\n<\/tbody>\n<\/table>","protected":false},"featured_media":1038,"comment_status":"open","ping_status":"closed","template":"","meta":{"_acf_changed":false},"product_brand":[],"product_cat":[24,19],"product_tag":[],"class_list":{"0":"post-1034","1":"product","2":"type-product","3":"status-publish","4":"has-post-thumbnail","6":"product_cat-3d-gummy-candy-manufacturer","7":"product_cat-wholesale-gummy-manufacturer","9":"first","10":"instock","11":"shipping-taxable","12":"product-type-simple"},"acf":[],"_links":{"self":[{"href":"https:\/\/www.lechaocandy.com\/es\/wp-json\/wp\/v2\/product\/1034","targetHints":{"allow":["GET"]}}],"collection":[{"href":"https:\/\/www.lechaocandy.com\/es\/wp-json\/wp\/v2\/product"}],"about":[{"href":"https:\/\/www.lechaocandy.com\/es\/wp-json\/wp\/v2\/types\/product"}],"replies":[{"embeddable":true,"href":"https:\/\/www.lechaocandy.com\/es\/wp-json\/wp\/v2\/comments?post=1034"}],"wp:featuredmedia":[{"embeddable":true,"href":"https:\/\/www.lechaocandy.com\/es\/wp-json\/wp\/v2\/media\/1038"}],"wp:attachment":[{"href":"https:\/\/www.lechaocandy.com\/es\/wp-json\/wp\/v2\/media?parent=1034"}],"wp:term":[{"taxonomy":"product_brand","embeddable":true,"href":"https:\/\/www.lechaocandy.com\/es\/wp-json\/wp\/v2\/product_brand?post=1034"},{"taxonomy":"product_cat","embeddable":true,"href":"https:\/\/www.lechaocandy.com\/es\/wp-json\/wp\/v2\/product_cat?post=1034"},{"taxonomy":"product_tag","embeddable":true,"href":"https:\/\/www.lechaocandy.com\/es\/wp-json\/wp\/v2\/product_tag?post=1034"}],"curies":[{"name":"wp","href":"https:\/\/api.w.org\/{rel}","templated":true}]}}