{"id":1087,"date":"2025-06-02T02:24:30","date_gmt":"2025-06-02T02:24:30","guid":{"rendered":"https:\/\/www.lechaocandy.com\/?post_type=product&#038;p=1087"},"modified":"2025-06-02T02:35:24","modified_gmt":"2025-06-02T02:35:24","slug":"color-marshmallow-wholesale","status":"publish","type":"product","link":"https:\/\/www.lechaocandy.com\/es\/producto\/color-marshmallow-wholesale\/","title":{"rendered":"Malvavisco de color al por mayor, malvavisco LeChao pedido a granel"},"content":{"rendered":"<div class=\"wp-block-columns is-layout-flex wp-container-core-columns-is-layout-9d6595d7 wp-block-columns-is-layout-flex\"><div class=\"wp-block-column is-layout-flow wp-block-column-is-layout-flow\"><h2 class=\"wp-block-heading\">Productos destacados de Color Marshmallow al por mayor<\/h2>\n\n<ul class=\"wp-block-list\"><li><strong>Dise\u00f1o de empalme tricolor: <\/strong>Nuestros malvaviscos de colores al por mayor son malvaviscos en forma de columna de color rosa, verde y azul, ricos en color, con efectos visuales excepcionales, y realzan el atractivo del producto.<\/li>\n\n<li><strong>Paquete peque\u00f1o independiente:<\/strong> Nuestro pedido a granel de malvavisco es de 20 gramos por bolsa, lo que resulta f\u00e1cil de transportar, almacenar y vender al por menor, satisfaciendo una gran variedad de escenarios de consumo.<\/li>\n\n<li><strong>Sabor suave y delicado: <\/strong>Estos malvaviscos de colores al por mayor son densos y suaves, se deshacen en la boca, dulces pero no grasientos, aptos para consumidores de todas las edades.<\/li>\n\n<li><strong>Adaptabilidad polivalente: <\/strong>Nuestro malvavisco para pedidos al por mayor es adecuado para cajas de regalo festivas, aperitivos para fiestas, venta al por menor para ni\u00f1os, comercio electr\u00f3nico transfronterizo y otros canales de venta.<\/li>\n\n<li><strong>Admite la personalizaci\u00f3n y la venta al por mayor: <\/strong>El color, el envase y el sabor pueden personalizarse. Nuestro malvavisco de color al por mayor puede satisfacer las necesidades de OEM\/ODM y es adecuado para pedidos al por mayor a granel.<\/li><\/ul><\/div>\n\n<div class=\"wp-block-column is-layout-flow wp-block-column-is-layout-flow\"><figure class=\"wp-block-image size-full\"><img decoding=\"async\" width=\"800\" height=\"800\" src=\"https:\/\/www.lechaocandy.com\/wp-content\/uploads\/2025\/06\/Color-Marshmallow-Wholesale-LeChao-Marshmallow-Bulk-Order-1.webp\" alt=\"Malvavisco de color al por mayor, Malvavisco LeChao Pedido al por mayor-1\" class=\"wp-image-1088\" srcset=\"https:\/\/www.lechaocandy.com\/wp-content\/uploads\/2025\/06\/Color-Marshmallow-Wholesale-LeChao-Marshmallow-Bulk-Order-1.webp 800w, https:\/\/www.lechaocandy.com\/wp-content\/uploads\/2025\/06\/Color-Marshmallow-Wholesale-LeChao-Marshmallow-Bulk-Order-1-300x300.webp 300w, https:\/\/www.lechaocandy.com\/wp-content\/uploads\/2025\/06\/Color-Marshmallow-Wholesale-LeChao-Marshmallow-Bulk-Order-1-150x150.webp 150w, https:\/\/www.lechaocandy.com\/wp-content\/uploads\/2025\/06\/Color-Marshmallow-Wholesale-LeChao-Marshmallow-Bulk-Order-1-768x768.webp 768w, https:\/\/www.lechaocandy.com\/wp-content\/uploads\/2025\/06\/Color-Marshmallow-Wholesale-LeChao-Marshmallow-Bulk-Order-1-12x12.webp 12w, https:\/\/www.lechaocandy.com\/wp-content\/uploads\/2025\/06\/Color-Marshmallow-Wholesale-LeChao-Marshmallow-Bulk-Order-1-600x600.webp 600w, https:\/\/www.lechaocandy.com\/wp-content\/uploads\/2025\/06\/Color-Marshmallow-Wholesale-LeChao-Marshmallow-Bulk-Order-1-100x100.webp 100w\" sizes=\"(max-width: 800px) 100vw, 800px\" \/><\/figure><\/div><\/div>","protected":false},"excerpt":{"rendered":"<p>Bienvenido al pedido al por mayor de caramelos de malvavisco de LeChao. Nuestro malvavisco de colores al por mayor es sencillo y lleno de diversi\u00f3n infantil. Cada bolsa tiene 20 gramos de envase independiente, que es f\u00e1cil de llevar y compartir. Admite la venta al por mayor y la personalizaci\u00f3n completa.<\/p>\n<table style=\"border-collapse: collapse; width: 329.02pt;\" border=\"0\" width=\"329\" cellspacing=\"0\" cellpadding=\"0\">\n<tbody>\n<tr style=\"height: 17.60pt;\">\n<td class=\"et2\" style=\"height: 17.60pt; width: 110.80pt;\" width=\"110\" height=\"17\">Fabricante<\/td>\n<td class=\"et2\" style=\"width: 219.15pt;\" width=\"219\">Caramelos LeChao<\/td>\n<\/tr>\n<tr style=\"height: 18.00pt;\">\n<td class=\"et2\" style=\"height: 18.00pt;\" height=\"18\">Tipo de producto<\/td>\n<td class=\"et3\" style=\"width: 219.15pt;\" width=\"219\">Malvavisco de colores<\/td>\n<\/tr>\n<tr style=\"height: 18.00pt;\">\n<td class=\"et2\" style=\"height: 18.00pt;\" height=\"18\">Pruebe<\/td>\n<td class=\"et3\" style=\"width: 219.15pt;\" width=\"219\">Suave y dulce<\/td>\n<\/tr>\n<tr style=\"height: 17.60pt;\">\n<td class=\"et2\" style=\"height: 17.60pt;\" height=\"17\">Especificaci\u00f3n<\/td>\n<td class=\"et2\">20gX24pcsX12cajas<\/td>\n<\/tr>\n<tr style=\"height: 17.60pt;\">\n<td class=\"et2\" style=\"height: 17.60pt;\" height=\"17\">Tama\u00f1o de la caja<\/td>\n<td class=\"et2\">58,5X29,5X40,5cm<\/td>\n<\/tr>\n<tr style=\"height: 17.60pt;\">\n<td class=\"et2\" style=\"height: 17.60pt;\" height=\"17\">N.W.\/Cart\u00f3n<\/td>\n<td class=\"et2\">8.0kg<\/td>\n<\/tr>\n<tr style=\"height: 17.60pt;\">\n<td class=\"et2\" style=\"height: 17.60pt;\" height=\"17\">Precio<\/td>\n<td class=\"et2\">22-23,5USD<\/td>\n<\/tr>\n<tr style=\"height: 17.60pt;\">\n<td class=\"et2\" style=\"height: 17.60pt;\" height=\"17\">MOQ<\/td>\n<td class=\"et2\">400CTNS<\/td>\n<\/tr>\n<tr style=\"height: 17.60pt;\">\n<td class=\"et2\" style=\"height: 17.60pt;\" height=\"17\">Muestra<\/td>\n<td class=\"et2\">Disponible<\/td>\n<\/tr>\n<\/tbody>\n<\/table>","protected":false},"featured_media":1091,"comment_status":"open","ping_status":"closed","template":"","meta":{"_acf_changed":false},"product_brand":[],"product_cat":[22],"product_tag":[],"class_list":{"0":"post-1087","1":"product","2":"type-product","3":"status-publish","4":"has-post-thumbnail","6":"product_cat-wholesale-marshmallows","8":"first","9":"instock","10":"shipping-taxable","11":"product-type-simple"},"acf":[],"_links":{"self":[{"href":"https:\/\/www.lechaocandy.com\/es\/wp-json\/wp\/v2\/product\/1087","targetHints":{"allow":["GET"]}}],"collection":[{"href":"https:\/\/www.lechaocandy.com\/es\/wp-json\/wp\/v2\/product"}],"about":[{"href":"https:\/\/www.lechaocandy.com\/es\/wp-json\/wp\/v2\/types\/product"}],"replies":[{"embeddable":true,"href":"https:\/\/www.lechaocandy.com\/es\/wp-json\/wp\/v2\/comments?post=1087"}],"wp:featuredmedia":[{"embeddable":true,"href":"https:\/\/www.lechaocandy.com\/es\/wp-json\/wp\/v2\/media\/1091"}],"wp:attachment":[{"href":"https:\/\/www.lechaocandy.com\/es\/wp-json\/wp\/v2\/media?parent=1087"}],"wp:term":[{"taxonomy":"product_brand","embeddable":true,"href":"https:\/\/www.lechaocandy.com\/es\/wp-json\/wp\/v2\/product_brand?post=1087"},{"taxonomy":"product_cat","embeddable":true,"href":"https:\/\/www.lechaocandy.com\/es\/wp-json\/wp\/v2\/product_cat?post=1087"},{"taxonomy":"product_tag","embeddable":true,"href":"https:\/\/www.lechaocandy.com\/es\/wp-json\/wp\/v2\/product_tag?post=1087"}],"curies":[{"name":"wp","href":"https:\/\/api.w.org\/{rel}","templated":true}]}}