{"id":1094,"date":"2025-06-02T02:43:49","date_gmt":"2025-06-02T02:43:49","guid":{"rendered":"https:\/\/www.lechaocandy.com\/?post_type=product&#038;p=1094"},"modified":"2025-06-02T02:57:15","modified_gmt":"2025-06-02T02:57:15","slug":"sour-gummy-candy-bulk","status":"publish","type":"product","link":"https:\/\/www.lechaocandy.com\/es\/producto\/sour-gummy-candy-bulk\/","title":{"rendered":"Caramelos de goma \u00e1cidos al por mayor, Caramelos de goma \u00e1cidos al por mayor"},"content":{"rendered":"<div class=\"wp-block-columns is-layout-flex wp-container-core-columns-is-layout-9d6595d7 wp-block-columns-is-layout-flex\"><div class=\"wp-block-column is-layout-flow wp-block-column-is-layout-flow\"><h2 class=\"wp-block-heading\">Aspectos destacados del producto Mini caramelos de goma \u00e1cidos a granel<\/h2>\n\n<ul class=\"wp-block-list\"><li><strong>Seis sabores de frutas: <\/strong>Nuestros caramelos de goma \u00e1cidos a granel contienen 6 sabores de frutas comunes: grosella negra, naranja, mel\u00f3n, melocot\u00f3n, fresa y pi\u00f1a para satisfacer las papilas gustativas de diversos consumidores.<\/li>\n\n<li><strong>Doble sabor agridulce: <\/strong>Este caramelo agrio al por mayor es polvo de az\u00facar agrio de frutas recubierto en el exterior, agrio y refrescante en la boca, dulce y masticable en el centro, equilibrio agrio y dulce, y regusto interminable.<\/li>\n\n<li><strong>Forma mini, colores vivos: <\/strong>Nuestros caramelos de goma \u00e1cidos a granel presentan un tama\u00f1o peque\u00f1o y delicado, colores vivos y un fuerte impacto visual, y son apropiados para el dise\u00f1o de expositores y envases.<\/li>\n\n<li><strong>Adecuado para una gran variedad de escenarios de venta:<\/strong> Este caramelo agrio al por mayor es adecuado para bolsas de aperitivos, fiestas a granel, cajas de regalo navide\u00f1as, comercio electr\u00f3nico transfronterizo y otros tipos de distribuci\u00f3n multicanal.<\/li>\n\n<li><strong>Apoyo a la venta al por mayor y la personalizaci\u00f3n: <\/strong>Ofrecemos venta al por mayor de caramelos de goma \u00e1cidos a granel. El empaquetado, el sabor y la marca se pueden modificar para requisitos particulares seg\u00fan las necesidades, convenientes para la cooperaci\u00f3n de OEM\/ODM.<\/li><\/ul><\/div>\n\n<div class=\"wp-block-column is-layout-flow wp-block-column-is-layout-flow\"><figure class=\"wp-block-image size-full\"><img decoding=\"async\" width=\"800\" height=\"800\" src=\"https:\/\/www.lechaocandy.com\/wp-content\/uploads\/2025\/06\/Mini-Sour-Gummy-Candy-Bulk-Zesty-Fruity-Gummy-Wholesale-8.webp\" alt=\"Caramelos de goma \u00e1cidos al por mayor, caramelos de goma \u00e1cidos al por mayor-8\" class=\"wp-image-1102\" srcset=\"https:\/\/www.lechaocandy.com\/wp-content\/uploads\/2025\/06\/Mini-Sour-Gummy-Candy-Bulk-Zesty-Fruity-Gummy-Wholesale-8.webp 800w, https:\/\/www.lechaocandy.com\/wp-content\/uploads\/2025\/06\/Mini-Sour-Gummy-Candy-Bulk-Zesty-Fruity-Gummy-Wholesale-8-300x300.webp 300w, https:\/\/www.lechaocandy.com\/wp-content\/uploads\/2025\/06\/Mini-Sour-Gummy-Candy-Bulk-Zesty-Fruity-Gummy-Wholesale-8-150x150.webp 150w, https:\/\/www.lechaocandy.com\/wp-content\/uploads\/2025\/06\/Mini-Sour-Gummy-Candy-Bulk-Zesty-Fruity-Gummy-Wholesale-8-768x768.webp 768w, https:\/\/www.lechaocandy.com\/wp-content\/uploads\/2025\/06\/Mini-Sour-Gummy-Candy-Bulk-Zesty-Fruity-Gummy-Wholesale-8-12x12.webp 12w, https:\/\/www.lechaocandy.com\/wp-content\/uploads\/2025\/06\/Mini-Sour-Gummy-Candy-Bulk-Zesty-Fruity-Gummy-Wholesale-8-600x600.webp 600w, https:\/\/www.lechaocandy.com\/wp-content\/uploads\/2025\/06\/Mini-Sour-Gummy-Candy-Bulk-Zesty-Fruity-Gummy-Wholesale-8-100x100.webp 100w\" sizes=\"(max-width: 800px) 100vw, 800px\" \/><\/figure><\/div><\/div>","protected":false},"excerpt":{"rendered":"<p>Bienvenido a comprar caramelos \u00e1cidos al por mayor. Nuestro mini caramelo de goma agria a granel utiliza 6 sabores de frutas cl\u00e1sicas, con polvo de az\u00facar ligeramente \u00e1cido envuelto en el exterior, refrescante y agrio en la boca, dulce y masticable en el interior, ricas capas, y apoya el embalaje personalizado.<\/p>\n<table style=\"border-collapse: collapse; width: 329.02pt;\" border=\"0\" width=\"329\" cellspacing=\"0\" cellpadding=\"0\">\n<tbody>\n<tr style=\"height: 17.60pt;\">\n<td class=\"et2\" style=\"height: 17.60pt; width: 110.80pt;\" width=\"110\" height=\"17\">Fabricante<\/td>\n<td class=\"et2\" style=\"width: 219.15pt;\" width=\"219\">Caramelos LeChao<\/td>\n<\/tr>\n<tr style=\"height: 18.00pt;\">\n<td class=\"et2\" style=\"height: 18.00pt;\" height=\"18\">Tipo de producto<\/td>\n<td class=\"et3\" style=\"width: 219.15pt;\" width=\"219\">Mini caramelos blandos \u00e1cidos<\/td>\n<\/tr>\n<tr style=\"height: 18.00pt;\">\n<td class=\"et2\" style=\"height: 18.00pt;\" height=\"18\">Pruebe<\/td>\n<td class=\"et3\" style=\"width: 219.15pt;\" width=\"219\">Picante y afrutado<\/td>\n<\/tr>\n<tr style=\"height: 17.60pt;\">\n<td class=\"et2\" style=\"height: 17.60pt;\" height=\"17\">Especificaci\u00f3n<\/td>\n<td class=\"et2\">14gx20mini caja x30boxes<\/td>\n<\/tr>\n<tr style=\"height: 17.60pt;\">\n<td class=\"et2\" style=\"height: 17.60pt;\" height=\"17\">Tama\u00f1o de la caja<\/td>\n<td class=\"et2\">47*46*30cm<\/td>\n<\/tr>\n<tr style=\"height: 17.60pt;\">\n<td class=\"et2\" style=\"height: 17.60pt;\" height=\"17\">N.W.\/Cart\u00f3n<\/td>\n<td class=\"et2\">13.0kg<\/td>\n<\/tr>\n<tr style=\"height: 17.60pt;\">\n<td class=\"et2\" style=\"height: 17.60pt;\" height=\"17\">Precio<\/td>\n<td class=\"et2\">19,6USD<\/td>\n<\/tr>\n<tr style=\"height: 17.60pt;\">\n<td class=\"et2\" style=\"height: 17.60pt;\" height=\"17\">MOQ<\/td>\n<td class=\"et2\">500CTNS<\/td>\n<\/tr>\n<tr style=\"height: 17.60pt;\">\n<td class=\"et2\" style=\"height: 17.60pt;\" height=\"17\">Muestra<\/td>\n<td class=\"et2\">Disponible<\/td>\n<\/tr>\n<\/tbody>\n<\/table>","protected":false},"featured_media":1095,"comment_status":"open","ping_status":"closed","template":"","meta":{"_acf_changed":false},"product_brand":[],"product_cat":[28,19],"product_tag":[],"class_list":{"0":"post-1094","1":"product","2":"type-product","3":"status-publish","4":"has-post-thumbnail","6":"product_cat-bulk-sour-gummies","7":"product_cat-wholesale-gummy-manufacturer","9":"first","10":"instock","11":"shipping-taxable","12":"product-type-simple"},"acf":[],"_links":{"self":[{"href":"https:\/\/www.lechaocandy.com\/es\/wp-json\/wp\/v2\/product\/1094","targetHints":{"allow":["GET"]}}],"collection":[{"href":"https:\/\/www.lechaocandy.com\/es\/wp-json\/wp\/v2\/product"}],"about":[{"href":"https:\/\/www.lechaocandy.com\/es\/wp-json\/wp\/v2\/types\/product"}],"replies":[{"embeddable":true,"href":"https:\/\/www.lechaocandy.com\/es\/wp-json\/wp\/v2\/comments?post=1094"}],"wp:featuredmedia":[{"embeddable":true,"href":"https:\/\/www.lechaocandy.com\/es\/wp-json\/wp\/v2\/media\/1095"}],"wp:attachment":[{"href":"https:\/\/www.lechaocandy.com\/es\/wp-json\/wp\/v2\/media?parent=1094"}],"wp:term":[{"taxonomy":"product_brand","embeddable":true,"href":"https:\/\/www.lechaocandy.com\/es\/wp-json\/wp\/v2\/product_brand?post=1094"},{"taxonomy":"product_cat","embeddable":true,"href":"https:\/\/www.lechaocandy.com\/es\/wp-json\/wp\/v2\/product_cat?post=1094"},{"taxonomy":"product_tag","embeddable":true,"href":"https:\/\/www.lechaocandy.com\/es\/wp-json\/wp\/v2\/product_tag?post=1094"}],"curies":[{"name":"wp","href":"https:\/\/api.w.org\/{rel}","templated":true}]}}