{"id":1108,"date":"2025-06-02T03:11:32","date_gmt":"2025-06-02T03:11:32","guid":{"rendered":"https:\/\/www.lechaocandy.com\/?post_type=product&#038;p=1108"},"modified":"2025-06-02T03:46:56","modified_gmt":"2025-06-02T03:46:56","slug":"bulk-fruit-gummies","status":"publish","type":"product","link":"https:\/\/www.lechaocandy.com\/es\/producto\/bulk-fruit-gummies\/","title":{"rendered":"Gominolas de Fruta a Granel con Forma de Estrella, Caramelos blandos masticables al por mayor"},"content":{"rendered":"<div class=\"wp-block-columns is-layout-flex wp-container-core-columns-is-layout-9d6595d7 wp-block-columns-is-layout-flex\"><div class=\"wp-block-column is-layout-flow wp-block-column-is-layout-flow\"><h2 class=\"wp-block-heading\">Caracter\u00edsticas de las gominolas de fruta a granel Star Shape<\/h2>\n\n<ul class=\"wp-block-list\"><li><strong>Dise\u00f1o en forma de estrella: <\/strong>Estas gominolas de fruta a granel vienen con forma de estrella, que es bonita e intrigante, perfecta para el mercado infantil y juvenil.<\/li>\n\n<li><strong>Combinaci\u00f3n de sabores afrutados de tres colores: <\/strong>Nuestras gominolas de frutas al por mayor est\u00e1n aromatizadas y coloreadas, lo que a\u00f1ade un mayor nivel visual y de sabor al art\u00edculo.<\/li>\n\n<li><strong>Sabor suave y masticable: <\/strong>Nuestras gominolas de fruta a granel est\u00e1n elaboradas con materias primas de alta calidad, con un sabor suave y masticable, fuerte aroma afrutado, y dulce y no aceitoso.<\/li>\n\n<li><strong>Envasado individualmente en hojas: <\/strong>Estas gominolas de fruta al por mayor se envasan en hojas individuales, que son higi\u00e9nicas y seguras, f\u00e1ciles de transportar, almacenar y compartir.<\/li>\n\n<li><strong>Adecuado para la venta al por mayor multicanal: <\/strong>Nuestras gominolas de fruta a granel admiten servicios de personalizaci\u00f3n OEM\/ODM, adecuados para supermercados, minoristas, comercio electr\u00f3nico, cajas de regalo festivas y otros escenarios de venta.<\/li><\/ul><\/div>\n\n<div class=\"wp-block-column is-layout-flow wp-block-column-is-layout-flow\"><figure class=\"wp-block-image size-full\"><img decoding=\"async\" width=\"800\" height=\"800\" src=\"https:\/\/www.lechaocandy.com\/wp-content\/uploads\/2025\/06\/Star-Shape-Bulk-Fruit-Gummies-Soft-Chewy-Candies-Wholesale-4.webp\" alt=\"Gominolas de frutas a granel en forma de estrella, caramelos blandos masticables al por mayor-4\" class=\"wp-image-1112\" srcset=\"https:\/\/www.lechaocandy.com\/wp-content\/uploads\/2025\/06\/Star-Shape-Bulk-Fruit-Gummies-Soft-Chewy-Candies-Wholesale-4.webp 800w, https:\/\/www.lechaocandy.com\/wp-content\/uploads\/2025\/06\/Star-Shape-Bulk-Fruit-Gummies-Soft-Chewy-Candies-Wholesale-4-300x300.webp 300w, https:\/\/www.lechaocandy.com\/wp-content\/uploads\/2025\/06\/Star-Shape-Bulk-Fruit-Gummies-Soft-Chewy-Candies-Wholesale-4-150x150.webp 150w, https:\/\/www.lechaocandy.com\/wp-content\/uploads\/2025\/06\/Star-Shape-Bulk-Fruit-Gummies-Soft-Chewy-Candies-Wholesale-4-768x768.webp 768w, https:\/\/www.lechaocandy.com\/wp-content\/uploads\/2025\/06\/Star-Shape-Bulk-Fruit-Gummies-Soft-Chewy-Candies-Wholesale-4-12x12.webp 12w, https:\/\/www.lechaocandy.com\/wp-content\/uploads\/2025\/06\/Star-Shape-Bulk-Fruit-Gummies-Soft-Chewy-Candies-Wholesale-4-600x600.webp 600w, https:\/\/www.lechaocandy.com\/wp-content\/uploads\/2025\/06\/Star-Shape-Bulk-Fruit-Gummies-Soft-Chewy-Candies-Wholesale-4-100x100.webp 100w\" sizes=\"(max-width: 800px) 100vw, 800px\" \/><\/figure><\/div><\/div>","protected":false},"excerpt":{"rendered":"<p>Bienvenido a comprar gominolas de fruta al por mayor. Nuestras gominolas de fruta al por mayor con forma de estrella tienen un aspecto bonito, una textura blanda y masticable y un aroma afrutado. Adecuadas para paquetes de aperitivos, fiestas, festivales y negocios al por mayor al por mayor.<\/p>\n<table style=\"border-collapse: collapse; width: 329.02pt;\" border=\"0\" width=\"329\" cellspacing=\"0\" cellpadding=\"0\">\n<tbody>\n<tr style=\"height: 17.60pt;\">\n<td class=\"et2\" style=\"height: 17.60pt; width: 110.80pt;\" width=\"110\" height=\"17\">Fabricante<\/td>\n<td class=\"et2\" style=\"width: 219.15pt;\" width=\"219\">Caramelos LeChao<\/td>\n<\/tr>\n<tr style=\"height: 18.00pt;\">\n<td class=\"et2\" style=\"height: 18.00pt;\" height=\"18\">Tipo de producto<\/td>\n<td class=\"et3\" style=\"width: 219.15pt;\" width=\"219\">Caramelos de goma Star<\/td>\n<\/tr>\n<tr style=\"height: 18.00pt;\">\n<td class=\"et2\" style=\"height: 18.00pt;\" height=\"18\">Pruebe<\/td>\n<td class=\"et3\" style=\"width: 219.15pt;\" width=\"219\">Agridulce y resistente<\/td>\n<\/tr>\n<tr style=\"height: 17.60pt;\">\n<td class=\"et2\" style=\"height: 17.60pt;\" height=\"17\">Especificaci\u00f3n<\/td>\n<td class=\"et2\">25gx24pcsx12cajas<\/td>\n<\/tr>\n<tr style=\"height: 17.60pt;\">\n<td class=\"et2\" style=\"height: 17.60pt;\" height=\"17\">Tama\u00f1o de la caja<\/td>\n<td class=\"et2\">42,5x31x20cm<\/td>\n<\/tr>\n<tr style=\"height: 17.60pt;\">\n<td class=\"et2\" style=\"height: 17.60pt;\" height=\"17\">N.W.\/Cart\u00f3n<\/td>\n<td class=\"et2\">9,4 kg<\/td>\n<\/tr>\n<tr style=\"height: 17.60pt;\">\n<td class=\"et2\" style=\"height: 17.60pt;\" height=\"17\">Precio<\/td>\n<td class=\"et2\">19,6USD<\/td>\n<\/tr>\n<tr style=\"height: 17.60pt;\">\n<td class=\"et2\" style=\"height: 17.60pt;\" height=\"17\">MOQ<\/td>\n<td class=\"et2\">500CTNS<\/td>\n<\/tr>\n<tr style=\"height: 17.60pt;\">\n<td class=\"et2\" style=\"height: 17.60pt;\" height=\"17\">Muestra<\/td>\n<td class=\"et2\">Disponible<\/td>\n<\/tr>\n<\/tbody>\n<\/table>","protected":false},"featured_media":1109,"comment_status":"open","ping_status":"closed","template":"","meta":{"_acf_changed":false},"product_brand":[],"product_cat":[19],"product_tag":[],"class_list":{"0":"post-1108","1":"product","2":"type-product","3":"status-publish","4":"has-post-thumbnail","6":"product_cat-wholesale-gummy-manufacturer","8":"first","9":"instock","10":"shipping-taxable","11":"product-type-simple"},"acf":[],"_links":{"self":[{"href":"https:\/\/www.lechaocandy.com\/es\/wp-json\/wp\/v2\/product\/1108","targetHints":{"allow":["GET"]}}],"collection":[{"href":"https:\/\/www.lechaocandy.com\/es\/wp-json\/wp\/v2\/product"}],"about":[{"href":"https:\/\/www.lechaocandy.com\/es\/wp-json\/wp\/v2\/types\/product"}],"replies":[{"embeddable":true,"href":"https:\/\/www.lechaocandy.com\/es\/wp-json\/wp\/v2\/comments?post=1108"}],"wp:featuredmedia":[{"embeddable":true,"href":"https:\/\/www.lechaocandy.com\/es\/wp-json\/wp\/v2\/media\/1109"}],"wp:attachment":[{"href":"https:\/\/www.lechaocandy.com\/es\/wp-json\/wp\/v2\/media?parent=1108"}],"wp:term":[{"taxonomy":"product_brand","embeddable":true,"href":"https:\/\/www.lechaocandy.com\/es\/wp-json\/wp\/v2\/product_brand?post=1108"},{"taxonomy":"product_cat","embeddable":true,"href":"https:\/\/www.lechaocandy.com\/es\/wp-json\/wp\/v2\/product_cat?post=1108"},{"taxonomy":"product_tag","embeddable":true,"href":"https:\/\/www.lechaocandy.com\/es\/wp-json\/wp\/v2\/product_tag?post=1108"}],"curies":[{"name":"wp","href":"https:\/\/api.w.org\/{rel}","templated":true}]}}