{"id":1120,"date":"2025-06-02T07:07:23","date_gmt":"2025-06-02T07:07:23","guid":{"rendered":"https:\/\/www.lechaocandy.com\/?post_type=product&#038;p=1120"},"modified":"2026-03-30T09:29:09","modified_gmt":"2026-03-30T09:29:09","slug":"sour-gummies-bulk","status":"publish","type":"product","link":"https:\/\/www.lechaocandy.com\/es\/producto\/sour-gummies-bulk\/","title":{"rendered":"LeChao Mango Sour Gummies Granel, Caramelos de goma al por mayor"},"content":{"rendered":"<div class=\"wp-block-columns is-layout-flex wp-container-core-columns-is-layout-9d6595d7 wp-block-columns-is-layout-flex\"><div class=\"wp-block-column is-layout-flow wp-block-column-is-layout-flow\"><h2 class=\"wp-block-heading\">Aspectos destacados del producto Gominolas \u00e1cidas de mango a granel<\/h2>\n\n<ul class=\"wp-block-list\"><li><strong>Sabor a mango, fusi\u00f3n agridulce:<\/strong> Las gominolas \u00e1cidas de mango a granel de LeChao tienen un fresco y rico aroma a fruta de mango, con un sabor agridulce, que aporta a los consumidores una rica experiencia gustativa.<\/li>\n\n<li><strong>C\u00e1scara crujiente + n\u00facleo interior blando:<\/strong> Estos caramelos masticables al por mayor con sabor a mango est\u00e1n dise\u00f1ados con una estructura de doble capa, con una c\u00e1scara crujiente de az\u00facar \u00e1cido en la capa exterior y un n\u00facleo interior blando y masticable para satisfacer diferentes niveles de necesidades gustativas.<\/li>\n\n<li><strong>Envasado independiente, higi\u00e9nico y c\u00f3modo: <\/strong>Proporcionamos envases independientes para cada gominola \u00e1cida a granel, que son limpios e higi\u00e9nicos, f\u00e1ciles de transportar y adecuados para disfrutar y compartir en cualquier momento.<\/li>\n\n<li><strong>Aplicable a m\u00faltiples escenarios y f\u00e1cil de vender: <\/strong>Estos caramelos masticables de mango \u00e1cido al por mayor son adecuados para supermercados, tiendas de conveniencia, plataformas de comercio electr\u00f3nico, combinaciones de cajas de regalo y otros canales para ayudar a los clientes a ampliar el mercado.<\/li>\n\n<li><strong>Prestar servicios mayoristas y personalizados:<\/strong> Nuestras gominolas \u00e1cidas a granel ofrecen servicios al por mayor y personalizados, incluidos sabores, colores, envases, etc. para satisfacer las necesidades personalizadas de las marcas.<\/li><\/ul><\/div>\n\n<div class=\"wp-block-column is-layout-flow wp-block-column-is-layout-flow\"><figure class=\"wp-block-image size-full\"><img decoding=\"async\" width=\"800\" height=\"800\" src=\"https:\/\/www.lechaocandy.com\/wp-content\/uploads\/2025\/06\/LeChao-Mango-Sour-Gummies-Bulk-Wholesale-Chewy-Sweets-2.webp\" alt=\"LeChao Mango Sour Gummies a Granel, Caramelos masticables al por mayor-2\" class=\"wp-image-1122\" srcset=\"https:\/\/www.lechaocandy.com\/wp-content\/uploads\/2025\/06\/LeChao-Mango-Sour-Gummies-Bulk-Wholesale-Chewy-Sweets-2.webp 800w, https:\/\/www.lechaocandy.com\/wp-content\/uploads\/2025\/06\/LeChao-Mango-Sour-Gummies-Bulk-Wholesale-Chewy-Sweets-2-300x300.webp 300w, https:\/\/www.lechaocandy.com\/wp-content\/uploads\/2025\/06\/LeChao-Mango-Sour-Gummies-Bulk-Wholesale-Chewy-Sweets-2-150x150.webp 150w, https:\/\/www.lechaocandy.com\/wp-content\/uploads\/2025\/06\/LeChao-Mango-Sour-Gummies-Bulk-Wholesale-Chewy-Sweets-2-768x768.webp 768w, https:\/\/www.lechaocandy.com\/wp-content\/uploads\/2025\/06\/LeChao-Mango-Sour-Gummies-Bulk-Wholesale-Chewy-Sweets-2-12x12.webp 12w, https:\/\/www.lechaocandy.com\/wp-content\/uploads\/2025\/06\/LeChao-Mango-Sour-Gummies-Bulk-Wholesale-Chewy-Sweets-2-600x600.webp 600w, https:\/\/www.lechaocandy.com\/wp-content\/uploads\/2025\/06\/LeChao-Mango-Sour-Gummies-Bulk-Wholesale-Chewy-Sweets-2-100x100.webp 100w\" sizes=\"(max-width: 800px) 100vw, 800px\" \/><\/figure><\/div><\/div><figure class=\"wp-block-embed is-type-video is-provider-youtube wp-block-embed-youtube wp-embed-aspect-16-9 wp-has-aspect-ratio\"><div class=\"wp-block-embed__wrapper\">\n<iframe title=\"Sour Gummy Candy | Halal Candy Lechao\" width=\"500\" height=\"281\" src=\"https:\/\/www.youtube.com\/embed\/G4uCMpCQGSQ?feature=oembed\" frameborder=\"0\" allow=\"accelerometer; autoplay; clipboard-write; encrypted-media; gyroscope; picture-in-picture; web-share\" referrerpolicy=\"strict-origin-when-cross-origin\" allowfullscreen><\/iframe>\n<\/div><\/figure>","protected":false},"excerpt":{"rendered":"<p>Bienvenido a comprar caramelos masticables al por mayor. Las gominolas \u00e1cidas con sabor a mango de LeChao a granel est\u00e1n envueltas con polvo de az\u00facar agridulce en el exterior, y el n\u00facleo interior es suave y el\u00e1stico, aportando un sabor a mango con sabor agridulce y rico aroma.<\/p>\n<table style=\"border-collapse: collapse; width: 329.02pt;\" border=\"0\" width=\"329\" cellspacing=\"0\" cellpadding=\"0\">\n<tbody>\n<tr style=\"height: 17.60pt;\">\n<td class=\"et2\" style=\"height: 17.60pt; width: 110.80pt;\" width=\"110\" height=\"17\">Fabricante<\/td>\n<td class=\"et2\" style=\"width: 219.15pt;\" width=\"219\">Caramelos LeChao<\/td>\n<\/tr>\n<tr style=\"height: 18.00pt;\">\n<td class=\"et2\" style=\"height: 18.00pt;\" height=\"18\">Tipo de producto<\/td>\n<td class=\"et3\" style=\"width: 219.15pt;\" width=\"219\">Mini caramelos blandos \u00e1cidos<\/td>\n<\/tr>\n<tr style=\"height: 18.00pt;\">\n<td class=\"et2\" style=\"height: 18.00pt;\" height=\"18\">Pruebe<\/td>\n<td class=\"et3\" style=\"width: 219.15pt;\" width=\"219\">Picante y afrutado<\/td>\n<\/tr>\n<tr style=\"height: 17.60pt;\">\n<td class=\"et2\" style=\"height: 17.60pt;\" height=\"17\">Especificaci\u00f3n<\/td>\n<td class=\"et2\">14gx20mini caja x30boxes<\/td>\n<\/tr>\n<tr style=\"height: 17.60pt;\">\n<td class=\"et2\" style=\"height: 17.60pt;\" height=\"17\">Tama\u00f1o de la caja<\/td>\n<td class=\"et2\">47*46*30cm<\/td>\n<\/tr>\n<tr style=\"height: 17.60pt;\">\n<td class=\"et2\" style=\"height: 17.60pt;\" height=\"17\">N.W.\/Cart\u00f3n<\/td>\n<td class=\"et2\">13.0kg<\/td>\n<\/tr>\n<tr style=\"height: 17.60pt;\">\n<td class=\"et2\" style=\"height: 17.60pt;\" height=\"17\">Precio<\/td>\n<td class=\"et2\">19,6USD<\/td>\n<\/tr>\n<tr style=\"height: 17.60pt;\">\n<td class=\"et2\" style=\"height: 17.60pt;\" height=\"17\">MOQ<\/td>\n<td class=\"et2\">500CTNS<\/td>\n<\/tr>\n<tr style=\"height: 17.60pt;\">\n<td class=\"et2\" style=\"height: 17.60pt;\" height=\"17\">Muestra<\/td>\n<td class=\"et2\">Disponible<\/td>\n<\/tr>\n<\/tbody>\n<\/table>","protected":false},"featured_media":1121,"comment_status":"open","ping_status":"closed","template":"","meta":{"_acf_changed":false},"product_brand":[],"product_cat":[28,19],"product_tag":[],"class_list":{"0":"post-1120","1":"product","2":"type-product","3":"status-publish","4":"has-post-thumbnail","6":"product_cat-bulk-sour-gummies","7":"product_cat-wholesale-gummy-manufacturer","9":"first","10":"instock","11":"shipping-taxable","12":"product-type-simple"},"acf":[],"_links":{"self":[{"href":"https:\/\/www.lechaocandy.com\/es\/wp-json\/wp\/v2\/product\/1120","targetHints":{"allow":["GET"]}}],"collection":[{"href":"https:\/\/www.lechaocandy.com\/es\/wp-json\/wp\/v2\/product"}],"about":[{"href":"https:\/\/www.lechaocandy.com\/es\/wp-json\/wp\/v2\/types\/product"}],"replies":[{"embeddable":true,"href":"https:\/\/www.lechaocandy.com\/es\/wp-json\/wp\/v2\/comments?post=1120"}],"wp:featuredmedia":[{"embeddable":true,"href":"https:\/\/www.lechaocandy.com\/es\/wp-json\/wp\/v2\/media\/1121"}],"wp:attachment":[{"href":"https:\/\/www.lechaocandy.com\/es\/wp-json\/wp\/v2\/media?parent=1120"}],"wp:term":[{"taxonomy":"product_brand","embeddable":true,"href":"https:\/\/www.lechaocandy.com\/es\/wp-json\/wp\/v2\/product_brand?post=1120"},{"taxonomy":"product_cat","embeddable":true,"href":"https:\/\/www.lechaocandy.com\/es\/wp-json\/wp\/v2\/product_cat?post=1120"},{"taxonomy":"product_tag","embeddable":true,"href":"https:\/\/www.lechaocandy.com\/es\/wp-json\/wp\/v2\/product_tag?post=1120"}],"curies":[{"name":"wp","href":"https:\/\/api.w.org\/{rel}","templated":true}]}}