{"id":1124,"date":"2025-06-02T07:25:52","date_gmt":"2025-06-02T07:25:52","guid":{"rendered":"https:\/\/www.lechaocandy.com\/?post_type=product&#038;p=1124"},"modified":"2025-06-02T07:53:08","modified_gmt":"2025-06-02T07:53:08","slug":"sour-gummy-candy-in-bulk","status":"publish","type":"product","link":"https:\/\/www.lechaocandy.com\/es\/producto\/sour-gummy-candy-in-bulk\/","title":{"rendered":"Caramelos de goma \u00e1cidos en forma de coraz\u00f3n a granel, Comprar caramelos blandos"},"content":{"rendered":"<div class=\"wp-block-columns is-layout-flex wp-container-core-columns-is-layout-9d6595d7 wp-block-columns-is-layout-flex\"><div class=\"wp-block-column is-layout-flow wp-block-column-is-layout-flow\"><h2 class=\"wp-block-heading\">Aspectos destacados de los caramelos de goma \u00e1cidos a granel<\/h2>\n\n<ul class=\"wp-block-list\"><li><strong>Forma de coraz\u00f3n, llamativa: <\/strong>Este caramelo de goma \u00e1cido a granel est\u00e1 dise\u00f1ado en forma de coraz\u00f3n, que es bonito y aumenta la predisposici\u00f3n de compra de los consumidores. Es especialmente adecuado para escenas tem\u00e1ticas como el D\u00eda de San Valent\u00edn y cajas de regalo festivas.<\/li>\n\n<li><strong>Dise\u00f1o de costura de color, colores ricos: <\/strong>Estos caramelos masticables al por mayor utilizan un dise\u00f1o de cosido bicolor, con tonos brillantes, y crean un efecto visual alegre y juguet\u00f3n, adem\u00e1s de mejorar el reconocimiento del producto.<\/li>\n\n<li><strong>Envuelto en az\u00facar amargo, con ricas capas de sabor: <\/strong>Este caramelo de goma agrio a granel tiene una fina capa de az\u00facar agrio que se recubre sobre \u00e9l, que es proporcionar una experiencia de sabor agrio y sabroso inicial, y suave y masticable en el interior, la satisfacci\u00f3n de diversas necesidades de sabor.<\/li>\n\n<li><strong>Adecuado para m\u00faltiples canales de venta:<\/strong> Nuestros caramelos masticables al por mayor se adaptan a distintos canales, como envases minoristas, lotes de regalo y venta al por mayor, y pueden ajustarse a las distintas demandas del mercado.<\/li>\n\n<li><strong>Admite la venta al por mayor y la personalizaci\u00f3n: <\/strong>LeChao ofrece caramelos de goma \u00e1cidos a granel para el comercio al por mayor y puede personalizar el sabor, el color y el envase seg\u00fan los requisitos del cliente, lo que permite a las marcas crear l\u00edneas de productos \u00fanicas.<\/li><\/ul><\/div>\n\n<div class=\"wp-block-column is-layout-flow wp-block-column-is-layout-flow\"><figure class=\"wp-block-image size-full\"><img decoding=\"async\" width=\"800\" height=\"800\" src=\"https:\/\/www.lechaocandy.com\/wp-content\/uploads\/2025\/06\/Heart-Shaped-Sour-Gummy-Candy-In-Bulk-Purchase-Soft-Candy-1.webp\" alt=\"Caramelos de goma \u00e1cidos en forma de coraz\u00f3n a granel, Comprar caramelos blandos-1\" class=\"wp-image-1125\" srcset=\"https:\/\/www.lechaocandy.com\/wp-content\/uploads\/2025\/06\/Heart-Shaped-Sour-Gummy-Candy-In-Bulk-Purchase-Soft-Candy-1.webp 800w, https:\/\/www.lechaocandy.com\/wp-content\/uploads\/2025\/06\/Heart-Shaped-Sour-Gummy-Candy-In-Bulk-Purchase-Soft-Candy-1-300x300.webp 300w, https:\/\/www.lechaocandy.com\/wp-content\/uploads\/2025\/06\/Heart-Shaped-Sour-Gummy-Candy-In-Bulk-Purchase-Soft-Candy-1-150x150.webp 150w, https:\/\/www.lechaocandy.com\/wp-content\/uploads\/2025\/06\/Heart-Shaped-Sour-Gummy-Candy-In-Bulk-Purchase-Soft-Candy-1-768x768.webp 768w, https:\/\/www.lechaocandy.com\/wp-content\/uploads\/2025\/06\/Heart-Shaped-Sour-Gummy-Candy-In-Bulk-Purchase-Soft-Candy-1-12x12.webp 12w, https:\/\/www.lechaocandy.com\/wp-content\/uploads\/2025\/06\/Heart-Shaped-Sour-Gummy-Candy-In-Bulk-Purchase-Soft-Candy-1-600x600.webp 600w, https:\/\/www.lechaocandy.com\/wp-content\/uploads\/2025\/06\/Heart-Shaped-Sour-Gummy-Candy-In-Bulk-Purchase-Soft-Candy-1-100x100.webp 100w\" sizes=\"(max-width: 800px) 100vw, 800px\" \/><\/figure><\/div><\/div>","protected":false},"excerpt":{"rendered":"<p>Bienvenido a comprar caramelos masticables al por mayor. Este color brillante en forma de coraz\u00f3n de caramelo de goma agria a granel no s\u00f3lo sabe bien, pero tambi\u00e9n es visualmente atractivo, ideal para promociones de aperitivos, promociones de vacaciones, y la coordinaci\u00f3n de la caja de regalo.<\/p>\n<table style=\"border-collapse: collapse; width: 329.02pt;\" border=\"0\" width=\"329\" cellspacing=\"0\" cellpadding=\"0\">\n<tbody>\n<tr style=\"height: 17.60pt;\">\n<td class=\"et2\" style=\"height: 17.60pt; width: 110.80pt;\" width=\"110\" height=\"17\">Fabricante<\/td>\n<td class=\"et2\" style=\"width: 219.15pt;\" width=\"219\">Caramelos LeChao<\/td>\n<\/tr>\n<tr style=\"height: 18.00pt;\">\n<td class=\"et2\" style=\"height: 18.00pt;\" height=\"18\">Tipo de producto<\/td>\n<td class=\"et3\" style=\"width: 219.15pt;\" width=\"219\">Caramelos de goma \u00e1cidos en forma de coraz\u00f3n<\/td>\n<\/tr>\n<tr style=\"height: 18.00pt;\">\n<td class=\"et2\" style=\"height: 18.00pt;\" height=\"18\">Pruebe<\/td>\n<td class=\"et3\" style=\"width: 219.15pt;\" width=\"219\">Agrio y resistente<\/td>\n<\/tr>\n<tr style=\"height: 17.60pt;\">\n<td class=\"et2\" style=\"height: 17.60pt;\" height=\"17\">Especificaci\u00f3n<\/td>\n<td class=\"et2\">118gx48bolsas<\/td>\n<\/tr>\n<tr style=\"height: 17.60pt;\">\n<td class=\"et2\" style=\"height: 17.60pt;\" height=\"17\">Tama\u00f1o de la caja<\/td>\n<td class=\"et2\">39*26*24cm<\/td>\n<\/tr>\n<tr style=\"height: 17.60pt;\">\n<td class=\"et2\" style=\"height: 17.60pt;\" height=\"17\">N.W.\/Cart\u00f3n<\/td>\n<td class=\"et2\">7,5 kg<\/td>\n<\/tr>\n<tr style=\"height: 17.60pt;\">\n<td class=\"et2\" style=\"height: 17.60pt;\" height=\"17\">Precio<\/td>\n<td class=\"et2\">24USD<\/td>\n<\/tr>\n<tr style=\"height: 17.60pt;\">\n<td class=\"et2\" style=\"height: 17.60pt;\" height=\"17\">MOQ<\/td>\n<td class=\"et2\">500CTNS<\/td>\n<\/tr>\n<tr style=\"height: 17.60pt;\">\n<td class=\"et2\" style=\"height: 17.60pt;\" height=\"17\">Muestra<\/td>\n<td class=\"et2\">Disponible<\/td>\n<\/tr>\n<\/tbody>\n<\/table>","protected":false},"featured_media":1126,"comment_status":"open","ping_status":"closed","template":"","meta":{"_acf_changed":false},"product_brand":[],"product_cat":[28,19],"product_tag":[],"class_list":{"0":"post-1124","1":"product","2":"type-product","3":"status-publish","4":"has-post-thumbnail","6":"product_cat-bulk-sour-gummies","7":"product_cat-wholesale-gummy-manufacturer","9":"first","10":"instock","11":"shipping-taxable","12":"product-type-simple"},"acf":[],"_links":{"self":[{"href":"https:\/\/www.lechaocandy.com\/es\/wp-json\/wp\/v2\/product\/1124","targetHints":{"allow":["GET"]}}],"collection":[{"href":"https:\/\/www.lechaocandy.com\/es\/wp-json\/wp\/v2\/product"}],"about":[{"href":"https:\/\/www.lechaocandy.com\/es\/wp-json\/wp\/v2\/types\/product"}],"replies":[{"embeddable":true,"href":"https:\/\/www.lechaocandy.com\/es\/wp-json\/wp\/v2\/comments?post=1124"}],"wp:featuredmedia":[{"embeddable":true,"href":"https:\/\/www.lechaocandy.com\/es\/wp-json\/wp\/v2\/media\/1126"}],"wp:attachment":[{"href":"https:\/\/www.lechaocandy.com\/es\/wp-json\/wp\/v2\/media?parent=1124"}],"wp:term":[{"taxonomy":"product_brand","embeddable":true,"href":"https:\/\/www.lechaocandy.com\/es\/wp-json\/wp\/v2\/product_brand?post=1124"},{"taxonomy":"product_cat","embeddable":true,"href":"https:\/\/www.lechaocandy.com\/es\/wp-json\/wp\/v2\/product_cat?post=1124"},{"taxonomy":"product_tag","embeddable":true,"href":"https:\/\/www.lechaocandy.com\/es\/wp-json\/wp\/v2\/product_tag?post=1124"}],"curies":[{"name":"wp","href":"https:\/\/api.w.org\/{rel}","templated":true}]}}