{"id":1130,"date":"2025-06-02T07:53:45","date_gmt":"2025-06-02T07:53:45","guid":{"rendered":"https:\/\/www.lechaocandy.com\/?post_type=product&#038;p=1130"},"modified":"2025-06-02T08:06:01","modified_gmt":"2025-06-02T08:06:01","slug":"sour-gummy-candy-wholesale","status":"publish","type":"product","link":"https:\/\/www.lechaocandy.com\/es\/producto\/sour-gummy-candy-wholesale\/","title":{"rendered":"Caramelos de goma agrios en forma de botella al por mayor, caramelos de goma a granel"},"content":{"rendered":"<div class=\"wp-block-columns is-layout-flex wp-container-core-columns-is-layout-9d6595d7 wp-block-columns-is-layout-flex\"><div class=\"wp-block-column is-layout-flow wp-block-column-is-layout-flow\"><h2 class=\"wp-block-heading\">Productos destacados de Caramelos de goma \u00e1cidos al por mayor<\/h2>\n\n<ul class=\"wp-block-list\"><li><strong>Bonita forma de botella, llena de diversi\u00f3n:<\/strong> Este caramelo de goma agrio al por mayor adopta un dise\u00f1o \u00fanico en forma de botella, forma innovadora, e incorpora la diversi\u00f3n del producto, muy favorecido por los ni\u00f1os y los consumidores j\u00f3venes.<\/li>\n\n<li><strong>Dise\u00f1o de colores a juego, gran atractivo visual:<\/strong> Este caramelo de gelatina a granel adopta un proceso de igualaci\u00f3n de colores, con colores brillantes, realzando el efecto de exposici\u00f3n y mejorando el reconocimiento del producto en el estante.<\/li>\n\n<li><strong>Capa exterior de az\u00facar agria, rico sabor: <\/strong>La superficie de este caramelo de goma agrio al por mayor est\u00e1 cubierta de delicado az\u00facar agrio, que es \u00e1cido y refrescante, y se combina con caramelos blandos afrutados suaves y el\u00e1sticos, aportando una deliciosa experiencia de entrelazamiento dulce y agrio.<\/li>\n\n<li><strong>Gran capacidad de adaptaci\u00f3n a las ventas en m\u00faltiples escenarios: <\/strong>Nuestros caramelos de gelatina a granel son adecuados para supermercados, comercio electr\u00f3nico, tiendas minoristas, paquetes de regalo mixtos y otros canales de venta, y tambi\u00e9n son adecuados para promociones navide\u00f1as o aperitivos para fiestas.<\/li>\n\n<li><strong>Prestar servicios mayoristas y personalizados: <\/strong>LeChao admite la venta al por mayor al por mayor y la personalizaci\u00f3n de caramelos de goma \u00e1cidos al por mayor. El color, el envase y el sabor se pueden ajustar seg\u00fan las necesidades del cliente para satisfacer diferentes posicionamientos en el mercado.<\/li><\/ul><\/div>\n\n<div class=\"wp-block-column is-layout-flow wp-block-column-is-layout-flow\"><figure class=\"wp-block-image size-full\"><img decoding=\"async\" width=\"800\" height=\"800\" src=\"https:\/\/www.lechaocandy.com\/wp-content\/uploads\/2025\/06\/Bottle-Shape-Sour-Gummy-Candy-Wholesale-Jelly-Candy-In-Bulk-1.webp\" alt=\"Caramelos de goma en forma de botella al por mayor, caramelos de gelatina a granel-1\" class=\"wp-image-1131\" srcset=\"https:\/\/www.lechaocandy.com\/wp-content\/uploads\/2025\/06\/Bottle-Shape-Sour-Gummy-Candy-Wholesale-Jelly-Candy-In-Bulk-1.webp 800w, https:\/\/www.lechaocandy.com\/wp-content\/uploads\/2025\/06\/Bottle-Shape-Sour-Gummy-Candy-Wholesale-Jelly-Candy-In-Bulk-1-300x300.webp 300w, https:\/\/www.lechaocandy.com\/wp-content\/uploads\/2025\/06\/Bottle-Shape-Sour-Gummy-Candy-Wholesale-Jelly-Candy-In-Bulk-1-150x150.webp 150w, https:\/\/www.lechaocandy.com\/wp-content\/uploads\/2025\/06\/Bottle-Shape-Sour-Gummy-Candy-Wholesale-Jelly-Candy-In-Bulk-1-768x768.webp 768w, https:\/\/www.lechaocandy.com\/wp-content\/uploads\/2025\/06\/Bottle-Shape-Sour-Gummy-Candy-Wholesale-Jelly-Candy-In-Bulk-1-12x12.webp 12w, https:\/\/www.lechaocandy.com\/wp-content\/uploads\/2025\/06\/Bottle-Shape-Sour-Gummy-Candy-Wholesale-Jelly-Candy-In-Bulk-1-600x600.webp 600w, https:\/\/www.lechaocandy.com\/wp-content\/uploads\/2025\/06\/Bottle-Shape-Sour-Gummy-Candy-Wholesale-Jelly-Candy-In-Bulk-1-100x100.webp 100w\" sizes=\"(max-width: 800px) 100vw, 800px\" \/><\/figure><\/div><\/div>","protected":false},"excerpt":{"rendered":"<p>Bienvenido a comprar caramelos de goma al por mayor. Este caramelo de goma agria al por mayor en forma de botella absorbe el dise\u00f1o de color correspondiente, con el exterior recubierto de az\u00facar agria, y es rico en sabor. Ofrece un bocado agridulce juguet\u00f3n, que es perfecto para cualquier tipo de canales de venta y ambiente festivo.<\/p>\n<table style=\"border-collapse: collapse; width: 329.02pt;\" border=\"0\" width=\"329\" cellspacing=\"0\" cellpadding=\"0\">\n<tbody>\n<tr style=\"height: 17.60pt;\">\n<td class=\"et2\" style=\"height: 17.60pt; width: 110.80pt;\" width=\"110\" height=\"17\">Fabricante<\/td>\n<td class=\"et2\" style=\"width: 219.15pt;\" width=\"219\">Caramelos LeChao<\/td>\n<\/tr>\n<tr style=\"height: 18.00pt;\">\n<td class=\"et2\" style=\"height: 18.00pt;\" height=\"18\">Tipo de producto<\/td>\n<td class=\"et3\" style=\"width: 219.15pt;\" width=\"219\">Caramelos de goma \u00e1cidos en forma de botella<\/td>\n<\/tr>\n<tr style=\"height: 18.00pt;\">\n<td class=\"et2\" style=\"height: 18.00pt;\" height=\"18\">Pruebe<\/td>\n<td class=\"et3\" style=\"width: 219.15pt;\" width=\"219\">Agrio y resistente<\/td>\n<\/tr>\n<tr style=\"height: 17.60pt;\">\n<td class=\"et2\" style=\"height: 17.60pt;\" height=\"17\">Especificaci\u00f3n<\/td>\n<td class=\"et2\">118gx48bolsas<\/td>\n<\/tr>\n<tr style=\"height: 17.60pt;\">\n<td class=\"et2\" style=\"height: 17.60pt;\" height=\"17\">Tama\u00f1o de la caja<\/td>\n<td class=\"et2\">39*26*24cm<\/td>\n<\/tr>\n<tr style=\"height: 17.60pt;\">\n<td class=\"et2\" style=\"height: 17.60pt;\" height=\"17\">N.W.\/Cart\u00f3n<\/td>\n<td class=\"et2\">7,5 kg<\/td>\n<\/tr>\n<tr style=\"height: 17.60pt;\">\n<td class=\"et2\" style=\"height: 17.60pt;\" height=\"17\">Precio<\/td>\n<td class=\"et2\">24USD<\/td>\n<\/tr>\n<tr style=\"height: 17.60pt;\">\n<td class=\"et2\" style=\"height: 17.60pt;\" height=\"17\">MOQ<\/td>\n<td class=\"et2\">500CTNS<\/td>\n<\/tr>\n<tr style=\"height: 17.60pt;\">\n<td class=\"et2\" style=\"height: 17.60pt;\" height=\"17\">Muestra<\/td>\n<td class=\"et2\">Disponible<\/td>\n<\/tr>\n<\/tbody>\n<\/table>","protected":false},"featured_media":1132,"comment_status":"open","ping_status":"closed","template":"","meta":{"_acf_changed":false},"product_brand":[],"product_cat":[28,19],"product_tag":[],"class_list":{"0":"post-1130","1":"product","2":"type-product","3":"status-publish","4":"has-post-thumbnail","6":"product_cat-bulk-sour-gummies","7":"product_cat-wholesale-gummy-manufacturer","9":"first","10":"instock","11":"shipping-taxable","12":"product-type-simple"},"acf":[],"_links":{"self":[{"href":"https:\/\/www.lechaocandy.com\/es\/wp-json\/wp\/v2\/product\/1130","targetHints":{"allow":["GET"]}}],"collection":[{"href":"https:\/\/www.lechaocandy.com\/es\/wp-json\/wp\/v2\/product"}],"about":[{"href":"https:\/\/www.lechaocandy.com\/es\/wp-json\/wp\/v2\/types\/product"}],"replies":[{"embeddable":true,"href":"https:\/\/www.lechaocandy.com\/es\/wp-json\/wp\/v2\/comments?post=1130"}],"wp:featuredmedia":[{"embeddable":true,"href":"https:\/\/www.lechaocandy.com\/es\/wp-json\/wp\/v2\/media\/1132"}],"wp:attachment":[{"href":"https:\/\/www.lechaocandy.com\/es\/wp-json\/wp\/v2\/media?parent=1130"}],"wp:term":[{"taxonomy":"product_brand","embeddable":true,"href":"https:\/\/www.lechaocandy.com\/es\/wp-json\/wp\/v2\/product_brand?post=1130"},{"taxonomy":"product_cat","embeddable":true,"href":"https:\/\/www.lechaocandy.com\/es\/wp-json\/wp\/v2\/product_cat?post=1130"},{"taxonomy":"product_tag","embeddable":true,"href":"https:\/\/www.lechaocandy.com\/es\/wp-json\/wp\/v2\/product_tag?post=1130"}],"curies":[{"name":"wp","href":"https:\/\/api.w.org\/{rel}","templated":true}]}}