{"id":1174,"date":"2025-06-09T03:44:38","date_gmt":"2025-06-09T03:44:38","guid":{"rendered":"https:\/\/www.lechaocandy.com\/?post_type=product&#038;p=1174"},"modified":"2026-03-30T09:20:27","modified_gmt":"2026-03-30T09:20:27","slug":"sour-gummi-candy-bulk","status":"publish","type":"product","link":"https:\/\/www.lechaocandy.com\/es\/producto\/sour-gummi-candy-bulk\/","title":{"rendered":"LeChao Caramelos de goma agrios sabor manzana verde al por mayor"},"content":{"rendered":"<div class=\"wp-block-columns is-layout-flex wp-container-core-columns-is-layout-9d6595d7 wp-block-columns-is-layout-flex\"><div class=\"wp-block-column is-layout-flow wp-block-column-is-layout-flow\"><h2 class=\"wp-block-heading\">Aspectos destacados del producto Caramelos de goma \u00e1cidos de manzana verde a granel<\/h2>\n\n<ul class=\"wp-block-list\"><li><strong>Sabor agridulce a manzana verde, refrescante y refrescante: <\/strong>Esta gominola \u00e1cida a granel utiliza un sabor \u00fanico a manzana verde, agridulce, refrescante y no graso, estimulante para las papilas gustativas y adictivo.<\/li>\n\n<li><strong>Textura suave y masticable, cuanto m\u00e1s se mastica, m\u00e1s fragante es: <\/strong>nuestros caramelos de gelatina al por mayor utilizan gelatina de alta calidad para crear una sensaci\u00f3n de masticaci\u00f3n suave y masticable con capas profundas, que los consumidores aceptan ampliamente.<\/li>\n\n<li><strong>Cubierto uniformemente con polvo agrio, con un sabor agrio limpio: <\/strong>Nuestro caramelo de goma agria a granel est\u00e1 ligeramente cubierto con polvo agrio fino en la superficie, agrio en la boca, aumentando el nivel de sabor general y m\u00e1s agradable.<\/li>\n\n<li><strong>Venta al por mayor de paquetes grandes, adecuados para una gran variedad de escenarios: <\/strong>Proporcionamos venta al por mayor de caramelos de gelatina al por mayor, adecuados para tiendas minoristas, supermercados, fiestas de eventos o ventas con etiqueta OEM.<\/li>\n\n<li><strong>Apoye los servicios personalizados para crear productos exclusivos: <\/strong>nuestras gominolas \u00e1cidas a granel pueden personalizarse en sabor, color, envasado y especificaciones seg\u00fan las necesidades del cliente para satisfacer las necesidades de un mercado diverso.<\/li><\/ul><\/div>\n\n<div class=\"wp-block-column is-layout-flow wp-block-column-is-layout-flow\"><figure class=\"wp-block-image size-full\"><img decoding=\"async\" width=\"800\" height=\"800\" src=\"https:\/\/www.lechaocandy.com\/wp-content\/uploads\/2025\/06\/LeChao-Green-Apple-Flavor-Sour-Gummi-Candy-Bulk-Wholesale-2.webp\" alt=\"LeChao Caramelos de goma agrios sabor manzana verde al por mayor-2\" class=\"wp-image-1176\" srcset=\"https:\/\/www.lechaocandy.com\/wp-content\/uploads\/2025\/06\/LeChao-Green-Apple-Flavor-Sour-Gummi-Candy-Bulk-Wholesale-2.webp 800w, https:\/\/www.lechaocandy.com\/wp-content\/uploads\/2025\/06\/LeChao-Green-Apple-Flavor-Sour-Gummi-Candy-Bulk-Wholesale-2-300x300.webp 300w, https:\/\/www.lechaocandy.com\/wp-content\/uploads\/2025\/06\/LeChao-Green-Apple-Flavor-Sour-Gummi-Candy-Bulk-Wholesale-2-150x150.webp 150w, https:\/\/www.lechaocandy.com\/wp-content\/uploads\/2025\/06\/LeChao-Green-Apple-Flavor-Sour-Gummi-Candy-Bulk-Wholesale-2-768x768.webp 768w, https:\/\/www.lechaocandy.com\/wp-content\/uploads\/2025\/06\/LeChao-Green-Apple-Flavor-Sour-Gummi-Candy-Bulk-Wholesale-2-12x12.webp 12w, https:\/\/www.lechaocandy.com\/wp-content\/uploads\/2025\/06\/LeChao-Green-Apple-Flavor-Sour-Gummi-Candy-Bulk-Wholesale-2-600x600.webp 600w, https:\/\/www.lechaocandy.com\/wp-content\/uploads\/2025\/06\/LeChao-Green-Apple-Flavor-Sour-Gummi-Candy-Bulk-Wholesale-2-100x100.webp 100w\" sizes=\"(max-width: 800px) 100vw, 800px\" \/><\/figure><\/div><\/div><figure class=\"wp-block-embed is-type-video is-provider-youtube wp-block-embed-youtube wp-embed-aspect-16-9 wp-has-aspect-ratio\"><div class=\"wp-block-embed__wrapper\">\n<iframe title=\"Sour Gummy Candy | Halal Candy Lechao\" width=\"500\" height=\"281\" src=\"https:\/\/www.youtube.com\/embed\/G4uCMpCQGSQ?feature=oembed\" frameborder=\"0\" allow=\"accelerometer; autoplay; clipboard-write; encrypted-media; gyroscope; picture-in-picture; web-share\" referrerpolicy=\"strict-origin-when-cross-origin\" allowfullscreen><\/iframe>\n<\/div><\/figure>","protected":false},"excerpt":{"rendered":"<p>Bienvenido a comprar caramelos de goma al por mayor. Los caramelos de goma \u00e1cidos al por mayor con sabor a manzana verde de LeChao aportan un sabor refrescante con un equilibrio entre dulce y \u00e1cido. Ya sea para el pasillo de aperitivos, para rellenar fiestas o para marcar, este sabor cl\u00e1sico es ideal para compras al por mayor.<\/p>\n<table style=\"border-collapse: collapse; width: 329.02pt;\" border=\"0\" width=\"329\" cellspacing=\"0\" cellpadding=\"0\">\n<tbody>\n<tr style=\"height: 17.60pt;\">\n<td class=\"et2\" style=\"height: 17.60pt; width: 110.80pt;\" width=\"110\" height=\"17\">Fabricante<\/td>\n<td class=\"et2\" style=\"width: 219.15pt;\" width=\"219\">Caramelos LeChao<\/td>\n<\/tr>\n<tr style=\"height: 18.00pt;\">\n<td class=\"et2\" style=\"height: 18.00pt;\" height=\"18\">Tipo de producto<\/td>\n<td class=\"et3\" style=\"width: 219.15pt;\" width=\"219\">Caramelo de goma agrio de manzana verde<\/td>\n<\/tr>\n<tr style=\"height: 18.00pt;\">\n<td class=\"et2\" style=\"height: 18.00pt;\" height=\"18\">Pruebe<\/td>\n<td class=\"et3\" style=\"width: 219.15pt;\" width=\"219\">Picante y afrutado<\/td>\n<\/tr>\n<tr style=\"height: 17.60pt;\">\n<td class=\"et2\" style=\"height: 17.60pt;\" height=\"17\">Especificaci\u00f3n<\/td>\n<td class=\"et2\">100gX48bolsas<\/td>\n<\/tr>\n<tr style=\"height: 17.60pt;\">\n<td class=\"et2\" style=\"height: 17.60pt;\" height=\"17\">Tama\u00f1o de la caja<\/td>\n<td class=\"et2\">45*33*30cm<\/td>\n<\/tr>\n<tr style=\"height: 17.60pt;\">\n<td class=\"et2\" style=\"height: 17.60pt;\" height=\"17\">N.W.\/Cart\u00f3n<\/td>\n<td class=\"et2\">6.0kg<\/td>\n<\/tr>\n<tr style=\"height: 17.60pt;\">\n<td class=\"et2\" style=\"height: 17.60pt;\" height=\"17\">Muestra<\/td>\n<td class=\"et2\">Disponible<\/td>\n<\/tr>\n<\/tbody>\n<\/table>","protected":false},"featured_media":1175,"comment_status":"open","ping_status":"closed","template":"","meta":{"_acf_changed":false},"product_brand":[],"product_cat":[28,19],"product_tag":[],"class_list":{"0":"post-1174","1":"product","2":"type-product","3":"status-publish","4":"has-post-thumbnail","6":"product_cat-bulk-sour-gummies","7":"product_cat-wholesale-gummy-manufacturer","9":"first","10":"instock","11":"shipping-taxable","12":"product-type-simple"},"acf":[],"_links":{"self":[{"href":"https:\/\/www.lechaocandy.com\/es\/wp-json\/wp\/v2\/product\/1174","targetHints":{"allow":["GET"]}}],"collection":[{"href":"https:\/\/www.lechaocandy.com\/es\/wp-json\/wp\/v2\/product"}],"about":[{"href":"https:\/\/www.lechaocandy.com\/es\/wp-json\/wp\/v2\/types\/product"}],"replies":[{"embeddable":true,"href":"https:\/\/www.lechaocandy.com\/es\/wp-json\/wp\/v2\/comments?post=1174"}],"wp:featuredmedia":[{"embeddable":true,"href":"https:\/\/www.lechaocandy.com\/es\/wp-json\/wp\/v2\/media\/1175"}],"wp:attachment":[{"href":"https:\/\/www.lechaocandy.com\/es\/wp-json\/wp\/v2\/media?parent=1174"}],"wp:term":[{"taxonomy":"product_brand","embeddable":true,"href":"https:\/\/www.lechaocandy.com\/es\/wp-json\/wp\/v2\/product_brand?post=1174"},{"taxonomy":"product_cat","embeddable":true,"href":"https:\/\/www.lechaocandy.com\/es\/wp-json\/wp\/v2\/product_cat?post=1174"},{"taxonomy":"product_tag","embeddable":true,"href":"https:\/\/www.lechaocandy.com\/es\/wp-json\/wp\/v2\/product_tag?post=1174"}],"curies":[{"name":"wp","href":"https:\/\/api.w.org\/{rel}","templated":true}]}}