{"id":1179,"date":"2025-06-09T04:02:53","date_gmt":"2025-06-09T04:02:53","guid":{"rendered":"https:\/\/www.lechaocandy.com\/?post_type=product&#038;p=1179"},"modified":"2026-03-30T09:19:03","modified_gmt":"2026-03-30T09:19:03","slug":"wholesale-sour-candy","status":"publish","type":"product","link":"https:\/\/www.lechaocandy.com\/es\/producto\/wholesale-sour-candy\/","title":{"rendered":"LeChao Venta al por mayor de caramelos \u00e1cidos, gominolas de fresa \u00e1cida a granel"},"content":{"rendered":"<div class=\"wp-block-columns is-layout-flex wp-container-core-columns-is-layout-9d6595d7 wp-block-columns-is-layout-flex\"><div class=\"wp-block-column is-layout-flow wp-block-column-is-layout-flow\"><h2 class=\"wp-block-heading\">Caracter\u00edsticas de los caramelos \u00e1cidos de fresa al por mayor<\/h2>\n\n<ul class=\"wp-block-list\"><li><strong>Rico sabor a fresa, fusi\u00f3n agridulce:<\/strong> Este caramelo agrio al por mayor utiliza esencia de fresa real y una f\u00f3rmula exclusiva de polvo agrio para aportar un rico sabor agridulce, que resulta fragante nada m\u00e1s abrir la bolsa.<\/li>\n\n<li><strong>Sensaci\u00f3n masticable, excelente sabor: <\/strong>Nuestras gominolas de fresa \u00e1cida a granel est\u00e1n hechas de gelatina de alta calidad, que es suave, glutinosa y el\u00e1stica, y cuanto m\u00e1s se mastica, m\u00e1s fragante es, apta para todas las edades.<\/li>\n\n<li><strong>Recubrimiento agrio, lleno de diversi\u00f3n:<\/strong> Estas gominolas de caramelo \u00e1cido al por mayor est\u00e1n recubiertas de polvo \u00e1cido uniforme en la superficie, que es \u00e1cido cuando se muerde, lo que aumenta la diversi\u00f3n de comer, adecuado para los consumidores j\u00f3venes.<\/li>\n\n<li><strong>Venta al por mayor de paquetes grandes, alto margen de beneficio: <\/strong>Estas gominolas de fresa \u00e1cida a granel son adecuadas para supermercados, venta al por mayor de aperitivos, llenado de cajas de regalo y otros escenarios de venta, y admiten el suministro a granel.<\/li>\n\n<li><strong>Apoyar los servicios personalizados para satisfacer con flexibilidad las necesidades del mercado: <\/strong>Proporcionamos gominolas de caramelo \u00e1cido al por mayor con servicios de personalizaci\u00f3n OEM\/ODM multidimensionales, como envases, sabores y formas, para ayudar a crear marcas exclusivas.<\/li><\/ul><\/div>\n\n<div class=\"wp-block-column is-layout-flow wp-block-column-is-layout-flow\"><figure class=\"wp-block-image size-full\"><img decoding=\"async\" width=\"800\" height=\"800\" src=\"https:\/\/www.lechaocandy.com\/wp-content\/uploads\/2025\/06\/LeChao-Wholesale-Sour-Candy-Sour-Strawberry-Gummies-In-Bulk-1.webp\" alt=\"LeChao Venta al por mayor de caramelos \u00e1cidos, gominolas de fresa \u00e1cida a granel-1\" class=\"wp-image-1181\" srcset=\"https:\/\/www.lechaocandy.com\/wp-content\/uploads\/2025\/06\/LeChao-Wholesale-Sour-Candy-Sour-Strawberry-Gummies-In-Bulk-1.webp 800w, https:\/\/www.lechaocandy.com\/wp-content\/uploads\/2025\/06\/LeChao-Wholesale-Sour-Candy-Sour-Strawberry-Gummies-In-Bulk-1-300x300.webp 300w, https:\/\/www.lechaocandy.com\/wp-content\/uploads\/2025\/06\/LeChao-Wholesale-Sour-Candy-Sour-Strawberry-Gummies-In-Bulk-1-150x150.webp 150w, https:\/\/www.lechaocandy.com\/wp-content\/uploads\/2025\/06\/LeChao-Wholesale-Sour-Candy-Sour-Strawberry-Gummies-In-Bulk-1-768x768.webp 768w, https:\/\/www.lechaocandy.com\/wp-content\/uploads\/2025\/06\/LeChao-Wholesale-Sour-Candy-Sour-Strawberry-Gummies-In-Bulk-1-12x12.webp 12w, https:\/\/www.lechaocandy.com\/wp-content\/uploads\/2025\/06\/LeChao-Wholesale-Sour-Candy-Sour-Strawberry-Gummies-In-Bulk-1-600x600.webp 600w, https:\/\/www.lechaocandy.com\/wp-content\/uploads\/2025\/06\/LeChao-Wholesale-Sour-Candy-Sour-Strawberry-Gummies-In-Bulk-1-100x100.webp 100w\" sizes=\"(max-width: 800px) 100vw, 800px\" \/><\/figure><\/div><\/div><figure class=\"wp-block-embed is-type-video is-provider-youtube wp-block-embed-youtube wp-embed-aspect-16-9 wp-has-aspect-ratio\"><div class=\"wp-block-embed__wrapper\">\n<iframe title=\"Sour Gummy Candy | Halal Candy Lechao\" width=\"500\" height=\"281\" src=\"https:\/\/www.youtube.com\/embed\/G4uCMpCQGSQ?feature=oembed\" frameborder=\"0\" allow=\"accelerometer; autoplay; clipboard-write; encrypted-media; gyroscope; picture-in-picture; web-share\" referrerpolicy=\"strict-origin-when-cross-origin\" allowfullscreen><\/iframe>\n<\/div><\/figure>","protected":false},"excerpt":{"rendered":"<p>Bienvenido a comprar gominolas de caramelo \u00e1cido al por mayor. Las gominolas de fresa \u00e1cida al por mayor de LeChao est\u00e1n recubiertas de refrescante polvo \u00e1cido para crear un sabor agridulce \u00fanico. La soluci\u00f3n rentable de envasado al por mayor es una opci\u00f3n ideal para marcas de aperitivos, distribuidores y proveedores de regalos.<\/p>\n<table style=\"border-collapse: collapse; width: 329.02pt;\" border=\"0\" width=\"329\" cellspacing=\"0\" cellpadding=\"0\">\n<tbody>\n<tr style=\"height: 17.60pt;\">\n<td class=\"et2\" style=\"height: 17.60pt; width: 110.80pt;\" width=\"110\" height=\"17\">Fabricante<\/td>\n<td class=\"et2\" style=\"width: 219.15pt;\" width=\"219\">Caramelos LeChao<\/td>\n<\/tr>\n<tr style=\"height: 18.00pt;\">\n<td class=\"et2\" style=\"height: 18.00pt;\" height=\"18\">Tipo de producto<\/td>\n<td class=\"et3\" style=\"width: 219.15pt;\" width=\"219\">Caramelos de goma de fresa \u00e1cida<\/td>\n<\/tr>\n<tr style=\"height: 18.00pt;\">\n<td class=\"et2\" style=\"height: 18.00pt;\" height=\"18\">Pruebe<\/td>\n<td class=\"et3\" style=\"width: 219.15pt;\" width=\"219\">Picante y afrutado<\/td>\n<\/tr>\n<tr style=\"height: 17.60pt;\">\n<td class=\"et2\" style=\"height: 17.60pt;\" height=\"17\">Especificaci\u00f3n<\/td>\n<td class=\"et2\">100gX48bolsas<\/td>\n<\/tr>\n<tr style=\"height: 17.60pt;\">\n<td class=\"et2\" style=\"height: 17.60pt;\" height=\"17\">Tama\u00f1o de la caja<\/td>\n<td class=\"et2\">45*33*30cm<\/td>\n<\/tr>\n<tr style=\"height: 17.60pt;\">\n<td class=\"et2\" style=\"height: 17.60pt;\" height=\"17\">N.W.\/Cart\u00f3n<\/td>\n<td class=\"et2\">6.0kg<\/td>\n<\/tr>\n<tr style=\"height: 17.60pt;\">\n<td class=\"et2\" style=\"height: 17.60pt;\" height=\"17\">Muestra<\/td>\n<td class=\"et2\">Disponible<\/td>\n<\/tr>\n<\/tbody>\n<\/table>","protected":false},"featured_media":1180,"comment_status":"open","ping_status":"closed","template":"","meta":{"_acf_changed":false},"product_brand":[],"product_cat":[28,19],"product_tag":[],"class_list":{"0":"post-1179","1":"product","2":"type-product","3":"status-publish","4":"has-post-thumbnail","6":"product_cat-bulk-sour-gummies","7":"product_cat-wholesale-gummy-manufacturer","9":"first","10":"instock","11":"shipping-taxable","12":"product-type-simple"},"acf":[],"_links":{"self":[{"href":"https:\/\/www.lechaocandy.com\/es\/wp-json\/wp\/v2\/product\/1179","targetHints":{"allow":["GET"]}}],"collection":[{"href":"https:\/\/www.lechaocandy.com\/es\/wp-json\/wp\/v2\/product"}],"about":[{"href":"https:\/\/www.lechaocandy.com\/es\/wp-json\/wp\/v2\/types\/product"}],"replies":[{"embeddable":true,"href":"https:\/\/www.lechaocandy.com\/es\/wp-json\/wp\/v2\/comments?post=1179"}],"wp:featuredmedia":[{"embeddable":true,"href":"https:\/\/www.lechaocandy.com\/es\/wp-json\/wp\/v2\/media\/1180"}],"wp:attachment":[{"href":"https:\/\/www.lechaocandy.com\/es\/wp-json\/wp\/v2\/media?parent=1179"}],"wp:term":[{"taxonomy":"product_brand","embeddable":true,"href":"https:\/\/www.lechaocandy.com\/es\/wp-json\/wp\/v2\/product_brand?post=1179"},{"taxonomy":"product_cat","embeddable":true,"href":"https:\/\/www.lechaocandy.com\/es\/wp-json\/wp\/v2\/product_cat?post=1179"},{"taxonomy":"product_tag","embeddable":true,"href":"https:\/\/www.lechaocandy.com\/es\/wp-json\/wp\/v2\/product_tag?post=1179"}],"curies":[{"name":"wp","href":"https:\/\/api.w.org\/{rel}","templated":true}]}}