{"id":1182,"date":"2025-06-09T09:42:27","date_gmt":"2025-06-09T09:42:27","guid":{"rendered":"https:\/\/www.lechaocandy.com\/?post_type=product&#038;p=1182"},"modified":"2025-06-09T09:53:38","modified_gmt":"2025-06-09T09:53:38","slug":"turtles-candy-bulk","status":"publish","type":"product","link":"https:\/\/www.lechaocandy.com\/es\/producto\/turtles-candy-bulk\/","title":{"rendered":"Caramelos de goma tortugas a granel, caramelos masticables al por mayor"},"content":{"rendered":"<div class=\"wp-block-columns is-layout-flex wp-container-core-columns-is-layout-9d6595d7 wp-block-columns-is-layout-flex\"><div class=\"wp-block-column is-layout-flow wp-block-column-is-layout-flow\"><h2 class=\"wp-block-heading\">Aspectos destacados del producto Tortugas de goma \u00e1cidas a granel<\/h2>\n\n<ul class=\"wp-block-list\"><li><strong>Bonita forma de tortuga, llamativa e interesante: <\/strong>Nuestras tortugas de goma a granel tienen un dise\u00f1o creativo en forma de tortuga, colores brillantes e im\u00e1genes vivas, lo que aumenta su atractivo en los estantes y gusta mucho a los ni\u00f1os y j\u00f3venes consumidores.<\/li>\n\n<li><strong>M\u00faltiples sabores frutales, rico y delicioso: <\/strong>Nuestras gominolas \u00e1cidas al por mayor tienen diferentes sabores de fruta, mezcla agridulce, llenas de capas, para satisfacer diversas preferencias de sabor.<\/li>\n\n<li><strong>Recubierto con polvo agrio, \u00e1cido y estimulante: <\/strong>Estas tortugas de gominola a granel est\u00e1n recubiertas uniformemente de polvo \u00e1cido en la superficie, y se produce una fuerte sensaci\u00f3n \u00e1cida en cuanto entran en la boca, lo que aumenta el punto de diversi\u00f3n y recuerdo.<\/li>\n\n<li><strong>Sabor masticable y rico: <\/strong>Nuestras gominolas \u00e1cidas al por mayor est\u00e1n fabricadas con materiales base de chicle de alta calidad, que aportan una experiencia de masticaci\u00f3n flexible y el\u00e1stica, haciendo que la gente no pueda evitar tomar una tras otra.<\/li>\n\n<li><strong>Ventas al por mayor, personalizaci\u00f3n del soporte: <\/strong>Proporcionamos envases al por mayor a granel para caramelos de tortugas de goma a granel, adecuados para envases de aperitivos, venta al por menor, caramelos para fiestas y negocios OEM personalizados.<\/li><\/ul><\/div>\n\n<div class=\"wp-block-column is-layout-flow wp-block-column-is-layout-flow\"><figure class=\"wp-block-image size-full\"><img decoding=\"async\" width=\"800\" height=\"800\" src=\"https:\/\/www.lechaocandy.com\/wp-content\/uploads\/2025\/06\/Fruity-Sour-Gummy-Turtles-Candy-Bulk-Wholesale-Chewy-Candy-1.webp\" alt=\"Caramelos de goma tortugas a granel, caramelos masticables al por mayor-1\" class=\"wp-image-1183\" srcset=\"https:\/\/www.lechaocandy.com\/wp-content\/uploads\/2025\/06\/Fruity-Sour-Gummy-Turtles-Candy-Bulk-Wholesale-Chewy-Candy-1.webp 800w, https:\/\/www.lechaocandy.com\/wp-content\/uploads\/2025\/06\/Fruity-Sour-Gummy-Turtles-Candy-Bulk-Wholesale-Chewy-Candy-1-300x300.webp 300w, https:\/\/www.lechaocandy.com\/wp-content\/uploads\/2025\/06\/Fruity-Sour-Gummy-Turtles-Candy-Bulk-Wholesale-Chewy-Candy-1-150x150.webp 150w, https:\/\/www.lechaocandy.com\/wp-content\/uploads\/2025\/06\/Fruity-Sour-Gummy-Turtles-Candy-Bulk-Wholesale-Chewy-Candy-1-768x768.webp 768w, https:\/\/www.lechaocandy.com\/wp-content\/uploads\/2025\/06\/Fruity-Sour-Gummy-Turtles-Candy-Bulk-Wholesale-Chewy-Candy-1-12x12.webp 12w, https:\/\/www.lechaocandy.com\/wp-content\/uploads\/2025\/06\/Fruity-Sour-Gummy-Turtles-Candy-Bulk-Wholesale-Chewy-Candy-1-600x600.webp 600w, https:\/\/www.lechaocandy.com\/wp-content\/uploads\/2025\/06\/Fruity-Sour-Gummy-Turtles-Candy-Bulk-Wholesale-Chewy-Candy-1-100x100.webp 100w\" sizes=\"(max-width: 800px) 100vw, 800px\" \/><\/figure><\/div><\/div>","protected":false},"excerpt":{"rendered":"<p>Bienvenido a comprar gominolas \u00e1cidas al por mayor. Las tortugas de gominola \u00e1cidas al por mayor de LeChao utilizan creativas formas de animales y m\u00faltiples sabores de frutas, recubiertas de polvo \u00e1cido, y tienen un sabor \u00e1cido y refrescante. El rentable envase grande es una opci\u00f3n popular para los canales de distribuci\u00f3n.<\/p>\n<table style=\"border-collapse: collapse; width: 329.02pt;\" border=\"0\" width=\"329\" cellspacing=\"0\" cellpadding=\"0\">\n<tbody>\n<tr style=\"height: 17.60pt;\">\n<td class=\"et2\" style=\"height: 17.60pt; width: 110.80pt;\" width=\"110\" height=\"17\">Fabricante<\/td>\n<td class=\"et2\" style=\"width: 219.15pt;\" width=\"219\">Caramelos LeChao<\/td>\n<\/tr>\n<tr style=\"height: 18.00pt;\">\n<td class=\"et2\" style=\"height: 18.00pt;\" height=\"18\">Tipo de producto<\/td>\n<td class=\"et3\" style=\"width: 219.15pt;\" width=\"219\">Caramelo de goma Tortuga<\/td>\n<\/tr>\n<tr style=\"height: 18.00pt;\">\n<td class=\"et2\" style=\"height: 18.00pt;\" height=\"18\">Pruebe<\/td>\n<td class=\"et3\" style=\"width: 219.15pt;\" width=\"219\">Agridulce y resistente<\/td>\n<\/tr>\n<tr style=\"height: 17.60pt;\">\n<td class=\"et2\" style=\"height: 17.60pt;\" height=\"17\">Especificaci\u00f3n<\/td>\n<td class=\"et2\">118gx48bolsas<\/td>\n<\/tr>\n<tr style=\"height: 17.60pt;\">\n<td class=\"et2\" style=\"height: 17.60pt;\" height=\"17\">Tama\u00f1o de la caja<\/td>\n<td class=\"et2\">39*26*24cm<\/td>\n<\/tr>\n<tr style=\"height: 17.60pt;\">\n<td class=\"et2\" style=\"height: 17.60pt;\" height=\"17\">N.W.\/Cart\u00f3n<\/td>\n<td class=\"et2\">7,5 kg<\/td>\n<\/tr>\n<tr style=\"height: 17.60pt;\">\n<td class=\"et2\" style=\"height: 17.60pt;\" height=\"17\">Precio<\/td>\n<td class=\"et2\">24USD<\/td>\n<\/tr>\n<tr style=\"height: 17.60pt;\">\n<td class=\"et2\" style=\"height: 17.60pt;\" height=\"17\">MOQ<\/td>\n<td class=\"et2\">500CTNS<\/td>\n<\/tr>\n<tr style=\"height: 17.60pt;\">\n<td class=\"et2\" style=\"height: 17.60pt;\" height=\"17\">Muestra<\/td>\n<td class=\"et2\">Disponible<\/td>\n<\/tr>\n<\/tbody>\n<\/table>","protected":false},"featured_media":1184,"comment_status":"open","ping_status":"closed","template":"","meta":{"_acf_changed":false},"product_brand":[],"product_cat":[28,19],"product_tag":[],"class_list":{"0":"post-1182","1":"product","2":"type-product","3":"status-publish","4":"has-post-thumbnail","6":"product_cat-bulk-sour-gummies","7":"product_cat-wholesale-gummy-manufacturer","9":"first","10":"instock","11":"shipping-taxable","12":"product-type-simple"},"acf":[],"_links":{"self":[{"href":"https:\/\/www.lechaocandy.com\/es\/wp-json\/wp\/v2\/product\/1182","targetHints":{"allow":["GET"]}}],"collection":[{"href":"https:\/\/www.lechaocandy.com\/es\/wp-json\/wp\/v2\/product"}],"about":[{"href":"https:\/\/www.lechaocandy.com\/es\/wp-json\/wp\/v2\/types\/product"}],"replies":[{"embeddable":true,"href":"https:\/\/www.lechaocandy.com\/es\/wp-json\/wp\/v2\/comments?post=1182"}],"wp:featuredmedia":[{"embeddable":true,"href":"https:\/\/www.lechaocandy.com\/es\/wp-json\/wp\/v2\/media\/1184"}],"wp:attachment":[{"href":"https:\/\/www.lechaocandy.com\/es\/wp-json\/wp\/v2\/media?parent=1182"}],"wp:term":[{"taxonomy":"product_brand","embeddable":true,"href":"https:\/\/www.lechaocandy.com\/es\/wp-json\/wp\/v2\/product_brand?post=1182"},{"taxonomy":"product_cat","embeddable":true,"href":"https:\/\/www.lechaocandy.com\/es\/wp-json\/wp\/v2\/product_cat?post=1182"},{"taxonomy":"product_tag","embeddable":true,"href":"https:\/\/www.lechaocandy.com\/es\/wp-json\/wp\/v2\/product_tag?post=1182"}],"curies":[{"name":"wp","href":"https:\/\/api.w.org\/{rel}","templated":true}]}}