{"id":1189,"date":"2025-06-09T10:02:30","date_gmt":"2025-06-09T10:02:30","guid":{"rendered":"https:\/\/www.lechaocandy.com\/?post_type=product&#038;p=1189"},"modified":"2025-06-09T10:12:53","modified_gmt":"2025-06-09T10:12:53","slug":"bulk-gummy-mix","status":"publish","type":"product","link":"https:\/\/www.lechaocandy.com\/es\/producto\/bulk-gummy-mix\/","title":{"rendered":"Caramelos de goma con forma de seta, gominolas \u00e1cidas al por mayor"},"content":{"rendered":"<div class=\"wp-block-columns is-layout-flex wp-container-core-columns-is-layout-9d6595d7 wp-block-columns-is-layout-flex\"><div class=\"wp-block-column is-layout-flow wp-block-column-is-layout-flow\"><h2 class=\"wp-block-heading\">Caracter\u00edsticas de las gominolas a granel con forma de seta<\/h2>\n\n<ul class=\"wp-block-list\"><li><strong>Divertida forma de seta, llena de creatividad:<\/strong> Esta mezcla de gominolas a granelEl dise\u00f1o de la forma de esta mezcla de gominolas a granel es una seta divertida, un bonito dibujo animado, llamativo, y puede mejorar el reconocimiento del producto, que es adecuado para hacer caramelos populares.<\/li>\n\n<li><strong>Mezcla de sabores, rico y delicioso: <\/strong>Estas gominolas \u00e1cidas al por mayor combinan una variedad de sabores frutales, y cada bocado es una experiencia fresca para satisfacer diversas necesidades gustativas.<\/li>\n\n<li><strong>Envuelto con polvo agrio para estimular las papilas gustativas: <\/strong>Nuestros caramelos de goma a granel con forma de seta est\u00e1n recubiertos de un delicado polvo \u00e1cido en la superficie, que aporta un impacto \u00e1cido y apetitoso al primer bocado, adecuado para los consumidores a los que les gustan los sabores fuertes.<\/li>\n\n<li><strong>Cuanto m\u00e1s se mastica, m\u00e1s delicioso es: <\/strong>Nuestras gominolas \u00e1cidas al por mayor utilizan gelatina de alta calidad para crear una sensaci\u00f3n de masticaci\u00f3n suave y masticable, aportando un rico placer oral, apto para todas las edades.<\/li>\n\n<li><strong>Embalaje a granel al por mayor, soporte de personalizaci\u00f3n: <\/strong>Proporcionamos envases a granel rentables para la mezcla de gominolas a granel, adecuados para la venta al por menor, el reenvasado, los dulces para fiestas, las cajas de regalo navide\u00f1as y otros escenarios, y admitimos la personalizaci\u00f3n OEM de sabores y envases.<\/li><\/ul><\/div>\n\n<div class=\"wp-block-column is-layout-flow wp-block-column-is-layout-flow\"><figure class=\"wp-block-image size-full\"><img decoding=\"async\" width=\"800\" height=\"800\" src=\"https:\/\/www.lechaocandy.com\/wp-content\/uploads\/2025\/06\/Mushroom-Shaped-Bulk-Gummy-Mix-Sour-Gummies-Wholesale-1.webp\" alt=\"Gominolas en forma de seta a granel, Gominolas \u00e1cidas al por mayor-1\" class=\"wp-image-1190\" srcset=\"https:\/\/www.lechaocandy.com\/wp-content\/uploads\/2025\/06\/Mushroom-Shaped-Bulk-Gummy-Mix-Sour-Gummies-Wholesale-1.webp 800w, https:\/\/www.lechaocandy.com\/wp-content\/uploads\/2025\/06\/Mushroom-Shaped-Bulk-Gummy-Mix-Sour-Gummies-Wholesale-1-300x300.webp 300w, https:\/\/www.lechaocandy.com\/wp-content\/uploads\/2025\/06\/Mushroom-Shaped-Bulk-Gummy-Mix-Sour-Gummies-Wholesale-1-150x150.webp 150w, https:\/\/www.lechaocandy.com\/wp-content\/uploads\/2025\/06\/Mushroom-Shaped-Bulk-Gummy-Mix-Sour-Gummies-Wholesale-1-768x768.webp 768w, https:\/\/www.lechaocandy.com\/wp-content\/uploads\/2025\/06\/Mushroom-Shaped-Bulk-Gummy-Mix-Sour-Gummies-Wholesale-1-12x12.webp 12w, https:\/\/www.lechaocandy.com\/wp-content\/uploads\/2025\/06\/Mushroom-Shaped-Bulk-Gummy-Mix-Sour-Gummies-Wholesale-1-600x600.webp 600w, https:\/\/www.lechaocandy.com\/wp-content\/uploads\/2025\/06\/Mushroom-Shaped-Bulk-Gummy-Mix-Sour-Gummies-Wholesale-1-100x100.webp 100w\" sizes=\"(max-width: 800px) 100vw, 800px\" \/><\/figure><\/div><\/div>","protected":false},"excerpt":{"rendered":"<p>Bienvenido a comprar gominolas \u00e1cidas al por mayor. La mezcla de gominolas \u00e1cidas al por mayor con forma de seta de LeChao combina a la perfecci\u00f3n formas bonitas y creativas con una gran variedad de sabores de frutas. Es una opci\u00f3n al por mayor ideal para aperitivos, envases de regalo y personalizaci\u00f3n de marcas.<\/p>\n<table style=\"border-collapse: collapse; width: 329.02pt;\" border=\"0\" width=\"329\" cellspacing=\"0\" cellpadding=\"0\">\n<tbody>\n<tr style=\"height: 17.60pt;\">\n<td class=\"et2\" style=\"height: 17.60pt; width: 110.80pt;\" width=\"110\" height=\"17\">Fabricante<\/td>\n<td class=\"et2\" style=\"width: 219.15pt;\" width=\"219\">Caramelos LeChao<\/td>\n<\/tr>\n<tr style=\"height: 18.00pt;\">\n<td class=\"et2\" style=\"height: 18.00pt;\" height=\"18\">Tipo de producto<\/td>\n<td class=\"et3\" style=\"width: 219.15pt;\" width=\"219\">Caramelo de goma agrio de champi\u00f1\u00f3n<\/td>\n<\/tr>\n<tr style=\"height: 18.00pt;\">\n<td class=\"et2\" style=\"height: 18.00pt;\" height=\"18\">Pruebe<\/td>\n<td class=\"et3\" style=\"width: 219.15pt;\" width=\"219\">Agridulce y resistente<\/td>\n<\/tr>\n<tr style=\"height: 17.60pt;\">\n<td class=\"et2\" style=\"height: 17.60pt;\" height=\"17\">Especificaci\u00f3n<\/td>\n<td class=\"et2\">118gx48bolsas<\/td>\n<\/tr>\n<tr style=\"height: 17.60pt;\">\n<td class=\"et2\" style=\"height: 17.60pt;\" height=\"17\">Tama\u00f1o de la caja<\/td>\n<td class=\"et2\">39*26*24cm<\/td>\n<\/tr>\n<tr style=\"height: 17.60pt;\">\n<td class=\"et2\" style=\"height: 17.60pt;\" height=\"17\">N.W.\/Cart\u00f3n<\/td>\n<td class=\"et2\">7,5 kg<\/td>\n<\/tr>\n<tr style=\"height: 17.60pt;\">\n<td class=\"et2\" style=\"height: 17.60pt;\" height=\"17\">Precio<\/td>\n<td class=\"et2\">24USD<\/td>\n<\/tr>\n<tr style=\"height: 17.60pt;\">\n<td class=\"et2\" style=\"height: 17.60pt;\" height=\"17\">MOQ<\/td>\n<td class=\"et2\">500CTNS<\/td>\n<\/tr>\n<tr style=\"height: 17.60pt;\">\n<td class=\"et2\" style=\"height: 17.60pt;\" height=\"17\">Muestra<\/td>\n<td class=\"et2\">Disponible<\/td>\n<\/tr>\n<\/tbody>\n<\/table>","protected":false},"featured_media":1191,"comment_status":"open","ping_status":"closed","template":"","meta":{"_acf_changed":false},"product_brand":[],"product_cat":[28,19],"product_tag":[],"class_list":{"0":"post-1189","1":"product","2":"type-product","3":"status-publish","4":"has-post-thumbnail","6":"product_cat-bulk-sour-gummies","7":"product_cat-wholesale-gummy-manufacturer","9":"first","10":"instock","11":"shipping-taxable","12":"product-type-simple"},"acf":[],"_links":{"self":[{"href":"https:\/\/www.lechaocandy.com\/es\/wp-json\/wp\/v2\/product\/1189","targetHints":{"allow":["GET"]}}],"collection":[{"href":"https:\/\/www.lechaocandy.com\/es\/wp-json\/wp\/v2\/product"}],"about":[{"href":"https:\/\/www.lechaocandy.com\/es\/wp-json\/wp\/v2\/types\/product"}],"replies":[{"embeddable":true,"href":"https:\/\/www.lechaocandy.com\/es\/wp-json\/wp\/v2\/comments?post=1189"}],"wp:featuredmedia":[{"embeddable":true,"href":"https:\/\/www.lechaocandy.com\/es\/wp-json\/wp\/v2\/media\/1191"}],"wp:attachment":[{"href":"https:\/\/www.lechaocandy.com\/es\/wp-json\/wp\/v2\/media?parent=1189"}],"wp:term":[{"taxonomy":"product_brand","embeddable":true,"href":"https:\/\/www.lechaocandy.com\/es\/wp-json\/wp\/v2\/product_brand?post=1189"},{"taxonomy":"product_cat","embeddable":true,"href":"https:\/\/www.lechaocandy.com\/es\/wp-json\/wp\/v2\/product_cat?post=1189"},{"taxonomy":"product_tag","embeddable":true,"href":"https:\/\/www.lechaocandy.com\/es\/wp-json\/wp\/v2\/product_tag?post=1189"}],"curies":[{"name":"wp","href":"https:\/\/api.w.org\/{rel}","templated":true}]}}