{"id":1206,"date":"2025-06-12T09:18:23","date_gmt":"2025-06-12T09:18:23","guid":{"rendered":"https:\/\/www.lechaocandy.com\/?post_type=product&#038;p=1206"},"modified":"2025-06-12T09:30:04","modified_gmt":"2025-06-12T09:30:04","slug":"bulk-marshmallow","status":"publish","type":"product","link":"https:\/\/www.lechaocandy.com\/es\/producto\/bulk-marshmallow\/","title":{"rendered":"Cara sonriente de malvavisco a granel, caramelos de malvavisco al por mayor"},"content":{"rendered":"<div class=\"wp-block-columns is-layout-flex wp-container-core-columns-is-layout-9d6595d7 wp-block-columns-is-layout-flex\"><div class=\"wp-block-column is-layout-flow wp-block-column-is-layout-flow\"><h2 class=\"wp-block-heading\">Caracter\u00edsticas del producto Marshmallow Smiley Face a granel<\/h2>\n\n<ul class=\"wp-block-list\"><li><strong>Divertida forma de cara sonriente:<\/strong> Este malvavisco a granel tiene expresiones ricas y vivas, muy atractivas visualmente, que mejoran el reconocimiento del producto y los efectos de exposici\u00f3n en el comercio minorista.<\/li>\n\n<li><strong>Sabor esponjoso y suave: <\/strong>Nuestros caramelos de malvavisco al por mayor tienen una textura ligera, se deshacen en la boca, son dulces pero no grasos, y son aptos para consumidores de todas las edades.<\/li>\n\n<li><strong>Aplicaci\u00f3n multiescenario: <\/strong>Nuestro malvavisco a granel puede utilizarse para envases de venta al por menor, dulces festivos, fiestas infantiles, decoraci\u00f3n de postres o combinaciones de cajas de regalo.<\/li>\n\n<li><strong>Apoyo a los servicios de personalizaci\u00f3n:<\/strong> Ofrecemos dulces de malvavisco al por mayor con diferentes expresiones, colores, tama\u00f1os y servicios de personalizaci\u00f3n de f\u00f3rmulas (como vegano, halal, sin gluten).<\/li>\n\n<li><strong>Suministro eficiente al por mayor: <\/strong>Nuestro malvavisco a granel se produce en grandes cantidades y de forma estable con un plazo de entrega corto, lo que resulta adecuado para la cooperaci\u00f3n a largo plazo con marcas, comercio electr\u00f3nico, supermercados y distribuidores.<\/li><\/ul><\/div>\n\n<div class=\"wp-block-column is-layout-flow wp-block-column-is-layout-flow\"><figure class=\"wp-block-image size-full\"><img decoding=\"async\" width=\"661\" height=\"629\" src=\"https:\/\/www.lechaocandy.com\/wp-content\/uploads\/2025\/06\/Bulk-Marshmallow-Smiley-Face-Marshmallow-Sweets-Wholesale-5.webp\" alt=\"Cara sonriente de malvavisco a granel, caramelos de malvavisco al por mayor-5\" class=\"wp-image-1211\" srcset=\"https:\/\/www.lechaocandy.com\/wp-content\/uploads\/2025\/06\/Bulk-Marshmallow-Smiley-Face-Marshmallow-Sweets-Wholesale-5.webp 661w, https:\/\/www.lechaocandy.com\/wp-content\/uploads\/2025\/06\/Bulk-Marshmallow-Smiley-Face-Marshmallow-Sweets-Wholesale-5-300x285.webp 300w, https:\/\/www.lechaocandy.com\/wp-content\/uploads\/2025\/06\/Bulk-Marshmallow-Smiley-Face-Marshmallow-Sweets-Wholesale-5-13x12.webp 13w, https:\/\/www.lechaocandy.com\/wp-content\/uploads\/2025\/06\/Bulk-Marshmallow-Smiley-Face-Marshmallow-Sweets-Wholesale-5-600x571.webp 600w\" sizes=\"(max-width: 661px) 100vw, 661px\" \/><\/figure><\/div><\/div>","protected":false},"excerpt":{"rendered":"<p>Bienvenido a comprar caramelos de malvavisco al por mayor. Esta cara sonriente malvavisco a granel atrae la atenci\u00f3n con su expresi\u00f3n linda, suave y esponjosa textura y sabor dulce, que es profundamente amado por los ni\u00f1os y los consumidores j\u00f3venes. Soporta la producci\u00f3n en masa de personalizaci\u00f3n para satisfacer las diferentes necesidades del mercado.<\/p>\n<table style=\"border-collapse: collapse; width: 329.02pt;\" border=\"0\" width=\"329\" cellspacing=\"0\" cellpadding=\"0\">\n<tbody>\n<tr style=\"height: 17.60pt;\">\n<td class=\"et2\" style=\"height: 17.60pt; width: 110.80pt;\" width=\"110\" height=\"17\">Fabricante<\/td>\n<td class=\"et2\" style=\"width: 219.15pt;\" width=\"219\">Caramelos LeChao<\/td>\n<\/tr>\n<tr style=\"height: 18.00pt;\">\n<td class=\"et2\" style=\"height: 18.00pt;\" height=\"18\">Tipo de producto<\/td>\n<td class=\"et3\" style=\"width: 219.15pt;\" width=\"219\">Malvaviscos sonrientes<\/td>\n<\/tr>\n<tr style=\"height: 18.00pt;\">\n<td class=\"et2\" style=\"height: 18.00pt;\" height=\"18\">Pruebe<\/td>\n<td class=\"et3\" style=\"width: 219.15pt;\" width=\"219\">Suave y dulce<\/td>\n<\/tr>\n<tr style=\"height: 17.60pt;\">\n<td class=\"et2\" style=\"height: 17.60pt;\" height=\"17\">Especificaci\u00f3n<\/td>\n<td class=\"et2\">300gX20bolsas<\/td>\n<\/tr>\n<tr style=\"height: 17.60pt;\">\n<td class=\"et2\" style=\"height: 17.60pt;\" height=\"17\">Tama\u00f1o de la caja<\/td>\n<td class=\"et2\">50X34X30cm<\/td>\n<\/tr>\n<tr style=\"height: 17.60pt;\">\n<td class=\"et2\" style=\"height: 17.60pt;\" height=\"17\">N.W.\/Cart\u00f3n<\/td>\n<td class=\"et2\">8.0kg<\/td>\n<\/tr>\n<tr style=\"height: 17.60pt;\">\n<td class=\"et2\" style=\"height: 17.60pt;\" height=\"17\">Precio<\/td>\n<td class=\"et2\">17,6-18,5USD<\/td>\n<\/tr>\n<tr style=\"height: 17.60pt;\">\n<td class=\"et2\" style=\"height: 17.60pt;\" height=\"17\">MOQ<\/td>\n<td class=\"et2\">600CTNS<\/td>\n<\/tr>\n<tr style=\"height: 17.60pt;\">\n<td class=\"et2\" style=\"height: 17.60pt;\" height=\"17\">Muestra<\/td>\n<td class=\"et2\">Disponible<\/td>\n<\/tr>\n<\/tbody>\n<\/table>","protected":false},"featured_media":1209,"comment_status":"open","ping_status":"closed","template":"","meta":{"_acf_changed":false},"product_brand":[],"product_cat":[22],"product_tag":[],"class_list":{"0":"post-1206","1":"product","2":"type-product","3":"status-publish","4":"has-post-thumbnail","6":"product_cat-wholesale-marshmallows","8":"first","9":"instock","10":"shipping-taxable","11":"product-type-simple"},"acf":[],"_links":{"self":[{"href":"https:\/\/www.lechaocandy.com\/es\/wp-json\/wp\/v2\/product\/1206","targetHints":{"allow":["GET"]}}],"collection":[{"href":"https:\/\/www.lechaocandy.com\/es\/wp-json\/wp\/v2\/product"}],"about":[{"href":"https:\/\/www.lechaocandy.com\/es\/wp-json\/wp\/v2\/types\/product"}],"replies":[{"embeddable":true,"href":"https:\/\/www.lechaocandy.com\/es\/wp-json\/wp\/v2\/comments?post=1206"}],"wp:featuredmedia":[{"embeddable":true,"href":"https:\/\/www.lechaocandy.com\/es\/wp-json\/wp\/v2\/media\/1209"}],"wp:attachment":[{"href":"https:\/\/www.lechaocandy.com\/es\/wp-json\/wp\/v2\/media?parent=1206"}],"wp:term":[{"taxonomy":"product_brand","embeddable":true,"href":"https:\/\/www.lechaocandy.com\/es\/wp-json\/wp\/v2\/product_brand?post=1206"},{"taxonomy":"product_cat","embeddable":true,"href":"https:\/\/www.lechaocandy.com\/es\/wp-json\/wp\/v2\/product_cat?post=1206"},{"taxonomy":"product_tag","embeddable":true,"href":"https:\/\/www.lechaocandy.com\/es\/wp-json\/wp\/v2\/product_tag?post=1206"}],"curies":[{"name":"wp","href":"https:\/\/api.w.org\/{rel}","templated":true}]}}