{"id":1212,"date":"2025-06-12T09:33:10","date_gmt":"2025-06-12T09:33:10","guid":{"rendered":"https:\/\/www.lechaocandy.com\/?post_type=product&#038;p=1212"},"modified":"2025-06-12T09:39:59","modified_gmt":"2025-06-12T09:39:59","slug":"bulk-candy-marshmallow","status":"publish","type":"product","link":"https:\/\/www.lechaocandy.com\/es\/producto\/bulk-candy-marshmallow\/","title":{"rendered":"Chalk Shape Bulk Candy Marshmallow, Bocaditos largos de malvavisco"},"content":{"rendered":"<div class=\"wp-block-columns is-layout-flex wp-container-core-columns-is-layout-9d6595d7 wp-block-columns-is-layout-flex\"><div class=\"wp-block-column is-layout-flow wp-block-column-is-layout-flow\"><h2 class=\"wp-block-heading\">Caracter\u00edsticas de los caramelos a granel Marshmallow<\/h2>\n\n<ul class=\"wp-block-list\"><li><strong>Forma creativa de tiza: <\/strong>Este malvavisco de caramelo a granel tiene un dise\u00f1o de tira larga, colores vivos, un aspecto novedoso y bonito, un fuerte atractivo, y realza la belleza de la pantalla y la experiencia del consumidor.<\/li>\n\n<li><strong>Sabor esponjoso y suave: <\/strong>Nuestros malvaviscos al por mayor son densos y esponjosos, se deshacen en la boca, son dulces pero no grasos, y gustan mucho a ni\u00f1os y j\u00f3venes.<\/li>\n\n<li><strong>Escenarios de aplicaci\u00f3n polivalentes: <\/strong>Nuestros malvaviscos de caramelo a granel son adecuados para bolsas de venta al por menor, caramelos festivos, fiestas infantiles, decoraciones de postres DIY y otros fines.<\/li>\n\n<li><strong>Admite personalizaci\u00f3n: <\/strong>Estos malvaviscos al por mayor pueden personalizarse seg\u00fan las necesidades del cliente en cuanto a combinaci\u00f3n de colores, tama\u00f1o, sabor y f\u00f3rmula especial (como vegano, halal, sin gluten).<\/li>\n\n<li><strong>Suministro al por mayor estable y fiable: <\/strong>Nuestros malvaviscos de caramelo a granel se entregan r\u00e1pidamente, por lo que son adecuados para la cooperaci\u00f3n a largo plazo con importadores, supermercados, comercio electr\u00f3nico y distribuidores.<\/li><\/ul><\/div>\n\n<div class=\"wp-block-column is-layout-flow wp-block-column-is-layout-flow\"><figure class=\"wp-block-image size-full\"><img decoding=\"async\" width=\"651\" height=\"592\" src=\"https:\/\/www.lechaocandy.com\/wp-content\/uploads\/2025\/06\/Chalk-Shape-Bulk-Candy-Marshmallow-Long-Marshmallow-Bites-3.webp\" alt=\"Malvavisco a granel con forma de tiza, bocaditos de malvavisco largos-3\" class=\"wp-image-1215\" srcset=\"https:\/\/www.lechaocandy.com\/wp-content\/uploads\/2025\/06\/Chalk-Shape-Bulk-Candy-Marshmallow-Long-Marshmallow-Bites-3.webp 651w, https:\/\/www.lechaocandy.com\/wp-content\/uploads\/2025\/06\/Chalk-Shape-Bulk-Candy-Marshmallow-Long-Marshmallow-Bites-3-300x273.webp 300w, https:\/\/www.lechaocandy.com\/wp-content\/uploads\/2025\/06\/Chalk-Shape-Bulk-Candy-Marshmallow-Long-Marshmallow-Bites-3-13x12.webp 13w, https:\/\/www.lechaocandy.com\/wp-content\/uploads\/2025\/06\/Chalk-Shape-Bulk-Candy-Marshmallow-Long-Marshmallow-Bites-3-600x546.webp 600w\" sizes=\"(max-width: 651px) 100vw, 651px\" \/><\/figure><\/div><\/div>","protected":false},"excerpt":{"rendered":"<p>Bienvenido a comprar malvaviscos de caramelo al por mayor. Nuestros malvaviscos al por mayor en forma de tiza tienen una forma \u00fanica, con un dise\u00f1o de tira larga y un sabor suave. Son interesantes y reconocibles. Admitimos f\u00f3rmulas al por mayor y personalizadas.<\/p>\n<table style=\"border-collapse: collapse; width: 329.02pt;\" border=\"0\" width=\"329\" cellspacing=\"0\" cellpadding=\"0\">\n<tbody>\n<tr style=\"height: 17.60pt;\">\n<td class=\"et2\" style=\"height: 17.60pt; width: 110.80pt;\" width=\"110\" height=\"17\">Fabricante<\/td>\n<td class=\"et2\" style=\"width: 219.15pt;\" width=\"219\">Caramelos LeChao<\/td>\n<\/tr>\n<tr style=\"height: 18.00pt;\">\n<td class=\"et2\" style=\"height: 18.00pt;\" height=\"18\">Tipo de producto<\/td>\n<td class=\"et3\" style=\"width: 219.15pt;\" width=\"219\">Malvaviscos con forma de tiza<\/td>\n<\/tr>\n<tr style=\"height: 18.00pt;\">\n<td class=\"et2\" style=\"height: 18.00pt;\" height=\"18\">Pruebe<\/td>\n<td class=\"et3\" style=\"width: 219.15pt;\" width=\"219\">Suave y dulce<\/td>\n<\/tr>\n<tr style=\"height: 17.60pt;\">\n<td class=\"et2\" style=\"height: 17.60pt;\" height=\"17\">Especificaci\u00f3n<\/td>\n<td class=\"et2\">20gX24pcsX12cajas<\/td>\n<\/tr>\n<tr style=\"height: 17.60pt;\">\n<td class=\"et2\" style=\"height: 17.60pt;\" height=\"17\">Tama\u00f1o de la caja<\/td>\n<td class=\"et2\">58,5X29,5X40,5cm<\/td>\n<\/tr>\n<tr style=\"height: 17.60pt;\">\n<td class=\"et2\" style=\"height: 17.60pt;\" height=\"17\">N.W.\/Cart\u00f3n<\/td>\n<td class=\"et2\">8.0kg<\/td>\n<\/tr>\n<tr style=\"height: 17.60pt;\">\n<td class=\"et2\" style=\"height: 17.60pt;\" height=\"17\">Precio<\/td>\n<td class=\"et2\">22-23,5USD<\/td>\n<\/tr>\n<tr style=\"height: 17.60pt;\">\n<td class=\"et2\" style=\"height: 17.60pt;\" height=\"17\">MOQ<\/td>\n<td class=\"et2\">400CTNS<\/td>\n<\/tr>\n<tr style=\"height: 17.60pt;\">\n<td class=\"et2\" style=\"height: 17.60pt;\" height=\"17\">Muestra<\/td>\n<td class=\"et2\">Disponible<\/td>\n<\/tr>\n<\/tbody>\n<\/table>","protected":false},"featured_media":1214,"comment_status":"open","ping_status":"closed","template":"","meta":{"_acf_changed":false},"product_brand":[],"product_cat":[22],"product_tag":[],"class_list":{"0":"post-1212","1":"product","2":"type-product","3":"status-publish","4":"has-post-thumbnail","6":"product_cat-wholesale-marshmallows","8":"first","9":"instock","10":"shipping-taxable","11":"product-type-simple"},"acf":[],"_links":{"self":[{"href":"https:\/\/www.lechaocandy.com\/es\/wp-json\/wp\/v2\/product\/1212","targetHints":{"allow":["GET"]}}],"collection":[{"href":"https:\/\/www.lechaocandy.com\/es\/wp-json\/wp\/v2\/product"}],"about":[{"href":"https:\/\/www.lechaocandy.com\/es\/wp-json\/wp\/v2\/types\/product"}],"replies":[{"embeddable":true,"href":"https:\/\/www.lechaocandy.com\/es\/wp-json\/wp\/v2\/comments?post=1212"}],"wp:featuredmedia":[{"embeddable":true,"href":"https:\/\/www.lechaocandy.com\/es\/wp-json\/wp\/v2\/media\/1214"}],"wp:attachment":[{"href":"https:\/\/www.lechaocandy.com\/es\/wp-json\/wp\/v2\/media?parent=1212"}],"wp:term":[{"taxonomy":"product_brand","embeddable":true,"href":"https:\/\/www.lechaocandy.com\/es\/wp-json\/wp\/v2\/product_brand?post=1212"},{"taxonomy":"product_cat","embeddable":true,"href":"https:\/\/www.lechaocandy.com\/es\/wp-json\/wp\/v2\/product_cat?post=1212"},{"taxonomy":"product_tag","embeddable":true,"href":"https:\/\/www.lechaocandy.com\/es\/wp-json\/wp\/v2\/product_tag?post=1212"}],"curies":[{"name":"wp","href":"https:\/\/api.w.org\/{rel}","templated":true}]}}