{"id":1223,"date":"2025-06-16T02:31:39","date_gmt":"2025-06-16T02:31:39","guid":{"rendered":"https:\/\/www.lechaocandy.com\/?post_type=product&#038;p=1223"},"modified":"2025-06-16T02:46:07","modified_gmt":"2025-06-16T02:46:07","slug":"marshmallow-sweets-wholesale","status":"publish","type":"product","link":"https:\/\/www.lechaocandy.com\/es\/producto\/marshmallow-sweets-wholesale\/","title":{"rendered":"LeChao Pink Swirl Marshmallow Sweets Suministro al por mayor"},"content":{"rendered":"<div class=\"wp-block-columns is-layout-flex wp-container-core-columns-is-layout-9d6595d7 wp-block-columns-is-layout-flex\"><div class=\"wp-block-column is-layout-flow wp-block-column-is-layout-flow\"><h2 class=\"wp-block-heading\">Productos destacados de Pink Swirl Marshmallow Sweets al por mayor<\/h2>\n\n<ul class=\"wp-block-list\"><li><strong>Bonita forma en espiral, gran atractivo visual: <\/strong>Estos caramelos de malvavisco al por mayor tienen un dise\u00f1o \u00fanico en espiral rosa y blanco, muy reconocible, que mejora el efecto de exposici\u00f3n del producto y atrae f\u00e1cilmente a ni\u00f1os y j\u00f3venes consumidores.<\/li>\n\n<li><strong>Sabor suave y masticable, se deshace en la boca:<\/strong> Nuestros malvaviscos a granel adoptan una f\u00f3rmula de alta calidad, con un sabor esponjoso y delicado, dulce pero no graso, y es un popular tentempi\u00e9 apto para todas las edades.<\/li>\n\n<li><strong>Aplicaci\u00f3n multiescena, uso flexible: <\/strong>Nuestros caramelos de malvavisco rosa al por mayor son adecuados para aperitivos, adornos de postres, decoraciones para hornear y tambi\u00e9n se pueden utilizar en fiestas como bodas, festivales y celebraciones.<\/li>\n\n<li><strong>Suministro al por mayor, soporte para embalajes personalizados: <\/strong>Ofrecemos servicios de venta al por mayor de malvaviscos a granel, y podemos personalizar los estilos de envasado y las etiquetas de marca seg\u00fan las necesidades del cliente, que son adecuados para las ventas en comercio electr\u00f3nico, supermercados y canales de regalo.<\/li>\n\n<li><strong>Estricto control de calidad, seguridad y protecci\u00f3n: <\/strong>Nuestra f\u00e1brica de caramelos ha superado m\u00faltiples certificaciones de seguridad alimentaria, y el proceso de producci\u00f3n se controla estrictamente para garantizar la higiene y la calidad de nuestros caramelos de malvavisco al por mayor.<\/li><\/ul><\/div>\n\n<div class=\"wp-block-column is-layout-flow wp-block-column-is-layout-flow\"><figure class=\"wp-block-image size-full\"><img decoding=\"async\" width=\"686\" height=\"661\" src=\"https:\/\/www.lechaocandy.com\/wp-content\/uploads\/2025\/06\/LeChao-Pink-Swirl-Marshmallow-Sweets-Wholesale-Supply-7.webp\" alt=\"LeChao Pink Swirl Marshmallow Sweets Suministro al por mayor-7\" class=\"wp-image-1230\" srcset=\"https:\/\/www.lechaocandy.com\/wp-content\/uploads\/2025\/06\/LeChao-Pink-Swirl-Marshmallow-Sweets-Wholesale-Supply-7.webp 686w, https:\/\/www.lechaocandy.com\/wp-content\/uploads\/2025\/06\/LeChao-Pink-Swirl-Marshmallow-Sweets-Wholesale-Supply-7-300x289.webp 300w, https:\/\/www.lechaocandy.com\/wp-content\/uploads\/2025\/06\/LeChao-Pink-Swirl-Marshmallow-Sweets-Wholesale-Supply-7-12x12.webp 12w, https:\/\/www.lechaocandy.com\/wp-content\/uploads\/2025\/06\/LeChao-Pink-Swirl-Marshmallow-Sweets-Wholesale-Supply-7-600x578.webp 600w\" sizes=\"(max-width: 686px) 100vw, 686px\" \/><\/figure><\/div><\/div>","protected":false},"excerpt":{"rendered":"<p>Bienvenido a comprar malvaviscos al por mayor. Nuestros dulces de malvavisco de remolino rosa al por mayor son deliciosos y llamativos, ideales para fiestas, aperitivos para ni\u00f1os y decoraciones de postres. Son adecuados para el suministro al por mayor y el envasado personalizado.<\/p>\n<table style=\"border-collapse: collapse; width: 329.02pt;\" border=\"0\" width=\"329\" cellspacing=\"0\" cellpadding=\"0\">\n<tbody>\n<tr style=\"height: 17.60pt;\">\n<td class=\"et2\" style=\"height: 17.60pt; width: 110.80pt;\" width=\"110\" height=\"17\">Fabricante<\/td>\n<td class=\"et2\" style=\"width: 219.15pt;\" width=\"219\">Caramelos LeChao<\/td>\n<\/tr>\n<tr style=\"height: 18.00pt;\">\n<td class=\"et2\" style=\"height: 18.00pt;\" height=\"18\">Tipo de producto<\/td>\n<td class=\"et3\" style=\"width: 219.15pt;\" width=\"219\">Malvavisco rosa<\/td>\n<\/tr>\n<tr style=\"height: 18.00pt;\">\n<td class=\"et2\" style=\"height: 18.00pt;\" height=\"18\">Pruebe<\/td>\n<td class=\"et3\" style=\"width: 219.15pt;\" width=\"219\">Suave y dulce<\/td>\n<\/tr>\n<tr style=\"height: 17.60pt;\">\n<td class=\"et2\" style=\"height: 17.60pt;\" height=\"17\">Especificaci\u00f3n<\/td>\n<td class=\"et2\">10gX60pcsX12bolsas<\/td>\n<\/tr>\n<tr style=\"height: 17.60pt;\">\n<td class=\"et2\" style=\"height: 17.60pt;\" height=\"17\">Tama\u00f1o de la caja<\/td>\n<td class=\"et2\">69X48X292cm<\/td>\n<\/tr>\n<tr style=\"height: 17.60pt;\">\n<td class=\"et2\" style=\"height: 17.60pt;\" height=\"17\">N.W.\/Cart\u00f3n<\/td>\n<td class=\"et2\">10.0kg<\/td>\n<\/tr>\n<tr style=\"height: 17.60pt;\">\n<td class=\"et2\" style=\"height: 17.60pt;\" height=\"17\">Precio<\/td>\n<td class=\"et2\">26,5-28USD<\/td>\n<\/tr>\n<tr style=\"height: 17.60pt;\">\n<td class=\"et2\" style=\"height: 17.60pt;\" height=\"17\">MOQ<\/td>\n<td class=\"et2\">400CTNS<\/td>\n<\/tr>\n<tr style=\"height: 17.60pt;\">\n<td class=\"et2\" style=\"height: 17.60pt;\" height=\"17\">Muestra<\/td>\n<td class=\"et2\">Disponible<\/td>\n<\/tr>\n<\/tbody>\n<\/table>","protected":false},"featured_media":1226,"comment_status":"open","ping_status":"closed","template":"","meta":{"_acf_changed":false},"product_brand":[],"product_cat":[22],"product_tag":[],"class_list":{"0":"post-1223","1":"product","2":"type-product","3":"status-publish","4":"has-post-thumbnail","6":"product_cat-wholesale-marshmallows","8":"first","9":"instock","10":"shipping-taxable","11":"product-type-simple"},"acf":[],"_links":{"self":[{"href":"https:\/\/www.lechaocandy.com\/es\/wp-json\/wp\/v2\/product\/1223","targetHints":{"allow":["GET"]}}],"collection":[{"href":"https:\/\/www.lechaocandy.com\/es\/wp-json\/wp\/v2\/product"}],"about":[{"href":"https:\/\/www.lechaocandy.com\/es\/wp-json\/wp\/v2\/types\/product"}],"replies":[{"embeddable":true,"href":"https:\/\/www.lechaocandy.com\/es\/wp-json\/wp\/v2\/comments?post=1223"}],"wp:featuredmedia":[{"embeddable":true,"href":"https:\/\/www.lechaocandy.com\/es\/wp-json\/wp\/v2\/media\/1226"}],"wp:attachment":[{"href":"https:\/\/www.lechaocandy.com\/es\/wp-json\/wp\/v2\/media?parent=1223"}],"wp:term":[{"taxonomy":"product_brand","embeddable":true,"href":"https:\/\/www.lechaocandy.com\/es\/wp-json\/wp\/v2\/product_brand?post=1223"},{"taxonomy":"product_cat","embeddable":true,"href":"https:\/\/www.lechaocandy.com\/es\/wp-json\/wp\/v2\/product_cat?post=1223"},{"taxonomy":"product_tag","embeddable":true,"href":"https:\/\/www.lechaocandy.com\/es\/wp-json\/wp\/v2\/product_tag?post=1223"}],"curies":[{"name":"wp","href":"https:\/\/api.w.org\/{rel}","templated":true}]}}