{"id":1232,"date":"2025-06-16T02:49:14","date_gmt":"2025-06-16T02:49:14","guid":{"rendered":"https:\/\/www.lechaocandy.com\/?post_type=product&#038;p=1232"},"modified":"2025-06-16T02:59:22","modified_gmt":"2025-06-16T02:59:22","slug":"wholesale-marshmallow-twists","status":"publish","type":"product","link":"https:\/\/www.lechaocandy.com\/es\/producto\/wholesale-marshmallow-twists\/","title":{"rendered":"LeChao Venta al por mayor de malvaviscos, malvaviscos de colores"},"content":{"rendered":"<div class=\"wp-block-columns is-layout-flex wp-container-core-columns-is-layout-9d6595d7 wp-block-columns-is-layout-flex\"><div class=\"wp-block-column is-layout-flow wp-block-column-is-layout-flow\"><h2 class=\"wp-block-heading\">Aspectos destacados de los productos de Marshmallow Twists al por mayor<\/h2>\n\n<ul class=\"wp-block-list\"><li><strong>Forma cl\u00e1sica de espiral colorida, color brillante y atractivo: <\/strong>nuestros giros de malvavisco al por mayor est\u00e1n entrelazados con tres colores suaves de rojo, blanco y amarillo, que son muy atractivos y adecuados para el mercado de los ni\u00f1os y las ventas de festivales.<\/li>\n\n<li><strong>Esponjoso y suave, dulce y delicioso: <\/strong>nuestros caramelos de malvavisco a granel utilizan ingredientes seleccionados, tienen un sabor ligero y denso, y cada bocado est\u00e1 lleno de infantilismo y dulzura, lo que gusta mucho a los j\u00f3venes consumidores.<\/li>\n\n<li><strong>Productos polivalentes, adecuados para una gran variedad de escenarios: <\/strong>nuestros giros de malvavisco al por mayor pueden utilizarse como aperitivos, decoraciones de postres para tartas, adornos para bebidas o regalos para fiestas, adecuados para diversos canales de venta.<\/li>\n\n<li><strong>Venta al por mayor flexible, preferente para grandes cantidades:<\/strong> proporcionamos m\u00faltiples especificaciones para los caramelos de malvavisco a granel, apoyamos los servicios OEM\/ODM, para satisfacer las necesidades del mercado y los requisitos de envasado de los diferentes clientes.<\/li>\n\n<li><strong>Producci\u00f3n est\u00e1ndar, garant\u00eda de calidad:<\/strong> Nuestros giros de malvavisco al por mayor han pasado HACCP y otras certificaciones internacionales de seguridad alimentaria. Lechao controla estrictamente el proceso de producci\u00f3n de malvaviscos para garantizar la seguridad y la estabilidad de cada lote de productos.<\/li><\/ul><\/div>\n\n<div class=\"wp-block-column is-layout-flow wp-block-column-is-layout-flow\"><figure class=\"wp-block-image size-full\"><img decoding=\"async\" width=\"800\" height=\"800\" src=\"https:\/\/www.lechaocandy.com\/wp-content\/uploads\/2025\/06\/LeChao-Wholesale-Marshmallow-Twists-Colorful-Marshmallows-5.webp\" alt=\"LeChao Venta al por mayor de malvaviscos, malvaviscos de colores-5\" class=\"wp-image-1235\" srcset=\"https:\/\/www.lechaocandy.com\/wp-content\/uploads\/2025\/06\/LeChao-Wholesale-Marshmallow-Twists-Colorful-Marshmallows-5.webp 800w, https:\/\/www.lechaocandy.com\/wp-content\/uploads\/2025\/06\/LeChao-Wholesale-Marshmallow-Twists-Colorful-Marshmallows-5-300x300.webp 300w, https:\/\/www.lechaocandy.com\/wp-content\/uploads\/2025\/06\/LeChao-Wholesale-Marshmallow-Twists-Colorful-Marshmallows-5-150x150.webp 150w, https:\/\/www.lechaocandy.com\/wp-content\/uploads\/2025\/06\/LeChao-Wholesale-Marshmallow-Twists-Colorful-Marshmallows-5-768x768.webp 768w, https:\/\/www.lechaocandy.com\/wp-content\/uploads\/2025\/06\/LeChao-Wholesale-Marshmallow-Twists-Colorful-Marshmallows-5-12x12.webp 12w, https:\/\/www.lechaocandy.com\/wp-content\/uploads\/2025\/06\/LeChao-Wholesale-Marshmallow-Twists-Colorful-Marshmallows-5-600x600.webp 600w, https:\/\/www.lechaocandy.com\/wp-content\/uploads\/2025\/06\/LeChao-Wholesale-Marshmallow-Twists-Colorful-Marshmallows-5-100x100.webp 100w\" sizes=\"(max-width: 800px) 100vw, 800px\" \/><\/figure><\/div><\/div>","protected":false},"excerpt":{"rendered":"<p>Bienvenido a comprar caramelos de malvavisco al por mayor. Nuestros giros de malvavisco al por mayor son coloridos, en forma de espiral malvaviscos cl\u00e1sicos con un sabor suave y denso y rica fragancia dulce, adecuado para una variedad de escenarios de ventas. Admite la venta al por mayor y la personalizaci\u00f3n de la marca.<\/p>\n<table style=\"border-collapse: collapse; width: 329.02pt;\" border=\"0\" width=\"329\" cellspacing=\"0\" cellpadding=\"0\">\n<tbody>\n<tr style=\"height: 17.60pt;\">\n<td class=\"et2\" style=\"height: 17.60pt; width: 110.80pt;\" width=\"110\" height=\"17\">Fabricante<\/td>\n<td class=\"et2\" style=\"width: 219.15pt;\" width=\"219\">Caramelos LeChao<\/td>\n<\/tr>\n<tr style=\"height: 18.00pt;\">\n<td class=\"et2\" style=\"height: 18.00pt;\" height=\"18\">Tipo de producto<\/td>\n<td class=\"et3\" style=\"width: 219.15pt;\" width=\"219\">Malvavisco retorcido<\/td>\n<\/tr>\n<tr style=\"height: 18.00pt;\">\n<td class=\"et2\" style=\"height: 18.00pt;\" height=\"18\">Pruebe<\/td>\n<td class=\"et3\" style=\"width: 219.15pt;\" width=\"219\">Suave y dulce<\/td>\n<\/tr>\n<tr style=\"height: 17.60pt;\">\n<td class=\"et2\" style=\"height: 17.60pt;\" height=\"17\">Especificaci\u00f3n<\/td>\n<td class=\"et2\">20gX24pcsX12cajas<\/td>\n<\/tr>\n<tr style=\"height: 17.60pt;\">\n<td class=\"et2\" style=\"height: 17.60pt;\" height=\"17\">Tama\u00f1o de la caja<\/td>\n<td class=\"et2\">58,5X29,5X40,5cm<\/td>\n<\/tr>\n<tr style=\"height: 17.60pt;\">\n<td class=\"et2\" style=\"height: 17.60pt;\" height=\"17\">N.W.\/Cart\u00f3n<\/td>\n<td class=\"et2\">8.0kg<\/td>\n<\/tr>\n<tr style=\"height: 17.60pt;\">\n<td class=\"et2\" style=\"height: 17.60pt;\" height=\"17\">Precio<\/td>\n<td class=\"et2\">22-23,5USD<\/td>\n<\/tr>\n<tr style=\"height: 17.60pt;\">\n<td class=\"et2\" style=\"height: 17.60pt;\" height=\"17\">MOQ<\/td>\n<td class=\"et2\">400CTNS<\/td>\n<\/tr>\n<tr style=\"height: 17.60pt;\">\n<td class=\"et2\" style=\"height: 17.60pt;\" height=\"17\">Muestra<\/td>\n<td class=\"et2\">Disponible<\/td>\n<\/tr>\n<\/tbody>\n<\/table>","protected":false},"featured_media":1237,"comment_status":"open","ping_status":"closed","template":"","meta":{"_acf_changed":false},"product_brand":[],"product_cat":[22,33],"product_tag":[],"class_list":{"0":"post-1232","1":"product","2":"type-product","3":"status-publish","4":"has-post-thumbnail","6":"product_cat-wholesale-marshmallows","7":"product_cat-marshmallow-twists-bulk","9":"first","10":"instock","11":"shipping-taxable","12":"product-type-simple"},"acf":[],"_links":{"self":[{"href":"https:\/\/www.lechaocandy.com\/es\/wp-json\/wp\/v2\/product\/1232","targetHints":{"allow":["GET"]}}],"collection":[{"href":"https:\/\/www.lechaocandy.com\/es\/wp-json\/wp\/v2\/product"}],"about":[{"href":"https:\/\/www.lechaocandy.com\/es\/wp-json\/wp\/v2\/types\/product"}],"replies":[{"embeddable":true,"href":"https:\/\/www.lechaocandy.com\/es\/wp-json\/wp\/v2\/comments?post=1232"}],"wp:featuredmedia":[{"embeddable":true,"href":"https:\/\/www.lechaocandy.com\/es\/wp-json\/wp\/v2\/media\/1237"}],"wp:attachment":[{"href":"https:\/\/www.lechaocandy.com\/es\/wp-json\/wp\/v2\/media?parent=1232"}],"wp:term":[{"taxonomy":"product_brand","embeddable":true,"href":"https:\/\/www.lechaocandy.com\/es\/wp-json\/wp\/v2\/product_brand?post=1232"},{"taxonomy":"product_cat","embeddable":true,"href":"https:\/\/www.lechaocandy.com\/es\/wp-json\/wp\/v2\/product_cat?post=1232"},{"taxonomy":"product_tag","embeddable":true,"href":"https:\/\/www.lechaocandy.com\/es\/wp-json\/wp\/v2\/product_tag?post=1232"}],"curies":[{"name":"wp","href":"https:\/\/api.w.org\/{rel}","templated":true}]}}