{"id":1245,"date":"2025-06-16T03:33:33","date_gmt":"2025-06-16T03:33:33","guid":{"rendered":"https:\/\/www.lechaocandy.com\/?post_type=product&#038;p=1245"},"modified":"2025-06-16T03:48:21","modified_gmt":"2025-06-16T03:48:21","slug":"marshmallow-sweets-bulk","status":"publish","type":"product","link":"https:\/\/www.lechaocandy.com\/es\/producto\/marshmallow-sweets-bulk\/","title":{"rendered":"Caramelos de malvavisco de calabaza a granel, Caramelos de Halloween al por mayor"},"content":{"rendered":"<div class=\"wp-block-columns is-layout-flex wp-container-core-columns-is-layout-9d6595d7 wp-block-columns-is-layout-flex\"><div class=\"wp-block-column is-layout-flow wp-block-column-is-layout-flow\"><h2 class=\"wp-block-heading\">Productos destacados de los caramelos de calabaza y malvavisco a granel<\/h2>\n\n<ul class=\"wp-block-list\"><li><strong>Formas limitadas para las vacaciones, llenas de ambiente:<\/strong> Estos caramelos de malvavisco a granel est\u00e1n dise\u00f1ados con formas de calabaza, especialmente concebidos para el mercado de Halloween, realzando el tema festivo, de fuerte atractivo, y adecuados para la exposici\u00f3n estacional.<\/li>\n\n<li><strong>Colores brillantes, buen efecto de visualizaci\u00f3n: <\/strong>Estos caramelos de Halloween al por mayor utilizan calabazas naranjas con peciolos verdes, y los malvaviscos son brillantes y llenos de color, adecuados para terminales de venta al por menor y cajas de regalo.<\/li>\n\n<li><strong>Sabor suave y masticable, dulce pero no grasiento: <\/strong>Nuestros caramelos de malvavisco y calabaza a granel est\u00e1n elaborados con materias primas de alta calidad, con un sabor denso y dulce, que satisface las preferencias del p\u00fablico y es adecuado para ni\u00f1os y consumidores familiares.<\/li>\n\n<li><strong>Suministro a granel, soporte para envases personalizados: <\/strong>Ofrecemos varias especificaciones y formas de envasado para caramelos de Halloween al por mayor, y podemos adaptar etiquetas de marca, dise\u00f1o de envases y soluciones combinadas seg\u00fan los requisitos del cliente.<\/li>\n\n<li><strong>La categor\u00eda m\u00e1s vendida para Halloween, que impulsa el rendimiento de las ventas: <\/strong>Nuestros caramelos de malvavisco y calabaza a granel tienen una gran demanda durante el periodo navide\u00f1o y pueden utilizarse en diversos canales de venta, como promociones en supermercados, paquetes de regalo para fiestas y canales de compra electr\u00f3nica, respaldando las ventas navide\u00f1as.<\/li><\/ul><\/div>\n\n<div class=\"wp-block-column is-layout-flow wp-block-column-is-layout-flow\"><figure class=\"wp-block-image size-full\"><img decoding=\"async\" width=\"800\" height=\"800\" src=\"https:\/\/www.lechaocandy.com\/wp-content\/uploads\/2025\/06\/Pumpkin-Marshmallow-Sweets-Bulk-Wholesale-Halloween-Candy-6.webp\" alt=\"Caramelos de malvavisco de calabaza a granel, Caramelos de Halloween al por mayor-6\" class=\"wp-image-1251\" srcset=\"https:\/\/www.lechaocandy.com\/wp-content\/uploads\/2025\/06\/Pumpkin-Marshmallow-Sweets-Bulk-Wholesale-Halloween-Candy-6.webp 800w, https:\/\/www.lechaocandy.com\/wp-content\/uploads\/2025\/06\/Pumpkin-Marshmallow-Sweets-Bulk-Wholesale-Halloween-Candy-6-300x300.webp 300w, https:\/\/www.lechaocandy.com\/wp-content\/uploads\/2025\/06\/Pumpkin-Marshmallow-Sweets-Bulk-Wholesale-Halloween-Candy-6-150x150.webp 150w, https:\/\/www.lechaocandy.com\/wp-content\/uploads\/2025\/06\/Pumpkin-Marshmallow-Sweets-Bulk-Wholesale-Halloween-Candy-6-768x768.webp 768w, https:\/\/www.lechaocandy.com\/wp-content\/uploads\/2025\/06\/Pumpkin-Marshmallow-Sweets-Bulk-Wholesale-Halloween-Candy-6-12x12.webp 12w, https:\/\/www.lechaocandy.com\/wp-content\/uploads\/2025\/06\/Pumpkin-Marshmallow-Sweets-Bulk-Wholesale-Halloween-Candy-6-600x600.webp 600w, https:\/\/www.lechaocandy.com\/wp-content\/uploads\/2025\/06\/Pumpkin-Marshmallow-Sweets-Bulk-Wholesale-Halloween-Candy-6-100x100.webp 100w\" sizes=\"(max-width: 800px) 100vw, 800px\" \/><\/figure><\/div><\/div>","protected":false},"excerpt":{"rendered":"<p>Bienvenido a comprar caramelos de Halloween al por mayor. Nuestros caramelos de malvavisco de calabaza al por mayor est\u00e1n especialmente dise\u00f1ados para Halloween, llenos de ambiente festivo. Son art\u00edculos de gran venta en fiestas, cajas de regalo y \u00e1reas de aperitivos de supermercados.<\/p>\n<table style=\"border-collapse: collapse; width: 329.02pt;\" border=\"0\" width=\"329\" cellspacing=\"0\" cellpadding=\"0\">\n<tbody>\n<tr style=\"height: 17.60pt;\">\n<td class=\"et2\" style=\"height: 17.60pt; width: 110.80pt;\" width=\"110\" height=\"17\">Fabricante<\/td>\n<td class=\"et2\" style=\"width: 219.15pt;\" width=\"219\">Caramelos LeChao<\/td>\n<\/tr>\n<tr style=\"height: 18.00pt;\">\n<td class=\"et2\" style=\"height: 18.00pt;\" height=\"18\">Tipo de producto<\/td>\n<td class=\"et3\" style=\"width: 219.15pt;\" width=\"219\">Malvavisco de calabaza<\/td>\n<\/tr>\n<tr style=\"height: 18.00pt;\">\n<td class=\"et2\" style=\"height: 18.00pt;\" height=\"18\">Pruebe<\/td>\n<td class=\"et3\" style=\"width: 219.15pt;\" width=\"219\">Suave y dulce<\/td>\n<\/tr>\n<tr style=\"height: 17.60pt;\">\n<td class=\"et2\" style=\"height: 17.60pt;\" height=\"17\">Especificaci\u00f3n<\/td>\n<td class=\"et2\">20gX24pcsX12cajas<\/td>\n<\/tr>\n<tr style=\"height: 17.60pt;\">\n<td class=\"et2\" style=\"height: 17.60pt;\" height=\"17\">Tama\u00f1o de la caja<\/td>\n<td class=\"et2\">58,5X29,5X40,5cm<\/td>\n<\/tr>\n<tr style=\"height: 17.60pt;\">\n<td class=\"et2\" style=\"height: 17.60pt;\" height=\"17\">N.W.\/Cart\u00f3n<\/td>\n<td class=\"et2\">8.0kg<\/td>\n<\/tr>\n<tr style=\"height: 17.60pt;\">\n<td class=\"et2\" style=\"height: 17.60pt;\" height=\"17\">Precio<\/td>\n<td class=\"et2\">22-23,5USD<\/td>\n<\/tr>\n<tr style=\"height: 17.60pt;\">\n<td class=\"et2\" style=\"height: 17.60pt;\" height=\"17\">MOQ<\/td>\n<td class=\"et2\">400CTNS<\/td>\n<\/tr>\n<tr style=\"height: 17.60pt;\">\n<td class=\"et2\" style=\"height: 17.60pt;\" height=\"17\">Muestra<\/td>\n<td class=\"et2\">Disponible<\/td>\n<\/tr>\n<\/tbody>\n<\/table>","protected":false},"featured_media":1246,"comment_status":"open","ping_status":"closed","template":"","meta":{"_acf_changed":false},"product_brand":[],"product_cat":[22],"product_tag":[],"class_list":{"0":"post-1245","1":"product","2":"type-product","3":"status-publish","4":"has-post-thumbnail","6":"product_cat-wholesale-marshmallows","8":"first","9":"instock","10":"shipping-taxable","11":"product-type-simple"},"acf":[],"_links":{"self":[{"href":"https:\/\/www.lechaocandy.com\/es\/wp-json\/wp\/v2\/product\/1245","targetHints":{"allow":["GET"]}}],"collection":[{"href":"https:\/\/www.lechaocandy.com\/es\/wp-json\/wp\/v2\/product"}],"about":[{"href":"https:\/\/www.lechaocandy.com\/es\/wp-json\/wp\/v2\/types\/product"}],"replies":[{"embeddable":true,"href":"https:\/\/www.lechaocandy.com\/es\/wp-json\/wp\/v2\/comments?post=1245"}],"wp:featuredmedia":[{"embeddable":true,"href":"https:\/\/www.lechaocandy.com\/es\/wp-json\/wp\/v2\/media\/1246"}],"wp:attachment":[{"href":"https:\/\/www.lechaocandy.com\/es\/wp-json\/wp\/v2\/media?parent=1245"}],"wp:term":[{"taxonomy":"product_brand","embeddable":true,"href":"https:\/\/www.lechaocandy.com\/es\/wp-json\/wp\/v2\/product_brand?post=1245"},{"taxonomy":"product_cat","embeddable":true,"href":"https:\/\/www.lechaocandy.com\/es\/wp-json\/wp\/v2\/product_cat?post=1245"},{"taxonomy":"product_tag","embeddable":true,"href":"https:\/\/www.lechaocandy.com\/es\/wp-json\/wp\/v2\/product_tag?post=1245"}],"curies":[{"name":"wp","href":"https:\/\/api.w.org\/{rel}","templated":true}]}}