{"id":1275,"date":"2025-06-16T07:00:48","date_gmt":"2025-06-16T07:00:48","guid":{"rendered":"https:\/\/www.lechaocandy.com\/?post_type=product&#038;p=1275"},"modified":"2025-06-16T07:12:25","modified_gmt":"2025-06-16T07:12:25","slug":"bulk-gummy-candy-wholesale","status":"publish","type":"product","link":"https:\/\/www.lechaocandy.com\/es\/producto\/bulk-gummy-candy-wholesale\/","title":{"rendered":"Soup Dumpling Caramelos de goma a granel Gominolas rellenas al por mayor"},"content":{"rendered":"<div class=\"wp-block-columns is-layout-flex wp-container-core-columns-is-layout-9d6595d7 wp-block-columns-is-layout-flex\"><div class=\"wp-block-column is-layout-flow wp-block-column-is-layout-flow\"><h2 class=\"wp-block-heading\">Productos destacados de Caramelos de goma a granel al por mayor<\/h2>\n\n<ul class=\"wp-block-list\"><li><strong>Forma \u00fanica de bollo al vapor, diversi\u00f3n fuerte: <\/strong>nuestros caramelos de goma al por mayor a granel adoptan una creativa forma de dim sum chino, con un aspecto realista y novedoso, que atrae r\u00e1pidamente la atenci\u00f3n de los consumidores y es adecuado para crear productos de actualidad.<\/li>\n\n<li><strong>Dise\u00f1o de relleno afrutado, relleno jugoso: <\/strong>estos caramelos blandos al por mayor contienen relleno de zumo real, que estalla en la boca, ricas capas, y trae una experiencia de masticaci\u00f3n m\u00e1s sorprendente.<\/li>\n\n<li><strong>Tres sabores populares, colores naturales y atractivos: <\/strong>nuestro mayorista de caramelos de goma al por mayor selecciona tres sabores de fruta cl\u00e1sicos: fresa, naranja dulce y uva, y combina los colores correspondientes para realzar el atractivo visual y gustativo.<\/li>\n\n<li><strong>Venta al por mayor flexible, adecuada para diversos escenarios de venta:<\/strong> ofrecemos caramelos blandos al por mayor con una variedad de formatos a granel y subenvasados, adecuados para supermercados, comercio electr\u00f3nico, bolsas de regalo, promociones navide\u00f1as y otros canales de venta.<\/li>\n\n<li><strong>Apoyo a la personalizaci\u00f3n OEM\/ODM para crear productos de marca exclusivos: <\/strong>Nuestro mayorista de caramelos de goma al por mayor puede personalizar combinaciones de sabores, colores de caramelos, dise\u00f1os de envases y logotipos de marca para ayudar a los clientes a lanzar r\u00e1pidamente l\u00edneas de productos personalizados.<\/li><\/ul><\/div>\n\n<div class=\"wp-block-column is-layout-flow wp-block-column-is-layout-flow\"><figure class=\"wp-block-image size-full\"><img decoding=\"async\" width=\"800\" height=\"800\" src=\"https:\/\/www.lechaocandy.com\/wp-content\/uploads\/2025\/06\/Soup-Dumpling-Bulk-Gummy-Candy-Wholesale-Filled-Gummies-1.webp\" alt=\"Soup Dumpling Caramelos de goma al por mayor Gominolas rellenas-1\" class=\"wp-image-1276\" srcset=\"https:\/\/www.lechaocandy.com\/wp-content\/uploads\/2025\/06\/Soup-Dumpling-Bulk-Gummy-Candy-Wholesale-Filled-Gummies-1.webp 800w, https:\/\/www.lechaocandy.com\/wp-content\/uploads\/2025\/06\/Soup-Dumpling-Bulk-Gummy-Candy-Wholesale-Filled-Gummies-1-300x300.webp 300w, https:\/\/www.lechaocandy.com\/wp-content\/uploads\/2025\/06\/Soup-Dumpling-Bulk-Gummy-Candy-Wholesale-Filled-Gummies-1-150x150.webp 150w, https:\/\/www.lechaocandy.com\/wp-content\/uploads\/2025\/06\/Soup-Dumpling-Bulk-Gummy-Candy-Wholesale-Filled-Gummies-1-768x768.webp 768w, https:\/\/www.lechaocandy.com\/wp-content\/uploads\/2025\/06\/Soup-Dumpling-Bulk-Gummy-Candy-Wholesale-Filled-Gummies-1-12x12.webp 12w, https:\/\/www.lechaocandy.com\/wp-content\/uploads\/2025\/06\/Soup-Dumpling-Bulk-Gummy-Candy-Wholesale-Filled-Gummies-1-600x600.webp 600w, https:\/\/www.lechaocandy.com\/wp-content\/uploads\/2025\/06\/Soup-Dumpling-Bulk-Gummy-Candy-Wholesale-Filled-Gummies-1-100x100.webp 100w\" sizes=\"(max-width: 800px) 100vw, 800px\" \/><\/figure><\/div><\/div>","protected":false},"excerpt":{"rendered":"<p>Bienvenido a comprar caramelos blandos al por mayor. Este caramelo de goma al por mayor al por mayor adopta una forma creativa de bollo al vapor con relleno de fruta jugosa. Ofrece tres sabores cl\u00e1sicos de fresa, naranja dulce y uva, que es una opci\u00f3n ideal para aperitivos divertidos.<\/p>\n<table style=\"border-collapse: collapse; width: 329.02pt;\" border=\"0\" width=\"329\" cellspacing=\"0\" cellpadding=\"0\">\n<tbody>\n<tr style=\"height: 17.60pt;\">\n<td class=\"et2\" style=\"height: 17.60pt; width: 110.80pt;\" width=\"110\" height=\"17\">Fabricante<\/td>\n<td class=\"et2\" style=\"width: 219.15pt;\" width=\"219\">Caramelos LeChao<\/td>\n<\/tr>\n<tr style=\"height: 18.00pt;\">\n<td class=\"et2\" style=\"height: 18.00pt;\" height=\"18\">Tipo de producto<\/td>\n<td class=\"et3\" style=\"width: 219.15pt;\" width=\"219\">Collar Caramelos de goma<\/td>\n<\/tr>\n<tr style=\"height: 18.00pt;\">\n<td class=\"et2\" style=\"height: 18.00pt;\" height=\"18\">Pruebe<\/td>\n<td class=\"et3\" style=\"width: 219.15pt;\" width=\"219\">Suave y dulce<\/td>\n<\/tr>\n<tr style=\"height: 17.60pt;\">\n<td class=\"et2\" style=\"height: 17.60pt;\" height=\"17\">Especificaci\u00f3n<\/td>\n<td class=\"et2\">15gx24pcsx12cajas<\/td>\n<\/tr>\n<tr style=\"height: 17.60pt;\">\n<td class=\"et2\" style=\"height: 17.60pt;\" height=\"17\">Tama\u00f1o de la caja<\/td>\n<td class=\"et2\">39x32x29cm<\/td>\n<\/tr>\n<tr style=\"height: 17.60pt;\">\n<td class=\"et2\" style=\"height: 17.60pt;\" height=\"17\">N.W.\/Cart\u00f3n<\/td>\n<td class=\"et2\">7.0kg<\/td>\n<\/tr>\n<tr style=\"height: 17.60pt;\">\n<td class=\"et2\" style=\"height: 17.60pt;\" height=\"17\">Precio<\/td>\n<td class=\"et2\">19,6USD<\/td>\n<\/tr>\n<tr style=\"height: 17.60pt;\">\n<td class=\"et2\" style=\"height: 17.60pt;\" height=\"17\">MOQ<\/td>\n<td class=\"et2\">500CTNS<\/td>\n<\/tr>\n<tr style=\"height: 17.60pt;\">\n<td class=\"et2\" style=\"height: 17.60pt;\" height=\"17\">Muestra<\/td>\n<td class=\"et2\">Disponible<\/td>\n<\/tr>\n<\/tbody>\n<\/table>","protected":false},"featured_media":1280,"comment_status":"open","ping_status":"closed","template":"","meta":{"_acf_changed":false},"product_brand":[],"product_cat":[19,27],"product_tag":[],"class_list":{"0":"post-1275","1":"product","2":"type-product","3":"status-publish","4":"has-post-thumbnail","6":"product_cat-wholesale-gummy-manufacturer","7":"product_cat-filled-gummy-candies-supplier","9":"first","10":"instock","11":"shipping-taxable","12":"product-type-simple"},"acf":[],"_links":{"self":[{"href":"https:\/\/www.lechaocandy.com\/es\/wp-json\/wp\/v2\/product\/1275","targetHints":{"allow":["GET"]}}],"collection":[{"href":"https:\/\/www.lechaocandy.com\/es\/wp-json\/wp\/v2\/product"}],"about":[{"href":"https:\/\/www.lechaocandy.com\/es\/wp-json\/wp\/v2\/types\/product"}],"replies":[{"embeddable":true,"href":"https:\/\/www.lechaocandy.com\/es\/wp-json\/wp\/v2\/comments?post=1275"}],"wp:featuredmedia":[{"embeddable":true,"href":"https:\/\/www.lechaocandy.com\/es\/wp-json\/wp\/v2\/media\/1280"}],"wp:attachment":[{"href":"https:\/\/www.lechaocandy.com\/es\/wp-json\/wp\/v2\/media?parent=1275"}],"wp:term":[{"taxonomy":"product_brand","embeddable":true,"href":"https:\/\/www.lechaocandy.com\/es\/wp-json\/wp\/v2\/product_brand?post=1275"},{"taxonomy":"product_cat","embeddable":true,"href":"https:\/\/www.lechaocandy.com\/es\/wp-json\/wp\/v2\/product_cat?post=1275"},{"taxonomy":"product_tag","embeddable":true,"href":"https:\/\/www.lechaocandy.com\/es\/wp-json\/wp\/v2\/product_tag?post=1275"}],"curies":[{"name":"wp","href":"https:\/\/api.w.org\/{rel}","templated":true}]}}