{"id":1283,"date":"2025-06-16T07:25:02","date_gmt":"2025-06-16T07:25:02","guid":{"rendered":"https:\/\/www.lechaocandy.com\/?post_type=product&#038;p=1283"},"modified":"2025-06-16T07:32:42","modified_gmt":"2025-06-16T07:32:42","slug":"gummy-rings-bulk","status":"publish","type":"product","link":"https:\/\/www.lechaocandy.com\/es\/producto\/gummy-rings-bulk\/","title":{"rendered":"Caramelos de goma, Caramelos de goma al por mayor, Caramelos de goma al por mayor, Caramelos de goma al por mayor"},"content":{"rendered":"<div class=\"wp-block-columns is-layout-flex wp-container-core-columns-is-layout-9d6595d7 wp-block-columns-is-layout-flex\"><div class=\"wp-block-column is-layout-flow wp-block-column-is-layout-flow\"><h2 class=\"wp-block-heading\">Aspectos destacados de los anillos de gominola a granel<\/h2>\n\n<ul class=\"wp-block-list\"><li><strong>Dise\u00f1o en forma de c\u00edrculo, f\u00e1cil de comer y lleno de diversi\u00f3n:<\/strong> estos ic\u00f3nicos anillos de gominola a granel son f\u00e1ciles de coger y compartir, a la vez divertidos y pr\u00e1cticos, aptos para ni\u00f1os y consumidores familiares.<\/li>\n\n<li><strong>Cinco combinaciones afrutadas populares, niveles ricos: <\/strong>nuestros caramelos de goma al por mayor incluyen fresa, naranja, manzana verde, uva, melocot\u00f3n cinco sabores, color natural a juego, rico aroma afrutado, para satisfacer diferentes preferencias.<\/li>\n\n<li><strong>Sabor equilibrado agridulce, masticable y flexible: <\/strong>nuestros anillos de gominola a granel adoptan una tecnolog\u00eda de dosificaci\u00f3n profesional, masticables y con rebote en la boca, dulces pero no grasos, adecuados para el suministro a largo plazo o para clientes que repiten compra.<\/li>\n\n<li><strong>Existen diversas opciones de envasado, adecuadas para distintos canales de venta: <\/strong>Estos caramelos de goma al por mayor pueden envasarse a granel, en bolsas peque\u00f1as y en envases para regalos navide\u00f1os, adecuados para supermercados, comercio electr\u00f3nico, fiestas y escenarios de regalos navide\u00f1os.<\/li>\n\n<li><strong>Suministro directo de f\u00e1brica, servicios personalizados de asistencia: <\/strong>Ofrecemos personalizaci\u00f3n del color, el sabor, el envase y el logotipo de la marca para los anillos de gominola a granel, aceptamos pedidos OEM\/ODM, respondemos r\u00e1pidamente a las necesidades de personalizaci\u00f3n de los clientes y mejoramos la competitividad del mercado.<\/li><\/ul><\/div>\n\n<div class=\"wp-block-column is-layout-flow wp-block-column-is-layout-flow\"><figure class=\"wp-block-image size-full\"><img decoding=\"async\" width=\"800\" height=\"800\" src=\"https:\/\/www.lechaocandy.com\/wp-content\/uploads\/2025\/06\/Mix-Fruit-Gummy-Rings-Bulk-Factory-Wholesale-Gummy-Candies-4.webp\" alt=\"Mix Fruit Gummy Rings Bulk, Caramelos de goma al por mayor de f\u00e1brica-4\" class=\"wp-image-1287\" srcset=\"https:\/\/www.lechaocandy.com\/wp-content\/uploads\/2025\/06\/Mix-Fruit-Gummy-Rings-Bulk-Factory-Wholesale-Gummy-Candies-4.webp 800w, https:\/\/www.lechaocandy.com\/wp-content\/uploads\/2025\/06\/Mix-Fruit-Gummy-Rings-Bulk-Factory-Wholesale-Gummy-Candies-4-300x300.webp 300w, https:\/\/www.lechaocandy.com\/wp-content\/uploads\/2025\/06\/Mix-Fruit-Gummy-Rings-Bulk-Factory-Wholesale-Gummy-Candies-4-150x150.webp 150w, https:\/\/www.lechaocandy.com\/wp-content\/uploads\/2025\/06\/Mix-Fruit-Gummy-Rings-Bulk-Factory-Wholesale-Gummy-Candies-4-768x768.webp 768w, https:\/\/www.lechaocandy.com\/wp-content\/uploads\/2025\/06\/Mix-Fruit-Gummy-Rings-Bulk-Factory-Wholesale-Gummy-Candies-4-12x12.webp 12w, https:\/\/www.lechaocandy.com\/wp-content\/uploads\/2025\/06\/Mix-Fruit-Gummy-Rings-Bulk-Factory-Wholesale-Gummy-Candies-4-600x600.webp 600w, https:\/\/www.lechaocandy.com\/wp-content\/uploads\/2025\/06\/Mix-Fruit-Gummy-Rings-Bulk-Factory-Wholesale-Gummy-Candies-4-100x100.webp 100w\" sizes=\"(max-width: 800px) 100vw, 800px\" \/><\/figure><\/div><\/div>","protected":false},"excerpt":{"rendered":"<p>Bienvenido a comprar caramelos de goma al por mayor. Nuestros anillos de goma a granel se seleccionan de 5 sabores de frutas populares, fresa, naranja, manzana verde, uva y melocot\u00f3n, colorido, moderadamente dulce y amargo. Apoyamos la venta al por mayor y la personalizaci\u00f3n OEM\/ODM.<\/p>\n<table style=\"border-collapse: collapse; width: 329.02pt;\" border=\"0\" width=\"329\" cellspacing=\"0\" cellpadding=\"0\">\n<tbody>\n<tr style=\"height: 17.60pt;\">\n<td class=\"et2\" style=\"height: 17.60pt; width: 110.80pt;\" width=\"110\" height=\"17\">Fabricante<\/td>\n<td class=\"et2\" style=\"width: 219.15pt;\" width=\"219\">Caramelos LeChao<\/td>\n<\/tr>\n<tr style=\"height: 18.00pt;\">\n<td class=\"et2\" style=\"height: 18.00pt;\" height=\"18\">Tipo de producto<\/td>\n<td class=\"et3\" style=\"width: 219.15pt;\" width=\"219\">Anillos de gominola<\/td>\n<\/tr>\n<tr style=\"height: 18.00pt;\">\n<td class=\"et2\" style=\"height: 18.00pt;\" height=\"18\">Pruebe<\/td>\n<td class=\"et3\" style=\"width: 219.15pt;\" width=\"219\">Agridulce y resistente<\/td>\n<\/tr>\n<tr style=\"height: 17.60pt;\">\n<td class=\"et2\" style=\"height: 17.60pt;\" height=\"17\">Especificaci\u00f3n<\/td>\n<td class=\"et2\">118gx48bolsas<\/td>\n<\/tr>\n<tr style=\"height: 17.60pt;\">\n<td class=\"et2\" style=\"height: 17.60pt;\" height=\"17\">Tama\u00f1o de la caja<\/td>\n<td class=\"et2\">39*26*24cm<\/td>\n<\/tr>\n<tr style=\"height: 17.60pt;\">\n<td class=\"et2\" style=\"height: 17.60pt;\" height=\"17\">N.W.\/Cart\u00f3n<\/td>\n<td class=\"et2\">7,5 kg<\/td>\n<\/tr>\n<tr style=\"height: 17.60pt;\">\n<td class=\"et2\" style=\"height: 17.60pt;\" height=\"17\">Precio<\/td>\n<td class=\"et2\">24USD<\/td>\n<\/tr>\n<tr style=\"height: 17.60pt;\">\n<td class=\"et2\" style=\"height: 17.60pt;\" height=\"17\">MOQ<\/td>\n<td class=\"et2\">500CTNS<\/td>\n<\/tr>\n<tr style=\"height: 17.60pt;\">\n<td class=\"et2\" style=\"height: 17.60pt;\" height=\"17\">Muestra<\/td>\n<td class=\"et2\">Disponible<\/td>\n<\/tr>\n<\/tbody>\n<\/table>\n<p>&nbsp;<\/p>","protected":false},"featured_media":1286,"comment_status":"open","ping_status":"closed","template":"","meta":{"_acf_changed":false},"product_brand":[],"product_cat":[19],"product_tag":[],"class_list":{"0":"post-1283","1":"product","2":"type-product","3":"status-publish","4":"has-post-thumbnail","6":"product_cat-wholesale-gummy-manufacturer","8":"first","9":"instock","10":"shipping-taxable","11":"product-type-simple"},"acf":[],"_links":{"self":[{"href":"https:\/\/www.lechaocandy.com\/es\/wp-json\/wp\/v2\/product\/1283","targetHints":{"allow":["GET"]}}],"collection":[{"href":"https:\/\/www.lechaocandy.com\/es\/wp-json\/wp\/v2\/product"}],"about":[{"href":"https:\/\/www.lechaocandy.com\/es\/wp-json\/wp\/v2\/types\/product"}],"replies":[{"embeddable":true,"href":"https:\/\/www.lechaocandy.com\/es\/wp-json\/wp\/v2\/comments?post=1283"}],"wp:featuredmedia":[{"embeddable":true,"href":"https:\/\/www.lechaocandy.com\/es\/wp-json\/wp\/v2\/media\/1286"}],"wp:attachment":[{"href":"https:\/\/www.lechaocandy.com\/es\/wp-json\/wp\/v2\/media?parent=1283"}],"wp:term":[{"taxonomy":"product_brand","embeddable":true,"href":"https:\/\/www.lechaocandy.com\/es\/wp-json\/wp\/v2\/product_brand?post=1283"},{"taxonomy":"product_cat","embeddable":true,"href":"https:\/\/www.lechaocandy.com\/es\/wp-json\/wp\/v2\/product_cat?post=1283"},{"taxonomy":"product_tag","embeddable":true,"href":"https:\/\/www.lechaocandy.com\/es\/wp-json\/wp\/v2\/product_tag?post=1283"}],"curies":[{"name":"wp","href":"https:\/\/api.w.org\/{rel}","templated":true}]}}